{"id":4896,"date":"2022-09-13T10:01:17","date_gmt":"2022-09-13T08:01:17","guid":{"rendered":"https:\/\/www.holler-tore.at\/?page_id=4896"},"modified":"2022-12-05T09:21:39","modified_gmt":"2022-12-05T08:21:39","slug":"kontakt","status":"publish","type":"page","link":"https:\/\/holler-tore.at\/sl\/kontakt\/","title":{"rendered":"Kontakt"},"content":{"rendered":"<section>\n<div class=\"container\">\n<div class=\"row\">\n<div class=\"col-md-12\">\n<div class=\"lc-block\">\n<div editable=\"rich\">\n<h2>Poi\u0161\u010dite kontakt prodajalca v svoji dr\u017eavi<\/h2>\n<p>Podjetje Holler je zastopano v ve\u010d dr\u017eavah.<\/p>\n<\/p><\/div>\n<\/p><\/div>\n<p><!-- \/lc-block -->\n\t\t\t<\/div>\n<p><!-- \/col -->\n\t\t<\/div>\n<\/p><\/div>\n<\/section>\n<section class=\"text-center align-self-center\">\n<div class=\"container mt-5 mb-5\">\n<div class=\"row\">\n\t\t<\/div>\n<div class=\"col-lg-4 col-8 offset-2 offset-lg-0 text-center mt-3 \">\n<div class=\"lc-block\">\n<div class=\"card p-1 p-md-4 mb-4 mb-lg-0\" lc-helper=\"background\" style=\"background:url(https:\/\/holler-tore.at\/wp-content\/uploads\/2022\/09\/Holler-Slowenien.jpg)  center \/ cover no-repeat; background-color:#ccc; background-blend-mode: overlay;\">\n<div class=\"card-body\">\n<div class=\"lc-block\"> <img fetchpriority=\"high\" decoding=\"async\" class=\"img-fluid\" src=\"https:\/\/holler-tore.at\/wp-content\/uploads\/2022\/09\/icon_flag_si.png\" width=\"812\" height=\"812\" srcset=\"https:\/\/holler-tore.at\/wp-content\/uploads\/2022\/09\/icon_flag_si.png 812w, https:\/\/holler-tore.at\/wp-content\/uploads\/2022\/09\/icon_flag_si-300x300.png 300w, https:\/\/holler-tore.at\/wp-content\/uploads\/2022\/09\/icon_flag_si-768x768.png 768w\" sizes=\"(max-width: 812px) 100vw, 812px\" alt=\"\"><\/div>\n<div class=\"lc-block\">\n<div editable=\"rich\"><\/div>\n<\/p><\/div>\n<div class=\"lc-block\">\n<div editable=\"rich\">\n\t\t\t\t\t\t\t\t<a class=\"btn btn-primary lc-highlight-currently-editing\" href=\"https:\/\/holler-tore.at\/sl\/kontakt\/kontakt-slovenija\/\" role=\"button\">Kontakt Slovenija<\/a>\n\t\t\t\t\t\t\t<\/div>\n<\/p><\/div>\n<\/p><\/div>\n<\/p><\/div>\n<\/p><\/div>\n<\/p><\/div>\n<\/p><\/div>\n<\/section>\n","protected":false},"excerpt":{"rendered":"<p>Poi\u0161\u010dite kontakt prodajalca v svoji dr\u017eavi Podjetje Holler je zastopano v ve\u010d dr\u017eavah. Kontakt Slovenija<\/p>\n","protected":false},"author":1,"featured_media":0,"parent":0,"menu_order":0,"comment_status":"closed","ping_status":"closed","template":"","meta":{"_seopress_robots_primary_cat":"","_seopress_titles_title":"","_seopress_titles_desc":"Pokli\u010dite nas, pi\u0161ite nam ali pa nas obi\u0161\u010dite v razstavnem salonu vrat in ograj na Rudniku v Ljubljani. Z veseljem vam pomagamo.","_seopress_robots_index":"","footnotes":""},"class_list":["post-4896","page","type-page","status-publish","hentry"],"aioseo_notices":[],"_links":{"self":[{"href":"https:\/\/holler-tore.at\/sl\/wp-json\/wp\/v2\/pages\/4896","targetHints":{"allow":["GET"]}}],"collection":[{"href":"https:\/\/holler-tore.at\/sl\/wp-json\/wp\/v2\/pages"}],"about":[{"href":"https:\/\/holler-tore.at\/sl\/wp-json\/wp\/v2\/types\/page"}],"author":[{"embeddable":true,"href":"https:\/\/holler-tore.at\/sl\/wp-json\/wp\/v2\/users\/1"}],"replies":[{"embeddable":true,"href":"https:\/\/holler-tore.at\/sl\/wp-json\/wp\/v2\/comments?post=4896"}],"version-history":[{"count":6,"href":"https:\/\/holler-tore.at\/sl\/wp-json\/wp\/v2\/pages\/4896\/revisions"}],"predecessor-version":[{"id":4906,"href":"https:\/\/holler-tore.at\/sl\/wp-json\/wp\/v2\/pages\/4896\/revisions\/4906"}],"wp:attachment":[{"href":"https:\/\/holler-tore.at\/sl\/wp-json\/wp\/v2\/media?parent=4896"}],"curies":[{"name":"wp","href":"https:\/\/api.w.org\/{rel}","templated":true}]}}