{"id":4875,"date":"2022-09-13T10:09:07","date_gmt":"2022-09-13T08:09:07","guid":{"rendered":"https:\/\/www.holler-tore.at\/?page_id=4875"},"modified":"2024-11-18T14:39:55","modified_gmt":"2024-11-18T13:39:55","slug":"kontakt-slovenija","status":"publish","type":"page","link":"https:\/\/holler-tore.at\/sl\/kontakt\/kontakt-slovenija\/","title":{"rendered":"Kontakt Slovenija"},"content":{"rendered":"<section>\n<div class=\"container\">\n<div class=\"row\">\n<div class=\"col-md-12\">\n<div class=\"lc-block\">\n<div editable=\"rich\">\n<h5><\/h5>\n<h3><span>Holler, vrata in ograjni sistemi d.o.o.<\/span><br \/><\/h3>\n<\/p>\n<p>V kolikor ste podjetje, ki vas zanimajo na\u0161a aluminijasta vrata in ograje in bi \u017eeleli sodelovati z nami, nas lahko kontaktirate na +43 676 3098587 ali nam po\u0161ljete elektronsko sporo\u010dilo na: lisa.holler@holler-tore.at. <\/p>\n<\/p>\n<\/p>\n<p>Za pomo\u010d, servis in uveljavljanje garancije nas lahko pokli\u010dete na +43 3452 \/ 86031-230 ali pi\u0161ete na: service@holler-tore.at.<\/p>\n<p><\/p>\n<\/p>\n<p>&nbsp; &nbsp; &nbsp; &nbsp;<\/p>\n<\/p><\/div>\n<p><!-- \/lc-block -->\n\t\t\t\t<\/div>\n<p><!-- \/col -->\n\t\t\t<\/div>\n<\/p><\/div>\n<\/p><\/div>\n<\/section>\n","protected":false},"excerpt":{"rendered":"<p>Holler, vrata in ograjni sistemi d.o.o. V kolikor ste podjetje, ki vas zanimajo na\u0161a aluminijasta vrata in ograje in bi [&hellip;]<\/p>\n","protected":false},"author":1,"featured_media":0,"parent":4896,"menu_order":0,"comment_status":"closed","ping_status":"closed","template":"","meta":{"_seopress_robots_primary_cat":"","_seopress_titles_title":"","_seopress_titles_desc":"","_seopress_robots_index":"","footnotes":""},"class_list":["post-4875","page","type-page","status-publish","hentry"],"aioseo_notices":[],"_links":{"self":[{"href":"https:\/\/holler-tore.at\/sl\/wp-json\/wp\/v2\/pages\/4875","targetHints":{"allow":["GET"]}}],"collection":[{"href":"https:\/\/holler-tore.at\/sl\/wp-json\/wp\/v2\/pages"}],"about":[{"href":"https:\/\/holler-tore.at\/sl\/wp-json\/wp\/v2\/types\/page"}],"author":[{"embeddable":true,"href":"https:\/\/holler-tore.at\/sl\/wp-json\/wp\/v2\/users\/1"}],"replies":[{"embeddable":true,"href":"https:\/\/holler-tore.at\/sl\/wp-json\/wp\/v2\/comments?post=4875"}],"version-history":[{"count":16,"href":"https:\/\/holler-tore.at\/sl\/wp-json\/wp\/v2\/pages\/4875\/revisions"}],"predecessor-version":[{"id":11168,"href":"https:\/\/holler-tore.at\/sl\/wp-json\/wp\/v2\/pages\/4875\/revisions\/11168"}],"up":[{"embeddable":true,"href":"https:\/\/holler-tore.at\/sl\/wp-json\/wp\/v2\/pages\/4896"}],"wp:attachment":[{"href":"https:\/\/holler-tore.at\/sl\/wp-json\/wp\/v2\/media?parent=4875"}],"curies":[{"name":"wp","href":"https:\/\/api.w.org\/{rel}","templated":true}]}}