{"id":4391,"date":"2022-07-28T09:47:24","date_gmt":"2022-07-28T07:47:24","guid":{"rendered":"https:\/\/www.holler-tore.at\/?page_id=4391"},"modified":"2024-10-07T09:52:15","modified_gmt":"2024-10-07T07:52:15","slug":"podjetje","status":"publish","type":"page","link":"https:\/\/holler-tore.at\/sl\/podjetje\/","title":{"rendered":"Podjetje"},"content":{"rendered":"<section>\n<div class=\"d-flex container-fluid\" lc-helper=\"background\" style=\"height:50vh;background:url(https:\/\/holler-tore.at\/wp-content\/uploads\/2022\/03\/banner.png)  center \/ cover no-repeat;\">\n\t<\/div>\n<\/section>\n<section class=\"text-white bg-dark\">\n<div class=\"container pt-5\">\n<div class=\"row\">\n<div class=\"col-md-12 text-center\">\n<div class=\"lc-block\">\n<h1 editable=\"inline\" class=\"mb-0 font-weight-bold\"><span class=\"text-primary\">Vrata Holler.<\/span>&nbsp;Trajnostno naravnano podjetje.<\/h1>\n<p editable=\"inline\" class=\"mt-3\">Od samega za\u010detka proizvodnje smo v na\u0161em podjetju odgovorni in preudarni pri rabi energije, surovin in proizvodnih metod, saj si prizadevamo za trajnostno in dru\u017ebeno odgovorno poslovanje. Od samega za\u010detka proizvodnje smo v na\u0161em podjetju odgovorni in preudarni pri rabi energije, surovin in proizvodnih metod, saj si prizadevamo za trajnostno in dru\u017ebeno odgovorno poslovanje.\n\t\t\t\t\t<\/p>\n<\/p>\n<\/p><\/div>\n<p><!-- \/lc-block --><\/p>\n<div class=\"lc-block\">\n<div editable=\"rich\">\n<p>Na\u0161e dana\u0161nje odlo\u010ditve oblikujejo svet jutri\u0161njega dne.<\/p>\n<\/p>\n<p>Uporaba kakovostnih, trpe\u017enih materialov in njihova obdelava s pomo\u010djo okolju prijaznih tehnologij zagotavlja na\u0161im linijam izdelkov HOLLER PRO, HOLLER HOME in HOLLER DIY najvi\u0161jo kakovost in dolgo \u017eivljenjsko dobo ter nizek oglji\u010dni odtis. Na\u0161e podjetje prevzema odgovornost za sedanje in prihodnje generacije. <\/p>\n<\/p>\n<\/p>\n<p>Skladnost dru\u017einskega \u017eivljenja in kariere na\u0161ih zaposlenih nam veliko pomeni. Predvsem \u017eelimo podpreti \u017eenske, da bodo lahko po nose\u010dnosti in porodni\u0161kem dopustu nadaljevale z delom. K temu bo pomembno prispeval tudi na\u0161 lasten vrtec, ki bo prilagojen delovnim pogojem in bo prispeval tudi k spodbujanju ravnovesja med delovnim in prostim \u010dasom zaposlenih. <\/p>\n<p><\/p>\n<\/p><\/div>\n<\/p><\/div>\n<p><!-- \/lc-block -->\n\t\t\t<\/div>\n<\/p><\/div>\n<\/p><\/div>\n<\/section>\n<section class=\"bg-light\">\n<div class=\"container pt-5\">\n<div class=\"row\">\n<div class=\"col-md-12 text-center\">\n<div class=\"lc-block\">\n<h1 editable=\"inline\" class=\"mb-0 font-weight-bold\">\n\t\t\t\t\t\t<font color=\"#d8232a\">Nov proizvodni obrat<\/font><br \/>\n\t\t\t\t\t<\/h1>\n<p editable=\"inline\" class=\"mt-3\">Najmodernej\u0161a tovarna drsnih vrat v Evropi.<\/p>\n<\/p><\/div>\n<p><!-- \/lc-block --><\/p>\n<div class=\"lc-block\">\n<div editable=\"rich\">\n<p>Nedolgo nazaj smo zgradili novo cca. 10.000 m2 veliko proizvodno halo, v kateri izdelujemo aluminijasta vrata in ograje po najnovej\u0161ih tehnolo\u0161kih standardih. S pomo\u010djo naprednih industrijskih tehnologij bomo podvojili proizvodnjo na\u0161ih izdelkov, ki jih izva\u017eamo v okoli 30 dr\u017eav na svetu.&nbsp;<\/p>\n<p>Projekt izgradnje novega obrata je sofinancirala Evropska unija iz sklada za regionalni razvoj, ve\u010d informacij o IWB\/EFRE lahko dobite na: www.efre.gv.at<\/p>\n<\/p>\n<p><\/p>\n<\/p><\/div>\n<\/p><\/div>\n<p><!-- \/lc-block -->\n\t\t\t<\/div>\n<\/p><\/div>\n<\/p><\/div>\n<\/section>\n<section>\n<div class=\"container pt-5\">\n<div class=\"row\">\n<div class=\"col-md-12\">\n<div class=\"lc-block\">\n<div editable=\"rich\">\n<h2>Na\u0161ih 7 na\u010del trajnosti in dru\u017ebene odgovornosti<\/h2>\n<\/p><\/div>\n<\/p><\/div>\n<p><!-- \/lc-block -->\n\t\t\t<\/div>\n<p><!-- \/col -->\n\t\t<\/div>\n<\/p><\/div>\n<div class=\"container pt-5\">\n<div class=\"row pt-4\">\n<div class=\"col-lg-4 col-md-12 text-center\">\n<div class=\"lc-block\">\n<p>\t\t\t\t\t<svg xmlns=\"http:\/\/www.w3.org\/2000\/svg\" width=\"3em\" height=\"3em\" fill=\"currentColor\" viewBox=\"0 0 16 16\" style=\"\" lc-helper=\"svg-icon\" class=\"text-warning\">\n\t\t\t\t\t\t<path d=\"M3.5 8a4.5 4.5 0 1 1 9 0 4.5 4.5 0 0 1-9 0z\"><\/path>\n\t\t\t\t\t\t<path d=\"M8.202.28a.25.25 0 0 0-.404 0l-.91 1.255a.25.25 0 0 1-.334.067L5.232.79a.25.25 0 0 0-.374.154l-.36 1.51a.25.25 0 0 1-.282.188l-1.532-.244a.25.25 0 0 0-.286.286l.244 1.532a.25.25 0 0 1-.189.282l-1.509.36a.25.25 0 0 0-.154.374l.812 1.322a.25.25 0 0 1-.067.333l-1.256.91a.25.25 0 0 0 0 .405l1.256.91a.25.25 0 0 1 .067.334L.79 10.768a.25.25 0 0 0 .154.374l1.51.36a.25.25 0 0 1 .188.282l-.244 1.532a.25.25 0 0 0 .286.286l1.532-.244a.25.25 0 0 1 .282.189l.36 1.508a.25.25 0 0 0 .374.155l1.322-.812a.25.25 0 0 1 .333.067l.91 1.256a.25.25 0 0 0 .405 0l.91-1.256a.25.25 0 0 1 .334-.067l1.322.812a.25.25 0 0 0 .374-.155l.36-1.508a.25.25 0 0 1 .282-.19l1.532.245a.25.25 0 0 0 .286-.286l-.244-1.532a.25.25 0 0 1 .189-.282l1.508-.36a.25.25 0 0 0 .155-.374l-.812-1.322a.25.25 0 0 1 .067-.333l1.256-.91a.25.25 0 0 0 0-.405l-1.256-.91a.25.25 0 0 1-.067-.334l.812-1.322a.25.25 0 0 0-.155-.374l-1.508-.36a.25.25 0 0 1-.19-.282l.245-1.532a.25.25 0 0 0-.286-.286l-1.532.244a.25.25 0 0 1-.282-.189l-.36-1.509a.25.25 0 0 0-.374-.154l-1.322.812a.25.25 0 0 1-.333-.067L8.203.28zM8 2.5a5.5 5.5 0 1 1 0 11 5.5 5.5 0 0 1 0-11z\"><\/path>\n\t\t\t\t\t<\/svg><\/p><\/div>\n<p><!-- \/lc-block --><\/p>\n<div class=\"lc-block\">\n<h4 class=\"my-3 text-danger\" editable=\"inline\"><b class=\"text-dark\">Fotovoltaika<\/b><\/h4>\n<p editable=\"inline\" class=\"\">Z zmogljivimi solarnimi paneli na strehi na\u0161ih proizvodnih obratov son\u010dno energijo pretvarjamo v elektriko in tako na ekolo\u0161ki na\u010din poganjamo del na\u0161e proizvodnje.<\/p>\n<\/p><\/div>\n<p><!-- \/lc-block -->\n\t\t\t<\/div>\n<div class=\"col-lg-4 col-md-12 text-center\">\n<div class=\"lc-block\">\n<p>\t\t\t\t\t<svg xmlns=\"http:\/\/www.w3.org\/2000\/svg\" width=\"3em\" height=\"3em\" fill=\"currentColor\" viewBox=\"0 0 16 16\" style=\"\" lc-helper=\"svg-icon\" class=\"text-success\">\n\t\t\t\t\t\t<path d=\"M8 16a4 4 0 0 0 4-4 4 4 0 0 0 0-8 4 4 0 0 0-8 0 4 4 0 1 0 0 8 4 4 0 0 0 4 4zm3-12c0 .073-.01.155-.03.247-.544.241-1.091.638-1.598 1.084A2.987 2.987 0 0 0 8 5c-.494 0-.96.12-1.372.331-.507-.446-1.054-.843-1.597-1.084A1.117 1.117 0 0 1 5 4a3 3 0 0 1 6 0zm-.812 6.052A2.99 2.99 0 0 0 11 8a2.99 2.99 0 0 0-.812-2.052c.215-.18.432-.346.647-.487C11.34 5.131 11.732 5 12 5a3 3 0 1 1 0 6c-.268 0-.66-.13-1.165-.461a6.833 6.833 0 0 1-.647-.487zm-3.56.617a3.001 3.001 0 0 0 2.744 0c.507.446 1.054.842 1.598 1.084.02.091.03.174.03.247a3 3 0 1 1-6 0c0-.073.01-.155.03-.247.544-.242 1.091-.638 1.598-1.084zm-.816-4.721A2.99 2.99 0 0 0 5 8c0 .794.308 1.516.812 2.052a6.83 6.83 0 0 1-.647.487C4.66 10.869 4.268 11 4 11a3 3 0 0 1 0-6c.268 0 .66.13 1.165.461.215.141.432.306.647.487zM8 9a1 1 0 1 1 0-2 1 1 0 0 1 0 2z\"><\/path>\n\t\t\t\t\t<\/svg><\/p><\/div>\n<p><!-- \/lc-block --><\/p>\n<div class=\"lc-block\">\n<h4 class=\"my-3 text-success\" editable=\"inline\"><b class=\"text-dark\">Zelena fasada<\/b><\/h4>\n<p editable=\"inline\" class=\"\">Ozelenitev fasade \u0161\u010diti notranjost na\u0161ih proizvodnih obratov pred pregrevanjem v \u010dasu poletne vro\u010dine in zaradi dobre izolativnosti pozimi zni\u017euje porabo energije za ogrevanje.<\/p>\n<\/p><\/div>\n<p><!-- \/lc-block -->\n\t\t\t<\/div>\n<div class=\"col-lg-4 col-md-12 text-center\">\n<div class=\"lc-block\"><svg width=\"3rem\" height=\"3rem\" viewBox=\"0 0 221 236\" version=\"1.1\" xmlns=\"http:\/\/www.w3.org\/2000\/svg\" xmlns:xlink=\"http:\/\/www.w3.org\/1999\/xlink\">\n\t\t\t\t\t\t<!-- Generator: Sketch 60 (88103) - https:\/\/sketch.com -->\n\t\t\t\t\t\t<title>bee.svg<\/title>\n\t\t\t\t\t\t<desc>Created with Sketch.<\/desc>\n\t\t\t\t\t\t<g id=\"Page-1\" stroke=\"none\" stroke-width=\"1\" fill=\"none\" fill-rule=\"evenodd\">\n\t\t\t\t\t\t\t<g id=\"bee.svg\" transform=\"translate(0.000000, -1.000000)\" fill=\"#000000\" fill-rule=\"nonzero\">\n\t\t\t\t\t\t\t\t<path d=\"M197.738,119.109 C189.696,108.575 177.666,96.61 166.788,92.46 C164.355,69.536 148.123,50.684 126.58,44.367 L157.145,13.803 C160.074,10.874 160.074,6.125 157.145,3.196 C154.215,0.267 149.467,0.267 146.538,3.196 L110.752,38.981 L75.276,3.507 C72.346,0.578 67.598,0.578 64.669,3.507 C61.74,6.436 61.74,11.185 64.669,14.113 L94.924,44.366 C73.403,50.678 57.183,69.498 54.725,92.39 C43.797,96.472 31.673,108.514 23.583,119.109 C15.072,130.256 0.795,152.877 0.795,179.13 C0.795,198.043 16.183,213.429 35.096,213.429 C52.047,213.429 66.159,201.064 68.903,184.882 C77.625,194.541 89.642,201.157 103.163,202.967 L103.163,228.821 C103.163,232.963 106.52,236.321 110.663,236.321 C114.806,236.321 118.163,232.963 118.163,228.821 L118.163,202.967 C131.683,201.157 143.7,194.541 152.421,184.882 C155.166,201.065 169.276,213.429 186.228,213.429 C205.14,213.429 220.527,198.043 220.527,179.13 C220.527,152.876 206.248,130.256 197.738,119.109 L197.738,119.109 Z M151.928,115.33 L69.395,115.33 L69.395,105.947 L151.928,105.947 L151.928,115.33 Z M69.395,130.33 L151.928,130.33 L151.928,139.714 L69.395,139.714 L69.395,130.33 Z M110.752,57.089 C130.995,57.089 147.875,71.712 151.415,90.947 L70.089,90.947 C73.629,71.712 90.509,57.089 110.752,57.089 Z M54.395,179.129 C54.395,189.771 45.738,198.428 35.096,198.428 C24.454,198.428 15.795,189.771 15.795,179.129 C15.795,147.912 40.513,119.215 54.395,109.467 L54.395,147.214 L54.395,179.129 Z M110.662,188.481 C90.469,188.481 73.629,173.898 70.09,154.714 L151.233,154.714 C147.693,173.898 130.855,188.481 110.662,188.481 Z M186.227,198.428 C175.585,198.428 166.928,189.771 166.928,179.129 L166.928,147.214 L166.928,109.467 C180.809,119.215 205.526,147.912 205.526,179.129 C205.525,189.771 196.868,198.428 186.227,198.428 L186.227,198.428 Z\" id=\"Shape\"><\/path>\n\t\t\t\t\t\t\t<\/g>\n\t\t\t\t\t\t<\/g>\n\t\t\t\t\t<\/svg><\/div>\n<h4 class=\"my-3 text-warning\" editable=\"inline\"><b class=\"text-dark\">Na\u0161e \u010debele<\/b><\/h4>\n<p editable=\"inline\" class=\"\">Zelena fasada kot naravna klimatska naprava nudi dragocen \u017eivljenjski prostor za \u017eivali, predvsem \u010debele. To je na\u0161 prispevek k ohranjanju biotske raznovrstnosti v lokalnem okolju in kmetijstvu. <\/p>\n<p><!-- \/lc-block -->\n\t\t\t<\/div>\n<\/p><\/div>\n<div class=\"row pt-4\">\n<div class=\"col-md-12 col-lg-4 text-center\">\n<div class=\"lc-block\">\n<p>\t\t\t\t\t<svg xmlns=\"http:\/\/www.w3.org\/2000\/svg\" width=\"3em\" height=\"3em\" fill=\"currentColor\" viewBox=\"0 0 16 16\" style=\"\" lc-helper=\"svg-icon\" class=\"text-primary\">\n\t\t\t\t\t\t<path d=\"M11.251.068a.5.5 0 0 1 .227.58L9.677 6.5H13a.5.5 0 0 1 .364.843l-8 8.5a.5.5 0 0 1-.842-.49L6.323 9.5H3a.5.5 0 0 1-.364-.843l8-8.5a.5.5 0 0 1 .615-.09zM4.157 8.5H7a.5.5 0 0 1 .478.647L6.11 13.59l5.732-6.09H9a.5.5 0 0 1-.478-.647L9.89 2.41 4.157 8.5z\"><\/path>\n\t\t\t\t\t<\/svg><\/p><\/div>\n<h4 class=\"my-3\" editable=\"inline\"><b class=\"text-dark\">E-vozila<\/b><\/h4>\n<p editable=\"inline\" class=\"\">&nbsp;Z elektri\u010dnimi avtomobili in vili\u010darji v na\u0161em voznem parku skrbimo za zmanj\u0161anje nepotrebnega hrupa, prav tako pa kljub veliki u\u010dinkovitosti v okolje spu\u0161\u010damo manj \u0161kodljivih emisij. Elektri\u010dni pogon je odli\u010dna alternativa motorjem na fosilna goriva.<\/p>\n<p><!-- \/lc-block -->\n\t\t\t<\/div>\n<div class=\"col-md-12 col-lg-4 text-center\">\n<div class=\"lc-block\">\n<p>\t\t\t\t\t<svg xmlns=\"http:\/\/www.w3.org\/2000\/svg\" width=\"3em\" height=\"3em\" fill=\"currentColor\" viewBox=\"0 0 16 16\" style=\"\" lc-helper=\"svg-icon\" class=\"text-info\">\n\t\t\t\t\t\t<path fill-rule=\"evenodd\" d=\"M7.21.8C7.69.295 8 0 8 0c.109.363.234.708.371 1.038.812 1.946 2.073 3.35 3.197 4.6C12.878 7.096 14 8.345 14 10a6 6 0 0 1-12 0C2 6.668 5.58 2.517 7.21.8zm.413 1.021A31.25 31.25 0 0 0 5.794 3.99c-.726.95-1.436 2.008-1.96 3.07C3.304 8.133 3 9.138 3 10a5 5 0 0 0 10 0c0-1.201-.796-2.157-2.181-3.7l-.03-.032C9.75 5.11 8.5 3.72 7.623 1.82z\"><\/path>\n\t\t\t\t\t\t<path fill-rule=\"evenodd\" d=\"M4.553 7.776c.82-1.641 1.717-2.753 2.093-3.13l.708.708c-.29.29-1.128 1.311-1.907 2.87l-.894-.448z\"><\/path>\n\t\t\t\t\t<\/svg><\/p><\/div>\n<h4 class=\"my-3\" editable=\"inline\"><b class=\"text-dark\">Pra\u0161no lakiranje brez odpadne vode<\/b><\/h4>\n<p editable=\"inline\" class=\"\">Na\u0161a elektrostati\u010dna pra\u0161na lakirnica je najve\u010dja v Avstriji in hkrati tudi ena okolju najbolj prijaznih in gospodarnih naprav za povr\u0161insko obdelavo.<\/p>\n<\/p><\/div>\n<div class=\"col-md-12 col-lg-4 text-center\">\n<div class=\"lc-block\">\n<p>\t\t\t\t\t<svg xmlns=\"http:\/\/www.w3.org\/2000\/svg\" width=\"3em\" height=\"3em\" fill=\"currentColor\" viewBox=\"0 0 16 16\" style=\"\" lc-helper=\"svg-icon\" class=\"text-secondary\">\n\t\t\t\t\t\t<path d=\"M5 0a.5.5 0 0 1 .5.5V2h1V.5a.5.5 0 0 1 1 0V2h1V.5a.5.5 0 0 1 1 0V2h1V.5a.5.5 0 0 1 1 0V2A2.5 2.5 0 0 1 14 4.5h1.5a.5.5 0 0 1 0 1H14v1h1.5a.5.5 0 0 1 0 1H14v1h1.5a.5.5 0 0 1 0 1H14v1h1.5a.5.5 0 0 1 0 1H14a2.5 2.5 0 0 1-2.5 2.5v1.5a.5.5 0 0 1-1 0V14h-1v1.5a.5.5 0 0 1-1 0V14h-1v1.5a.5.5 0 0 1-1 0V14h-1v1.5a.5.5 0 0 1-1 0V14A2.5 2.5 0 0 1 2 11.5H.5a.5.5 0 0 1 0-1H2v-1H.5a.5.5 0 0 1 0-1H2v-1H.5a.5.5 0 0 1 0-1H2v-1H.5a.5.5 0 0 1 0-1H2A2.5 2.5 0 0 1 4.5 2V.5A.5.5 0 0 1 5 0zm-.5 3A1.5 1.5 0 0 0 3 4.5v7A1.5 1.5 0 0 0 4.5 13h7a1.5 1.5 0 0 0 1.5-1.5v-7A1.5 1.5 0 0 0 11.5 3h-7zM5 6.5A1.5 1.5 0 0 1 6.5 5h3A1.5 1.5 0 0 1 11 6.5v3A1.5 1.5 0 0 1 9.5 11h-3A1.5 1.5 0 0 1 5 9.5v-3zM6.5 6a.5.5 0 0 0-.5.5v3a.5.5 0 0 0 .5.5h3a.5.5 0 0 0 .5-.5v-3a.5.5 0 0 0-.5-.5h-3z\"><\/path>\n\t\t\t\t\t<\/svg><\/p><\/div>\n<h4 class=\"my-3\" editable=\"inline\"><b class=\"text-dark\">Toploto uporabimo dvakrat<\/b><\/h4>\n<p editable=\"inline\" class=\"\">Na\u0161e proizvodne obrate ogrevamo s toploto, ki nastane kot stranski proizvod pri raznih termi\u010dnih procesih, uporabljamo pa tudi daljinsko ogrevanje iz bli\u017enje toplarne na biomaso. <\/p>\n<\/p><\/div>\n<\/p><\/div>\n<div class=\"row pt-4\">\n<div class=\"col-md-12 col-lg-4 offset-0 offset-lg-4 text-center\">\n<div class=\"lc-block\">\n<p>\t\t\t\t\t<svg xmlns=\"http:\/\/www.w3.org\/2000\/svg\" width=\"3em\" height=\"3em\" fill=\"currentColor\" viewBox=\"0 0 16 16\" style=\"\" lc-helper=\"svg-icon\" class=\"text-danger\">\n\t\t\t\t\t\t<path d=\"M8 2.748l-.717-.737C5.6.281 2.514.878 1.4 3.053c-.523 1.023-.641 2.5.314 4.385.92 1.815 2.834 3.989 6.286 6.357 3.452-2.368 5.365-4.542 6.286-6.357.955-1.886.838-3.362.314-4.385C13.486.878 10.4.28 8.717 2.01L8 2.748zM8 15C-7.333 4.868 3.279-3.04 7.824 1.143c.06.055.119.112.176.171a3.12 3.12 0 0 1 .176-.17C12.72-3.042 23.333 4.867 8 15z\"><\/path>\n\t\t\t\t\t<\/svg><\/p><\/div>\n<h4 class=\"my-3\" editable=\"inline\"><b class=\"text-dark\">Varstvo otrok v podjetju<\/b><\/h4>\n<p editable=\"inline\" class=\"\">Na\u0161i zaposleni lahko svoje otroke na poti v slu\u017ebo pustijo kar v na\u0161em lastnem vrtcu, da jim ni treba zjutraj opravljati dodatne nepotrebne poti. Delovni \u010das vrtca je prilagojen delovnim obveznostim tako mater kot o\u010detov. Verjamemo namre\u010d, da \u010de gre dobro dru\u017eini, gre dobro nam vsem.<\/p>\n<\/p><\/div>\n<\/p><\/div>\n<\/p><\/div>\n<\/section>\n<section>\n<style>\n<p>.mypath {\n  width: 300px; \n   --mypath-radius: 31px; \n   --mypath-border: 2px dashed;\n}<\/p>\n<p>.mypath > div {<\/p>\n<p>  border-top: var(--mypath-border);\n  border-color: #777 !important;\n  margin:0; \n  padding: var(--mypath-radius);\n}<\/p>\n<p>.mypath > div:nth-child(even) {\n  border-left: var(--mypath-border);\n  border-top-left-radius: var(--mypath-radius);\n  border-bottom-left-radius: var(--mypath-radius);\n  margin-right: var(--mypath-radius); \n  padding-right: 0;\n}<\/p>\n<p>.mypath > div:nth-child(odd) {\n  border-right: var(--mypath-border);\n  border-top-right-radius: var(--mypath-radius);\n  border-bottom-right-radius: var(--mypath-radius);\n  margin-left: var(--mypath-radius); \n  padding-left: 0;\n}<\/p>\n<p>.mypath > div:first-child {\n  border-top: 0;\n  border-top-right-radius:0;\n  border-top-left-radius:0;\n}<\/p>\n<p>.mypath > div:last-child {\n  border-bottom-right-radius:0;\n  border-bottom-left-radius:0;\n}\n<\/style>\n<div class=\"container text-center mt-5 mb-3 text-primary\">\n<h2 class=\"h1\">Zgodovina podjetja Holler Tore Gmbh<\/h2>\n<\/p><\/div>\n<div class=\"mypath mx-auto\">\n<div class=\"lc-block\">\n<div editable=\"rich\">\n<h2>1992 Fundacija<\/h2>\n<p>1992 Ewald Holler ustanovi podjetje.<\/p>\n<\/p><\/div>\n<\/p><\/div>\n<div class=\"lc-block\">\n<div editable=\"rich\">\n<h2>1993 Prva delavnica<\/h2>\n<p>V Leitringu je zgrajena prva delavnica (jeklena hala 250 m2).<\/p>\n<\/p><\/div>\n<\/p><\/div>\n<div class=\"lc-block\">\n<div editable=\"rich\">\n<h2>1994 druga hala<\/h2>\n<p>Zgrajena je bila druga hala s 450 m2 prostora.<\/p>\n<\/p><\/div>\n<\/p><\/div>\n<div class=\"lc-block\">\n<div editable=\"rich\">\n<h2>1998 tretja hala<\/h2>\n<p>\u0160tiri leta kasneje se je Ewald Holler odlo\u010dil raz\u0161iriti podjetje z drugo 600 m2 veliko halo in s tem \u0161e raz\u0161iriti proizvodnjo.<\/p>\n<\/p><\/div>\n<\/p><\/div>\n<div class=\"lc-block\">\n<div editable=\"rich\">\n<h2>2000 Poslovna stavba<\/h2>\n<p>Na prehodu tiso\u010dletja je bila poleg hal zgrajena tudi pisarni\u0161ka stavba z nadaljnjih 280 m2 prostora in s tem je merila skupna povr\u0161ina podjetja 1580 m2.<\/p>\n<\/p><\/div>\n<\/p><\/div>\n<div class=\"lc-block\">\n<div editable=\"rich\">\n<h2>2005&nbsp;<\/h2>\n<p>Ewald Holler samostojno obrt spremeni v dru\u017ebo z omejeno odgovornostjo.&nbsp;<\/p>\n<\/p><\/div>\n<\/p><\/div>\n<div class=\"lc-block\">\n<div editable=\"rich\">\n<h2>2009 Nova kon\u010dna proizvodna in nakladalna hala<\/h2>\n<p>Leta 2009 je bila zgrajena kon\u010dna proizvodna in nakladalni hala z nadaljnjih 2900 m2 dodatnega prostora.<\/p>\n<\/p><\/div>\n<\/p><\/div>\n<div class=\"lc-block\">\n<div editable=\"rich\">\n<h2>2010 Pisarne in varilnica<\/h2>\n<p>10 let po gradnji prvih pisarni\u0161kih prostorov smo postavili nove. Temu je sledila varilnica s 1100 m2.<\/p>\n<\/p><\/div>\n<\/p><\/div>\n<div class=\"lc-block\">\n<div editable=\"rich\">\n<h2 class=\"text-break\">2011&nbsp;Najve\u010dja avstrijska tovarna za pra\u0161no barvanje<\/h2>\n<p>Leta 2011 je bila zgrajena najve\u010dja tovarna za pra\u0161no barvanje v Avstriji, dodali pa smo \u0161e sobe za zaposlene ter dru\u017eabne in rekreacijske sobe (2100 m2).<\/p>\n<\/p><\/div>\n<\/p><\/div>\n<div class=\"lc-block\">\n<div editable=\"rich\">\n<h2 class=\"text-break\">2013 \u0160iritev pisarni\u0161kega objekta<br \/><\/h2>\n<p>\u0160iritev pisarni\u0161kega objekta<\/p>\n<\/p><\/div>\n<\/p><\/div>\n<div class=\"lc-block\">\n<div editable=\"rich\">\n<h2 class=\"text-break\">2014 \u0160iritev skladi\u0161\u010d<br \/><\/h2>\n<p>\u0160iritev skladi\u0161\u010dnega prostora, gradnja nakladalne rampe za posebne prevoze (1000 m2).<\/p>\n<\/p><\/div>\n<\/p><\/div>\n<div class=\"lc-block\">\n<div editable=\"rich\">\n<h2 class=\"text-break\">2015&nbsp;Robotizacija<br \/><\/h2>\n<p>Prenova jeklene hale, pridobitev novega varilnega robotskega sistema<\/p>\n<\/p><\/div>\n<\/p><\/div>\n<div class=\"lc-block\">\n<div editable=\"rich\">\n<h2 class=\"text-break\">2017 Rezkalna delavnica<br \/><\/h2>\n<p>Gradnja dodatne kon\u010dne proizvodne hale (1500 m2) in izgradnja nove delavnice za rezkanje<\/p>\n<\/p><\/div>\n<\/p><\/div>\n<div class=\"lc-block\">\n<div editable=\"rich\">\n<h2 class=\"text-break\">2019&nbsp;Moderni-zacija<br \/><\/h2>\n<p>Nabavili smo nov visoko natan\u010den laserski stroj.<\/p>\n<\/p><\/div>\n<\/p><\/div>\n<div class=\"lc-block\">\n<div editable=\"rich\">\n<h2 class=\"text-break\">2020&nbsp;Na\u010drto-vanje<br \/><\/h2>\n<p>Na\u010drtovanje nove proizvodne hale v Leitringu<\/p>\n<\/p><\/div>\n<\/p><\/div>\n<div class=\"lc-block\">\n<div editable=\"rich\">\n<h2 class=\"text-break\">2021&nbsp;Nove proizvodne povr\u0161ine<br \/><\/h2>\n<p>Zgrajena je bila nova proizvodna hala s pribli\u017eno 11.000 m2 dodatne povr\u0161ine.<\/p>\n<\/p><\/div>\n<\/p><\/div>\n<div class=\"lc-block\">\n<div editable=\"rich\">\n<h2 class=\"text-break\">2022&nbsp;Nova poslovna stavba, restavracija in vrtec&nbsp;<br \/><\/h2>\n<p>Gradimo nove pisarni\u0161ke prostore in lastno menzo&nbsp;<\/p>\n<\/p><\/div>\n<\/p><\/div>\n<\/p><\/div>\n<\/section>\n<section class=\"pt-5 pb-5\">\n<div class=\"container py-5 text-center\">\n<div class=\"row\">\n<div class=\"col-md-8 offset-md-2 px-4\">\n<div class=\"lc-block\">\n\t\t\t\t\t<svg xmlns=\"http:\/\/www.w3.org\/2000\/svg\" viewBox=\"0 0 448 512\" width=\"5em\" height=\"5em\" lc-helper=\"svg-icon\" fill=\"currentColor\" class=\"text-danger\">\n\t\t\t\t\t\t<path d=\"M313.6 304c-28.7 0-42.5 16-89.6 16-47.1 0-60.8-16-89.6-16C60.2 304 0 364.2 0 438.4V464c0 26.5 21.5 48 48 48h352c26.5 0 48-21.5 48-48v-25.6c0-74.2-60.2-134.4-134.4-134.4zM400 464H48v-25.6c0-47.6 38.8-86.4 86.4-86.4 14.6 0 38.3 16 89.6 16 51.7 0 74.9-16 89.6-16 47.6 0 86.4 38.8 86.4 86.4V464zM224 288c79.5 0 144-64.5 144-144S303.5 0 224 0 80 64.5 80 144s64.5 144 144 144zm0-240c52.9 0 96 43.1 96 96s-43.1 96-96 96-96-43.1-96-96 43.1-96 96-96z\"><\/path>\n\t\t\t\t\t<\/svg>\n\t\t\t\t<\/div>\n<div class=\"lc-block mb-4 mt-4\">\n<div editable=\"rich\">\n<h2><strong>KONTAKTIRAJTE NASS<\/strong><\/h2>\n<\/p><\/div>\n<\/p><\/div>\n<div class=\"lc-block mb-4\">\n<div editable=\"rich\">\n<p><\/p>\n<\/p><\/div>\n<\/p><\/div>\n<div class=\"lc-block\"><a class=\"btn btn-primary btn-xl js-scroll-trigger\" href=\"https:\/\/holler-tore.at\/kontakt\" role=\"button\">KONTAKTIRAJTE NAS<\/a><\/div>\n<p><!-- \/lc-block -->\n\t\t\t<\/div>\n<\/p><\/div>\n<\/p><\/div>\n<\/section>\n","protected":false},"excerpt":{"rendered":"<p>Vrata Holler.&nbsp;Trajnostno naravnano podjetje. Od samega za\u010detka proizvodnje smo v na\u0161em podjetju odgovorni in preudarni pri rabi energije, surovin in [&hellip;]<\/p>\n","protected":false},"author":2,"featured_media":0,"parent":0,"menu_order":0,"comment_status":"closed","ping_status":"closed","template":"templates\/canvas-template.php","meta":{"_seopress_robots_primary_cat":"","_seopress_titles_title":"","_seopress_titles_desc":"Na\u0161a matica je dru\u017einsko podjetje iz Avstrije z ve\u010d kot 30-letno tradicijo izdelave vrat in ograj iz aluminija. Spoznajte nas.","_seopress_robots_index":"","footnotes":""},"class_list":["post-4391","page","type-page","status-publish","hentry"],"aioseo_notices":[],"_links":{"self":[{"href":"https:\/\/holler-tore.at\/sl\/wp-json\/wp\/v2\/pages\/4391","targetHints":{"allow":["GET"]}}],"collection":[{"href":"https:\/\/holler-tore.at\/sl\/wp-json\/wp\/v2\/pages"}],"about":[{"href":"https:\/\/holler-tore.at\/sl\/wp-json\/wp\/v2\/types\/page"}],"author":[{"embeddable":true,"href":"https:\/\/holler-tore.at\/sl\/wp-json\/wp\/v2\/users\/2"}],"replies":[{"embeddable":true,"href":"https:\/\/holler-tore.at\/sl\/wp-json\/wp\/v2\/comments?post=4391"}],"version-history":[{"count":20,"href":"https:\/\/holler-tore.at\/sl\/wp-json\/wp\/v2\/pages\/4391\/revisions"}],"predecessor-version":[{"id":11113,"href":"https:\/\/holler-tore.at\/sl\/wp-json\/wp\/v2\/pages\/4391\/revisions\/11113"}],"wp:attachment":[{"href":"https:\/\/holler-tore.at\/sl\/wp-json\/wp\/v2\/media?parent=4391"}],"curies":[{"name":"wp","href":"https:\/\/api.w.org\/{rel}","templated":true}]}}