{"id":4382,"date":"2022-07-27T15:09:27","date_gmt":"2022-07-27T13:09:27","guid":{"rendered":"https:\/\/www.holler-tore.at\/?page_id=4382"},"modified":"2023-04-21T12:14:11","modified_gmt":"2023-04-21T10:14:11","slug":"holler-home","status":"publish","type":"page","link":"https:\/\/holler-tore.at\/sl\/holler-home\/","title":{"rendered":"HOLLER HOME"},"content":{"rendered":"<section>\n<div class=\"d-flex container-fluid\" lc-helper=\"background\" style=\"height:85vh;background:url(https:\/\/holler-tore.at\/wp-content\/uploads\/2023\/02\/DSC_3612-1024x683.jpg)  center \/ cover no-repeat;\">\n\t<\/div>\n<div class=\"container p-5 bg-light\" style=\"margin-top:-100px\">\n<div class=\"row\">\n<div class=\"col-md-12 align-self-center\">\n<div class=\"lc-block\">\n<div editable=\"rich\">\n<p>Prilagodljivost in vsestranskost.<\/p>\n<\/p><\/div>\n<\/p><\/div>\n<p><!-- \/lc-block --><\/p>\n<div class=\"lc-block \">\n<div editable=\"rich\">\n<h1 editable=\"inline\" class=\"\">HOLLER&nbsp;<strong class=\"text-danger\">HOME<\/strong><\/h1>\n<\/p><\/div>\n<\/p><\/div>\n<div class=\"lc-block\">\n<div editable=\"rich\">\n<p>Na\u0161i izdelki serije HOLLER HOME so prilagodljivi v uporabi, vsestranski pri oblikovanju in zanesljivi na dolgi rok. Elegantna vrata in ograje prilagodimo zahtevam in \u017eeljam strank ter tako za\u0161\u010ditimo premo\u017eenje in hkrati hi\u0161i ali stanovanju dodamo lep videz. Pokli\u010dite ali nam pi\u0161ite \u2013 na\u0161a ekipa vam bo z veseljem svetovala.<\/p>\n<\/p><\/div>\n<\/p><\/div>\n<p><!-- \/lc-block --><\/p>\n<div class=\"lc-block\"><a class=\"btn btn-primary btn-xl js-scroll-trigger\" href=\"https:\/\/holler-tore.at\/sl\/kontakt\/kontakt-slovenija\/\" role=\"button\"> KONTAKTIRAJTE NAS<\/a><\/div>\n<p><!-- \/lc-block -->\n\t\t\t<\/div>\n<p><!-- \/col -->\n\t\t<\/div>\n<\/p><\/div>\n<\/section>\n<section class=\"text-dark\">\n<div class=\"container py-5\">\n<div class=\"row mt-5\">\n<div class=\"col-lg-6 align-self-center\">\n<div class=\"lc-block about-img-shape position-relative\"> <img fetchpriority=\"high\" decoding=\"async\" class=\"img-fluid\" src=\"https:\/\/holler-tore.at\/wp-content\/uploads\/2023\/04\/72061f4d-c124-4500-996f-f863605ac2ec-1024x768.jpeg\" alt=\"\" width=\"1024\" height=\"768\" srcset=\"https:\/\/holler-tore.at\/wp-content\/uploads\/2023\/04\/72061f4d-c124-4500-996f-f863605ac2ec-1024x768.jpeg 1024w, https:\/\/holler-tore.at\/wp-content\/uploads\/2023\/04\/72061f4d-c124-4500-996f-f863605ac2ec-300x225.jpeg 300w, https:\/\/holler-tore.at\/wp-content\/uploads\/2023\/04\/72061f4d-c124-4500-996f-f863605ac2ec-768x576.jpeg 768w, https:\/\/holler-tore.at\/wp-content\/uploads\/2023\/04\/72061f4d-c124-4500-996f-f863605ac2ec-1536x1152.jpeg 1536w, https:\/\/holler-tore.at\/wp-content\/uploads\/2023\/04\/72061f4d-c124-4500-996f-f863605ac2ec.jpeg 1600w\" sizes=\"(max-width: 1024px) 100vw, 1024px\">\n\t\t\t\t<\/div>\n<\/p><\/div>\n<div class=\"col-lg-6 align-self-center mt-5\">\n<div class=\"lc-block\">\n<div editable=\"rich\">\n<h2>Drsna vrata<br \/><\/h2>\n<p class=\"\">Zavarujte hi\u0161o, dvori\u0161\u010de ali vrt z vrati do \u0161irine 6 m in vi\u0161ine do 2 m.<\/p>\n<\/p>\n<p>Izkoristite na\u0161e znanje obdelave visokokakovostnih materialov in izberite svoj dizajn dvori\u0161\u010dnih vrat. Pogon in krmilni sistem nista vidna, saj sta v stebru in sta zato optimalno za\u0161\u010ditena pred vremenskimi vplivi in morebitnim vandalizmom.&nbsp;&nbsp;<\/p>\n<\/p>\n<\/p><\/div>\n<\/p><\/div>\n<p>\t\t\t\t<!-- \/lc-block --><br \/>\n\t\t\t\t<!-- \/lc-block -->\n\t\t\t<\/div>\n<\/p><\/div>\n<div class=\"row mt-5\">\n<div class=\"col-lg-6 order-2 order-lg-1 mt-5  align-self-center\">\n<div class=\"lc-block\">\n<div editable=\"rich\">\n<h2>Krilna vrata in osebni prehodi<\/h2>\n<p>Preverjena klasika: \u0161irina do 4,5 m in vi\u0161ina do 2 m.<\/p>\n<\/p>\n<p>Prelevite se v oblikovalca: gladka plo\u010devina, polnilo palica, okrogla palica ali dvojna palica z matirano povr\u0161ino, pletenica ali kovana ograja. Dodajte LED-osvetlitev, motiv z laserskim rezom, rezkanjem in \u0161e veliko drugega. Ne glede na to, kako si boste sestavili vrata, zanesljivost in varnost bosta na prvem mestu.&nbsp;<\/p>\n<\/p><\/div>\n<\/p><\/div>\n<p>\t\t\t\t<!-- \/lc-block --><br \/>\n\t\t\t\t<!-- \/lc-block -->\n\t\t\t<\/div>\n<div class=\"col-lg-6 order-1 order-lg-2 align-self-center\">\n<div class=\"lc-block about-img-shape position-relative\"> <img decoding=\"async\" class=\"img-fluid\" src=\"https:\/\/holler-tore.at\/wp-content\/uploads\/2023\/02\/67350367_1304065206417116_740969527432445952_o.jpg\" alt=\"\" width=\"1024\" height=\"768\" srcset=\"https:\/\/holler-tore.at\/wp-content\/uploads\/2023\/02\/67350367_1304065206417116_740969527432445952_o.jpg 1024w, https:\/\/holler-tore.at\/wp-content\/uploads\/2023\/02\/67350367_1304065206417116_740969527432445952_o-300x225.jpg 300w, https:\/\/holler-tore.at\/wp-content\/uploads\/2023\/02\/67350367_1304065206417116_740969527432445952_o-768x576.jpg 768w\" sizes=\"\">\n\t\t\t\t<\/div>\n<\/p><\/div>\n<\/p><\/div>\n<\/p><\/div>\n<\/section>\n<section class=\"bg-dark text-white\">\n<div class=\"container py-5\">\n<div class=\"row mt-5\">\n<div class=\"col-lg-6 align-self-center\">\n<div class=\"lc-block about-img-shape position-relative\"> <img decoding=\"async\" class=\"img-fluid\" src=\"https:\/\/holler-tore.at\/wp-content\/uploads\/2023\/02\/DSC_3335-1024x683.jpg\" alt=\"\" width=\"1024\" height=\"683\" srcset=\"https:\/\/holler-tore.at\/wp-content\/uploads\/2023\/02\/DSC_3335-1024x683.jpg 1024w, https:\/\/holler-tore.at\/wp-content\/uploads\/2023\/02\/DSC_3335-300x200.jpg 300w, https:\/\/holler-tore.at\/wp-content\/uploads\/2023\/02\/DSC_3335-768x512.jpg 768w, https:\/\/holler-tore.at\/wp-content\/uploads\/2023\/02\/DSC_3335-1536x1024.jpg 1536w, https:\/\/holler-tore.at\/wp-content\/uploads\/2023\/02\/DSC_3335-2048x1365.jpg 2048w\" sizes=\"(max-width: 1024px) 100vw, 1024px\">\n\t\t\t\t<\/div>\n<\/p><\/div>\n<div class=\"col-lg-6 mt-5 align-self-center\">\n<div class=\"lc-block\">\n<div editable=\"rich\">\n<h2>Ograje<br \/><\/h2>\n<p>Zasebnost in za\u0161\u010dita pred ne\u017eelenimi pogledi do&nbsp; &nbsp; &nbsp; &nbsp; &nbsp; &nbsp; &nbsp; &nbsp; vi\u0161ine 2 m.<\/p>\n<\/p>\n<p>Miami, Hamburg, Amsterdam &#8230; Na\u0161i modeli ne nosijo le imen teh svetovnih mest, ampak nekaj njihovega \u0161arma prinesejo tudi s seboj v va\u0161o okolico. <\/p>\n<\/p>\n<p>Pali\u010dna polnila se lahko kon\u010dajo s \u0161pi\u010dastim, \u010debulastim ali okroglim pokrovom. Izberite tisto, kar vam je najbolj v\u0161e\u010d. <\/p>\n<\/p>\n<p>&nbsp;&nbsp;<\/p>\n<\/p><\/div>\n<\/p><\/div>\n<p>\t\t\t\t<!-- \/lc-block --><br \/>\n\t\t\t\t<!-- \/lc-block -->\n\t\t\t<\/div>\n<\/p><\/div>\n<div class=\"row mt-5\">\n<div class=\"col-lg-6 order-2 mt-5 order-lg-1 align-self-center\">\n<div class=\"lc-block\">\n<div editable=\"rich\">\n<h2>Po\u0161tni nabiralniki in paketniki<\/h2>\n<p>Lepo oblikovani nabiralniki estetsko dopolnjujejo dvori\u0161\u010dna vrata in ograjo. Re\u017ea za pisma je na zunanji strani, vratca za odpiranje na notranji. Po\u0161tni nabiralnik se lahko uporablja tudi kot steber za vrata osebnega prehoda ali pa kot kon\u010dni steber za drsna vrata.<\/p>\n<\/p>\n<\/p>\n<\/p>\n<p>V \u010dasu pove\u010danja spletnih nakupov postaja vse pomembnej\u0161i zanesljiv in varen prejem paketov, ne glede na to, ali ste doma. Na\u0161i paketniki, torej paketni stebri, se lahko v celoti vklju\u010dijo \u017ee v na\u010drtovanje vrat ali se dodajo kasneje. Odprite paketnik s kodirno klju\u010davnico, s klju\u010dem ali z mobilnim telefonom \u2013 kakor vam najbolj ustreza.<\/p>\n<\/p>\n<p><\/p>\n<\/p><\/div>\n<\/p><\/div>\n<p>\t\t\t\t<!-- \/lc-block --><br \/>\n\t\t\t\t<!-- \/lc-block -->\n\t\t\t<\/div>\n<div class=\"col-lg-6 order-1 order-lg-2 align-self-center\">\n<div class=\"lc-block about-img-shape position-relative\"> <img loading=\"lazy\" decoding=\"async\" class=\"img-fluid\" src=\"https:\/\/holler-tore.at\/wp-content\/uploads\/2023\/02\/hadra-1024x768.jpg\" alt=\"\" width=\"1024\" height=\"768\" srcset=\"https:\/\/holler-tore.at\/wp-content\/uploads\/2023\/02\/hadra-1024x768.jpg 1024w, https:\/\/holler-tore.at\/wp-content\/uploads\/2023\/02\/hadra-300x225.jpg 300w, https:\/\/holler-tore.at\/wp-content\/uploads\/2023\/02\/hadra-768x576.jpg 768w, https:\/\/holler-tore.at\/wp-content\/uploads\/2023\/02\/hadra-1536x1152.jpg 1536w, https:\/\/holler-tore.at\/wp-content\/uploads\/2023\/02\/hadra.jpg 1600w\" sizes=\"(max-width: 1024px) 100vw, 1024px\">\n\t\t\t\t<\/div>\n<\/p><\/div>\n<\/p><\/div>\n<\/p><\/div>\n<\/section>\n<section class=\"pt-5 pb-5\">\n<div class=\"container py-5 text-center\">\n<div class=\"row\">\n<div class=\"col-md-8 offset-md-2 px-4\">\n<div class=\"lc-block\">\n\t\t\t\t\t<svg xmlns=\"http:\/\/www.w3.org\/2000\/svg\" viewBox=\"0 0 448 512\" width=\"5em\" height=\"5em\" lc-helper=\"svg-icon\" fill=\"currentColor\" class=\"text-danger\">\n\t\t\t\t\t\t<path d=\"M313.6 304c-28.7 0-42.5 16-89.6 16-47.1 0-60.8-16-89.6-16C60.2 304 0 364.2 0 438.4V464c0 26.5 21.5 48 48 48h352c26.5 0 48-21.5 48-48v-25.6c0-74.2-60.2-134.4-134.4-134.4zM400 464H48v-25.6c0-47.6 38.8-86.4 86.4-86.4 14.6 0 38.3 16 89.6 16 51.7 0 74.9-16 89.6-16 47.6 0 86.4 38.8 86.4 86.4V464zM224 288c79.5 0 144-64.5 144-144S303.5 0 224 0 80 64.5 80 144s64.5 144 144 144zm0-240c52.9 0 96 43.1 96 96s-43.1 96-96 96-96-43.1-96-96 43.1-96 96-96z\"><\/path>\n\t\t\t\t\t<\/svg>\n\t\t\t\t<\/div>\n<div class=\"lc-block mb-4 mt-4\">\n<div editable=\"rich\">\n<h2><strong>Z VESELJEM VAM SVETUJEMO<\/strong><\/p>\n<\/p>\n<\/h2><\/div>\n<\/p><\/div>\n<div class=\"lc-block mb-4\">\n<div editable=\"rich\">\n<\/p><\/div>\n<\/p><\/div>\n<div class=\"lc-block\"><a class=\"btn btn-primary btn-xl js-scroll-trigger\" href=\"https:\/\/holler-tore.at\/sl\/kontakt\/kontakt-slovenija\/\" role=\"button\">KONTAKTIRAJTE NAS<\/a><\/div>\n<p><!-- \/lc-block -->\n\t\t\t<\/div>\n<\/p><\/div>\n<\/p><\/div>\n<\/section>\n","protected":false},"excerpt":{"rendered":"<p>Prilagodljivost in vsestranskost. HOLLER&nbsp;HOME Na\u0161i izdelki serije HOLLER HOME so prilagodljivi v uporabi, vsestranski pri oblikovanju in zanesljivi na dolgi [&hellip;]<\/p>\n","protected":false},"author":2,"featured_media":0,"parent":0,"menu_order":0,"comment_status":"closed","ping_status":"closed","template":"","meta":{"_seopress_robots_primary_cat":"","_seopress_titles_title":"HOLLER HOME -  Premium vrata za va\u0161 dom","_seopress_titles_desc":"Ograje in drsna dvori\u0161\u010dna vrata iz nerjave\u010dega aluminija za okoli hi\u0161e. Pogoni vrat so skriti v stebru in opremljeni z baterijo, \u010de zmanjka elektrike. Z veseljem vam svetujemo.","_seopress_robots_index":"","footnotes":""},"class_list":["post-4382","page","type-page","status-publish","hentry"],"aioseo_notices":[],"_links":{"self":[{"href":"https:\/\/holler-tore.at\/sl\/wp-json\/wp\/v2\/pages\/4382","targetHints":{"allow":["GET"]}}],"collection":[{"href":"https:\/\/holler-tore.at\/sl\/wp-json\/wp\/v2\/pages"}],"about":[{"href":"https:\/\/holler-tore.at\/sl\/wp-json\/wp\/v2\/types\/page"}],"author":[{"embeddable":true,"href":"https:\/\/holler-tore.at\/sl\/wp-json\/wp\/v2\/users\/2"}],"replies":[{"embeddable":true,"href":"https:\/\/holler-tore.at\/sl\/wp-json\/wp\/v2\/comments?post=4382"}],"version-history":[{"count":10,"href":"https:\/\/holler-tore.at\/sl\/wp-json\/wp\/v2\/pages\/4382\/revisions"}],"predecessor-version":[{"id":6419,"href":"https:\/\/holler-tore.at\/sl\/wp-json\/wp\/v2\/pages\/4382\/revisions\/6419"}],"wp:attachment":[{"href":"https:\/\/holler-tore.at\/sl\/wp-json\/wp\/v2\/media?parent=4382"}],"curies":[{"name":"wp","href":"https:\/\/api.w.org\/{rel}","templated":true}]}}