{"id":4366,"date":"2022-07-27T14:57:00","date_gmt":"2022-07-27T12:57:00","guid":{"rendered":"https:\/\/www.holler-tore.at\/?page_id=4366"},"modified":"2022-12-05T09:19:54","modified_gmt":"2022-12-05T08:19:54","slug":"holler-diy","status":"publish","type":"page","link":"https:\/\/holler-tore.at\/sl\/holler-diy\/","title":{"rendered":"HOLLER DIY"},"content":{"rendered":"<section>\n<div class=\"d-flex container-fluid\" lc-helper=\"background\" style=\"height:35vh;background:url(https:\/\/holler-tore.at\/wp-content\/uploads\/2022\/01\/latte100-scaled.jpg)  center \/ cover no-repeat;\">\n\t<\/div>\n<div class=\"container p-5 bg-light\" style=\"margin-top:-100px\">\n<div class=\"row\">\n<div class=\"col-md-12 align-self-center\">\n<div class=\"lc-block\">\n<div editable=\"rich\">\n<p>Izdelano po najvi\u0161jih standardih.<\/p>\n<\/p><\/div>\n<\/p><\/div>\n<p><!-- \/lc-block --><\/p>\n<div class=\"lc-block \">\n<div editable=\"rich\">\n<h1 editable=\"inline\" class=\"\">HOLLER&nbsp;<strong class=\"text-danger\">DIY<\/strong><\/h1>\n<\/p><\/div>\n<\/p><\/div>\n<div class=\"lc-block\">\n<div editable=\"rich\">\n<p> Na\u0161 modularni \u00bbdo-it-yourself\u00ab oz. \u00bbpostavi si sam\u00ab sistem temelji na standardiziranih komponentah, ki jih lahko poljubno zdru\u017eujete. Sestavite in prilagodite vrata in ograje podobi svoje hi\u0161e in parcele pa tudi monta\u017ea je zelo enostavna.<\/p>\n<\/p><\/div>\n<\/p><\/div>\n<p><!-- \/lc-block --><\/p>\n<div class=\"lc-block\"><a class=\"btn btn-primary btn-xl js-scroll-trigger\" href=\"https:\/\/holler-tore.at\/sl\/kontakt\/kontakt-slovenija\/\" role=\"button\">KONTAKTIRAJTE NAS<\/a><\/div>\n<p><!-- \/lc-block -->\n\t\t\t<\/div>\n<p><!-- \/col -->\n\t\t<\/div>\n<\/p><\/div>\n<\/section>\n<section class=\"text-dark\">\n<div class=\"container py-5\">\n<div class=\"row mt-5\">\n<div class=\"col-lg-6 align-self-center\">\n<div class=\"lc-block about-img-shape position-relative\"> <img fetchpriority=\"high\" decoding=\"async\" class=\"img-fluid\" src=\"https:\/\/holler-tore.at\/wp-content\/uploads\/2022\/01\/GLNW0025-1.jpg\" alt=\"\" width=\"1024\" height=\"768\" srcset=\"https:\/\/holler-tore.at\/wp-content\/uploads\/2022\/01\/GLNW0025-1.jpg 1024w, https:\/\/holler-tore.at\/wp-content\/uploads\/2022\/01\/GLNW0025-1-300x225.jpg 300w, https:\/\/holler-tore.at\/wp-content\/uploads\/2022\/01\/GLNW0025-1-768x576.jpg 768w\" sizes=\"(max-width: 1024px) 100vw, 1024px\">\n\t\t\t\t<\/div>\n<\/p><\/div>\n<div class=\"col-lg-6 align-self-center mt-5\">\n<div class=\"lc-block\">\n<div editable=\"rich\">\n<h2>Drsna vrata<br \/><\/h2>\n<p class=\"\">Izberite svoja vrata med 4-mi razli\u010dnimi dol\u017einami in 6-imi razli\u010dnimi vi\u0161inami.<\/p>\n<\/p>\n<p>Antracit, aluminijasto bela ali mah zelena barva. Pra\u0161ni premaz, odporen na praske in vremenske vplive zmanj\u0161uje potrebo po vzdr\u017eevanju ter zagotavlja lep videz \u0161e dolgo let. <\/p>\n<p>\u010ce pri namestitvi potrebujete pomo\u010d, si lahko ogledate na\u0161a navodila za monta\u017eo in videoposnetke, kjer lahko dobite dodatna pojasnila.&nbsp;&nbsp;<\/p>\n<\/p>\n<\/p><\/div>\n<\/p><\/div>\n<p>\t\t\t\t<!-- \/lc-block --><br \/>\n\t\t\t\t<!-- \/lc-block -->\n\t\t\t<\/div>\n<\/p><\/div>\n<div class=\"row mt-5\">\n<div class=\"col-lg-6 order-2 order-lg-1 mt-5  align-self-center\">\n<div class=\"lc-block\">\n<div editable=\"rich\">\n<h2>Krilna vrata&nbsp;<\/h2>\n<p>Dvokrilna vrata z optimalno \u0161irino prehoda so na voljo v razli\u010dnih dimenzijah in dizajnih. Izbirajte med razli\u010dnimi polnili: palica, perforirana plo\u010devina, gladka plo\u010devina, pre\u010dne deske ali \u00bbkovan\u00ab aluminij. Odlo\u010dite se lahko za ro\u010dno odpiranje ali odpiranje na elektri\u010dni pogon.<\/p>\n<\/p>\n<p>Dodajte vratom \u0161e primeren osebni prehod in dobili boste prakti\u010dno in estetsko re\u0161itev.&nbsp;&nbsp;<\/p>\n<\/p>\n<\/p><\/div>\n<\/p><\/div>\n<p>\t\t\t\t<!-- \/lc-block --><br \/>\n\t\t\t\t<!-- \/lc-block -->\n\t\t\t<\/div>\n<div class=\"col-lg-6 order-1 order-lg-2 align-self-center\">\n<div class=\"lc-block about-img-shape position-relative\"> <img decoding=\"async\" class=\"img-fluid\" src=\"https:\/\/holler-tore.at\/wp-content\/uploads\/2022\/01\/24-scaled.jpg\" alt=\"\" width=\"2560\" height=\"1920\" srcset=\"https:\/\/holler-tore.at\/wp-content\/uploads\/2022\/01\/24-scaled.jpg 2560w, https:\/\/holler-tore.at\/wp-content\/uploads\/2022\/01\/24-300x225.jpg 300w, https:\/\/holler-tore.at\/wp-content\/uploads\/2022\/01\/24-1024x768.jpg 1024w, https:\/\/holler-tore.at\/wp-content\/uploads\/2022\/01\/24-768x576.jpg 768w, https:\/\/holler-tore.at\/wp-content\/uploads\/2022\/01\/24-1536x1152.jpg 1536w, https:\/\/holler-tore.at\/wp-content\/uploads\/2022\/01\/24-2048x1536.jpg 2048w\" sizes=\"(max-width: 2560px) 100vw, 2560px\">\n\t\t\t\t<\/div>\n<\/p><\/div>\n<\/p><\/div>\n<\/p><\/div>\n<\/section>\n<section class=\"bg-dark text-white mb-5 pb-5\">\n<div class=\"container py-5\">\n<div class=\"row mt-5\">\n<div class=\"col-lg-6 align-self-center\">\n<div class=\"lc-block about-img-shape position-relative\"> <img decoding=\"async\" class=\"img-fluid\" src=\"https:\/\/holler-tore.at\/wp-content\/uploads\/2022\/01\/DIY-Zaunpannel-2-scaled.jpg\" alt=\"\" width=\"2560\" height=\"1707\" srcset=\"https:\/\/holler-tore.at\/wp-content\/uploads\/2022\/01\/DIY-Zaunpannel-2-scaled.jpg 2560w, https:\/\/holler-tore.at\/wp-content\/uploads\/2022\/01\/DIY-Zaunpannel-2-300x200.jpg 300w, https:\/\/holler-tore.at\/wp-content\/uploads\/2022\/01\/DIY-Zaunpannel-2-1024x683.jpg 1024w, https:\/\/holler-tore.at\/wp-content\/uploads\/2022\/01\/DIY-Zaunpannel-2-768x512.jpg 768w, https:\/\/holler-tore.at\/wp-content\/uploads\/2022\/01\/DIY-Zaunpannel-2-1536x1024.jpg 1536w, https:\/\/holler-tore.at\/wp-content\/uploads\/2022\/01\/DIY-Zaunpannel-2-2048x1365.jpg 2048w\" sizes=\"(max-width: 2560px) 100vw, 2560px\">\n\t\t\t\t<\/div>\n<\/p><\/div>\n<div class=\"col-lg-6 mt-5 align-self-center\">\n<div class=\"lc-block\">\n<div editable=\"rich\">\n<h2>Ograje<br \/><\/h2>\n<p>Izberite vi\u0161ino, \u0161irino, barvo in model va\u0161e ograje ter si jo postavite sami. Monta\u017ea ni zahtevna in poteka na preprostih stebrih z enostavnim sistemom za pritrjevanje.<\/p>\n<\/p>\n<p>DIY ograje so vizualno privla\u010dna in zanesljiva za\u0161\u010dita za va\u0161o hi\u0161o.&nbsp;&nbsp;<\/p>\n<\/p>\n<\/p><\/div>\n<\/p><\/div>\n<p>\t\t\t\t<!-- \/lc-block --><br \/>\n\t\t\t\t<!-- \/lc-block -->\n\t\t\t<\/div>\n<\/p><\/div>\n<\/p><\/div>\n<\/section>\n<section class=\"pt-5 pb-5\">\n<div class=\"container py-5 text-center\">\n<div class=\"row\">\n<div class=\"col-md-8 offset-md-2 px-4\">\n<div class=\"lc-block\">\n\t\t\t\t\t<svg xmlns=\"http:\/\/www.w3.org\/2000\/svg\" viewBox=\"0 0 448 512\" width=\"5em\" height=\"5em\" lc-helper=\"svg-icon\" fill=\"currentColor\" class=\"text-danger\">\n\t\t\t\t\t\t<path d=\"M313.6 304c-28.7 0-42.5 16-89.6 16-47.1 0-60.8-16-89.6-16C60.2 304 0 364.2 0 438.4V464c0 26.5 21.5 48 48 48h352c26.5 0 48-21.5 48-48v-25.6c0-74.2-60.2-134.4-134.4-134.4zM400 464H48v-25.6c0-47.6 38.8-86.4 86.4-86.4 14.6 0 38.3 16 89.6 16 51.7 0 74.9-16 89.6-16 47.6 0 86.4 38.8 86.4 86.4V464zM224 288c79.5 0 144-64.5 144-144S303.5 0 224 0 80 64.5 80 144s64.5 144 144 144zm0-240c52.9 0 96 43.1 96 96s-43.1 96-96 96-96-43.1-96-96 43.1-96 96-96z\"><\/path>\n\t\t\t\t\t<\/svg>\n\t\t\t\t<\/div>\n<div class=\"lc-block mb-4 mt-4\">\n<div editable=\"rich\">\n<h2><strong>SKUPAJ BOMO NA\u0160LI RE\u0160ITEV<\/strong><\/h2>\n<\/p><\/div>\n<\/p><\/div>\n<div class=\"lc-block mb-4\">\n<div editable=\"rich\">\n<p><\/p>\n<\/p><\/div>\n<\/p><\/div>\n<div class=\"lc-block\"><a class=\"btn btn-primary btn-xl js-scroll-trigger\" href=\"https:\/\/holler-tore.at\/sl\/kontakt\/kontakt-slovenija\/\" role=\"button\">KONTAKTIRAJTE NAS<\/a><\/div>\n<p><!-- \/lc-block -->\n\t\t\t<\/div>\n<\/p><\/div>\n<\/p><\/div>\n<\/section>\n","protected":false},"excerpt":{"rendered":"<p>Izdelano po najvi\u0161jih standardih. HOLLER&nbsp;DIY Na\u0161 modularni \u00bbdo-it-yourself\u00ab oz. \u00bbpostavi si sam\u00ab sistem temelji na standardiziranih komponentah, ki jih lahko [&hellip;]<\/p>\n","protected":false},"author":2,"featured_media":0,"parent":0,"menu_order":0,"comment_status":"closed","ping_status":"closed","template":"","meta":{"_seopress_robots_primary_cat":"","_seopress_titles_title":"HOLLER DIY - Sestavite si dvori\u0161\u010dna vrata in ograjo sami","_seopress_titles_desc":"Cenovno ugodna drsna in krilna vrata, osebni prehodi ter ograje iz aluminija, ki si jih lahko sestavite in postavite tudi sami. Z veseljem vam svetujemo.","_seopress_robots_index":"","footnotes":""},"class_list":["post-4366","page","type-page","status-publish","hentry"],"aioseo_notices":[],"_links":{"self":[{"href":"https:\/\/holler-tore.at\/sl\/wp-json\/wp\/v2\/pages\/4366","targetHints":{"allow":["GET"]}}],"collection":[{"href":"https:\/\/holler-tore.at\/sl\/wp-json\/wp\/v2\/pages"}],"about":[{"href":"https:\/\/holler-tore.at\/sl\/wp-json\/wp\/v2\/types\/page"}],"author":[{"embeddable":true,"href":"https:\/\/holler-tore.at\/sl\/wp-json\/wp\/v2\/users\/2"}],"replies":[{"embeddable":true,"href":"https:\/\/holler-tore.at\/sl\/wp-json\/wp\/v2\/comments?post=4366"}],"version-history":[{"count":13,"href":"https:\/\/holler-tore.at\/sl\/wp-json\/wp\/v2\/pages\/4366\/revisions"}],"predecessor-version":[{"id":5159,"href":"https:\/\/holler-tore.at\/sl\/wp-json\/wp\/v2\/pages\/4366\/revisions\/5159"}],"wp:attachment":[{"href":"https:\/\/holler-tore.at\/sl\/wp-json\/wp\/v2\/media?parent=4366"}],"curies":[{"name":"wp","href":"https:\/\/api.w.org\/{rel}","templated":true}]}}