{"id":4356,"date":"2022-07-27T14:42:40","date_gmt":"2022-07-27T12:42:40","guid":{"rendered":"https:\/\/www.holler-tore.at\/?page_id=4356"},"modified":"2022-12-05T09:19:44","modified_gmt":"2022-12-05T08:19:44","slug":"holler-pro","status":"publish","type":"page","link":"https:\/\/holler-tore.at\/sl\/holler-pro\/","title":{"rendered":"HOLLER PRO"},"content":{"rendered":"<section>\n<div class=\"d-flex container-fluid\" lc-helper=\"background\" style=\"height:35vh;background:url(https:\/\/holler-tore.at\/wp-content\/uploads\/2022\/01\/MG_6223-scaled.jpg)  center \/ cover no-repeat;\">\n\t<\/div>\n<div class=\"container p-5 bg-light\" style=\"margin-top:-100px\">\n<div class=\"row\">\n<div class=\"col-md-12 align-self-center\">\n<div class=\"lc-block\">\n<div editable=\"rich\">\n<p> Zanesljivost in varnost na prvem mestu.<\/p>\n<\/p><\/div>\n<\/p><\/div>\n<p><!-- \/lc-block --><\/p>\n<div class=\"lc-block \">\n<div editable=\"rich\">\n<h1 editable=\"inline\" class=\"\">HOLLER&nbsp;<strong class=\"text-danger\">PRO<\/strong><\/h1>\n<\/p><\/div>\n<\/p><\/div>\n<div class=\"lc-block\">\n<div editable=\"rich\">\n<p>Vrata in ograje proizvodne linije HOLLER PRO so posebej zasnovane za intenzivno uporabo v industrijskem in komercialnem sektorju ter zdru\u017eujejo zanesljivost, varnost in robustnost z estetsko zasnovo. Vse izdelke lahko individualno oblikujemo in tako ustvarimo va\u0161 unikat.<\/p>\n<\/p><\/div>\n<\/p><\/div>\n<p><!-- \/lc-block --><\/p>\n<div class=\"lc-block\"><a class=\"btn btn-primary btn-xl js-scroll-trigger\" href=\"https:\/\/holler-tore.at\/sl\/kontakt\/kontakt-slovenija\/\" role=\"button\">KONTAKTIRAJTE NAS<\/a><\/div>\n<p><!-- \/lc-block -->\n\t\t\t<\/div>\n<p><!-- \/col -->\n\t\t<\/div>\n<\/p><\/div>\n<\/section>\n<section class=\"text-dark\">\n<div class=\"container py-5\">\n<div class=\"row mt-5\">\n<div class=\"col-lg-6 align-self-center\">\n<div class=\"lc-block about-img-shape position-relative\"> <img fetchpriority=\"high\" decoding=\"async\" class=\"img-fluid w-100\" src=\"https:\/\/holler-tore.at\/wp-content\/uploads\/2022\/01\/Galeriebild-08.jpg\" alt=\"\" width=\"800\" height=\"547\" srcset=\"https:\/\/holler-tore.at\/wp-content\/uploads\/2022\/01\/Galeriebild-08.jpg 800w, https:\/\/holler-tore.at\/wp-content\/uploads\/2022\/01\/Galeriebild-08-300x205.jpg 300w, https:\/\/holler-tore.at\/wp-content\/uploads\/2022\/01\/Galeriebild-08-768x525.jpg 768w\" sizes=\"(max-width: 800px) 100vw, 800px\">\n\t\t\t\t<\/div>\n<\/p><\/div>\n<div class=\"col-lg-6 align-self-center mt-5\">\n<div class=\"lc-block\">\n<div editable=\"rich\">\n<h2>Drsna vrata<br \/><\/h2>\n<p>Dimenzije, ki naredijo vtis: \u0161irina do 50 m in vi\u0161ina do 6 m. Samonosna drsna vrata Holler zdru\u017eujejo najmodernej\u0161e na\u010dine izdelave in maksimalno funkcionalnost. Posebej razviti aluminijasti profili in visokokakovostna obdelava zagotavljajo dolgotrajno uporabo, z razli\u010dnimi mo\u017enostmi izbire barv in polnil pa se na\u0161a vrata kar najbolje skladajo z okolico. Vse izdelke pred dostavo v na\u0161i tovarni tudi sestavimo in preizkusimo.&nbsp;<\/p>\n<\/p><\/div>\n<\/p><\/div>\n<p>\t\t\t\t<!-- \/lc-block --><br \/>\n\t\t\t\t<!-- \/lc-block -->\n\t\t\t<\/div>\n<\/p><\/div>\n<div class=\"row mt-5\">\n<div class=\"col-lg-6 order-2 order-lg-1 mt-5  align-self-center\">\n<div class=\"lc-block\">\n<div editable=\"rich\">\n<h2>Krilna vrata in osebni prehodi<\/h2>\n<p>Dimenzije, ki ustrezno za\u0161\u010ditijo katerikoli objekt: \u0161irina do 12 m (za eno krilo) in vi\u0161ina do 5 m. <\/p>\n<\/p>\n<p>Kakovostna obdelava daje na\u0161im eno- ali dvokrilnim vratom izjemno stabilnost in lep izgled, varnost pa lahko pove\u010damo tudi z bode\u010do letvijo. Tako kot pri drsnih vratih so tudi vsi pogoni za vrata narejeni po sistemu &#8220;plug-and-play&#8221; za enostaven priklop. <\/p>\n<p>Pra\u0161no za\u0161\u010diteno ogrodje je odporno na praske in razli\u010dne vremenske vplive, kar zagotavlja dolgotrajno uporabo in lep izgled. <\/p>\n<\/p>\n<\/p>\n<p>Vsa klasi\u010dna krilna vrata lahko izdelamo tako v standardnih kot nestandardnih dimenzijah.<\/p>\n<\/p><\/div>\n<\/p><\/div>\n<p>\t\t\t\t<!-- \/lc-block --><br \/>\n\t\t\t\t<!-- \/lc-block -->\n\t\t\t<\/div>\n<div class=\"col-lg-6 order-1 order-lg-2 align-self-center\">\n<div class=\"lc-block about-img-shape position-relative\"> <img decoding=\"async\" class=\"img-fluid w-100\" src=\"https:\/\/holler-tore.at\/wp-content\/uploads\/2022\/01\/DSC_2128-scaled.jpg\" alt=\"\" width=\"\" height=\"\" srcset=\"https:\/\/holler-tore.at\/wp-content\/uploads\/2022\/01\/DSC_2128-scaled.jpg 2560w, https:\/\/holler-tore.at\/wp-content\/uploads\/2022\/01\/DSC_2128-300x200.jpg 300w, https:\/\/holler-tore.at\/wp-content\/uploads\/2022\/01\/DSC_2128-1024x683.jpg 1024w, https:\/\/holler-tore.at\/wp-content\/uploads\/2022\/01\/DSC_2128-768x512.jpg 768w, https:\/\/holler-tore.at\/wp-content\/uploads\/2022\/01\/DSC_2128-1536x1024.jpg 1536w, https:\/\/holler-tore.at\/wp-content\/uploads\/2022\/01\/DSC_2128-2048x1365.jpg 2048w\" sizes=\"\">\n\t\t\t\t<\/div>\n<\/p><\/div>\n<\/p><\/div>\n<\/p><\/div>\n<\/section>\n<section class=\"bg-dark text-white\">\n<div class=\"container py-5\">\n<div class=\"row mt-5\">\n<div class=\"col-lg-6 align-self-center\">\n<div class=\"lc-block about-img-shape position-relative\"> <img decoding=\"async\" class=\"img-fluid\" src=\"https:\/\/holler-tore.at\/wp-content\/uploads\/2022\/01\/13568995_1098952160176318_1472415002277794365_o-1024x579.jpg\" alt=\"\" width=\"1024\" height=\"579\" srcset=\"https:\/\/holler-tore.at\/wp-content\/uploads\/2022\/01\/13568995_1098952160176318_1472415002277794365_o-1024x579.jpg 1024w, https:\/\/holler-tore.at\/wp-content\/uploads\/2022\/01\/13568995_1098952160176318_1472415002277794365_o-300x170.jpg 300w, https:\/\/holler-tore.at\/wp-content\/uploads\/2022\/01\/13568995_1098952160176318_1472415002277794365_o-768x434.jpg 768w, https:\/\/holler-tore.at\/wp-content\/uploads\/2022\/01\/13568995_1098952160176318_1472415002277794365_o-1536x869.jpg 1536w, https:\/\/holler-tore.at\/wp-content\/uploads\/2022\/01\/13568995_1098952160176318_1472415002277794365_o.jpg 2048w\" sizes=\"(max-width: 1024px) 100vw, 1024px\">\n\t\t\t\t<\/div>\n<\/p><\/div>\n<div class=\"col-lg-6 mt-5 align-self-center\">\n<div class=\"lc-block\">\n<div editable=\"rich\">\n<h2>Ograje<br \/><\/h2>\n<p>\t\t\t\t\t\tAluminijaste ograje izdelujemo do vi\u0161ine 2,5 m.<\/p>\n<p>Industrijske ograje so zanesljiva, robustna in vizualno privla\u010dna za\u0161\u010dita okolice tovarne ali podjetja. \u0160iroka paleta modelov omogo\u010da v\u0161e\u010den videz, ki se karseda najbolje sklada z okoljem. <\/p>\n<p>Posebni nosilci za pritrditev ograjnih panel na stebre omogo\u010dajo prilagodljivost ograje ne glede na morebitne neravnine na parceli.<\/p>\n<\/p><\/div>\n<\/p><\/div>\n<p>\t\t\t\t<!-- \/lc-block --><br \/>\n\t\t\t\t<!-- \/lc-block -->\n\t\t\t<\/div>\n<\/p><\/div>\n<div class=\"row mt-5\">\n<div class=\"col-lg-6 order-2 mt-5 order-lg-1 align-self-center\">\n<div class=\"lc-block\">\n<div editable=\"rich\">\n<h2>Po\u0161tni nabiralniki in paketniki<\/h2>\n<p>Lepo oblikovani po\u0161tni nabiralnik dopolnjuje izgled va\u0161ih dvori\u0161\u010dnih vrat. Re\u017ea za pisma se nahaja na zunanji strani, vratca za pobiranje po\u0161te pa se nahajajo na notranji strani. Po\u0161tni nabiralnik se lahko uporablja tudi kot nosilni steber za krilna vrata ali kot nale\u017eni steber za drsna vrata.<br \/>\n\t\t\t\t\t\t\tV \u010dasu pove\u010devanja spletnih nakupov postaja vse pomembnej\u0161i zanesljiv in varen prejem paketov, ne glede na to, ali ste doma. Na\u0161i paketniki, torej paketni stebri, se lahko v celoti vklju\u010dijo \u017ee v na\u010drtovanje vrat ali se dodajo kasneje. Odprite paketnik s kodirno klju\u010davnico, s klju\u010dem ali z mobilnim telefonom \u2013 kakor vam najbolje ustreza. <\/p>\n<\/p>\n<p>&nbsp;<\/p>\n<p><\/p>\n<\/p><\/div>\n<\/p><\/div>\n<p>\t\t\t\t<!-- \/lc-block --><br \/>\n\t\t\t\t<!-- \/lc-block -->\n\t\t\t<\/div>\n<div class=\"col-lg-6 order-1 order-lg-2 align-self-center\">\n<div class=\"lc-block about-img-shape position-relative\"> <img decoding=\"async\" class=\"img-fluid\" src=\"https:\/\/holler-tore.at\/wp-content\/uploads\/2022\/01\/mit-tor-1024x996.jpg\" alt=\"\" width=\"1024\" height=\"996\" srcset=\"https:\/\/holler-tore.at\/wp-content\/uploads\/2022\/01\/mit-tor-1024x996.jpg 1024w, https:\/\/holler-tore.at\/wp-content\/uploads\/2022\/01\/mit-tor-300x292.jpg 300w, https:\/\/holler-tore.at\/wp-content\/uploads\/2022\/01\/mit-tor-768x747.jpg 768w, https:\/\/holler-tore.at\/wp-content\/uploads\/2022\/01\/mit-tor-1536x1494.jpg 1536w, https:\/\/holler-tore.at\/wp-content\/uploads\/2022\/01\/mit-tor.jpg 1737w\" sizes=\"(max-width: 1024px) 100vw, 1024px\">\n\t\t\t\t<\/div>\n<\/p><\/div>\n<\/p><\/div>\n<\/p><\/div>\n<\/section>\n<section class=\" pb-5\">\n<div class=\"container py-5 text-center\">\n<div class=\"row\">\n<div class=\"col-md-8 offset-md-2 px-4\">\n<div class=\"lc-block\">\n\t\t\t\t\t<svg xmlns=\"http:\/\/www.w3.org\/2000\/svg\" viewBox=\"0 0 448 512\" width=\"5em\" height=\"5em\" lc-helper=\"svg-icon\" fill=\"currentColor\" class=\"text-danger\">\n\t\t\t\t\t\t<path d=\"M313.6 304c-28.7 0-42.5 16-89.6 16-47.1 0-60.8-16-89.6-16C60.2 304 0 364.2 0 438.4V464c0 26.5 21.5 48 48 48h352c26.5 0 48-21.5 48-48v-25.6c0-74.2-60.2-134.4-134.4-134.4zM400 464H48v-25.6c0-47.6 38.8-86.4 86.4-86.4 14.6 0 38.3 16 89.6 16 51.7 0 74.9-16 89.6-16 47.6 0 86.4 38.8 86.4 86.4V464zM224 288c79.5 0 144-64.5 144-144S303.5 0 224 0 80 64.5 80 144s64.5 144 144 144zm0-240c52.9 0 96 43.1 96 96s-43.1 96-96 96-96-43.1-96-96 43.1-96 96-96z\"><\/path>\n\t\t\t\t\t<\/svg>\n\t\t\t\t<\/div>\n<div class=\"lc-block mb-4 mt-4\">\n<div editable=\"rich\">\n<h2><strong>Z VESELJEM VAM SVETUJEMO<\/strong><\/h2>\n<\/p><\/div>\n<\/p><\/div>\n<div class=\"lc-block mb-4\">\n<div editable=\"rich\">\n<p><\/p>\n<\/p><\/div>\n<\/p><\/div>\n<div class=\"lc-block\"><a class=\"btn btn-primary btn-xl js-scroll-trigger\" href=\"https:\/\/holler-tore.at\/sl\/kontakt\/kontakt-slovenija\/\" role=\"button\">KONTAKTIRAJTE NAS<\/a><\/div>\n<p><!-- \/lc-block -->\n\t\t\t<\/div>\n<\/p><\/div>\n<\/p><\/div>\n<\/section>\n","protected":false},"excerpt":{"rendered":"<p>Zanesljivost in varnost na prvem mestu. HOLLER&nbsp;PRO Vrata in ograje proizvodne linije HOLLER PRO so posebej zasnovane za intenzivno uporabo [&hellip;]<\/p>\n","protected":false},"author":2,"featured_media":0,"parent":0,"menu_order":0,"comment_status":"closed","ping_status":"closed","template":"","meta":{"_seopress_robots_primary_cat":"","_seopress_titles_title":"HOLLER PRO - Industrijska samonosna vrata do 25 metrov","_seopress_titles_desc":"Samonosna, teleskopska in hitra zgibna vrata iz aluminija za industrijo, do 25 m. Hitrost odpiranja do 0,5 m na sekundo. Z veseljem vam svetujemo.","_seopress_robots_index":"","footnotes":""},"class_list":["post-4356","page","type-page","status-publish","hentry"],"aioseo_notices":[],"_links":{"self":[{"href":"https:\/\/holler-tore.at\/sl\/wp-json\/wp\/v2\/pages\/4356","targetHints":{"allow":["GET"]}}],"collection":[{"href":"https:\/\/holler-tore.at\/sl\/wp-json\/wp\/v2\/pages"}],"about":[{"href":"https:\/\/holler-tore.at\/sl\/wp-json\/wp\/v2\/types\/page"}],"author":[{"embeddable":true,"href":"https:\/\/holler-tore.at\/sl\/wp-json\/wp\/v2\/users\/2"}],"replies":[{"embeddable":true,"href":"https:\/\/holler-tore.at\/sl\/wp-json\/wp\/v2\/comments?post=4356"}],"version-history":[{"count":14,"href":"https:\/\/holler-tore.at\/sl\/wp-json\/wp\/v2\/pages\/4356\/revisions"}],"predecessor-version":[{"id":4920,"href":"https:\/\/holler-tore.at\/sl\/wp-json\/wp\/v2\/pages\/4356\/revisions\/4920"}],"wp:attachment":[{"href":"https:\/\/holler-tore.at\/sl\/wp-json\/wp\/v2\/media?parent=4356"}],"curies":[{"name":"wp","href":"https:\/\/api.w.org\/{rel}","templated":true}]}}