{"id":4349,"date":"2022-07-26T12:40:35","date_gmt":"2022-07-26T10:40:35","guid":{"rendered":"https:\/\/www.holler-tore.at\/?page_id=4349"},"modified":"2022-12-05T09:20:56","modified_gmt":"2022-12-05T08:20:56","slug":"kakovost","status":"publish","type":"page","link":"https:\/\/holler-tore.at\/sl\/kakovost\/","title":{"rendered":"Kakovost"},"content":{"rendered":"<section>\n<div class=\"d-flex container-fluid\" lc-helper=\"background\" style=\"height:35vh;background:url(https:\/\/holler-tore.at\/wp-content\/uploads\/2022\/01\/Schiebetor-20m-Logistikcenter-01.jpg)  center \/ cover no-repeat;\">\n\t<\/div>\n<div class=\"container p-5 bg-primary text-white align-self-center\" style=\"margin-top:-100px\">\n<div class=\"row align-self-center\">\n<div class=\"col-md-12 align-self-center\">\n\t\t\t\t<!-- \/lc-block --><\/p>\n<div class=\"lc-block align-self-center\">\n<div editable=\"rich\">\n<h2 editable=\"inline\" class=\"font-weight-bold\">Kakovost za nas ni le prazna beseda<\/h2>\n<\/p><\/div>\n<\/p><\/div>\n<\/p><\/div>\n<p><!-- \/col -->\n\t\t<\/div>\n<\/p><\/div>\n<\/section>\n<section class=\"pt-5 pb-5\">\n<div class=\"container\">\n<div class=\"row\">\n<div class=\"col-md-6 align-self-center\">\n<div class=\"lc-block\">\n<div editable=\"rich\">\n<h2 class=\"text-danger\"><strong>Tehnologija<\/strong><br \/><\/h2>\n<p>Na\u0161a vrata in ograje izdelujemo v enem od najsodobnej\u0161ih obratov za proizvodnjo drsnih vrat v Evropi. Proizvodne hale zajemajo okoli 25.000 m2 prostora, poleg spretnega ro\u010dnega dela pa uporabljamo tudi robotsko podprte stroje v okviru omre\u017ene industrije 4.0. Vsi na\u0161i proizvodi so narejeni v Avstriji.<\/p>\n<\/p>\n<p>Raziskave, razvoj, na\u010drtovanje in proizvodnja \u2013 vse opravimo sami. <\/p>\n<p>Na\u0161a naprava za elektrostati\u010dno pra\u0161no za\u0161\u010dito je najve\u010dja v Avstriji in ena najbolj okolju prijaznih in ekonomi\u010dnih tovrstnih naprav na svetu.&nbsp;<\/p>\n<\/p><\/div>\n<\/p><\/div>\n<p>\t\t\t\t<!-- \/lc-block -->\n\t\t\t<\/div>\n<p><!-- \/col --><\/p>\n<div class=\"col-md-6 align-self-center\">\n<div class=\"lc-block\">\n\t\t\t\t\t<img fetchpriority=\"high\" decoding=\"async\" class=\"img-fluid\" src=\"https:\/\/holler-tore.at\/wp-content\/uploads\/2022\/01\/halle-scaled.jpg\" width=\"2560\" height=\"1449\" srcset=\"https:\/\/holler-tore.at\/wp-content\/uploads\/2022\/01\/halle-scaled.jpg 2560w, https:\/\/holler-tore.at\/wp-content\/uploads\/2022\/01\/halle-300x170.jpg 300w, https:\/\/holler-tore.at\/wp-content\/uploads\/2022\/01\/halle-1024x580.jpg 1024w, https:\/\/holler-tore.at\/wp-content\/uploads\/2022\/01\/halle-768x435.jpg 768w, https:\/\/holler-tore.at\/wp-content\/uploads\/2022\/01\/halle-1536x869.jpg 1536w, https:\/\/holler-tore.at\/wp-content\/uploads\/2022\/01\/halle-2048x1159.jpg 2048w\" sizes=\"(max-width: 2560px) 100vw, 2560px\" alt=\"\">\n\t\t\t\t<\/div>\n<p><!-- \/lc-block -->\n\t\t\t<\/div>\n<p><!-- \/col -->\n\t\t<\/div>\n<\/p><\/div>\n<\/section>\n<section class=\"pt-5 pb-5 bg-dark text-light\">\n<div class=\"container\">\n<div class=\"row\">\n<div class=\"col-md-6\">\n<div class=\"lc-block\">\n\t\t\t\t\t<img decoding=\"async\" class=\"img-fluid\" src=\"https:\/\/holler-tore.at\/wp-content\/uploads\/2022\/01\/acetylene-1239328-scaled.jpg\">\n\t\t\t\t<\/div>\n<p><!-- \/lc-block -->\n\t\t\t<\/div>\n<p><!-- \/col --><\/p>\n<div class=\"col-md-6 align-self-center mt-5\">\n<div class=\"lc-block\">\n<div editable=\"rich\">\n<h2 class=\"text-danger\"><strong>Prvovrstna izdelava<\/strong><br \/><\/h2>\n<p>Na\u0161 edinstven sistem za obdelavo aluminija, na\u010din varjenja in vija\u010denja ter Clip &amp; Glue pritrdilni in lepilni sistemi so posebej razviti za vrata in ograje, zato vam zagotavljamo najvi\u0161jo stopnjo kakovosti. Vsaka vrata, ki zapustijo na\u0161e podjetje, so pred dostavo sestavljena in preizku\u0161ena.<\/p>\n<\/p><\/div>\n<\/p><\/div>\n<p>\t\t\t\t<!-- \/lc-block -->\n\t\t\t<\/div>\n<p><!-- \/col -->\n\t\t<\/div>\n<\/p><\/div>\n<\/section>\n<section class=\"pt-5 pb-5\">\n<div class=\"container\">\n<div class=\"row\">\n<div class=\"col-md-6 order-2 order-md-1 align-self-center mt-4\">\n<div class=\"lc-block\">\n<div editable=\"rich\">\n<h2 class=\"text-danger\"><strong>Visokokakovostni materiali<\/strong><br \/><\/h2>\n<p>Aluminij, korten, steklo in nerjave\u010de jeklo so le nekateri materiali, iz katerih izdelujemo na\u0161a vrata in ograje. Vsi izdelki serije HOLLER PRO in HOLLER HOME so za\u0161\u010diteni z visokokakovostnim pra\u0161nim premazom, ki zagotavlja odpornost na vremenske vplive, praske in omogo\u010da enostavno \u010di\u0161\u010denje ter dolgoro\u010dno lep izgled.<\/p>\n<\/p><\/div>\n<\/p><\/div>\n<p>\t\t\t\t<!-- \/lc-block -->\n\t\t\t<\/div>\n<p><!-- \/col --><\/p>\n<div class=\"col-md-6 order-1 order-md-2 \">\n<div class=\"lc-block\">\n\t\t\t\t\t<img decoding=\"async\" class=\"img-fluid\" src=\"https:\/\/holler-tore.at\/wp-content\/uploads\/2022\/01\/steel-tube-5528518_1920.jpg\" width=\"1920\" height=\"1013\" srcset=\"https:\/\/holler-tore.at\/wp-content\/uploads\/2022\/01\/steel-tube-5528518_1920.jpg 1920w, https:\/\/holler-tore.at\/wp-content\/uploads\/2022\/01\/steel-tube-5528518_1920-300x158.jpg 300w, https:\/\/holler-tore.at\/wp-content\/uploads\/2022\/01\/steel-tube-5528518_1920-1024x540.jpg 1024w, https:\/\/holler-tore.at\/wp-content\/uploads\/2022\/01\/steel-tube-5528518_1920-768x405.jpg 768w, https:\/\/holler-tore.at\/wp-content\/uploads\/2022\/01\/steel-tube-5528518_1920-1536x810.jpg 1536w\" sizes=\"(max-width: 1920px) 100vw, 1920px\" alt=\"\">\n\t\t\t\t<\/div>\n<p><!-- \/lc-block -->\n\t\t\t<\/div>\n<p><!-- \/col -->\n\t\t<\/div>\n<\/p><\/div>\n<\/section>\n<section class=\"pt-5 pb-5 bg-dark text-light\">\n<div class=\"container\">\n<div class=\"row\">\n<div class=\"col-md-6\">\n<div class=\"lc-block\">\n\t\t\t\t\t<img decoding=\"async\" class=\"img-fluid\" src=\"https:\/\/holler-tore.at\/wp-content\/uploads\/2022\/08\/Holler-zertifizierungen-web-1.png\" width=\"1000\" height=\"600\" srcset=\"https:\/\/holler-tore.at\/wp-content\/uploads\/2022\/08\/Holler-zertifizierungen-web-1.png 1000w, https:\/\/holler-tore.at\/wp-content\/uploads\/2022\/08\/Holler-zertifizierungen-web-1-300x180.png 300w, https:\/\/holler-tore.at\/wp-content\/uploads\/2022\/08\/Holler-zertifizierungen-web-1-768x461.png 768w\" sizes=\"(max-width: 1000px) 100vw, 1000px\" alt=\"\">\n\t\t\t\t<\/div>\n<p><!-- \/lc-block -->\n\t\t\t<\/div>\n<p><!-- \/col --><\/p>\n<div class=\"col-md-6 align-self-center\">\n<div class=\"lc-block mt-4\">\n<div editable=\"rich\">\n<h2 class=\"text-danger\"><strong>Certifikati in znaki odli\u010dnosti<\/strong><br \/><\/h2>\n<p>Na\u0161i izdelki so izdelani po strogih standardih kakovosti in izpolnjujejo zahteve standardov ISO 9001, EN 1090 in EN 13241-1. Vsa drsna, krilna in zlo\u017eljiva vrata ter zapornice nosijo avstrijski HQ znak kakovosti. Mati\u010dna dru\u017eba Holler Tore GmbH je tudi eno izmed dru\u017einskih podjetij, ki velja za primer dobre prakse podjetni\u0161tva v avstrijskem in tudi evropskem prostoru.<\/p>\n<\/p><\/div>\n<\/p><\/div>\n<p>\t\t\t\t<!-- \/lc-block -->\n\t\t\t<\/div>\n<p><!-- \/col -->\n\t\t<\/div>\n<\/p><\/div>\n<\/section>\n<section class=\"pt-5 pb-5\">\n<div class=\"container py-5 text-center\">\n<div class=\"row\">\n<div class=\"col-md-8 offset-md-2 px-4\">\n<div class=\"lc-block\">\n\t\t\t\t\t<svg xmlns=\"http:\/\/www.w3.org\/2000\/svg\" viewBox=\"0 0 448 512\" width=\"5em\" height=\"5em\" lc-helper=\"svg-icon\" fill=\"currentColor\" class=\"text-danger\">\n\t\t\t\t\t\t<path d=\"M313.6 304c-28.7 0-42.5 16-89.6 16-47.1 0-60.8-16-89.6-16C60.2 304 0 364.2 0 438.4V464c0 26.5 21.5 48 48 48h352c26.5 0 48-21.5 48-48v-25.6c0-74.2-60.2-134.4-134.4-134.4zM400 464H48v-25.6c0-47.6 38.8-86.4 86.4-86.4 14.6 0 38.3 16 89.6 16 51.7 0 74.9-16 89.6-16 47.6 0 86.4 38.8 86.4 86.4V464zM224 288c79.5 0 144-64.5 144-144S303.5 0 224 0 80 64.5 80 144s64.5 144 144 144zm0-240c52.9 0 96 43.1 96 96s-43.1 96-96 96-96-43.1-96-96 43.1-96 96-96z\"><\/path>\n\t\t\t\t\t<\/svg>\n\t\t\t\t<\/div>\n<div class=\"lc-block mb-4 mt-4\">\n<div editable=\"rich\">\n<h2><strong>Z veseljem vam svetujemo pri nakupu vrat ali ograj<\/strong><\/h2>\n<\/p><\/div>\n<\/p><\/div>\n<div class=\"lc-block mb-4\">\n<div editable=\"rich\">\n<p><\/p>\n<\/p><\/div>\n<\/p><\/div>\n<div class=\"lc-block\"><a class=\"btn btn-primary btn-xl js-scroll-trigger\" href=\"https:\/\/holler-tore.at\/kontakt\" role=\"button\">KONTAKTIRAJTE NAS<\/a><\/div>\n<p><!-- \/lc-block -->\n\t\t\t<\/div>\n<\/p><\/div>\n<\/p><\/div>\n<\/section>\n","protected":false},"excerpt":{"rendered":"<p>Kakovost za nas ni le prazna beseda Tehnologija Na\u0161a vrata in ograje izdelujemo v enem od najsodobnej\u0161ih obratov za proizvodnjo [&hellip;]<\/p>\n","protected":false},"author":2,"featured_media":0,"parent":0,"menu_order":0,"comment_status":"closed","ping_status":"closed","template":"templates\/canvas-template.php","meta":{"_seopress_robots_primary_cat":"","_seopress_titles_title":"Kakovost \u2013 Najve\u010dji proizvajalec aluminijastih samonosnih vrat v Evropi","_seopress_titles_desc":"Varnost postavljamo na prvo mesto. Vsa na\u0161a vrata in ograje iz aluminija imajo vse potrebne ISO in CE standarde. Na pra\u0161no lakiranje damo 15 let garancije.","_seopress_robots_index":"","footnotes":""},"class_list":["post-4349","page","type-page","status-publish","hentry"],"aioseo_notices":[],"_links":{"self":[{"href":"https:\/\/holler-tore.at\/sl\/wp-json\/wp\/v2\/pages\/4349","targetHints":{"allow":["GET"]}}],"collection":[{"href":"https:\/\/holler-tore.at\/sl\/wp-json\/wp\/v2\/pages"}],"about":[{"href":"https:\/\/holler-tore.at\/sl\/wp-json\/wp\/v2\/types\/page"}],"author":[{"embeddable":true,"href":"https:\/\/holler-tore.at\/sl\/wp-json\/wp\/v2\/users\/2"}],"replies":[{"embeddable":true,"href":"https:\/\/holler-tore.at\/sl\/wp-json\/wp\/v2\/comments?post=4349"}],"version-history":[{"count":11,"href":"https:\/\/holler-tore.at\/sl\/wp-json\/wp\/v2\/pages\/4349\/revisions"}],"predecessor-version":[{"id":5103,"href":"https:\/\/holler-tore.at\/sl\/wp-json\/wp\/v2\/pages\/4349\/revisions\/5103"}],"wp:attachment":[{"href":"https:\/\/holler-tore.at\/sl\/wp-json\/wp\/v2\/media?parent=4349"}],"curies":[{"name":"wp","href":"https:\/\/api.w.org\/{rel}","templated":true}]}}