{"id":3735,"date":"2022-07-26T09:31:03","date_gmt":"2022-07-26T07:31:03","guid":{"rendered":"https:\/\/www.holler-tore.at\/?page_id=3735"},"modified":"2026-01-07T07:15:03","modified_gmt":"2026-01-07T06:15:03","slug":"holler-tore","status":"publish","type":"page","link":"https:\/\/holler-tore.at\/sl\/","title":{"rendered":"VRATA HOLLER"},"content":{"rendered":"<section>\n<header class=\"text-center text-white d-flex header-offset\" style=\"background: linear-gradient(160deg, rgba(255,255,255,0.02) 0%, rgba(255,255,255,0.27) 56%), url(https:\/\/holler-tore.at\/wp-content\/uploads\/2022\/01\/holler-tore-leibnitz-industrie-1.webp.jpg) top \/ cover no-repeat;\">\n<div class=\"container pb-5 mt-5 mb-5\" style=\"background: linear-gradient(rgba(255,255,255,0.8), rgba(255,255,255,0.28));\">\n<div class=\"row mt-4 pt-4\">\n<div class=\"col text-left\">\n<h4 class=\"text-left\" data-aos=\"fade\" data-aos-offset=\"0\" data-aos-delay=\"750\" style=\"font-family: Montserrat, sans-serif;font-size: 27px;\"><span class=\"text-dark\">inovativna. zanesljiva. varna.<\/span><\/h4>\n<h1 class=\"text-uppercase\" data-aos=\"fade\" data-aos-offset=\"0\" data-aos-delay=\"550\" style=\"font-family: Montserrat, sans-serif;font-weight: bold;color: #D8232A;font-size: 65px;\">VRATA HOLLER<\/h1>\n<p data-aos=\"fade-left\" data-aos-duration=\"1000\" data-aos-offset=\"0\" data-aos-delay=\"1000\" style=\"color: rgb(77,77,77);font-family: Montserrat, sans-serif;font-size: 20.4px;\" class=\"text-dark\"><span>Dvori\u0161\u010dna vrata in ograjni sistemi Holler so prilagojene re\u0161itve najvi\u0161je kakovosti. Z estetskim oblikovanjem, napredno tehnologijo in poudarkom na varnosti so primerna za vsa podro\u010dja uporabe.<\/span><\/p>\n<p data-aos=\"fade-left\" data-aos-duration=\"1000\" data-aos-offset=\"0\" data-aos-delay=\"1200\"><strong class=\"mt-2 text-dark\">Izku\u0161nje, ki prepri\u010dajo. \u017de 30 let. Zdaj tudi v Sloveniji.<\/strong><\/p>\n<\/p><\/div>\n<\/p><\/div>\n<div class=\"row text-left\">\n<div class=\"col-lg-12 col-xl-4 \">\n<div class=\"lc-block\"><a class=\"btn btn-primary btn-xl js-scroll-trigger\" href=\"https:\/\/holler-tore.at\/sl\/kontakt\/kontakt-slovenija\/\" role=\"button\">Kontaktirajte nAs<\/a><\/div>\n<p><!-- \/lc-block -->\n\t\t\t\t<\/div>\n<\/p><\/div>\n<\/p><\/div>\n<\/header>\n<\/section>\n<section class=\"pt-4\">\n<\/section>\n<section class=\"\">\n<div class=\"container \">\n<div class=\"row\">\n<div class=\"col-md-12\">\n<div class=\"lc-block\">\n<div id=\"carouselLogos\" class=\"carousel slide pt-5 pb-4\" data-ride=\"carousel\">\n<div class=\"carousel-inner px-5\">\n<div class=\"carousel-item active\">\n<div class=\"row\">\n<div class=\"col-3 offset-3 col-sm-3 offset-sm-0 col-lg-4 offset-lg-0 align-self-center\">\n\t\t\t\t\t\t\t\t\t<\/div>\n<div class=\"col-6 offset-3 col-sm-6 offset-sm-0 col-lg-4 offset-lg-0 align-self-center\">\n\t\t\t\t\t\t\t\t\t\t<a href=\"https:\/\/holler-tore.at\/unternehmen\/\"><img decoding=\"async\" class=\"d-block w-100 px-3 mb-3\" src=\"https:\/\/holler-tore.at\/wp-content\/uploads\/2022\/01\/efre_logo.webp\" alt=\"holler-tore-leibnitz-zertifikat\" width=\"100%\" height=\"100%\" srcset=\"https:\/\/holler-tore.at\/wp-content\/uploads\/2022\/01\/efre_logo.webp 500w, https:\/\/holler-tore.at\/wp-content\/uploads\/2022\/01\/efre_logo.webp 300w, https:\/\/holler-tore.at\/wp-content\/uploads\/2022\/01\/efre_logo.webp 150w\" sizes=\"\" loading=\"eager\"><\/a>\n\t\t\t\t\t\t\t\t\t<\/div>\n<div class=\"col-3 offset-3 col-sm-3 offset-sm-0 col-lg-4 offset-lg-0 align-self-center\">\n\t\t\t\t\t\t\t\t\t<\/div>\n<\/p><\/div>\n<\/p><\/div>\n<div class=\"carousel-item \">\n<div class=\"row\">\n<div class=\"col-6 offset-3 col-sm-4 offset-sm-0 col-lg-2 offset-lg-3  align-self-center\">\n\t\t\t\t\t\t\t\t\t\t<img decoding=\"async\" class=\"d-block w-100 px-3 mb-3\" src=\"https:\/\/holler-tore.at\/wp-content\/uploads\/2022\/01\/certificate_5.webp\" alt=\"holler-tore-t\u00fcv-leibnitz\" width=\"100%\" height=\"100%\" srcset=\"https:\/\/holler-tore.at\/wp-content\/uploads\/2022\/01\/certificate_5.webp 500w, https:\/\/holler-tore.at\/wp-content\/uploads\/2022\/01\/certificate_2-300x300.webp 300w, https:\/\/holler-tore.at\/wp-content\/uploads\/2022\/01\/certificate_5-150x150.webp 150w\" sizes=\"auto, \" loading=\"lazy\">\n\t\t\t\t\t\t\t\t\t<\/div>\n<div class=\"col-6 offset-3 col-sm-4 offset-sm-0  col-lg-2 offset-lg-0  align-self-center\">\n\t\t\t\t\t\t\t\t\t\t<img decoding=\"async\" class=\"d-block w-100 px-3 mb-3\" src=\"https:\/\/holler-tore.at\/wp-content\/uploads\/2022\/01\/certificate_3.webp\" alt=\"holler-tore-leibnitz-t\u00fcv\" width=\"100%\" height=\"100%\" srcset=\"https:\/\/holler-tore.at\/wp-content\/uploads\/2022\/01\/certificate_3.webp 500w, https:\/\/holler-tore.at\/wp-content\/uploads\/2022\/01\/certificate_6-300x300.webp 300w, https:\/\/holler-tore.at\/wp-content\/uploads\/2022\/01\/certificate_3-150x150.webp 150w\" sizes=\"auto, \" loading=\"lazy\">\n\t\t\t\t\t\t\t\t\t<\/div>\n<div class=\"col-6 offset-3 col-sm-4 offset-sm-0 col-lg-2 offset-lg-0 align-self-center\">\n\t\t\t\t\t\t\t\t\t\t<img decoding=\"async\" class=\"d-block w-100 px-3 mb-3\" src=\"https:\/\/holler-tore.at\/wp-content\/uploads\/2022\/01\/certificate_9.webp\" alt=\"holler-tore-zertifizierung\" width=\"100%\" height=\"100%\" srcset=\"https:\/\/holler-tore.at\/wp-content\/uploads\/2022\/01\/certificate_9.webp 500w, https:\/\/holler-tore.at\/wp-content\/uploads\/2022\/01\/certificate_9-300x300.webp 300w, https:\/\/holler-tore.at\/wp-content\/uploads\/2022\/01\/certificate_9-150x150.webp 150w\" sizes=\"auto, \" loading=\"lazy\">\n\t\t\t\t\t\t\t\t\t<\/div>\n<div class=\"col-6 offset-3 col-sm-4 offset-sm-0 col-lg-2 offset-lg-0 align-self-center\">\n\t\t\t\t\t\t\t\t\t\t<img decoding=\"async\" class=\"d-block w-100 px-3 mb-3\" src=\"https:\/\/holler-tore.at\/wp-content\/uploads\/2022\/01\/certificate_9.webp\" alt=\"holler-tore-leibnitz-zertifikat\" width=\"100%\" height=\"100%\" srcset=\"https:\/\/holler-tore.at\/wp-content\/uploads\/2022\/01\/certificate_9.webp 500w, https:\/\/holler-tore.at\/wp-content\/uploads\/2022\/01\/certificate_9-300x300.webp 300w, https:\/\/holler-tore.at\/wp-content\/uploads\/2022\/01\/certificate_9-150x150.webp 150w\" sizes=\"auto, \" loading=\"lazy\">\n\t\t\t\t\t\t\t\t\t<\/div>\n<\/p><\/div>\n<\/p><\/div>\n<\/p><\/div>\n<\/p><\/div>\n<\/p><\/div>\n<\/p><\/div>\n<\/p><\/div>\n<\/p><\/div>\n<\/section>\n<section style=\"background:url(#)  center \/ cover no-repeat;\" class=\"pt-5 pb-5 bg-dark text-white\">\n<div class=\"container\">\n<div class=\"row\">\n<div class=\"col-md-12 text-center\">\n<div class=\"lc-block\">\n<h2 editable=\"inline\" class=\"mb-3 font-weight-bold display-4\">Na\u0161e <span class=\"text-primary\">PREDNOSTI:<\/span><\/h2>\n<p editable=\"inline\" class=\"\">&nbsp;<br \/>&nbsp;&#8211; SKRITI POGONI so vgrajeni v nosilni steber in se jih ne vidi\n\t\t\t\t\t<\/p>\n<\/p>\n<p>&#8211; ZAKRITA ZOBATA LETEV prepre\u010duje ukle\u0161\u010denje otro\u0161kih prstov <\/p>\n<p>&#8211; BATERIJA za delovanje vrat pri izpadu elektrike <\/p>\n<p>&#8211; ODPORNOST NA PRASKE in 15 let garancije na barvo <\/p>\n<p>&#8211; ALUMINIJ nikoli ne rjavi&nbsp;<\/p>\n<\/p>\n<\/p><\/div>\n<p>\t\t\t\t<!-- \/lc-block -->\n\t\t\t<\/div>\n<\/p><\/div>\n<div class=\"row mt-5 pt-4 pb-4 no-gutters\">\n<div class=\"col-md-4 text-center card-hover \" data-aos=\"fade-right\" data-aos-delay=\"200\" data-aos-duration=\"1500\">\n\t\t\t\t<a href=\"https:\/\/holler-tore.at\/holler-pro\/\" class=\"text-white\"><\/p>\n<div class=\"lc-block\">\n\t\t\t\t\t\t<img decoding=\"async\" class=\"img-fluid w-25\" src=\"https:\/\/holler-tore.at\/wp-content\/uploads\/2021\/11\/icon_industry.svg\" width=\"0\" height=\"0\" srcset=\"\" sizes=\"\" alt=\"holler-tore-industrie\" loading=\"eager\">\n\t\t\t\t\t<\/div>\n<p>\t\t\t\t\t<!-- \/lc-block --><\/p>\n<div class=\"lc-block p-4 text-center\">\n<div>\n<h3 class=\"mb-4 text-center\" editable=\"inline\">\n\t\t\t\t\t\t\t\tHOLLER <strong class=\"text-primary \">PRO<\/strong><br \/>\n\t\t\t\t\t\t\t<\/h3>\n<\/p><\/div>\n<div editable=\"rich\">\n<p>Zmogljivi in zanesljivi vratni sistemi za industrijo, primerni za vsakodnevno intenzivno uporabo. Izdelamo lahko samonosna drsna vrata do 50 m \u0161irine in 6 m vi\u0161ine.<\/p>\n<\/p><\/div>\n<\/p><\/div>\n<p><!-- \/lc-block --><br \/>\n\t\t\t\t<\/a>\n\t\t\t<\/div>\n<div class=\"col-md-4 text-center card-hover \" data-aos=\"fade-right\" data-aos-delay=\"500\" data-aos-duration=\"1500\">\n\t\t\t\t<a href=\"https:\/\/holler-tore.at\/sl\/holler-home\/\" class=\"text-white\"><\/p>\n<div class=\"lc-block\">\n\t\t\t\t\t\t<img decoding=\"async\" class=\"img-fluid w-25\" src=\"https:\/\/holler-tore.at\/wp-content\/uploads\/2021\/11\/icon_house.svg\" width=\"\" height=\"\" srcset=\"\" sizes=\"\" alt=\"holler-tore-privat\" loading=\"lazy\">\n\t\t\t\t\t<\/div>\n<p>\t\t\t\t\t<!-- \/lc-block --><\/p>\n<div class=\"lc-block p-4 text-center\">\n<div>\n<h3 class=\"mb-4 text-center\" editable=\"inline\">\n\t\t\t\t\t\t\t\tHOLLER <strong class=\"text-primary\">HOME<\/strong><\/h3>\n<\/p><\/div>\n<div editable=\"rich\">\n<p>Prilagodljivi in vsestranski vratni sistemi za hi\u0161e, ki zagotavljajo zasebnost in dopolnjujejo zunanji izgled objekta.<\/p>\n<\/p><\/div>\n<\/p><\/div>\n<p><!-- \/lc-block --><br \/>\n\t\t\t\t<\/a>\n\t\t\t<\/div>\n<div class=\"col-md-4 text-center card-hover \" data-aos=\"fade-right\" data-aos-delay=\"800\" data-aos-duration=\"1500\"><a href=\"https:\/\/holler-tore.at\/sl\/holler-diy\/\" class=\"text-white\"><\/p>\n<div class=\"lc-block\">\n\t\t\t\t\t\t<img loading=\"lazy\" decoding=\"async\" class=\"img-fluid w-25\" src=\"https:\/\/holler-tore.at\/wp-content\/uploads\/2022\/04\/icon_diy-copia.png\" width=\"1250\" height=\"1250\" srcset=\"https:\/\/holler-tore.at\/wp-content\/uploads\/2022\/04\/icon_diy-copia.png 1250w, https:\/\/holler-tore.at\/wp-content\/uploads\/2022\/04\/icon_diy-copia-300x300.png 300w, https:\/\/holler-tore.at\/wp-content\/uploads\/2022\/04\/icon_diy-copia-1024x1024.png 1024w, https:\/\/holler-tore.at\/wp-content\/uploads\/2022\/04\/icon_diy-copia-150x150.png 150w, https:\/\/holler-tore.at\/wp-content\/uploads\/2022\/04\/icon_diy-copia-768x768.png 768w\" sizes=\"auto, (max-width: 1250px) 100vw, 1250px\" alt=\"\" loading=\"lazy\">\n\t\t\t\t\t<\/div>\n<p>\t\t\t\t\t<!-- \/lc-block --><\/p>\n<div class=\"lc-block p-4 text-center\">\n<div>\n<h3 class=\"mb-4 text-center\" editable=\"inline\">\n\t\t\t\t\t\t\t\tHOLLER <strong class=\"text-primary\">DIY<\/strong><\/h3>\n<\/p><\/div>\n<div editable=\"rich\">\n<p>\u00bbDo-it-yourself\u00ab ali \u00bbNaredi si sam\u00ab. Standardizirane komponente, ki omogo\u010dajo ne\u0161teto kombinacij in so tako enostavne za monta\u017eo, da si lahko vrata in ograjo postavite kar sami<\/p>\n<\/p><\/div>\n<\/p><\/div>\n<p><!-- \/lc-block --><br \/>\n\t\t\t\t<\/a><\/div>\n<\/p><\/div>\n<\/p><\/div>\n<\/section>\n<section id=\"portfolio\" class=\"p-0 pb-5 text-dark\" style=\"\" data-aos=\"fade-down\" data-aos-delay=\"500\" data-aos-duration=\"1000\">\n<div class=\"container mt-5\">\n<div class=\"row\">\n<div class=\"col-md-6 col-12 offset-0 offset-md-0 align-self-center\">\n<div class=\"lc-block\">\n\t\t\t\t\t<img loading=\"lazy\" decoding=\"async\" class=\"img-fluid\" src=\"https:\/\/holler-tore.at\/wp-content\/uploads\/2022\/01\/holler-tore-logistik.webp\" width=\"700\" height=\"700\" srcset=\"\" sizes=\"auto, \" alt=\"holler-tore-logistikzentrum\" loading=\"lazy\">\n\t\t\t\t<\/div>\n<p><!-- \/lc-block -->\n\t\t\t<\/div>\n<p><!-- \/col --><\/p>\n<div class=\"col-md-6 align-self-center mt-5 mt-md-0\">\n<div class=\"lc-block \">\n<div editable=\"rich\">\n<p>Zanesljivost in varnost na prvem mestu<\/p>\n<\/p><\/div>\n<\/p><\/div>\n<p><!-- \/lc-block --><\/p>\n<div class=\"lc-block\">\n<div editable=\"rich\">\n<h2>HOLLER <strong class=\"text-primary\">PRO<\/strong><\/h2>\n<\/p><\/div>\n<\/p><\/div>\n<div class=\"lc-block pt-3 text-justify\">\n<div editable=\"rich\">\n<p>Zna\u010dilnosti te linije izdelkov so zmogljivost, robustnost in vzdr\u017eljivost. Na\u0161i izdelki so rezultat ve\u010dletnih izku\u0161enj na podro\u010dju proizvodnje vrat in ograj ter nenehnega nadaljnjega razvoja produktov. Vsak izdelek odra\u017ea na\u0161o skrb za kakovost, na\u0161o strast do tehnologije in na\u0161o ustvarjalnost. Da bi zagotovili najvi\u0161jo kakovost, se zana\u0161amo na prvovrstne materiale in na\u0161e zaposlene z bogatim strokovnim znanjem. Blagovno znamko Holler nosijo le izdelki, ki izpolnjujejo na\u0161e visoke standarde kakovosti.<\/p>\n<\/p><\/div>\n<\/p><\/div>\n<p><!-- \/lc-block --><\/p>\n<div class=\"lc-block\"><a class=\"btn btn-primary btn-xl js-scroll-trigger\" href=\"https:\/\/holler-tore.at\/sl\/holler-pro\/\" role=\"button\">Preberite ve\u010d o Holler PRO<\/a><\/div>\n<p><!-- \/lc-block -->\n\t\t\t<\/div>\n<p><!-- \/col -->\n\t\t<\/div>\n<\/p><\/div>\n<\/section>\n<section id=\"portfolio\" class=\"p-0 pt-5 pb-5 bg-dark text-white\" data-aos=\"fade-down\" data-aos-delay=\"500\" data-aos-duration=\"1000\">\n<div class=\"container\">\n<div class=\"row\">\n<div class=\"col-md-6 align-self-center order-2 order-md-1 mt-5 mt-md-0\">\n<div class=\"lc-block \">\n<div editable=\"rich\">\n<p>Visoka prilagodljivost in vsestranskost.<\/p>\n<\/p><\/div>\n<\/p><\/div>\n<p><!-- \/lc-block --><\/p>\n<div class=\"lc-block\">\n<div editable=\"rich\">\n<h2>HOLLER<strong class=\"text-primary\">HOME<\/strong><\/h2>\n<\/p><\/div>\n<\/p><\/div>\n<div class=\"lc-block text-justify pt-3\">\n<div editable=\"rich\">\n<p>Na\u0161a profilna tehnologija, posebej razvita za vrata in ograje, omogo\u010da prilagojene in ustvarjalne re\u0161itve za vsestransko uporabo Aluminij, korten, steklo in nerjave\u010de jeklo so le nekateri materiali, iz katerih so narejena na\u0161a vrata in ograje. Vsi izdelki so na voljo z visokokakovostnim pra\u0161nim premazom. Najvi\u0161ja vremenska odpornost, enostavno \u010di\u0161\u010denje in na praske odporne povr\u0161ine zagotavljajo kakovost in lep izgled za mnogo let.<\/p>\n<\/p><\/div>\n<\/p><\/div>\n<p><!-- \/lc-block --><\/p>\n<div class=\"lc-block\">\n\t\t\t\t\t<a class=\"btn btn-primary btn-xl js-scroll-trigger\" href=\"https:\/\/holler-tore.at\/sl\/holler-home\/\" role=\"button\">Preberite ve\u010d o Holler HOME<\/a>\n\t\t\t\t<\/div>\n<p><!-- \/lc-block -->\n\t\t\t<\/div>\n<p><!-- \/col --><\/p>\n<div class=\"col-md-6 col-12 offset-0 offset-md-0 order-1 order-md-2 align-self-center\">\n<div class=\"lc-block\">\n\t\t\t\t\t<img loading=\"lazy\" decoding=\"async\" class=\"img-fluid\" src=\"https:\/\/holler-tore.at\/wp-content\/uploads\/2022\/01\/holler-tore-leibnitz.webp\" width=\"700\" height=\"700\" srcset=\"\" sizes=\"auto, \" alt=\"holler-tore-industrie-gewerbe-privat\" loading=\"lazy\">\n\t\t\t\t<\/div>\n<p><!-- \/lc-block -->\n\t\t\t<\/div>\n<p><!-- \/col -->\n\t\t<\/div>\n<\/p><\/div>\n<\/section>\n<section id=\"portfolio\" class=\"p-0 pt-5 pb-5 text-dark\" data-aos=\"fade-down\" data-aos-delay=\"500\" data-aos-duration=\"1000\">\n<div class=\"container\">\n<div class=\"row\">\n<div class=\"col-md-6 col-12 offset-0 offset-md-0 align-self-center \">\n<div class=\"lc-block\">\n\t\t\t\t\t<img loading=\"lazy\" decoding=\"async\" class=\"w-100 img-fluid\" src=\"https:\/\/holler-tore.at\/wp-content\/uploads\/2022\/01\/holler-tore.webp\" width=\"700\" height=\"700\" srcset=\"\" sizes=\"auto, \" alt=\"holler-tore-industrietore\" loading=\"lazy\">\n\t\t\t\t<\/div>\n<p><!-- \/lc-block -->\n\t\t\t<\/div>\n<p><!-- \/col --><\/p>\n<div class=\"col-md-6 align-self-center mt-5 mt-md-0\">\n<div class=\"lc-block \">\n<div editable=\"rich\">\n<p>Izdelava po najvi\u0161jih standardih<\/p>\n<\/p><\/div>\n<\/p><\/div>\n<p><!-- \/lc-block --><\/p>\n<div class=\"lc-block\">\n<div editable=\"rich\">\n<h2 class=\"\">HOLLER&nbsp;<strong class=\"text-primary\">DIY<\/strong><\/h2>\n<\/p><\/div>\n<\/p><\/div>\n<div class=\"lc-block text-justify pt-3\">\n<div editable=\"rich\">\n<p>Standardizirane komponente omogo\u010dajo enostavno monta\u017eo brez posebnih orodij. Vse luknje so pripravljene s potrebnim pritrdilnim materialom. Seznam prednosti sistema DIY je dolg: gladke aluminijaste povr\u0161ine s pra\u0161no za\u0161\u010dito, nizka te\u017ea, velik izbor polnil, ro\u010dno upravljane s klju\u010davnico in klju\u010dem ali avtomatiziran s pogonom in daljinskim upravljanjem, nastavljivi te\u010daji, modeli ograj, od klasi\u010dnih do bolj ekstravagantnih, in \u0161e veliko ve\u010d<\/p>\n<\/p><\/div>\n<\/p><\/div>\n<p><!-- \/lc-block --><\/p>\n<div class=\"lc-block\">\n\t\t\t\t\t<a class=\"btn btn-primary btn-xl js-scroll-trigger\" href=\"https:\/\/holler-tore.at\/sl\/holler-diy\/\" role=\"button\">Preberite ve\u010d o Holler <\/a>\n\t\t\t\t<\/div>\n<p><!-- \/lc-block -->\n\t\t\t<\/div>\n<p><!-- \/col -->\n\t\t<\/div>\n<\/p><\/div>\n<\/section>\n<section id=\"portfolio\" class=\"text-dark bg-light\">\n<div class=\"container py-5 text-center\">\n<div class=\"row\">\n<div class=\"col-md-8 offset-md-2 px-4\">\n<div class=\"lc-block\">\n\t\t\t\t\t<svg xmlns=\"http:\/\/www.w3.org\/2000\/svg\" viewBox=\"0 0 448 512\" width=\"5em\" height=\"5em\" lc-helper=\"svg-icon\" fill=\"currentColor\" class=\"text-danger\">\n\t\t\t\t\t\t<path d=\"M313.6 304c-28.7 0-42.5 16-89.6 16-47.1 0-60.8-16-89.6-16C60.2 304 0 364.2 0 438.4V464c0 26.5 21.5 48 48 48h352c26.5 0 48-21.5 48-48v-25.6c0-74.2-60.2-134.4-134.4-134.4zM400 464H48v-25.6c0-47.6 38.8-86.4 86.4-86.4 14.6 0 38.3 16 89.6 16 51.7 0 74.9-16 89.6-16 47.6 0 86.4 38.8 86.4 86.4V464zM224 288c79.5 0 144-64.5 144-144S303.5 0 224 0 80 64.5 80 144s64.5 144 144 144zm0-240c52.9 0 96 43.1 96 96s-43.1 96-96 96-96-43.1-96-96 43.1-96 96-96z\"><\/path>\n\t\t\t\t\t<\/svg>\n\t\t\t\t<\/div>\n<div class=\"lc-block mb-4 mt-4\">\n<div editable=\"rich\">\n<h2><strong>Z VESELJEM VAM SVETUJEMO<\/strong><\/h2>\n<\/p><\/div>\n<\/p><\/div>\n<div class=\"lc-block mb-4\">\n<div editable=\"rich\"><\/div>\n<\/p><\/div>\n<div class=\"lc-block\"><a class=\"btn btn-primary btn-xl js-scroll-trigger\" href=\"https:\/\/holler-tore.at\/kontakt\" role=\"button\">Kontaktirajte nas<\/a><\/div>\n<p><!-- \/lc-block -->\n\t\t\t<\/div>\n<\/p><\/div>\n<\/p><\/div>\n<\/section>\n","protected":false},"excerpt":{"rendered":"<p>inovativna. zanesljiva. varna. VRATA HOLLER Dvori\u0161\u010dna vrata in ograjni sistemi Holler so prilagojene re\u0161itve najvi\u0161je kakovosti. Z estetskim oblikovanjem, napredno [&hellip;]<\/p>\n","protected":false},"author":1,"featured_media":0,"parent":0,"menu_order":0,"comment_status":"closed","ping_status":"closed","template":"","meta":{"_seopress_robots_primary_cat":"","_seopress_titles_title":"Vrata in ograjni sistemi iz aluminija \/ Holler Slovenija","_seopress_titles_desc":"Aluminijasta dvori\u0161\u010dna vrata in ograjni sistemi, ki ne rjavijo in se lahko popolnoma prilagodijo va\u0161im \u017eeljam in zahtevam. Za svetovanje nas kontaktirajte.","_seopress_robots_index":"","footnotes":""},"class_list":["post-3735","page","type-page","status-publish","hentry"],"aioseo_notices":[],"_links":{"self":[{"href":"https:\/\/holler-tore.at\/sl\/wp-json\/wp\/v2\/pages\/3735","targetHints":{"allow":["GET"]}}],"collection":[{"href":"https:\/\/holler-tore.at\/sl\/wp-json\/wp\/v2\/pages"}],"about":[{"href":"https:\/\/holler-tore.at\/sl\/wp-json\/wp\/v2\/types\/page"}],"author":[{"embeddable":true,"href":"https:\/\/holler-tore.at\/sl\/wp-json\/wp\/v2\/users\/1"}],"replies":[{"embeddable":true,"href":"https:\/\/holler-tore.at\/sl\/wp-json\/wp\/v2\/comments?post=3735"}],"version-history":[{"count":50,"href":"https:\/\/holler-tore.at\/sl\/wp-json\/wp\/v2\/pages\/3735\/revisions"}],"predecessor-version":[{"id":12424,"href":"https:\/\/holler-tore.at\/sl\/wp-json\/wp\/v2\/pages\/3735\/revisions\/12424"}],"wp:attachment":[{"href":"https:\/\/holler-tore.at\/sl\/wp-json\/wp\/v2\/media?parent=3735"}],"curies":[{"name":"wp","href":"https:\/\/api.w.org\/{rel}","templated":true}]}}