{"id":12742,"date":"2026-03-24T12:10:42","date_gmt":"2026-03-24T11:10:42","guid":{"rendered":"https:\/\/holler-tore.at\/?page_id=12742"},"modified":"2026-03-26T16:05:11","modified_gmt":"2026-03-26T15:05:11","slug":"impresum_si","status":"publish","type":"page","link":"https:\/\/holler-tore.at\/sl\/impresum_si\/","title":{"rendered":"Impresum SI"},"content":{"rendered":"<p style=\"margin:0cm;font-size:13px;font-family:&quot;Arial&quot;,sans-serif;margin-top:14.7pt;margin-right:402.2pt;margin-bottom:.0001pt;margin-left:27.1pt;line-height:108%;\">Holler Tore GmbH [Ulica] Schlossallee 4<\/p>\n<p style=\"margin:0cm;font-size:13px;font-family:&quot;Arial&quot;,sans-serif;margin-left:27.1pt;line-height:11.15pt;\">8435&nbsp;Wagna (Avstrija)<\/p>\n<p style=\"margin:0cm;font-size:13px;font-family:&quot;Arial&quot;,sans-serif;margin-top:2.15pt;margin-right:0cm;margin-bottom:.0001pt;margin-left:27.1pt;\">&nbsp;<\/p>\n<p style=\"margin:0cm;font-size:13px;font-family:&quot;Arial&quot;,sans-serif;margin-left:27.1pt;\">Trgovinski&nbsp;register:&nbsp;FN273649a<\/p>\n<p style=\"margin:0cm;font-size:13px;font-family:&quot;Arial&quot;,sans-serif;margin-top:1.0pt;margin-right:0cm;margin-bottom:.0001pt;margin-left:27.1pt;\">Sodi\u0161\u010de,&nbsp;pri&nbsp;katerem&nbsp;je&nbsp;dru\u017eba&nbsp;vpisana&nbsp;v&nbsp;register:&nbsp;Okro\u017eno&nbsp;sodi\u0161\u010de&nbsp;za&nbsp;civilne&nbsp;zadeve&nbsp;v&nbsp;Gradcu<\/p>\n<p style=\"margin:0cm;font-size:13px;font-family:&quot;Arial&quot;,sans-serif;margin-top:2.0pt;margin-right:0cm;margin-bottom:.0001pt;margin-left:27.1pt;\">&nbsp;<\/p>\n<p style=\"margin:0cm;font-size:15px;font-family:&quot;Arial&quot;,sans-serif;margin-left:27.1pt;\"><strong><span style=\"font-size:13px;\">Zastopa:<\/span><\/strong><\/p>\n<p style=\"margin:0cm;font-size:13px;font-family:&quot;Arial&quot;,sans-serif;margin-top:1.0pt;margin-right:0cm;margin-bottom:.0001pt;margin-left:27.1pt;\">Ewald&nbsp;Holler<\/p>\n<p style=\"margin:0cm;font-size:13px;font-family:&quot;Arial&quot;,sans-serif;margin-top:2.45pt;margin-right:0cm;margin-bottom:.0001pt;margin-left:27.1pt;\">&nbsp;<\/p>\n<h2 style=\"margin-top:0cm;margin-right:0cm;margin-bottom:0cm;margin-left:27.1pt;font-size:22px;font-family:&quot;Arial&quot;,sans-serif;\">Kontakt<\/h2>\n<p style=\"margin:0cm;font-size:13px;font-family:&quot;Arial&quot;,sans-serif;margin-top:13.65pt;margin-right:0cm;margin-bottom:.0001pt;margin-left:27.1pt;\">Telefon:&nbsp;+43&nbsp;3452&nbsp;86031&nbsp;&#8211; 0<\/p>\n<p style=\"margin:0cm;font-size:13px;font-family:&quot;Arial&quot;,sans-serif;margin-top:1.0pt;margin-right:0cm;margin-bottom:.0001pt;margin-left:27.1pt;\">E-po\u0161ta:&nbsp;<a href=\"mailto:mail@holler-tore.at\"><span style=\"color:windowtext;text-decoration:none;\">mail@holler-tore.at<\/span><\/a><\/p>\n<p style=\"margin:0cm;font-size:13px;font-family:&quot;Arial&quot;,sans-serif;margin-top:2.45pt;margin-right:0cm;margin-bottom:.0001pt;margin-left:27.1pt;\">&nbsp;<\/p>\n<h2 style=\"margin-top:0cm;margin-right:0cm;margin-bottom:0cm;margin-left:27.1pt;font-size:22px;font-family:&quot;Arial&quot;,sans-serif;\">Identifikacijska&nbsp;\u0161tevilka&nbsp;za&nbsp;DDV<\/h2>\n<p style=\"margin:0cm;font-size:13px;font-family:&quot;Arial&quot;,sans-serif;margin-top:13.7pt;margin-right:54.4pt;margin-bottom:.0001pt;margin-left:27.1pt;line-height:108%;\">Identifikacijska&nbsp;\u0161tevilka&nbsp;za&nbsp;DDV&nbsp;v&nbsp;skladu&nbsp;s&nbsp;\u00a7&nbsp;27&nbsp;a&nbsp;Zakona&nbsp;o&nbsp;davku&nbsp;na&nbsp;dodano&nbsp;vrednost: ATU32422649<\/p>\n<p style=\"margin:0cm;font-size:13px;font-family:&quot;Arial&quot;,sans-serif;margin-top:1.3pt;margin-right:0cm;margin-bottom:.0001pt;margin-left:27.1pt;\">&nbsp;<\/p>\n<h2 style=\"margin-top:0cm;margin-right:0cm;margin-bottom:0cm;margin-left:27.1pt;font-size:22px;font-family:&quot;Arial&quot;,sans-serif;\">Nadzorni organ<\/h2>\n<p style=\"margin:0cm;font-size:13px;font-family:&quot;Arial&quot;,sans-serif;margin-top:13.65pt;margin-right:342.65pt;margin-bottom:.0001pt;margin-left:27.1pt;line-height:108%;\">Okrajna&nbsp;uprava&nbsp;Leibnitz&nbsp;Kada- Gasse 12<\/p>\n<p style=\"margin:0cm;font-size:13px;font-family:&quot;Arial&quot;,sans-serif;margin-top:0cm;margin-right:430.7pt;margin-bottom:.0001pt;margin-left:27.1pt;line-height:108%;\">8430&nbsp;Leibnitz Avstrija<\/p>\n<p style=\"margin:0cm;font-size:13px;font-family:&quot;Arial&quot;,sans-serif;margin-top:.75pt;margin-right:0cm;margin-bottom:.0001pt;margin-left:27.1pt;\">&nbsp;<\/p>\n<p style=\"margin:0cm;font-size:13px;font-family:&quot;Arial&quot;,sans-serif;margin-left:27.1pt;\"><a href=\"https:\/\/www.bh-leibnitz.steiermark.at\/\"><span style=\"color:blue;\">https:\/\/www.bh-<\/span><span style=\"color:blue;\">leibnitz.steiermark.at\/<\/span><\/a><\/p>\n<p style=\"margin:0cm;font-size:13px;font-family:&quot;Arial&quot;,sans-serif;margin-top:2.4pt;margin-right:0cm;margin-bottom:.0001pt;margin-left:27.1pt;\">&nbsp;<\/p>\n<h2 style=\"margin-top:0cm;margin-right:0cm;margin-bottom:0cm;margin-left:27.1pt;font-size:22px;font-family:&quot;Arial&quot;,sans-serif;\">Poklicna&nbsp;oznaka&nbsp;in&nbsp;poklicni predpisi<\/h2>\n<p style=\"margin:0cm;font-size:13px;font-family:&quot;Arial&quot;,sans-serif;margin-top:13.7pt;margin-right:0cm;margin-bottom:.0001pt;margin-left:27.1pt;\">Poklicna&nbsp;oznaka:<\/p>\n<p style=\"margin:0cm;font-size:13px;font-family:&quot;Arial&quot;,sans-serif;margin-top:1.0pt;margin-right:0cm;margin-bottom:.0001pt;margin-left:27.1pt;\">Klju\u010davni\u010dar,&nbsp;kova\u010d&nbsp;in&nbsp;tehnik&nbsp;za&nbsp;kmetijske stroje<\/p>\n<p style=\"margin:0cm;font-size:13px;font-family:&quot;Arial&quot;,sans-serif;margin-top:2.0pt;margin-right:0cm;margin-bottom:.0001pt;margin-left:27.1pt;\">&nbsp;<\/p>\n<p style=\"margin:0cm;font-size:13px;font-family:&quot;Arial&quot;,sans-serif;margin-top:0cm;margin-right:342.65pt;margin-bottom:.0001pt;margin-left:27.1pt;line-height:108%;\">Pristojna&nbsp;zbornica:&nbsp;Gospodarska zbornica<\/p>\n<p style=\"margin:0cm;font-size:13px;font-family:&quot;Arial&quot;,sans-serif;margin-left:27.1pt;line-height:108%;\">&nbsp;<\/p>\n<p style=\"margin:0cm;font-size:15px;font-family:&quot;Arial&quot;,sans-serif;margin-top:.75pt;margin-right:0cm;margin-bottom:.0001pt;margin-left:27.1pt;\"><span style=\"font-size:13px;\">Podeljeno v:<\/span><\/p>\n<p style=\"margin:0cm;font-size:15px;font-family:&quot;Arial&quot;,sans-serif;margin-top:1.0pt;margin-right:0cm;margin-bottom:.0001pt;margin-left:27.1pt;\"><span style=\"font-size:13px;\">Avstriji<\/span><\/p>\n<p style=\"margin:0cm;font-size:15px;font-family:&quot;Arial&quot;,sans-serif;margin-top:2.0pt;margin-right:0cm;margin-bottom:.0001pt;margin-left:27.1pt;\"><span style=\"font-size:13px;\">&nbsp;<\/span><\/p>\n<p style=\"margin:0cm;font-size:15px;font-family:&quot;Arial&quot;,sans-serif;margin-left:27.1pt;\"><span style=\"font-size:13px;\">Veljajo<\/span><span style=\"font-size:13px;\">&nbsp;<\/span><span style=\"font-size:13px;\">naslednji<\/span><span style=\"font-size:13px;\">&nbsp;<\/span><span style=\"font-size:13px;\">poklicni<\/span><span style=\"font-size:13px;\">&nbsp;<\/span><span style=\"font-size:13px;\">predpisi:<\/span><\/p>\n<p style=\"margin:0cm;font-size:15px;font-family:&quot;Arial&quot;,sans-serif;margin-top:2.0pt;margin-right:0cm;margin-bottom:.0001pt;margin-left:27.1pt;\"><span style=\"font-size:13px;\">&nbsp;<\/span><\/p>\n<p style=\"margin:0cm;font-size:15px;font-family:&quot;Arial&quot;,sans-serif;margin-top:0cm;margin-right:20.45pt;margin-bottom:.0001pt;margin-left:27.1pt;line-height:108%;\"><span style=\"font-size:13px;line-height:108%;\">Uredba zveznega ministra za gospodarstvo in delo o pogojih za dostop do povezanih obrti kovinske tehnike&nbsp;za&nbsp;kovinsko&nbsp;in&nbsp;strojno&nbsp;gradnjo,&nbsp;kovinske&nbsp;tehnike&nbsp;za&nbsp;kova\u0161tvo&nbsp;in&nbsp;gradnjo&nbsp;vozil&nbsp;ter&nbsp;kovinske&nbsp;tehnike za kmetijske in gradbene stroje<\/span><\/p>\n<p style=\"margin:0cm;font-size:15px;font-family:&quot;Arial&quot;,sans-serif;margin-top:0cm;margin-right:28.95pt;margin-bottom:.0001pt;margin-left:27.1pt;line-height:108%;\"><span style=\"font-size:13px;line-height:108%;\">na voljo na:&nbsp;<\/span><a href=\"https:\/\/ris.bka.gv.at\/GeltendeFassung.wxe?Abfrage=Bundesnormen&amp;Gesetzesnummer=20002488&amp;FassungVom=2026-01-10\"><span style=\"font-size:13px;line-height:108%;color:blue;\">https:\/\/ris.bka.gv.at\/GeltendeFassung.wxe?Abfrage=Bundesnormen&amp;Gesetzesnummer=20002488&amp;Fassu<\/span><\/a><span style=\"font-size:13px;line-height:108%;color:blue;\">&nbsp;<\/span><a href=\"https:\/\/ris.bka.gv.at\/GeltendeFassung.wxe?Abfrage=Bundesnormen&amp;Gesetzesnummer=20002488&amp;FassungVom=2026-01-10\"><span style=\"font-size:13px;line-height:108%;color:blue;\">ngVom=2026-01-10<\/span><\/a><\/p>\n<p style=\"margin:0cm;font-size:15px;font-family:&quot;Arial&quot;,sans-serif;margin-top:1.0pt;margin-right:0cm;margin-bottom:.0001pt;margin-left:27.1pt;\"><span style=\"font-size:13px;\">&nbsp;<\/span><\/p>\n<p style=\"margin:0cm;font-size:15px;font-family:&quot;Arial&quot;,sans-serif;margin-left:27.1pt;\"><strong><span style=\"font-size:22px;\">Re\u0161evanje<\/span><\/strong><strong><span style=\"font-size:22px;\"> <\/span><\/strong><strong><span style=\"font-size:22px;\">potro\u0161ni\u0161kih<\/span><\/strong><strong><span style=\"font-size:22px;\"> <\/span><\/strong><strong><span style=\"font-size:22px;\">sporov\/Univerzalni<\/span><\/strong><strong><span style=\"font-size:22px;\"> <\/span><\/strong><strong><span style=\"font-size:22px;\">organ<\/span><\/strong><strong><span style=\"font-size:22px;\"> <\/span><\/strong><strong><span style=\"font-size:22px;\">za<\/span><\/strong><strong><span style=\"font-size:22px;\"> <\/span><\/strong><strong><span style=\"font-size:22px;\">re\u0161evanje <\/span><\/strong><strong><span style=\"font-size:22px;\">sporov<\/span><\/strong><\/p>\n<p style=\"margin:0cm;font-size:15px;font-family:&quot;Arial&quot;,sans-serif;margin-top:13.65pt;margin-right:20.45pt;margin-bottom:.0001pt;margin-left:27.1pt;line-height:108%;\"><span style=\"font-size:13px;line-height:108%;\">Nismo pripravljeni niti dol\u017eni sodelovati v postopkih re\u0161evanja sporov pred arbitra\u017enim organom za potro\u0161nike.<\/span><\/p>\n<p style=\"margin:0cm;font-size:15px;font-family:&quot;Arial&quot;,sans-serif;margin-top:13.65pt;margin-right:20.45pt;margin-bottom:.0001pt;margin-left:27.1pt;line-height:108%;\"><\/p>\n<p style=\"margin:0cm;font-size:15px;font-family:&quot;Arial&quot;,sans-serif;margin-top:13.65pt;margin-right:20.45pt;margin-bottom:.0001pt;margin-left:27.1pt;line-height:108%;\"><\/p>\n","protected":false},"excerpt":{"rendered":"<p>Holler Tore GmbH [Ulica] Schlossallee 4 8435&nbsp;Wagna (Avstrija) &nbsp; Trgovinski&nbsp;register:&nbsp;FN273649a Sodi\u0161\u010de,&nbsp;pri&nbsp;katerem&nbsp;je&nbsp;dru\u017eba&nbsp;vpisana&nbsp;v&nbsp;register:&nbsp;Okro\u017eno&nbsp;sodi\u0161\u010de&nbsp;za&nbsp;civilne&nbsp;zadeve&nbsp;v&nbsp;Gradcu &nbsp; Zastopa: Ewald&nbsp;Holler &nbsp; Kontakt Telefon:&nbsp;+43&nbsp;3452&nbsp;86031&nbsp;&#8211; 0 E-po\u0161ta:&nbsp;mail@holler-tore.at &nbsp; [&hellip;]<\/p>\n","protected":false},"author":2,"featured_media":0,"parent":0,"menu_order":0,"comment_status":"closed","ping_status":"closed","template":"page-templates\/empty.php","meta":{"_seopress_robots_primary_cat":"","_seopress_titles_title":"","_seopress_titles_desc":"","_seopress_robots_index":"","footnotes":""},"class_list":["post-12742","page","type-page","status-publish","hentry"],"aioseo_notices":[],"_links":{"self":[{"href":"https:\/\/holler-tore.at\/sl\/wp-json\/wp\/v2\/pages\/12742","targetHints":{"allow":["GET"]}}],"collection":[{"href":"https:\/\/holler-tore.at\/sl\/wp-json\/wp\/v2\/pages"}],"about":[{"href":"https:\/\/holler-tore.at\/sl\/wp-json\/wp\/v2\/types\/page"}],"author":[{"embeddable":true,"href":"https:\/\/holler-tore.at\/sl\/wp-json\/wp\/v2\/users\/2"}],"replies":[{"embeddable":true,"href":"https:\/\/holler-tore.at\/sl\/wp-json\/wp\/v2\/comments?post=12742"}],"version-history":[{"count":5,"href":"https:\/\/holler-tore.at\/sl\/wp-json\/wp\/v2\/pages\/12742\/revisions"}],"predecessor-version":[{"id":12758,"href":"https:\/\/holler-tore.at\/sl\/wp-json\/wp\/v2\/pages\/12742\/revisions\/12758"}],"wp:attachment":[{"href":"https:\/\/holler-tore.at\/sl\/wp-json\/wp\/v2\/media?parent=12742"}],"curies":[{"name":"wp","href":"https:\/\/api.w.org\/{rel}","templated":true}]}}