{"id":10420,"date":"2024-08-28T12:59:06","date_gmt":"2024-08-28T10:59:06","guid":{"rendered":"https:\/\/holler-tore.at\/?page_id=10420"},"modified":"2024-10-01T07:54:17","modified_gmt":"2024-10-01T05:54:17","slug":"lokacije-partnerji","status":"publish","type":"page","link":"https:\/\/holler-tore.at\/sl\/lokacije-partnerji\/","title":{"rendered":"Lokacije &#038; partnerji"},"content":{"rendered":"<section>\n<div class=\"container-fluid\">\n<div class=\"row\">\n<div class=\"col-md-12\">\n<div class=\"lc-block\">\n\t\t\t\t\t<img decoding=\"async\" class=\"img-fluid\" src=\"https:\/\/holler-tore.at\/wp-content\/uploads\/2022\/01\/worldmap.jpg\">\n\t\t\t\t<\/div>\n<p><!-- \/lc-block -->\n\t\t\t<\/div>\n<p><!-- \/col -->\n\t\t<\/div>\n<\/p><\/div>\n<\/section>\n<section class=\"bg-dark text-light\">\n<div class=\"container p-md-5 mt-4\" style=\"\">\n<div class=\"row\">\n<div class=\"col-lg-12 text-center\">\n<div class=\"lc-block \">\n<div editable=\"rich\">\n<h1 editable=\"inline\" class=\"h2 font-weight-bold\">NA\u0160A VRATA NA VSEH CELINAH<\/h1>\n<\/p><\/div>\n<\/p><\/div>\n<div class=\"lc-block\">\n<p> Prisotni smo v ve\u010d kot 30 dr\u017eavah po vsem svetu, kjer sodelujemo z velikimi, srednje velikimi in majhnimi podjetji, zasebnimi strankami ter organizacijami iz javnega in neprofitnega sektorja. Ker imamo razvejano prodajno mre\u017eo, se lahko hitro odzovemo na posamezne zahteve in \u017eelje na\u0161ih strank. Na\u0161e h\u010derinske dru\u017ebe in partnerji na\u0161im strankam nudijo vso potrebno podporo tudi po zaklju\u010dku projekta.<\/p>\n<\/p><\/div>\n<p><!-- \/lc-block -->\n\t\t\t<\/div>\n<p><!-- \/col -->\n\t\t<\/div>\n<\/p><\/div>\n<\/section>\n<section>\n<div class=\"container mt-4\">\n<div class=\"row\">\n<div class=\"col-lg-4 col-8 offset-2 offset-lg-0 text-center\">\n<div class=\"lc-block\">\n\t\t\t\t\t<img decoding=\"async\" class=\"\" src=\"https:\/\/holler-tore.at\/wp-content\/uploads\/2022\/01\/icon_flag_aut.jpg\" srcset=\"https:\/\/holler-tore.at\/wp-content\/uploads\/2022\/01\/icon_flag_aut.jpg 812w, https:\/\/holler-tore.at\/wp-content\/uploads\/2022\/01\/icon_flag_aut-300x300.jpg 300w, https:\/\/holler-tore.at\/wp-content\/uploads\/2022\/01\/icon_flag_aut-150x150.jpg 150w, https:\/\/holler-tore.at\/wp-content\/uploads\/2022\/01\/icon_flag_aut-768x768.jpg 768w\" sizes=\"\" alt=\"\" width=\"100\" height=\"100\">\n\t\t\t\t<\/div>\n<p><!-- \/lc-block --><\/p>\n<div class=\"lc-block\">\n<div editable=\"rich\">\n<p>Holler Tore GmbH<br \/>\n\t\t\t\t\t\t\t<br \/>Schlossallee 4<br \/>8435 WAGNA<br \/>Tel. +43 3452 86031<br \/>\n\t\t\t\t\t\t\t<br \/>Fax +43 3452 75831<br \/>\n\t\t\t\t\t\t\t<br \/>mail@holler-tore.at<br \/>\n\t\t\t\t\t\t\t<br \/>www.holler-tore.at\n\t\t\t\t\t\t<\/p>\n<p><\/p>\n<\/p><\/div>\n<\/p><\/div>\n<p><!-- \/lc-block -->\n\t\t\t<\/div>\n<p><!-- \/col --><\/p>\n<div class=\"col-lg-4 col-8 offset-2 offset-lg-0 text-center\">\n<div class=\"lc-block\">\n\t\t\t\t\t<img decoding=\"async\" class=\"\" src=\"https:\/\/holler-tore.at\/wp-content\/uploads\/2022\/01\/icon_flag_ch.jpg\" srcset=\"https:\/\/holler-tore.at\/wp-content\/uploads\/2022\/01\/icon_flag_ch.jpg 812w, https:\/\/holler-tore.at\/wp-content\/uploads\/2022\/01\/icon_flag_ch-300x300.jpg 300w, https:\/\/holler-tore.at\/wp-content\/uploads\/2022\/01\/icon_flag_ch-150x150.jpg 150w, https:\/\/holler-tore.at\/wp-content\/uploads\/2022\/01\/icon_flag_ch-768x768.jpg 768w\" sizes=\"\" alt=\"\" width=\"100\" height=\"100\">\n\t\t\t\t<\/div>\n<p><!-- \/lc-block --><\/p>\n<div class=\"lc-block\">\n<div editable=\"rich\">\n<p>Holler Tore Schweiz AG<br \/>\n\t\t\t\t\t\t\t<br \/>Obere Au 4 \/ Rosental<br \/>\n\t\t\t\t\t\t\t<br \/>9545 W\u00c4NGI<br \/>\n\t\t\t\t\t\t\t<br \/>Tel. +41 71 558 47 47<br \/>\n\t\t\t\t\t\t\t<br \/>Fax +41 71 558 41 45<br \/>\n\t\t\t\t\t\t\t<br \/>office@holler-tore.ch<br \/>www.holler-tore.ch\n\t\t\t\t\t\t<\/p>\n<\/p><\/div>\n<\/p><\/div>\n<p><!-- \/lc-block -->\n\t\t\t<\/div>\n<p><!-- \/col --><\/p>\n<div class=\"col-lg-4 col-8 offset-2 offset-lg-0 text-center\">\n<div class=\"lc-block\">\n\t\t\t\t\t<img decoding=\"async\" class=\"\" src=\"https:\/\/holler-tore.at\/wp-content\/uploads\/2022\/01\/icon_flag_de.jpg\" srcset=\"\" sizes=\"\" alt=\"\" width=\"100\" height=\"100\">\n\t\t\t\t<\/div>\n<p><!-- \/lc-block --><\/p>\n<div class=\"lc-block\">\n<div editable=\"rich\">\n<p>Holler Tore Deutschland GmbH<br \/>\n\t\t\t\t\t\t\t<br \/>Parsberger Stra\u00dfe 9<br \/>\n\t\t\t\t\t\t\t<br \/>92355 VELBURG<br \/>\n\t\t\t\t\t\t\t<br \/>Tel. +49 9492 8954600<br \/>mail@holler-tore.de<br \/>www.holler-tore.de\n\t\t\t\t\t\t<\/p>\n<\/p><\/div>\n<\/p><\/div>\n<p><!-- \/lc-block -->\n\t\t\t<\/div>\n<p><!-- \/col -->\n\t\t<\/div>\n<\/p><\/div>\n<\/section>\n<section>\n<div class=\"container\">\n<div class=\"row\">\n<div class=\"col-lg-4 col-8 offset-2 offset-lg-0 text-center\">\n<div class=\"lc-block\">\n\t\t\t\t\t<img loading=\"lazy\" decoding=\"async\" class=\"\" src=\"https:\/\/holler-tore.at\/wp-content\/uploads\/2023\/09\/flag-benelux-3-768x780.png\" srcset=\"https:\/\/holler-tore.at\/wp-content\/uploads\/2023\/09\/flag-benelux-3-768x780.png 768w, https:\/\/holler-tore.at\/wp-content\/uploads\/2023\/09\/flag-benelux-3-296x300.png 296w, https:\/\/holler-tore.at\/wp-content\/uploads\/2023\/09\/flag-benelux-3.png 800w\" sizes=\"(max-width: 768px) 100vw, 768px\" alt=\"\" width=\"100\" height=\"100\">\n\t\t\t\t<\/div>\n<p><!-- \/lc-block --><\/p>\n<div class=\"lc-block\">\n<div editable=\"rich\">\n<p>Holler Benelux B.V.<br \/>Schlossallee 4<br \/>8435 WAGNA<br \/>Tel.+43 676 3098587<\/p>\n<p>lisa.holler@holler-tore.at\n\t\t\t\t\t\t<\/p>\n<p>\n\t\t\t\t\t\t<\/p>\n<\/p><\/div>\n<\/p><\/div>\n<p><!-- \/lc-block -->\n\t\t\t<\/div>\n<p><!-- \/col --><\/p>\n<div class=\"col-lg-4 col-8 offset-2 offset-lg-0 text-center\">\n<div class=\"lc-block\">\n\t\t\t\t\t<img loading=\"lazy\" decoding=\"async\" class=\"border\" src=\"https:\/\/holler-tore.at\/wp-content\/uploads\/2024\/09\/polish-flag.png\" srcset=\"\nhttps:\/\/holler-tore.at\/wp-content\/uploads\/2024\/09\/polish-flag.png\" sizes=\"(max-width: 768px) 100vw, 768px\" alt=\"\" width=\"100\" height=\"66\">\n\t\t\t\t<\/div>\n<p><!-- \/lc-block --><\/p>\n<div class=\"lc-block\">\n<div editable=\"rich\">HOLLER Polska Sp. z o.o.<br \/>Schlossallee 4<br \/>8435 WAGNA<br \/>Tel. +43 676 3098587<\/p>\n<p>lisa.holler@holler-tore.at<\/p>\n<\/p><\/div>\n<\/p><\/div>\n<p><!-- \/lc-block -->\n\t\t\t<\/div>\n<p><!-- \/col --><\/p>\n<div class=\"col-lg-4 col-8 offset-2 offset-lg-0 text-center\">\n<div class=\"lc-block\">\n\t\t\t\t\t<img loading=\"lazy\" decoding=\"async\" class=\"border\" src=\"https:\/\/holler-tore.at\/wp-content\/uploads\/2023\/03\/Flag_of_Italy.svg.webp\" srcset=\"\" sizes=\"\" alt=\"\" width=\"100\" height=\"66\">\n\t\t\t\t<\/div>\n<p><!-- \/lc-block --><\/p>\n<div class=\"lc-block\">\n<div editable=\"rich\">\n\t\t\t\t\t\t<br \/>Holler Italia SRL<br \/>\n\t\t\t\t\t\t<br \/>Via Vittorio Emanuele II n\u00b051\/2<br \/>\n\t\t\t\t\t\t<br \/>31029 Vittorio Veneto (TV) I Italia<br \/>\n\t\t\t\t\t\t<br \/>Tel.+39 0438 1693620<br \/>\n\t\t\t\t\t\t<br \/>info@holler-italia.it<br \/>\n\t\t\t\t\t\t<br \/>www.holler-italia.it\n\t\t\t\t\t<\/div>\n<\/p><\/div>\n<p><!-- \/lc-block -->\n\t\t\t<\/div>\n<p><!-- \/col -->\n\t\t<\/div>\n<\/p><\/div>\n<div class=\"container\">\n<div class=\"row\">\n<div class=\"col-lg-4 col-8 offset-2 offset-lg-0 text-center\">\n<div class=\"lc-block\">\n\t\t\t\t\t<img loading=\"lazy\" decoding=\"async\" class=\"\" src=\"https:\/\/holler-tore.at\/wp-content\/uploads\/2022\/09\/icon_flag_si-768x768.png\" srcset=\"https:\/\/holler-tore.at\/wp-content\/uploads\/2022\/09\/icon_flag_si-768x768.png 768w, https:\/\/holler-tore.at\/wp-content\/uploads\/2022\/09\/icon_flag_si-300x300.png 300w, https:\/\/holler-tore.at\/wp-content\/uploads\/2022\/09\/icon_flag_si.png 812w\" sizes=\"(max-width: 768px) 100vw, 768px\" alt=\"\" width=\"100\" height=\"100\">\n\t\t\t\t<\/div>\n<p><!-- \/lc-block --><\/p>\n<div class=\"lc-block\">\n<div editable=\"rich\">Holler, vrata in ograjni sistemi d.o.o.<\/p>\n<p>Rakovnik 24<br \/> 1215 Medvode<br \/>\n\t\t\t\t\t\t\t<br \/>Tel.+386 41 973 679<br \/>\n\t\t\t\t\t\t\t<br \/>prodaja@holler.si<br \/>\n\t\t\t\t\t\t\t<br \/>www.holler.si\n\t\t\t\t\t\t<\/p>\n<\/p><\/div>\n<\/p><\/div>\n<p><!-- \/lc-block --><br \/>\n\t\t\t\t<!-- \/lc-block -->\n\t\t\t<\/div>\n<p><!-- \/col --><\/p>\n<div class=\"col-lg-4 col-8 offset-2 offset-lg-0 text-center\">\n<div class=\"lc-block\">\n\t\t\t\t\t<img loading=\"lazy\" decoding=\"async\" class=\"\" src=\"https:\/\/holler-tore.at\/wp-content\/uploads\/2023\/03\/RIOMANIA.png\" srcset=\"https:\/\/holler-tore.at\/wp-content\/uploads\/2023\/03\/RIOMANIA.png 400w, https:\/\/holler-tore.at\/wp-content\/uploads\/2023\/03\/RIOMANIA-300x300.png 300w\" sizes=\"\" alt=\"\" width=\"100\" height=\"100\">\n\t\t\t\t<\/div>\n<p><!-- \/lc-block --><\/p>\n<div class=\"lc-block\">\n<div editable=\"rich\">HOLLER ROMANIA<br \/>\n\t\t\t\t\t\t<br \/>Str. Ciuca\u0219 14<br \/>\n\t\t\t\t\t\t<br \/>505800 -Z\u0103rne\u0219ti, Bra\u015fov<br \/>\n\t\t\t\t\t\t<br \/>ROM\u00c2NIA<br \/>\n\t\t\t\t\t\t<br \/>Tel. +40 734350987<br \/>\n\t\t\t\t\t\t<br \/>contact@holler.ro<br \/>\n\t\t\t\t\t\t<br \/>www.holler.ro<br \/>\n\t\t\t\t\t\t<\/p>\n<p><\/p>\n<\/p><\/div>\n<\/p><\/div>\n<p><!-- \/lc-block -->\n\t\t\t<\/div>\n<p><!-- \/col --><\/p>\n<div class=\"col-lg-4 col-8 offset-2 offset-lg-0 text-center\">\n<div class=\"lc-block\">\n\t\t\t\t\t<img loading=\"lazy\" decoding=\"async\" class=\"border\" src=\"https:\/\/holler-tore.at\/wp-content\/uploads\/2024\/08\/french-flag.png\" srcset=\"\" sizes=\"(max-width: 300px) 100vw, 300px\" alt=\"\" width=\"100\" height=\"60\">\n\t\t\t\t<\/div>\n<p><!-- \/lc-block --><\/p>\n<div class=\"lc-block\">\n<div editable=\"rich\">\n\t\t\t\t\t\t<br \/>HOLLER France<br \/>Schlossallee 4<\/p>\n<p>8435 Wagna <\/p>\n<p>Tel. +33 7 89 35 53 25<br \/>info@holler-france.fr<br \/>www.holler-france.fr<\/p>\n<\/p><\/div>\n<\/p><\/div>\n<p><!-- \/lc-block -->\n\t\t\t<\/div>\n<p><!-- \/col --><\/p>\n<div class=\"col-lg-4 col-8 offset-2 offset-lg-0 text-center\">\n\t\t\t\t<!-- \/lc-block -->\n\t\t\t<\/div>\n<div class=\"container\">\n<div class=\"row\">\n<div class=\"col-lg-4 col-8 offset-2 offset-lg-0 text-center\">\n<div class=\"lc-block\">\n\t\t\t\t\t\t\t<img loading=\"lazy\" decoding=\"async\" class=\"\" src=\"https:\/\/holler-tore.at\/wp-content\/uploads\/2022\/09\/Flag_of_Denmark.svg-768x581.png\" srcset=\"https:\/\/holler-tore.at\/wp-content\/uploads\/2022\/09\/Flag_of_Denmark.svg-768x581.png 768w, https:\/\/holler-tore.at\/wp-content\/uploads\/2022\/09\/Flag_of_Denmark.svg-300x227.png 300w, https:\/\/holler-tore.at\/wp-content\/uploads\/2022\/09\/Flag_of_Denmark.svg.png 800w\" sizes=\"(max-width: 768px) 100vw, 768px\" alt=\"\" width=\"100\" height=\"61\">\n\t\t\t\t\t\t<\/div>\n<p><!-- \/lc-block --><\/p>\n<div class=\"lc-block\">\n<div editable=\"rich\">ISH\u00d8J HEGN A\/S<br \/>\n\t\t\t\t\t\t\t\t<br \/>Baldersh\u00f8j 16<br \/>\n\t\t\t\t\t\t\t\t<br \/>Tel. +45 4373 2233<br \/>\n\t\t\t\t\t\t\t\t<br \/>mail@ishoj-hegn.dk<br \/>\n\t\t\t\t\t\t\t\t<br \/>www.ishoj-hegn.dk\n\t\t\t\t\t\t\t<\/div>\n<\/p><\/div>\n<p><!-- \/lc-block -->\n\t\t\t\t\t<\/div>\n<p><!-- \/col --><\/p>\n<div class=\"col-lg-4 col-8 offset-2 offset-lg-0 text-center\">\n<div class=\"lc-block\">\n\t\t\t\t\t\t\t<img loading=\"lazy\" decoding=\"async\" class=\"\" src=\"https:\/\/holler-tore.at\/wp-content\/uploads\/2022\/09\/Flag_of_Norway.svg-768x559.png\" srcset=\"https:\/\/holler-tore.at\/wp-content\/uploads\/2022\/09\/Flag_of_Norway.svg-768x559.png 768w, https:\/\/holler-tore.at\/wp-content\/uploads\/2022\/09\/Flag_of_Norway.svg-300x218.png 300w, https:\/\/holler-tore.at\/wp-content\/uploads\/2022\/09\/Flag_of_Norway.svg-1024x745.png 1024w, https:\/\/holler-tore.at\/wp-content\/uploads\/2022\/09\/Flag_of_Norway.svg-1536x1117.png 1536w, https:\/\/holler-tore.at\/wp-content\/uploads\/2022\/09\/Flag_of_Norway.svg.png 2000w\" sizes=\"(max-width: 768px) 100vw, 768px\" alt=\"\" width=\"100\" height=\"65\">\n\t\t\t\t\t\t<\/div>\n<p><!-- \/lc-block --><\/p>\n<div class=\"lc-block\">\n<div editable=\"rich\">SACO TEKNIKK AS<br \/>\n\t\t\t\t\t\t\t\t<br \/>St\u00e5lfj\u00e6ra 7<br \/>\n\t\t\t\t\t\t\t\t<br \/>0975 OSLO<br \/>\n\t\t\t\t\t\t\t\t<br \/>Tel. +47 22 90 29 90<br \/>post@sacoteknikk.no<br \/>\n\t\t\t\t\t\t\t\t<br \/>www.sacoteknikk.no<\/p>\n<p><\/p>\n<\/p><\/div>\n<\/p><\/div>\n<p><!-- \/lc-block -->\n\t\t\t\t\t<\/div>\n<p><!-- \/col --><\/p>\n<div class=\"col-lg-4 col-8 offset-2 offset-lg-0 text-center\">\n<div class=\"lc-block\">\n\t\t\t\t\t\t\t<img loading=\"lazy\" decoding=\"async\" class=\"\" src=\"https:\/\/holler-tore.at\/wp-content\/uploads\/2023\/09\/nl.png\" srcset=\"https:\/\/holler-tore.at\/wp-content\/uploads\/2023\/09\/nl-768x780.png 768w, https:\/\/holler-tore.at\/wp-content\/uploads\/2023\/09\/nl-296x300.png 296w, https:\/\/holler-tore.at\/wp-content\/uploads\/2023\/09\/nl.png 800w\" sizes=\"(max-width: 768px) 100vw, 768px\" alt=\"\" width=\"100\" height=\"100\">\n\t\t\t\t\t\t<\/div>\n<p><!-- \/lc-block --><\/p>\n<div class=\"lc-block\">\n<div editable=\"rich\">THIBO<br \/>\n\t\t\t\t\t\t\t\t<br \/>Thibostraat 3<br \/>\n\t\t\t\t\t\t\t\t<br \/>5741 SJ Beek en Donk<br \/>\n\t\t\t\t\t\t\t\t<br \/>Netherlands<br \/>\n\t\t\t\t\t\t\t\t<br \/>Tel.+31 492 471 333<br \/>\n\t\t\t\t\t\t\t\t<br \/>info@thibo.nl<br \/>\n\t\t\t\t\t\t\t\t<br \/>www.thibo.nl<\/p>\n<p><\/p>\n<\/p><\/div>\n<\/p><\/div>\n<p><!-- \/lc-block -->\n\t\t\t\t\t<\/div>\n<p><!-- \/col --><\/p><\/div>\n<\/p><\/div>\n<div class=\"container\">\n<div class=\"row\">\n<div class=\"col-lg-4 col-8 offset-2 offset-lg-0 text-center\">\n<div class=\"lc-block\">\n\t\t\t\t\t\t\t<img loading=\"lazy\" decoding=\"async\" class=\"\" src=\"https:\/\/holler-tore.at\/wp-content\/uploads\/2022\/09\/Flag_of_Australia.svg-300x150.png\" srcset=\"https:\/\/holler-tore.at\/wp-content\/uploads\/2022\/09\/Flag_of_Australia.svg-300x150.png 300w, https:\/\/holler-tore.at\/wp-content\/uploads\/2022\/09\/Flag_of_Australia.svg-1024x512.png 1024w, https:\/\/holler-tore.at\/wp-content\/uploads\/2022\/09\/Flag_of_Australia.svg-768x384.png 768w, https:\/\/holler-tore.at\/wp-content\/uploads\/2022\/09\/Flag_of_Australia.svg-1536x768.png 1536w, https:\/\/holler-tore.at\/wp-content\/uploads\/2022\/09\/Flag_of_Australia.svg.png 2000w\" sizes=\"(max-width: 300px) 100vw, 300px\" alt=\"\" width=\"100\" height=\"60\">\n\t\t\t\t\t\t<\/div>\n<p><!-- \/lc-block --><\/p>\n<div class=\"lc-block\">\n<div editable=\"rich\">\n\t\t\t\t\t\t\t\t<br \/>Downee<br \/>\n\t\t\t\t\t\t\t\t<br \/>70 William Angliss Drive<br \/>\n\t\t\t\t\t\t\t\t<br \/>LAVERTON NORTH 3026<br \/>\n\t\t\t\t\t\t\t\t<br \/>Tel. +61 03 9300 5160<br \/>\n\t\t\t\t\t\t\t\t<br \/>Fax +61 03 9311 2030<br \/>\n\t\t\t\t\t\t\t\t<br \/>team@downee.com.au<br \/>\n\t\t\t\t\t\t\t\t<br \/>www.downee.com.au<\/p>\n<p><\/p>\n<p><\/p>\n<\/p><\/div>\n<\/p><\/div>\n<p><!-- \/lc-block -->\n\t\t\t\t\t<\/div>\n<p><!-- \/col --><\/p>\n<div class=\"col-lg-4 col-8 offset-2 offset-lg-0 text-center\">\n<div class=\"lc-block\">\n\t\t\t\t\t\t\t<img loading=\"lazy\" decoding=\"async\" class=\"\" src=\"https:\/\/holler-tore.at\/wp-content\/uploads\/2022\/09\/Flag_of_Gabon.svg-768x576.png\" srcset=\"https:\/\/holler-tore.at\/wp-content\/uploads\/2022\/09\/Flag_of_Gabon.svg-768x576.png 768w, https:\/\/holler-tore.at\/wp-content\/uploads\/2022\/09\/Flag_of_Gabon.svg-300x225.png 300w, https:\/\/holler-tore.at\/wp-content\/uploads\/2022\/09\/Flag_of_Gabon.svg.png 800w\" sizes=\"(max-width: 768px) 100vw, 768px\" alt=\"\" width=\"100\" height=\"66\">\n\t\t\t\t\t\t<\/div>\n<p><!-- \/lc-block --><\/p>\n<div class=\"lc-block\">\n<div editable=\"rich\">Societe Gabonaise Mangary<br \/>\n\t\t\t\t\t\t\t\t<br \/>12663 LIBERVILLE<\/p>\n<p><\/p>\n<p><\/p>\n<\/p><\/div>\n<\/p><\/div>\n<p><!-- \/lc-block -->\n\t\t\t\t\t<\/div>\n<p><!-- \/col --><\/p>\n<div class=\"col-lg-4 col-8 offset-2 offset-lg-0 text-center\">\n<p>\t\t\t\t\t\t<!-- \/lc-block --><\/p>\n<div class=\"lc-block\">\n<div editable=\"rich\"><\/div>\n<\/p><\/div>\n<p><!-- \/lc-block -->\n\t\t\t\t\t<\/div>\n<p><!-- \/col --><\/p><\/div>\n<\/p><\/div>\n<div class=\"container\">\n<div class=\"row\">\n<div class=\"col-lg-4 col-8 offset-2 offset-lg-0 text-center\">\n\t\t\t\t\t\t<!-- \/lc-block --><\/p>\n<div class=\"lc-block\">\n<div editable=\"rich\">\n\t\t\t\t\t\t\t<\/div>\n<\/p><\/div>\n<p><!-- \/lc-block -->\n\t\t\t\t\t<\/div>\n<p><!-- \/col --><\/p>\n<div class=\"col-lg-4 col-8 offset-2 offset-lg-0 text-center\">\n\t\t\t\t\t\t<!-- \/lc-block --><br \/>\n\t\t\t\t\t\t<!-- \/lc-block -->\n\t\t\t\t\t<\/div>\n<p><!-- \/col --><\/p>\n<div class=\"col-lg-4 col-8 offset-2 offset-lg-0 text-center\">\n<p>\t\t\t\t\t\t<!-- \/lc-block --><\/p>\n<div class=\"lc-block\">\n<div editable=\"rich\"><\/div>\n<\/p><\/div>\n<p><!-- \/lc-block -->\n\t\t\t\t\t<\/div>\n<p><!-- \/col --><\/p><\/div>\n<\/p><\/div>\n<\/p><\/div>\n<\/p><\/div>\n<\/section>\n<section>\n<\/section>\n","protected":false},"excerpt":{"rendered":"<p>NA\u0160A VRATA NA VSEH CELINAH Prisotni smo v ve\u010d kot 30 dr\u017eavah po vsem svetu, kjer sodelujemo z velikimi, srednje [&hellip;]<\/p>\n","protected":false},"author":2,"featured_media":0,"parent":0,"menu_order":0,"comment_status":"closed","ping_status":"closed","template":"templates\/canvas-template.php","meta":{"_seopress_robots_primary_cat":"","_seopress_titles_title":"","_seopress_titles_desc":"","_seopress_robots_index":"","footnotes":""},"class_list":["post-10420","page","type-page","status-publish","hentry"],"aioseo_notices":[],"_links":{"self":[{"href":"https:\/\/holler-tore.at\/sl\/wp-json\/wp\/v2\/pages\/10420","targetHints":{"allow":["GET"]}}],"collection":[{"href":"https:\/\/holler-tore.at\/sl\/wp-json\/wp\/v2\/pages"}],"about":[{"href":"https:\/\/holler-tore.at\/sl\/wp-json\/wp\/v2\/types\/page"}],"author":[{"embeddable":true,"href":"https:\/\/holler-tore.at\/sl\/wp-json\/wp\/v2\/users\/2"}],"replies":[{"embeddable":true,"href":"https:\/\/holler-tore.at\/sl\/wp-json\/wp\/v2\/comments?post=10420"}],"version-history":[{"count":5,"href":"https:\/\/holler-tore.at\/sl\/wp-json\/wp\/v2\/pages\/10420\/revisions"}],"predecessor-version":[{"id":10976,"href":"https:\/\/holler-tore.at\/sl\/wp-json\/wp\/v2\/pages\/10420\/revisions\/10976"}],"wp:attachment":[{"href":"https:\/\/holler-tore.at\/sl\/wp-json\/wp\/v2\/media?parent=10420"}],"curies":[{"name":"wp","href":"https:\/\/api.w.org\/{rel}","templated":true}]}}