{"id":10115,"date":"2024-07-11T09:47:36","date_gmt":"2024-07-11T07:47:36","guid":{"rendered":"https:\/\/holler-tore.at\/?page_id=10115"},"modified":"2026-03-23T17:38:29","modified_gmt":"2026-03-23T16:38:29","slug":"team-avstrija","status":"publish","type":"page","link":"https:\/\/holler-tore.at\/sl\/team-avstrija\/","title":{"rendered":"Team Avstrija"},"content":{"rendered":"<section>\n<div class=\"container\">\n<div class=\"row\">\n<div class=\"col-md-12\">\n<div class=\"lc-block\">\n<div editable=\"rich\">\n<p class=\"text-center\"><em>&#8220;Spodbujati moramo bistre misli, ki u\u017eivajo v tehni\u010dnih inovacijah. Le tako bomo lahko \u0161e naprej opravljali svojo pionirsko vlogo.<br \/>Na\u0161i ukrepi so usmerjeni v zadovoljne stranke. S strankami in partnerji tvorimo ekipo &#8211;<br \/>skupaj lahko dolgoro\u010dno ostanemo uspe\u0161ni!&#8221;<\/em><\/p>\n<\/p><\/div>\n<\/p><\/div>\n<p><!-- \/lc-block -->\n\t\t\t<\/div>\n<p><!-- \/col -->\n\t\t<\/div>\n<\/p><\/div>\n<\/section>\n<section>\n<div class=\"container\"><\/div>\n<div class=\"container\">\n<div class=\"row\">\n<div class=\"col-md-4\">\n<div class=\"lc-block\"><img loading=\"lazy\" decoding=\"async\" alt=\"\" class=\"img-fluid mb-3 w-75\" src=\"https:\/\/holler-tore.at\/wp-content\/uploads\/2022\/01\/KB_Holler_224-683x1024-1.jpg\" loading=\"lazy\" width=\"683\" height=\"1024\" srcset=\"https:\/\/holler-tore.at\/wp-content\/uploads\/2022\/01\/KB_Holler_224-683x1024-1.jpg 683w, https:\/\/holler-tore.at\/wp-content\/uploads\/2022\/01\/KB_Holler_224-683x1024-1-200x300.jpg 200w\" sizes=\"auto, (max-width: 683px) 100vw, 683px\"><\/p>\n<div editable=\"rich\">\n\t\t\t\t\t<\/div>\n<\/p><\/div>\n<div class=\"lc-block mt-2 py-2 border-top\">\n<h5 editable=\"inline\" class=\"\"><b class=\"\">Ewald Holler<\/b><\/h5>\n<p>\t\t\t\t\t<small editable=\"inline\" class=\"text-secondary\" style=\"letter-spacing:1px\">VODILNI PARTNER<\/small>\n\t\t\t\t<\/div>\n<p><!-- \/lc-block --><br \/>\n\t\t\t\t<!-- \/lc-block -->\n\t\t\t<\/div>\n<p><!-- \/col --><\/p>\n<div class=\"col-md-4\">\n<div class=\"lc-block\"><img decoding=\"async\" alt=\"\" class=\"img-fluid mb-3 w-75\" src=\"https:\/\/holler-tore.at\/wp-content\/uploads\/2022\/01\/KB_Holler_230-200x300.jpg\" loading=\"lazy\" width=\"\" height=\"\" srcset=\"https:\/\/holler-tore.at\/wp-content\/uploads\/2022\/01\/KB_Holler_230-200x300.jpg 200w, https:\/\/holler-tore.at\/wp-content\/uploads\/2022\/01\/KB_Holler_230-683x1024.jpg 683w, https:\/\/holler-tore.at\/wp-content\/uploads\/2022\/01\/KB_Holler_230-768x1152.jpg 768w, https:\/\/holler-tore.at\/wp-content\/uploads\/2022\/01\/KB_Holler_230-1024x1536.jpg 1024w, https:\/\/holler-tore.at\/wp-content\/uploads\/2022\/01\/KB_Holler_230.jpg 1067w\" sizes=\"\"><\/p>\n<div editable=\"rich\">\n\t\t\t\t\t<\/div>\n<\/p><\/div>\n<div class=\"lc-block mt-2 py-2 border-top\">\n<h5 editable=\"inline\" class=\"\"><strong>Brigitte Holler<\/strong><\/h5>\n<p>\t\t\t\t\t<small editable=\"inline\" class=\"text-secondary\" style=\"letter-spacing:1px\">POOBLA\u0160\u010cENI PODPISNIK<br \/>IN DELNI\u010cAR<\/small>\n\t\t\t\t<\/div>\n<p><!-- \/lc-block --><br \/>\n\t\t\t\t<!-- \/lc-block -->\n\t\t\t<\/div>\n<p><!-- \/col --><\/p>\n<div class=\"col-md-4\">\n<div class=\"lc-block\"><img decoding=\"async\" alt=\"\" class=\"img-fluid mb-3 w-75\" src=\"https:\/\/holler-tore.at\/wp-content\/uploads\/2022\/01\/KB_Holler_207-200x300.jpg\" style=\"\n\t\t\t\t\" loading=\"lazy\" width=\"\" height=\"\" srcset=\"https:\/\/holler-tore.at\/wp-content\/uploads\/2022\/01\/KB_Holler_207-200x300.jpg 200w, https:\/\/holler-tore.at\/wp-content\/uploads\/2022\/01\/KB_Holler_207-683x1024.jpg 683w, https:\/\/holler-tore.at\/wp-content\/uploads\/2022\/01\/KB_Holler_207-768x1152.jpg 768w, https:\/\/holler-tore.at\/wp-content\/uploads\/2022\/01\/KB_Holler_207-1024x1536.jpg 1024w, https:\/\/holler-tore.at\/wp-content\/uploads\/2022\/01\/KB_Holler_207.jpg 1067w\" sizes=\"\"><\/p>\n<div editable=\"rich\">\n\t\t\t\t\t<\/div>\n<\/p><\/div>\n<div class=\"lc-block mt-2 py-2 border-top\">\n<h5 editable=\"inline\" class=\"\"><strong>Dipl. Ing. (FH) Lisa Holler-Hack<\/strong><\/h5>\n<p>\t\t\t\t\t<small editable=\"inline\" class=\"text-secondary\" style=\"letter-spacing:1px\">POOBLA\u0160\u010cENI PODPISNIK<br \/>IN DELNI\u010cAR<\/small>\n\t\t\t\t<\/div>\n<p><!-- \/lc-block --><br \/>\n\t\t\t\t<!-- \/lc-block -->\n\t\t\t<\/div>\n<p><!-- \/col -->\n\t\t<\/div>\n<\/p><\/div>\n<\/section>\n<section>\n<div class=\"container\">\n<div class=\"row pt-4\">\n<div class=\"col-md-3 col-8 offset-2 offset-md-0 text-center p-4 \">\n<div class=\"lc-block\"><img loading=\"lazy\" decoding=\"async\" alt=\"\" class=\"img-fluid mb-3\" src=\"https:\/\/holler-tore.at\/wp-content\/uploads\/2024\/01\/Ferdinand-2-682x1024.png\" loading=\"lazy\" width=\"682\" height=\"1024\" srcset=\"https:\/\/holler-tore.at\/wp-content\/uploads\/2024\/01\/Ferdinand-2-682x1024.png 682w, https:\/\/holler-tore.at\/wp-content\/uploads\/2024\/01\/Ferdinand-2-200x300.png 200w, https:\/\/holler-tore.at\/wp-content\/uploads\/2024\/01\/Ferdinand-2-768x1152.png 768w, https:\/\/holler-tore.at\/wp-content\/uploads\/2024\/01\/Ferdinand-2-1024x1536.png 1024w, https:\/\/holler-tore.at\/wp-content\/uploads\/2024\/01\/Ferdinand-2.png 1181w\" sizes=\"auto, (max-width: 682px) 100vw, 682px\"><\/p>\n<div editable=\"rich\">\n\t\t\t\t\t<\/div>\n<\/p><\/div>\n<div class=\"lc-block mt-2 py-2 border-top\">\n<h5 editable=\"inline\" class=\"\"><b>Mag. Ferdinand Rieser<\/b><\/h5>\n<p>\t\t\t\t\t<small editable=\"inline\" class=\"text-secondary\" style=\"letter-spacing:1px\">PROKURIST<\/small>\n\t\t\t\t<\/div>\n<p><!-- \/lc-block --><br \/>\n\t\t\t\t<!-- \/lc-block -->\n\t\t\t<\/div>\n<div class=\"col-md-3 col-8 offset-2 offset-md-0 text-center p-4\">\n<div class=\"lc-block\"><img loading=\"lazy\" decoding=\"async\" alt=\"\" class=\"img-fluid mb-3\" src=\"https:\/\/holler-tore.at\/wp-content\/uploads\/2024\/01\/johannes-2-682x1024.png\" loading=\"lazy\" width=\"682\" height=\"1024\" srcset=\"https:\/\/holler-tore.at\/wp-content\/uploads\/2024\/01\/johannes-2-682x1024.png 682w, https:\/\/holler-tore.at\/wp-content\/uploads\/2024\/01\/johannes-2-200x300.png 200w, https:\/\/holler-tore.at\/wp-content\/uploads\/2024\/01\/johannes-2-768x1152.png 768w, https:\/\/holler-tore.at\/wp-content\/uploads\/2024\/01\/johannes-2-1024x1536.png 1024w, https:\/\/holler-tore.at\/wp-content\/uploads\/2024\/01\/johannes-2.png 1181w\" sizes=\"auto, (max-width: 682px) 100vw, 682px\"><\/p>\n<div editable=\"rich\">\n\t\t\t\t\t<\/div>\n<\/p><\/div>\n<div class=\"lc-block mt-2 py-2 border-top\">\n<h5 editable=\"inline\" class=\"\"><strong>Johannes Fauland<\/strong><\/h5>\n<p>\t\t\t\t\t<small editable=\"inline\" class=\"text-secondary\" style=\"letter-spacing:1px\">PROKURIST<\/small>\n\t\t\t\t<\/div>\n<p><!-- \/lc-block --><br \/>\n\t\t\t\t<!-- \/lc-block -->\n\t\t\t<\/div>\n<div class=\"col-md-3 col-8 offset-2 offset-md-0 text-center p-4\">\n<div class=\"lc-block\"><img loading=\"lazy\" decoding=\"async\" alt=\"\" class=\"img-fluid mb-3\" src=\"https:\/\/holler-tore.at\/wp-content\/uploads\/2024\/01\/robert-2-682x1024.png\" style=\"\" loading=\"lazy\" width=\"682\" height=\"1024\" srcset=\"https:\/\/holler-tore.at\/wp-content\/uploads\/2024\/01\/robert-2-682x1024.png 682w, https:\/\/holler-tore.at\/wp-content\/uploads\/2024\/01\/robert-2-200x300.png 200w, https:\/\/holler-tore.at\/wp-content\/uploads\/2024\/01\/robert-2-768x1152.png 768w, https:\/\/holler-tore.at\/wp-content\/uploads\/2024\/01\/robert-2-1024x1536.png 1024w, https:\/\/holler-tore.at\/wp-content\/uploads\/2024\/01\/robert-2.png 1181w\" sizes=\"auto, (max-width: 682px) 100vw, 682px\"><\/p>\n<div editable=\"rich\">\n\t\t\t\t\t<\/div>\n<\/p><\/div>\n<div class=\"lc-block mt-2 py-2 border-top\">\n<h5 editable=\"inline\" class=\"\"><b>Robert Gamerith<\/b><\/h5>\n<p>\t\t\t\t\t<small editable=\"inline\" class=\"text-secondary\" style=\"letter-spacing:1px\">UPRAVLJANJE PROIZVODNJE<\/small>\n\t\t\t\t<\/div>\n<p><!-- \/lc-block --><br \/>\n\t\t\t\t<!-- \/lc-block -->\n\t\t\t<\/div>\n<div class=\"col-md-3 col-8 offset-2 offset-md-0 text-center p-4\">\n<div class=\"lc-block\"><img loading=\"lazy\" decoding=\"async\" alt=\"\" class=\"img-fluid mb-3\" src=\"https:\/\/holler-tore.at\/wp-content\/uploads\/2024\/01\/vLADO-1-682x1024.png\" loading=\"lazy\" width=\"682\" height=\"1024\" srcset=\"https:\/\/holler-tore.at\/wp-content\/uploads\/2024\/01\/vLADO-1-682x1024.png 682w, https:\/\/holler-tore.at\/wp-content\/uploads\/2024\/01\/vLADO-1-200x300.png 200w, https:\/\/holler-tore.at\/wp-content\/uploads\/2024\/01\/vLADO-1-768x1152.png 768w, https:\/\/holler-tore.at\/wp-content\/uploads\/2024\/01\/vLADO-1-1024x1536.png 1024w, https:\/\/holler-tore.at\/wp-content\/uploads\/2024\/01\/vLADO-1.png 1181w\" sizes=\"auto, (max-width: 682px) 100vw, 682px\"><\/p>\n<div editable=\"rich\">\n\t\t\t\t\t<\/div>\n<\/p><\/div>\n<div class=\"lc-block mt-2 py-2 border-top\">\n<h5 editable=\"inline\" class=\"\"><b>Vlado Selinsek<\/b><\/h5>\n<p>\t\t\t\t\t<small editable=\"inline\" class=\"text-secondary\" style=\"letter-spacing:1px\">&nbsp;UPRAVLJANJE PROIZVODNJE<\/small>\n\t\t\t\t<\/div>\n<p><!-- \/lc-block --><br \/>\n\t\t\t\t<!-- \/lc-block -->\n\t\t\t<\/div>\n<\/p><\/div>\n<div class=\"row pt-4\">\n<div class=\"col-md-3 col-8 offset-2 offset-md-0 text-center p-4 \">\n<div class=\"lc-block\"><img loading=\"lazy\" decoding=\"async\" alt=\"\" class=\"img-fluid mb-3\" src=\"https:\/\/holler-tore.at\/wp-content\/uploads\/2024\/01\/Stefan-1-682x1024.png\" loading=\"lazy\" width=\"682\" height=\"1024\" srcset=\"https:\/\/holler-tore.at\/wp-content\/uploads\/2024\/01\/Stefan-1-682x1024.png 682w, https:\/\/holler-tore.at\/wp-content\/uploads\/2024\/01\/Stefan-1-200x300.png 200w, https:\/\/holler-tore.at\/wp-content\/uploads\/2024\/01\/Stefan-1-768x1152.png 768w, https:\/\/holler-tore.at\/wp-content\/uploads\/2024\/01\/Stefan-1-1024x1536.png 1024w, https:\/\/holler-tore.at\/wp-content\/uploads\/2024\/01\/Stefan-1.png 1181w\" sizes=\"auto, (max-width: 682px) 100vw, 682px\"><\/p>\n<div editable=\"rich\">\n\t\t\t\t\t<\/div>\n<\/p><\/div>\n<div class=\"lc-block mt-2 py-2 border-top\">\n<h5 editable=\"inline\" class=\"\"><b>Stefan Tatzl, BSc&nbsp;<\/b><\/h5>\n<p>\t\t\t\t\t<small editable=\"inline\" class=\"text-secondary\" style=\"letter-spacing:1px\">REGIONALNI VODJA PRODAJE AVSTRIJA<\/small>\n\t\t\t\t<\/div>\n<p><!-- \/lc-block --><br \/>\n\t\t\t\t<!-- \/lc-block -->\n\t\t\t<\/div>\n<div class=\"col-md-3 col-8 offset-2 offset-md-0 text-center p-4\">\n<div class=\"lc-block\"><img loading=\"lazy\" decoding=\"async\" alt=\"\" class=\"img-fluid mb-3\" src=\"https:\/\/holler-tore.at\/wp-content\/uploads\/2024\/07\/Michelle-Helleport-682x1024-1.png\" style=\"\" loading=\"lazy\" width=\"682\" height=\"1024\" srcset=\"https:\/\/holler-tore.at\/wp-content\/uploads\/2024\/07\/Michelle-Helleport-682x1024-1.png 682w, https:\/\/holler-tore.at\/wp-content\/uploads\/2024\/07\/Michelle-Helleport-682x1024-1-200x300.png 200w\" sizes=\"auto, \"><\/p>\n<div editable=\"rich\">\n\t\t\t\t\t<\/div>\n<\/p><\/div>\n<div class=\"lc-block mt-2 py-2 border-top\">\n<h5 editable=\"inline\" class=\"\"><b>Michelle Helleport&nbsp;<\/b><br \/><\/h5>\n<p>\t\t\t\t\t<small editable=\"inline\" class=\"text-secondary\" style=\"letter-spacing:1px\">POPRODAJNE STORITVE<\/small>\n\t\t\t\t<\/div>\n<p><!-- \/lc-block --><br \/>\n\t\t\t\t<!-- \/lc-block -->\n\t\t\t<\/div>\n<div class=\"col-md-3 col-8 offset-2 offset-md-0 text-center p-4\">\n<div class=\"lc-block\"><img loading=\"lazy\" decoding=\"async\" alt=\"\" class=\"mb-3 img-fluid\" src=\"https:\/\/holler-tore.at\/wp-content\/uploads\/2024\/01\/Kevin-2-682x1024.png\" style=\"\" loading=\"lazy\" width=\"682\" height=\"1024\" srcset=\"https:\/\/holler-tore.at\/wp-content\/uploads\/2024\/01\/Kevin-2-682x1024.png 682w, https:\/\/holler-tore.at\/wp-content\/uploads\/2024\/01\/Kevin-2-200x300.png 200w, https:\/\/holler-tore.at\/wp-content\/uploads\/2024\/01\/Kevin-2-768x1152.png 768w, https:\/\/holler-tore.at\/wp-content\/uploads\/2024\/01\/Kevin-2-1024x1536.png 1024w, https:\/\/holler-tore.at\/wp-content\/uploads\/2024\/01\/Kevin-2.png 1181w\" sizes=\"auto, (max-width: 682px) 100vw, 682px\"><\/p>\n<div editable=\"rich\">\n\t\t\t\t\t<\/div>\n<\/p><\/div>\n<div class=\"lc-block mt-2 py-2 border-top\">\n<h5 editable=\"inline\" class=\"\"><b>Kevin B\u00fcchsenmeister<\/b><br \/><\/h5>\n<p>\t\t\t\t\t<small editable=\"inline\" class=\"text-secondary\" style=\"letter-spacing:1px\">PRODAJA\/INTERNE STORITVE<\/small>\n\t\t\t\t<\/div>\n<p><!-- \/lc-block --><br \/>\n\t\t\t\t<!-- \/lc-block -->\n\t\t\t<\/div>\n<div class=\"col-md-3 col-8 offset-2 offset-md-0 text-center p-4 \">\n<div class=\"lc-block\"><img loading=\"lazy\" decoding=\"async\" alt=\"\" class=\"mb-3 img-fluid\" src=\"https:\/\/holler-tore.at\/wp-content\/uploads\/2022\/01\/dummyUser.jpg\" style=\"\" loading=\"lazy\" width=\"400\" height=\"330\" srcset=\"https:\/\/holler-tore.at\/wp-content\/uploads\/2022\/01\/dummyUser.jpg 400w, https:\/\/holler-tore.at\/wp-content\/uploads\/2022\/01\/dummyUser-300x248.jpg 300w\" sizes=\"auto, \"><\/p>\n<div editable=\"rich\">\n\t\t\t\t\t<\/div>\n<\/p><\/div>\n<div class=\"lc-block mt-2 py-2 border-top\">\n<h5 editable=\"inline\" class=\"\"><b>Georg Posch<\/b><\/h5>\n<p>\t\t\t\t\t<small editable=\"inline\" class=\"text-secondary\" style=\"letter-spacing:1px\">PRODAJA\/INTERNE STORITVE<\/small>\n\t\t\t\t<\/div>\n<p><!-- \/lc-block --><br \/>\n\t\t\t\t<!-- \/lc-block -->\n\t\t\t<\/div>\n<\/p><\/div>\n<div class=\"row pt-4\">\n<div class=\"col-md-3 col-8 offset-2 offset-md-0 text-center p-4\">\n<div class=\"lc-block\"><img loading=\"lazy\" decoding=\"async\" alt=\"\" class=\"mb-3 img-fluid\" src=\"https:\/\/holler-tore.at\/wp-content\/uploads\/2022\/01\/dummyUser.jpg\" style=\"\" loading=\"lazy\" width=\"400\" height=\"330\" srcset=\"https:\/\/holler-tore.at\/wp-content\/uploads\/2022\/01\/dummyUser.jpg 400w, https:\/\/holler-tore.at\/wp-content\/uploads\/2022\/01\/dummyUser-300x248.jpg 300w\" sizes=\"auto, \"><\/p>\n<div editable=\"rich\">\n\t\t\t\t\t<\/div>\n<\/p><\/div>\n<div class=\"lc-block mt-2 py-2 border-top\">\n<h5 editable=\"inline\" class=\"\"><b>Max Tieber<\/b><\/h5>\n<p>\t\t\t\t\t<small editable=\"inline\" class=\"text-secondary\" style=\"letter-spacing:1px\">PRODAJA\/INTERNE STORITVE<\/small>\n\t\t\t\t<\/div>\n<p><!-- \/lc-block --><br \/>\n\t\t\t\t<!-- \/lc-block -->\n\t\t\t<\/div>\n<div class=\"col-md-3 col-8 offset-2 offset-md-0 text-center p-4\">\n<p>\t\t\t\t<!-- \/lc-block --><br \/>\n\t\t\t\t<!-- \/lc-block -->\n\t\t\t<\/div>\n<div class=\"col-md-3 col-8 offset-2 offset-md-0 text-center p-4\">\n<p>\t\t\t\t<!-- \/lc-block --><br \/>\n\t\t\t\t<!-- \/lc-block -->\n\t\t\t<\/div>\n<div class=\"col-md-3 col-8 offset-2 offset-md-0 text-center p-4 \">\n<p>\t\t\t\t<!-- \/lc-block --><br \/>\n\t\t\t\t<!-- \/lc-block -->\n\t\t\t<\/div>\n<\/p><\/div>\n<\/p><\/div>\n<div class=\"col-md-3 col-8 offset-2 offset-md-0 text-center p-4\">\n<p>\t\t<!-- \/lc-block --><br \/>\n\t\t<!-- \/lc-block -->\n\t<\/div>\n<p>\t<!-- \/lc-block --><br \/>\n\t<!-- \/lc-block --><\/p>\n<div class=\"col-md-3 col-8 offset-2 offset-md-0 text-center p-4\">\n<p>\t\t<!-- \/lc-block --><br \/>\n\t\t<!-- \/lc-block --><br \/>\n\t\t<!-- \/lc-block -->\n\t<\/div>\n<div class=\"col-md-3 col-8 offset-2 offset-md-0 text-center p-4\">\n<p>\t\t<!-- \/lc-block --><br \/>\n\t\t<!-- \/lc-block -->\n\t<\/div>\n<\/section>\n","protected":false},"excerpt":{"rendered":"<p>&#8220;Spodbujati moramo bistre misli, ki u\u017eivajo v tehni\u010dnih inovacijah. Le tako bomo lahko \u0161e naprej opravljali svojo pionirsko vlogo.Na\u0161i ukrepi [&hellip;]<\/p>\n","protected":false},"author":2,"featured_media":0,"parent":0,"menu_order":0,"comment_status":"closed","ping_status":"closed","template":"","meta":{"_seopress_robots_primary_cat":"","_seopress_titles_title":"","_seopress_titles_desc":"","_seopress_robots_index":"","footnotes":""},"class_list":["post-10115","page","type-page","status-publish","hentry"],"aioseo_notices":[],"_links":{"self":[{"href":"https:\/\/holler-tore.at\/sl\/wp-json\/wp\/v2\/pages\/10115","targetHints":{"allow":["GET"]}}],"collection":[{"href":"https:\/\/holler-tore.at\/sl\/wp-json\/wp\/v2\/pages"}],"about":[{"href":"https:\/\/holler-tore.at\/sl\/wp-json\/wp\/v2\/types\/page"}],"author":[{"embeddable":true,"href":"https:\/\/holler-tore.at\/sl\/wp-json\/wp\/v2\/users\/2"}],"replies":[{"embeddable":true,"href":"https:\/\/holler-tore.at\/sl\/wp-json\/wp\/v2\/comments?post=10115"}],"version-history":[{"count":9,"href":"https:\/\/holler-tore.at\/sl\/wp-json\/wp\/v2\/pages\/10115\/revisions"}],"predecessor-version":[{"id":12689,"href":"https:\/\/holler-tore.at\/sl\/wp-json\/wp\/v2\/pages\/10115\/revisions\/12689"}],"wp:attachment":[{"href":"https:\/\/holler-tore.at\/sl\/wp-json\/wp\/v2\/media?parent=10115"}],"curies":[{"name":"wp","href":"https:\/\/api.w.org\/{rel}","templated":true}]}}