{"id":9945,"date":"2024-06-13T11:04:17","date_gmt":"2024-06-13T09:04:17","guid":{"rendered":"https:\/\/holler-tore.at\/?page_id=9945"},"modified":"2024-06-13T11:09:07","modified_gmt":"2024-06-13T09:09:07","slug":"team-niemcy","status":"publish","type":"page","link":"https:\/\/holler-tore.at\/pl\/zespol\/team-niemcy\/","title":{"rendered":"Team Niemcy"},"content":{"rendered":"<section>\n<div class=\"lc-block\">\n<div editable=\"rich\">\n<p class=\"text-center\">&#8222;Musimy zach\u0119ca\u0107 bystre umys\u0142y, kt\u00f3re lubi\u0105 innowacje techniczne. Tylko w ten spos\u00f3b mo\u017cemy nadal pe\u0142ni\u0107 nasz\u0105 pioniersk\u0105 rol\u0119.<br \/>Nasze dzia\u0142ania maj\u0105 na celu zadowolenie klient\u00f3w, jeste\u015bmy zespo\u0142em z naszymi klientami i partnerami &#8211;<br \/>razem mo\u017cemy odnie\u015b\u0107 sukces w d\u0142u\u017cszej perspektywie!&#8221;<\/p>\n<\/p><\/div>\n<\/p><\/div>\n<p><!-- \/lc-block --><br \/>\n<\/section>\n<section>\n<\/section>\n<section>\n<div class=\"container\">\n<div class=\"row pt-4\">\n<div class=\"col-md-3 text-center p-4 \">\n<div class=\"lc-block\"><img loading=\"lazy\" decoding=\"async\" alt=\"\" class=\"img-fluid mb-3\" src=\"https:\/\/holler-tore.at\/wp-content\/uploads\/2023\/09\/mark-1.jpg\" loading=\"lazy\" width=\"999\" height=\"813\" srcset=\"https:\/\/holler-tore.at\/wp-content\/uploads\/2023\/09\/mark-1.jpg 999w, https:\/\/holler-tore.at\/wp-content\/uploads\/2023\/09\/mark-1-300x244.jpg 300w, https:\/\/holler-tore.at\/wp-content\/uploads\/2023\/09\/mark-1-768x625.jpg 768w\" sizes=\"auto, \"><\/p>\n<div editable=\"rich\">\n\t\t\t\t\t<\/div>\n<\/p><\/div>\n<div class=\"lc-block mt-2 py-2 border-top\">\n<h5 editable=\"inline\" class=\"\"><b>Mark Leinung<\/b><\/h5>\n<p>\t\t\t\t\t<small editable=\"inline\" class=\"text-secondary\" style=\"letter-spacing:1px\">SPRZEDA\u017b<\/small>\n\t\t\t\t<\/div>\n<p><!-- \/lc-block --><br \/>\n\t\t\t\t<!-- \/lc-block -->\n\t\t\t<\/div>\n<div class=\"col-md-3 text-center p-4\">\n<div class=\"lc-block\"><img loading=\"lazy\" decoding=\"async\" alt=\"\" class=\"img-fluid mb-3\" src=\"https:\/\/holler-tore.at\/wp-content\/uploads\/2022\/01\/backgrounderaser_1641310563-copia-1.jpg\" loading=\"lazy\" width=\"999\" height=\"813\" srcset=\"https:\/\/holler-tore.at\/wp-content\/uploads\/2022\/01\/backgrounderaser_1641310563-copia-1.jpg 999w, https:\/\/holler-tore.at\/wp-content\/uploads\/2022\/01\/backgrounderaser_1641310563-copia-1-300x244.jpg 300w, https:\/\/holler-tore.at\/wp-content\/uploads\/2022\/01\/backgrounderaser_1641310563-copia-1-768x625.jpg 768w\" sizes=\"auto, \"><\/p>\n<div editable=\"rich\">\n\t\t\t\t\t<\/div>\n<\/p><\/div>\n<div class=\"lc-block mt-2 py-2 border-top\">\n<h5 editable=\"inline\" class=\"\"><b>Christian Viehmann<\/b><\/h5>\n<p>\t\t\t\t\t<small editable=\"inline\" class=\"text-secondary\" style=\"letter-spacing:1px\">SPRZEDA\u017b<\/small>\n\t\t\t\t<\/div>\n<p><!-- \/lc-block --><br \/>\n\t\t\t\t<!-- \/lc-block -->\n\t\t\t<\/div>\n<div class=\"col-md-3 text-center p-4\">\n<p>\t\t\t\t<!-- \/lc-block --><br \/>\n\t\t\t\t<!-- \/lc-block --><br \/>\n\t\t\t\t<!-- \/lc-block -->\n\t\t\t<\/div>\n<div class=\"col-md-3 text-center p-4\">\n<p>\t\t\t\t<!-- \/lc-block --><br \/>\n\t\t\t\t<!-- \/lc-block -->\n\t\t\t<\/div>\n<\/p><\/div>\n<\/p><\/div>\n<div class=\"container\">\n<div class=\"row pt-4\">\n<div class=\"col-md-3 text-center p-4\">\n<div class=\"lc-block\"><img loading=\"lazy\" decoding=\"async\" alt=\"\" class=\"img-fluid mb-3\" src=\"https:\/\/holler-tore.at\/wp-content\/uploads\/2022\/01\/backgrounderaser_1641310460-1.jpg\" loading=\"lazy\" width=\"999\" height=\"813\" srcset=\"https:\/\/holler-tore.at\/wp-content\/uploads\/2022\/01\/backgrounderaser_1641310460-1.jpg 999w, https:\/\/holler-tore.at\/wp-content\/uploads\/2022\/01\/backgrounderaser_1641310460-1-300x244.jpg 300w, https:\/\/holler-tore.at\/wp-content\/uploads\/2022\/01\/backgrounderaser_1641310460-1-768x625.jpg 768w\" sizes=\"auto, \"><\/p>\n<div editable=\"rich\">\n\t\t\t\t\t<\/div>\n<\/p><\/div>\n<div class=\"lc-block mt-2 py-2 border-top\">\n<h5 editable=\"inline\" class=\"\"><b>Mareike Dues<\/b><\/h5>\n<p>\t\t\t\t\t<small editable=\"inline\" class=\"text-secondary\" style=\"letter-spacing:1px\">WEWN\u0118TRZNA OBS\u0141UGA SPRZEDA\u017bY<\/small>\n\t\t\t\t<\/div>\n<p><!-- \/lc-block --><br \/>\n\t\t\t\t<!-- \/lc-block -->\n\t\t\t<\/div>\n<div class=\"col-md-3 text-center p-4\">\n<div class=\"lc-block\"><img loading=\"lazy\" decoding=\"async\" alt=\"\" class=\"img-fluid mb-3\" src=\"https:\/\/holler-tore.at\/wp-content\/uploads\/2022\/01\/backgrounderaser_1641310589-1.jpg\" style=\"\" loading=\"lazy\" width=\"999\" height=\"813\" srcset=\"https:\/\/holler-tore.at\/wp-content\/uploads\/2022\/01\/backgrounderaser_1641310589-1.jpg 999w, https:\/\/holler-tore.at\/wp-content\/uploads\/2022\/01\/backgrounderaser_1641310589-1-300x244.jpg 300w, https:\/\/holler-tore.at\/wp-content\/uploads\/2022\/01\/backgrounderaser_1641310589-1-768x625.jpg 768w\" sizes=\"auto, (max-width: 999px) 100vw, 999px\"><\/p>\n<div editable=\"rich\">\n\t\t\t\t\t<\/div>\n<\/p><\/div>\n<div class=\"lc-block mt-2 py-2 border-top\">\n<h5 editable=\"inline\" class=\"\"><b>Nadja M\u00fcller<\/b><\/h5>\n<p>\t\t\t\t\t<small editable=\"inline\" class=\"text-secondary\" style=\"letter-spacing:1px\">WEWN\u0118TRZNA OBS\u0141UGA SPRZEDA\u017bY<\/small>\n\t\t\t\t<\/div>\n<p><!-- \/lc-block --><br \/>\n\t\t\t\t<!-- \/lc-block -->\n\t\t\t<\/div>\n<div class=\"col-md-3 text-center p-4 \">\n<div class=\"lc-block\"><img loading=\"lazy\" decoding=\"async\" alt=\"\" class=\"img-fluid mb-3\" src=\"https:\/\/holler-tore.at\/wp-content\/uploads\/2024\/04\/Jonas2-1.jpg\" loading=\"lazy\" width=\"300\" height=\"244\" srcset=\"\" sizes=\"auto, \"><\/p>\n<div editable=\"rich\">\n\t\t\t\t\t<\/div>\n<\/p><\/div>\n<div class=\"lc-block mt-2 py-2 border-top\">\n<h5 editable=\"inline\" class=\"\"><b>Jonas Fischer<\/b><\/h5>\n<p>\t\t\t\t\t<small editable=\"inline\" class=\"text-secondary\" style=\"letter-spacing:1px\">WEWN\u0118TRZNA OBS\u0141UGA SPRZEDA\u017bY<\/small>\n\t\t\t\t<\/div>\n<p><!-- \/lc-block --><br \/>\n\t\t\t\t<!-- \/lc-block -->\n\t\t\t<\/div>\n<div class=\"col-md-3 text-center p-4\">\n<p>\t\t\t\t<!-- \/lc-block --><br \/>\n\t\t\t\t<!-- \/lc-block -->\n\t\t\t<\/div>\n<\/p><\/div>\n<\/p><\/div>\n<div class=\"container\">\n<div class=\"row pt-4\">\n<div class=\"col-md-3 text-center p-4 \">\n<div class=\"lc-block\"><img loading=\"lazy\" decoding=\"async\" alt=\"\" class=\"img-fluid mb-3\" src=\"https:\/\/holler-tore.at\/wp-content\/uploads\/2024\/06\/gina-1.jpg\" loading=\"lazy\" width=\"300\" height=\"244\" srcset=\"\" sizes=\"auto, \"><\/p>\n<div editable=\"rich\">\n\t\t\t\t\t<\/div>\n<\/p><\/div>\n<div class=\"lc-block mt-2 py-2 border-top\">\n<h5 editable=\"inline\" class=\"\"><b>Gina Godemann<\/b><\/h5>\n<p>\t\t\t\t\t<small editable=\"inline\" class=\"text-secondary\" style=\"letter-spacing:1px\">WEWN\u0118TRZNA OBS\u0141UGA SPRZEDA\u017bY<\/small>\n\t\t\t\t<\/div>\n<p><!-- \/lc-block --><br \/>\n\t\t\t\t<!-- \/lc-block -->\n\t\t\t<\/div>\n<div class=\"col-md-3 text-center p-4\">\n<div class=\"lc-block\"><img loading=\"lazy\" decoding=\"async\" alt=\"\" class=\"img-fluid mb-3\" src=\"https:\/\/holler-tore.at\/wp-content\/uploads\/2022\/03\/Klassen-768x625.png\" loading=\"lazy\" width=\"768\" height=\"625\" srcset=\"https:\/\/holler-tore.at\/wp-content\/uploads\/2022\/03\/Klassen-768x625.png 768w, https:\/\/holler-tore.at\/wp-content\/uploads\/2022\/03\/Klassen-300x244.png 300w, https:\/\/holler-tore.at\/wp-content\/uploads\/2022\/03\/Klassen.png 999w\" sizes=\"auto, (max-width: 768px) 100vw, 768px\"><\/p>\n<div editable=\"rich\">\n\t\t\t\t\t<\/div>\n<\/p><\/div>\n<div class=\"lc-block mt-2 py-2 border-top\">\n<h5 editable=\"inline\" class=\"\"><b>Eduard Klassen<\/b><\/h5>\n<p>\t\t\t\t\t<small editable=\"inline\" class=\"text-secondary\" style=\"letter-spacing:1px\">LOGISTYKA<\/small>\n\t\t\t\t<\/div>\n<p><!-- \/lc-block --><br \/>\n\t\t\t\t<!-- \/lc-block -->\n\t\t\t<\/div>\n<div class=\"col-md-3 text-center p-4\">\n<p>\t\t\t\t<!-- \/lc-block --><br \/>\n\t\t\t\t<!-- \/lc-block -->\n\t\t\t<\/div>\n<div class=\"col-md-3 text-center p-4\">\n<p>\t\t\t\t<!-- \/lc-block --><br \/>\n\t\t\t\t<!-- \/lc-block -->\n\t\t\t<\/div>\n<\/p><\/div>\n<div class=\"row\">\n<div class=\"col-md-12\">\n<div class=\"lc-block\">\n<div editable=\"rich\">\n<p><\/p>\n<p><\/p>\n<p><\/p>\n<\/p><\/div>\n<\/p><\/div>\n<p><!-- \/lc-block -->\n\t\t\t<\/div>\n<p><!-- \/col -->\n\t\t<\/div>\n<\/p><\/div>\n<\/section>\n","protected":false},"excerpt":{"rendered":"<p>&#8222;Musimy zach\u0119ca\u0107 bystre umys\u0142y, kt\u00f3re lubi\u0105 innowacje techniczne. Tylko w ten spos\u00f3b mo\u017cemy nadal pe\u0142ni\u0107 nasz\u0105 pioniersk\u0105 rol\u0119.Nasze dzia\u0142ania maj\u0105 [&hellip;]<\/p>\n","protected":false},"author":2,"featured_media":0,"parent":1979,"menu_order":0,"comment_status":"closed","ping_status":"closed","template":"","meta":{"_seopress_robots_primary_cat":"","_seopress_titles_title":"","_seopress_titles_desc":"","_seopress_robots_index":"","footnotes":""},"class_list":["post-9945","page","type-page","status-publish","hentry"],"aioseo_notices":[],"_links":{"self":[{"href":"https:\/\/holler-tore.at\/pl\/wp-json\/wp\/v2\/pages\/9945","targetHints":{"allow":["GET"]}}],"collection":[{"href":"https:\/\/holler-tore.at\/pl\/wp-json\/wp\/v2\/pages"}],"about":[{"href":"https:\/\/holler-tore.at\/pl\/wp-json\/wp\/v2\/types\/page"}],"author":[{"embeddable":true,"href":"https:\/\/holler-tore.at\/pl\/wp-json\/wp\/v2\/users\/2"}],"replies":[{"embeddable":true,"href":"https:\/\/holler-tore.at\/pl\/wp-json\/wp\/v2\/comments?post=9945"}],"version-history":[{"count":3,"href":"https:\/\/holler-tore.at\/pl\/wp-json\/wp\/v2\/pages\/9945\/revisions"}],"predecessor-version":[{"id":9950,"href":"https:\/\/holler-tore.at\/pl\/wp-json\/wp\/v2\/pages\/9945\/revisions\/9950"}],"up":[{"embeddable":true,"href":"https:\/\/holler-tore.at\/pl\/wp-json\/wp\/v2\/pages\/1979"}],"wp:attachment":[{"href":"https:\/\/holler-tore.at\/pl\/wp-json\/wp\/v2\/media?parent=9945"}],"curies":[{"name":"wp","href":"https:\/\/api.w.org\/{rel}","templated":true}]}}