{"id":2812,"date":"2022-06-25T15:38:09","date_gmt":"2022-06-25T13:38:09","guid":{"rendered":"https:\/\/www.holler-tore.at\/?page_id=2812"},"modified":"2024-09-30T11:10:07","modified_gmt":"2024-09-30T09:10:07","slug":"zespol-szwajcaria","status":"publish","type":"page","link":"https:\/\/holler-tore.at\/pl\/zespol\/zespol-szwajcaria\/","title":{"rendered":"Zespol Szwajcaria"},"content":{"rendered":"<div class=\"container\">\n<div class=\"row\">\n<div class=\"col-md-12\">\n<div class=\"lc-block\">\n<div editable=\"rich\">\n<p class=\"text-center\">Musimy promowa\u0107 inteligentne umys\u0142y, kt\u00f3re do\u015bwiadczaj\u0105 rado\u015bci w innowacjach technicznych. Tylko w ten spos\u00f3b mo\u017cemy nadal pe\u0142ni\u0107 nasz\u0105 pioniersk\u0105 rol\u0119.<br \/>\n\t\t\t\t\t\tNaszym celem jest zapewnienie zadowolenia klient\u00f3w, z naszymi klientami i partnerami, jeste\u015bmy zespo\u0142em<br \/>\n\t\t\t\t\t\trazem mo\u017cemy odnie\u015b\u0107 sukces w tym d\u0142ugoterminowym! \u201d<\/p>\n<\/p><\/div>\n<\/p><\/div>\n<p><!-- \/lc-block -->\n\t\t<\/div>\n<p><!-- \/col -->\n\t<\/div>\n<\/div>\n<section>\n<div class=\"row pt-4\">\n<div class=\"col-md-3 text-center p-4 \">\n<div class=\"lc-block\"><img loading=\"lazy\" decoding=\"async\" alt=\"\" class=\"img-fluid mb-3\" src=\"https:\/\/holler-tore.at\/wp-content\/uploads\/2022\/01\/IMG_6227-scaled.jpg\" loading=\"lazy\" width=\"1920\" height=\"2560\" srcset=\"https:\/\/holler-tore.at\/wp-content\/uploads\/2022\/01\/IMG_6227-scaled.jpg 1920w, https:\/\/holler-tore.at\/wp-content\/uploads\/2022\/01\/IMG_6227-225x300.jpg 225w, https:\/\/holler-tore.at\/wp-content\/uploads\/2022\/01\/IMG_6227-768x1024.jpg 768w, https:\/\/holler-tore.at\/wp-content\/uploads\/2022\/01\/IMG_6227-1152x1536.jpg 1152w, https:\/\/holler-tore.at\/wp-content\/uploads\/2022\/01\/IMG_6227-1536x2048.jpg 1536w\" sizes=\"auto, (max-width: 1920px) 100vw, 1920px\"><\/p>\n<div editable=\"rich\">\n\t\t\t\t<\/div>\n<\/p><\/div>\n<div class=\"lc-block mt-2 py-2 border-top\">\n<h5 editable=\"inline\" class=\"\"><b>Marcel Vionnet<\/b><\/h5>\n<p>\t\t\t\t<small editable=\"inline\" class=\"text-secondary\" style=\"letter-spacing:1px\">&nbsp;SZEF ODDZIA\u0141U<\/small>\n\t\t\t<\/div>\n<p><!-- \/lc-block --><br \/>\n\t\t\t<!-- \/lc-block -->\n\t\t<\/div>\n<div class=\"col-md-3 text-center p-4\">\n<div class=\"lc-block\"><img loading=\"lazy\" decoding=\"async\" alt=\"\" class=\"mb-3 img-fluid\" src=\"https:\/\/holler-tore.at\/wp-content\/uploads\/2023\/01\/GEORG-scaled.jpg\" style=\"\n\" loading=\"lazy\" width=\"1920\" height=\"2560\" srcset=\"https:\/\/holler-tore.at\/wp-content\/uploads\/2023\/01\/GEORG-scaled.jpg 1920w, https:\/\/holler-tore.at\/wp-content\/uploads\/2023\/01\/GEORG-225x300.jpg 225w, https:\/\/holler-tore.at\/wp-content\/uploads\/2023\/01\/GEORG-768x1024.jpg 768w, https:\/\/holler-tore.at\/wp-content\/uploads\/2023\/01\/GEORG-1152x1536.jpg 1152w, https:\/\/holler-tore.at\/wp-content\/uploads\/2023\/01\/GEORG-1536x2048.jpg 1536w\" sizes=\"auto, (max-width: 1920px) 100vw, 1920px\"><\/p>\n<div editable=\"rich\">\n\t\t\t\t<\/div>\n<\/p><\/div>\n<div class=\"lc-block mt-2 py-2 border-top\">\n<h5 editable=\"inline\" class=\"\"><strong>Georg Rupp<\/strong><\/h5>\n<p>\t\t\t\t<small editable=\"inline\" class=\"text-secondary\" style=\"letter-spacing:1px\">SZEF&nbsp; SEKTORA ZACH\u00d3D<\/small>\n\t\t\t<\/div>\n<p><!-- \/lc-block --><br \/>\n\t\t\t<!-- \/lc-block -->\n\t\t<\/div>\n<div class=\"col-md-3 text-center p-4\">\n<div class=\"lc-block\"><img loading=\"lazy\" decoding=\"async\" alt=\"\" class=\"mb-3 img-fluid\" src=\"https:\/\/holler-tore.at\/wp-content\/uploads\/2022\/01\/IMG_6220-scaled.jpg\" style=\"\n\" loading=\"lazy\" width=\"1920\" height=\"2560\" srcset=\"https:\/\/holler-tore.at\/wp-content\/uploads\/2022\/01\/IMG_6220-scaled.jpg 1920w, https:\/\/holler-tore.at\/wp-content\/uploads\/2022\/01\/IMG_6220-225x300.jpg 225w, https:\/\/holler-tore.at\/wp-content\/uploads\/2022\/01\/IMG_6220-768x1024.jpg 768w, https:\/\/holler-tore.at\/wp-content\/uploads\/2022\/01\/IMG_6220-1152x1536.jpg 1152w, https:\/\/holler-tore.at\/wp-content\/uploads\/2022\/01\/IMG_6220-1536x2048.jpg 1536w\" sizes=\"auto, (max-width: 1920px) 100vw, 1920px\"><\/p>\n<div editable=\"rich\">\n\t\t\t\t<\/div>\n<\/p><\/div>\n<div class=\"lc-block mt-2 py-2 border-top\">\n<h5 editable=\"inline\" class=\"\"><strong>Maja Vionnet<\/strong><\/h5>\n<p>\t\t\t\t<small editable=\"inline\" class=\"text-secondary\" style=\"letter-spacing:1px\">&nbsp;ADMINISTRACJI I KSI\u0118GOWO\u015aC<\/small>\n\t\t\t<\/div>\n<p><!-- \/lc-block --><br \/>\n\t\t\t<!-- \/lc-block -->\n\t\t<\/div>\n<div class=\"col-md-3 text-center p-4\">\n<div class=\"lc-block\"><img loading=\"lazy\" decoding=\"async\" alt=\"\" class=\"img-fluid mb-3\" src=\"https:\/\/holler-tore.at\/wp-content\/uploads\/2022\/01\/IMG_6229-scaled.jpg\" loading=\"lazy\" width=\"1920\" height=\"2560\" srcset=\"https:\/\/holler-tore.at\/wp-content\/uploads\/2022\/01\/IMG_6229-scaled.jpg 1920w, https:\/\/holler-tore.at\/wp-content\/uploads\/2022\/01\/IMG_6229-225x300.jpg 225w, https:\/\/holler-tore.at\/wp-content\/uploads\/2022\/01\/IMG_6229-768x1024.jpg 768w, https:\/\/holler-tore.at\/wp-content\/uploads\/2022\/01\/IMG_6229-1152x1536.jpg 1152w, https:\/\/holler-tore.at\/wp-content\/uploads\/2022\/01\/IMG_6229-1536x2048.jpg 1536w\" sizes=\"auto, (max-width: 1920px) 100vw, 1920px\"><\/p>\n<div editable=\"rich\">\n\t\t\t\t<\/div>\n<\/p><\/div>\n<div class=\"lc-block mt-2 py-2 border-top\">\n<h5 editable=\"inline\" class=\"\"><b>Anita Uberto<\/b><\/h5>\n<p>\t\t\t\t<small editable=\"inline\" class=\"text-secondary\" style=\"letter-spacing:1px\">SPRZEDA\u017b I MARKETING<\/small>\n\t\t\t<\/div>\n<p><!-- \/lc-block --><br \/>\n\t\t\t<!-- \/lc-block -->\n\t\t<\/div>\n<\/p><\/div>\n<\/section>\n<section>\n<div class=\"row pt-4\">\n<div class=\"col-md-3 text-center p-4 \">\n<div class=\"lc-block\"><img loading=\"lazy\" decoding=\"async\" alt=\"\" class=\"img-fluid mb-3\" src=\"https:\/\/holler-tore.at\/wp-content\/uploads\/2022\/03\/armin-scaled.jpeg\" loading=\"lazy\" width=\"1920\" height=\"2560\" srcset=\"https:\/\/holler-tore.at\/wp-content\/uploads\/2022\/03\/armin-scaled.jpeg 1920w, https:\/\/holler-tore.at\/wp-content\/uploads\/2022\/03\/armin-225x300.jpeg 225w, https:\/\/holler-tore.at\/wp-content\/uploads\/2022\/03\/armin-768x1024.jpeg 768w, https:\/\/holler-tore.at\/wp-content\/uploads\/2022\/03\/armin-1152x1536.jpeg 1152w, https:\/\/holler-tore.at\/wp-content\/uploads\/2022\/03\/armin-1536x2048.jpeg 1536w\" sizes=\"auto, (max-width: 1920px) 100vw, 1920px\"><\/p>\n<div editable=\"rich\">\n\t\t\t\t<\/div>\n<\/p><\/div>\n<div class=\"lc-block mt-2 py-2 border-top\">\n<h5 editable=\"inline\" class=\"\"><b>Armin Fischli<\/b><\/h5>\n<p>\t\t\t\t<small editable=\"inline\" class=\"text-secondary\" style=\"letter-spacing:1px\">&nbsp;MONTA\u017bE<\/small>\n\t\t\t<\/div>\n<p><!-- \/lc-block --><br \/>\n\t\t\t<!-- \/lc-block -->\n\t\t<\/div>\n<div class=\"col-md-3 text-center p-4\">\n<p>\t\t\t<!-- \/lc-block --><br \/>\n\t\t\t<!-- \/lc-block -->\n\t\t<\/div>\n<div class=\"col-md-3 text-center p-4\">\n<p>\t\t\t<!-- \/lc-block --><br \/>\n\t\t\t<!-- \/lc-block -->\n\t\t<\/div>\n<div class=\"col-md-3 text-center p-4\">\n<p>\t\t\t<!-- \/lc-block --><br \/>\n\t\t\t<!-- \/lc-block -->\n\t\t<\/div>\n<\/p><\/div>\n<\/section>\n","protected":false},"excerpt":{"rendered":"<p>Musimy promowa\u0107 inteligentne umys\u0142y, kt\u00f3re do\u015bwiadczaj\u0105 rado\u015bci w innowacjach technicznych. Tylko w ten spos\u00f3b mo\u017cemy nadal pe\u0142ni\u0107 nasz\u0105 pioniersk\u0105 rol\u0119. [&hellip;]<\/p>\n","protected":false},"author":1,"featured_media":0,"parent":1979,"menu_order":0,"comment_status":"closed","ping_status":"closed","template":"","meta":{"_seopress_robots_primary_cat":"","_seopress_titles_title":"","_seopress_titles_desc":"","_seopress_robots_index":"","footnotes":""},"class_list":["post-2812","page","type-page","status-publish","hentry"],"aioseo_notices":[],"_links":{"self":[{"href":"https:\/\/holler-tore.at\/pl\/wp-json\/wp\/v2\/pages\/2812","targetHints":{"allow":["GET"]}}],"collection":[{"href":"https:\/\/holler-tore.at\/pl\/wp-json\/wp\/v2\/pages"}],"about":[{"href":"https:\/\/holler-tore.at\/pl\/wp-json\/wp\/v2\/types\/page"}],"author":[{"embeddable":true,"href":"https:\/\/holler-tore.at\/pl\/wp-json\/wp\/v2\/users\/1"}],"replies":[{"embeddable":true,"href":"https:\/\/holler-tore.at\/pl\/wp-json\/wp\/v2\/comments?post=2812"}],"version-history":[{"count":7,"href":"https:\/\/holler-tore.at\/pl\/wp-json\/wp\/v2\/pages\/2812\/revisions"}],"predecessor-version":[{"id":10970,"href":"https:\/\/holler-tore.at\/pl\/wp-json\/wp\/v2\/pages\/2812\/revisions\/10970"}],"up":[{"embeddable":true,"href":"https:\/\/holler-tore.at\/pl\/wp-json\/wp\/v2\/pages\/1979"}],"wp:attachment":[{"href":"https:\/\/holler-tore.at\/pl\/wp-json\/wp\/v2\/media?parent=2812"}],"curies":[{"name":"wp","href":"https:\/\/api.w.org\/{rel}","templated":true}]}}