{"id":1871,"date":"2022-01-16T22:57:17","date_gmt":"2022-01-16T21:57:17","guid":{"rendered":"http:\/\/demohollertore.webkop.at\/produkty\/holler-pro\/"},"modified":"2022-08-17T08:44:59","modified_gmt":"2022-08-17T06:44:59","slug":"holler-pro","status":"publish","type":"page","link":"https:\/\/holler-tore.at\/pl\/produkty\/holler-pro\/","title":{"rendered":"Holler Pro"},"content":{"rendered":"<section>\n<div class=\"d-flex container-fluid\" style=\"height: 35vh; background: url('https:\/\/holler-tore.at\/wp-content\/uploads\/2022\/01\/MG_6223-scaled.jpg') center \/ cover no-repeat;\"><\/div>\n<div class=\"container p-5 bg-light\" style=\"margin-top: -100px;\">\n<div class=\"row\">\n<div class=\"col-md-12 align-self-center\">\n<div class=\"lc-block\">\n<div>\n<p>\t\t\t\t\t\tNiezawodno\u015b\u0107 i bezpiecze\u0144stwo na wysokim poziomie.<\/p><\/div>\n<\/p><\/div>\n<p>\t\t\t\t<!-- \/lc-block --><\/p>\n<div class=\"lc-block \">\n<div>\n<h1 class=\"\">HOLLER&nbsp; <strong class=\"text-danger\">PRO<\/strong><\/h1>\n<\/p><\/div>\n<\/p><\/div>\n<div class=\"lc-block\">\n<div>\n<p>\t\t\t\t\t\tBramy i ogrodzenia z linii produkt\u00f3w HOLLER PRO s\u0105 specjalnie zaprojektowane do intensywnego u\u017cytkowania w obszarach przemys\u0142owych i handlowych i \u0142\u0105cz\u0105 niezawodno\u015b\u0107, bezpiecze\u0144stwo i wytrzyma\u0142o\u015b\u0107 z estetycznym wzornictwem. Wszystkie produkty mog\u0105 by\u0107 indywidualnie zaprojektowane i dlatego s\u0105 wyj\u0105tkowe.<\/p><\/div>\n<\/p><\/div>\n<p>\t\t\t\t<!-- \/lc-block --><\/p>\n<div class=\"lc-block\"><a class=\"btn btn-primary btn-xl js-scroll-trigger\" role=\"button\" href=\"https:\/\/holler-tore.at\/pl\/kontakt\/\">Skontaktuj si\u0119 teraz<\/a><\/div>\n<p>\t\t\t\t<!-- \/lc-block --><\/p><\/div>\n<p>\t\t\t<!-- \/col --><\/p><\/div>\n<\/p><\/div>\n<\/section>\n<section class=\"text-dark\">\n<div class=\"container py-5\">\n<div class=\"row mt-5\">\n<div class=\"col-lg-6 align-self-center\">\n<div class=\"lc-block about-img-shape position-relative\"><img fetchpriority=\"high\" decoding=\"async\" class=\"img-fluid w-100\" src=\"https:\/\/holler-tore.at\/wp-content\/uploads\/2022\/01\/Galeriebild-08.jpg\" sizes=\"(max-width: 800px) 100vw, 800px\" srcset=\"https:\/\/holler-tore.at\/wp-content\/uploads\/2022\/01\/Galeriebild-08.jpg 800w, https:\/\/holler-tore.at\/wp-content\/uploads\/2022\/01\/Galeriebild-08-300x205.jpg 300w, https:\/\/holler-tore.at\/wp-content\/uploads\/2022\/01\/Galeriebild-08-768x525.jpg 768w\" alt=\"\" width=\"800\" height=\"547\"><\/div>\n<\/p><\/div>\n<div class=\"col-lg-6 align-self-center mt-5\">\n<div class=\"lc-block\">\n<div>\n<h2>Bramy Przesuwne<\/h2>\n<p>\t\t\t\t\t\tWymiary, kt\u00f3re robi\u0105 wra\u017cenie: szeroko\u015b\u0107 do 50 m i wysoko\u015b\u0107 do 6 m.<\/p>\n<p>\t\t\t\t\t\tSamono\u015bne bramy przesuwne \u0142\u0105cz\u0105 w sobie najnowsz\u0105 sztuk\u0119 produkcyjn\u0105 i maksymaln\u0105 funkcjonalno\u015b\u0107. Specjalnie opracowane profile aluminiowe oraz wysoka jako\u015b\u0107 wykonania gwarantuj\u0105 d\u0142ugowieczno\u015b\u0107 i najwy\u017csz\u0105 jako\u015b\u0107. Dzi\u0119ki r\u00f3\u017cnorodnym mo\u017cliwo\u015bciom projektowania bramy przesuwne harmonijnie wtapiaj\u0105 si\u0119 w otoczenie. Wszystkie bramy przesuwne s\u0105 wst\u0119pnie instalowane i testowane w fabryce przed dostaw\u0105.<\/p><\/div>\n<\/p><\/div>\n<p>\t\t\t\t<!-- \/lc-block --><br \/>\n\t\t\t\t<!-- \/lc-block --><\/p><\/div>\n<\/p><\/div>\n<div class=\"row mt-5\">\n<div class=\"col-lg-6 order-2 order-lg-1 mt-5 align-self-center\">\n<div class=\"lc-block\">\n<div>\n<h2>Bramy skrzyd\u0142owe i furtki<\/h2>\n<p>\t\t\t\t\t\tWymiary, kt\u00f3re z pewno\u015bci\u0105 ochroni\u0105 ka\u017cde mienie: szeroko\u015b\u0107 do 12 m (1 skrzyd\u0142o), wysoko\u015b\u0107 do 5 m.<\/p>\n<p>\t\t\t\t\t\tWysoka jako\u015b\u0107 wykonania zapewnia naszym samono\u015bnym bramom skrzyd\u0142owym wyj\u0105tkow\u0105 stabilno\u015b\u0107, a tym samym niezawodn\u0105 ochron\u0119 mienia. Na zam\u00f3wienie listwa z\u0119bata zapewnia dodatkowe zabezpieczenie. Podobnie jak w przypadku bram przesuwnych, wszystkie nap\u0119dy s\u0105 dostarczane z wypr\u00f3bowanym i przetestowanym systemem \u201eplug and play\u201d.<\/p>\n<p>\t\t\t\t\t\t\u0141atwa w piel\u0119gnacji, odporna na zarysowania i warunki atmosferyczne pow\u0142oka proszkowa gwarantuje pi\u0119kno i jako\u015b\u0107 na d\u0142ugie lata.<\/p>\n<p>\t\t\t\t\t\tWymiary, kt\u00f3re z pewno\u015bci\u0105 ochroni\u0105 ka\u017cde mienie: Bramy i furtki mog\u0105 by\u0107 wykonane zar\u00f3wno w standardowych rozmiarach, jak i na wymiar.<\/p><\/div>\n<\/p><\/div>\n<p>\t\t\t\t<!-- \/lc-block --><br \/>\n\t\t\t\t<!-- \/lc-block --><\/p><\/div>\n<div class=\"col-lg-6 order-1 order-lg-2 align-self-center\">\n<div class=\"lc-block about-img-shape position-relative\"><img decoding=\"async\" class=\"img-fluid w-100\" src=\"https:\/\/holler-tore.at\/wp-content\/uploads\/2022\/01\/DSC_2128-scaled.jpg\" sizes=\"\" srcset=\"https:\/\/holler-tore.at\/wp-content\/uploads\/2022\/01\/DSC_2128-scaled.jpg 2560w, https:\/\/holler-tore.at\/wp-content\/uploads\/2022\/01\/DSC_2128-300x200.jpg 300w, https:\/\/holler-tore.at\/wp-content\/uploads\/2022\/01\/DSC_2128-1024x683.jpg 1024w, https:\/\/holler-tore.at\/wp-content\/uploads\/2022\/01\/DSC_2128-768x512.jpg 768w, https:\/\/holler-tore.at\/wp-content\/uploads\/2022\/01\/DSC_2128-1536x1024.jpg 1536w, https:\/\/holler-tore.at\/wp-content\/uploads\/2022\/01\/DSC_2128-2048x1365.jpg 2048w\" alt=\"\" width=\"\" height=\"\"><\/div>\n<\/p><\/div>\n<\/p><\/div>\n<\/p><\/div>\n<\/section>\n<section class=\"bg-dark text-white\">\n<div class=\"container py-5\">\n<div class=\"row mt-5\">\n<div class=\"col-lg-6 align-self-center\">\n<div class=\"lc-block about-img-shape position-relative\"><img decoding=\"async\" class=\"img-fluid\" src=\"https:\/\/holler-tore.at\/wp-content\/uploads\/2022\/01\/13568995_1098952160176318_1472415002277794365_o-1024x579.jpg\" sizes=\"(max-width: 1024px) 100vw, 1024px\" srcset=\"https:\/\/holler-tore.at\/wp-content\/uploads\/2022\/01\/13568995_1098952160176318_1472415002277794365_o-1024x579.jpg 1024w, https:\/\/holler-tore.at\/wp-content\/uploads\/2022\/01\/13568995_1098952160176318_1472415002277794365_o-300x170.jpg 300w, https:\/\/holler-tore.at\/wp-content\/uploads\/2022\/01\/13568995_1098952160176318_1472415002277794365_o-768x434.jpg 768w, https:\/\/holler-tore.at\/wp-content\/uploads\/2022\/01\/13568995_1098952160176318_1472415002277794365_o-1536x869.jpg 1536w, https:\/\/holler-tore.at\/wp-content\/uploads\/2022\/01\/13568995_1098952160176318_1472415002277794365_o.jpg 2048w\" alt=\"\" width=\"1024\" height=\"579\"><\/div>\n<\/p><\/div>\n<div class=\"col-lg-6 mt-5 align-self-center\">\n<div class=\"lc-block\">\n<div>\n<h2>Ogrodzenia<\/h2>\n<p>\t\t\t\t\t\tOgrodzenia aluminiowe o maksymalnej wysoko\u015bci do 2,5 m Ogrodzenia przemys\u0142owe to niezawodna i atrakcyjna wizualnie ochrona ka\u017cdej nieruchomo\u015bci. Szeroka gama wzor\u00f3w i wyko\u0144cze\u0144 pozwala na uzyskanie kompaktowego wygl\u0105du w harmonii z otoczeniem.<\/p><\/div>\n<\/p><\/div>\n<p>\t\t\t\t<!-- \/lc-block --><br \/>\n\t\t\t\t<!-- \/lc-block --><\/p><\/div>\n<\/p><\/div>\n<div class=\"row mt-5\">\n<div class=\"col-lg-6 order-2 mt-5 order-lg-1 align-self-center\">\n<div class=\"lc-block\">\n<div>\n<h2>Kolumny na listy i paczki<\/h2>\n<p>\t\t\t\t\t\tElegancka kolumna z wrzutk\u0105 na listy lub na paczki jest uzupe\u0142niniem ka\u017cdej furtki i bramy. Zintegrowana z kolumn\u0105 wrzutka od zewn\u0105trz oraz odb\u00f3r przesy\u0142ki od strony posesji daje komfort przy jednoczesnym zachowaniu dyskrecji. Kolumna mo\u017ce slu\u017cy\u0107 jako s\u0142upek do furtek i i bram skrzyd\u0142owych lub pe\u0142ni\u0107 rol\u0119 chwytaka dla bram przesuwnych.<\/p>\n<p>\t\t\t\t\t\t&nbsp;<\/p><\/div>\n<\/p><\/div>\n<p>\t\t\t\t<!-- \/lc-block --><br \/>\n\t\t\t\t<!-- \/lc-block --><\/p><\/div>\n<div class=\"col-lg-6 order-1 order-lg-2 align-self-center\">\n<div class=\"lc-block about-img-shape position-relative\"><img decoding=\"async\" class=\"img-fluid\" src=\"https:\/\/holler-tore.at\/wp-content\/uploads\/2022\/01\/mit-tor-1024x996.jpg\" sizes=\"(max-width: 1024px) 100vw, 1024px\" srcset=\"https:\/\/holler-tore.at\/wp-content\/uploads\/2022\/01\/mit-tor-1024x996.jpg 1024w, https:\/\/holler-tore.at\/wp-content\/uploads\/2022\/01\/mit-tor-300x292.jpg 300w, https:\/\/holler-tore.at\/wp-content\/uploads\/2022\/01\/mit-tor-768x747.jpg 768w, https:\/\/holler-tore.at\/wp-content\/uploads\/2022\/01\/mit-tor-1536x1494.jpg 1536w, https:\/\/holler-tore.at\/wp-content\/uploads\/2022\/01\/mit-tor.jpg 1737w\" alt=\"\" width=\"1015\" height=\"996\"><\/div>\n<\/p><\/div>\n<\/p><\/div>\n<\/p><\/div>\n<\/section>\n<section class=\" pb-5\">\n<div class=\"container py-5 text-center\">\n<div class=\"row\">\n<div class=\"col-md-8 offset-md-2 px-4\">\n<div class=\"lc-block\"><\/div>\n<div class=\"lc-block mb-4 mt-4\">\n<div>\n<h2><strong>SKONTAKTUJ SI\u0118 Z NAMI<\/strong><\/h2>\n<\/p><\/div>\n<\/p><\/div>\n<div class=\"lc-block mb-4\">\n<div>\n<p>\t\t\t\t\t\tJeste\u015bmy do Twojej dyspozycji. Znajd\u017a w\u0142a\u015bciwy kontakt dla Austrii, Niemiec, Szwajcarii, Polski i Francji<\/p><\/div>\n<\/p><\/div>\n<div class=\"lc-block\"><a class=\"btn btn-primary btn-xl js-scroll-trigger\" role=\"button\" href=\"https:\/\/holler-tore.at\/pl\/kontakt\/\">Skontaktuj si\u0119 teraz<\/a><\/div>\n<p>\t\t\t\t<!-- \/lc-block --><\/p><\/div>\n<\/p><\/div>\n<\/p><\/div>\n<\/section>\n","protected":false},"excerpt":{"rendered":"<p>Niezawodno\u015b\u0107 i bezpiecze\u0144stwo na wysokim poziomie. HOLLER&nbsp; PRO Bramy i ogrodzenia z linii produkt\u00f3w HOLLER PRO s\u0105 specjalnie zaprojektowane do [&hellip;]<\/p>\n","protected":false},"author":1,"featured_media":0,"parent":1844,"menu_order":0,"comment_status":"closed","ping_status":"closed","template":"","meta":{"_seopress_robots_primary_cat":"","_seopress_titles_title":"","_seopress_titles_desc":"","_seopress_robots_index":"","footnotes":""},"class_list":["post-1871","page","type-page","status-publish","hentry"],"aioseo_notices":[],"_links":{"self":[{"href":"https:\/\/holler-tore.at\/pl\/wp-json\/wp\/v2\/pages\/1871","targetHints":{"allow":["GET"]}}],"collection":[{"href":"https:\/\/holler-tore.at\/pl\/wp-json\/wp\/v2\/pages"}],"about":[{"href":"https:\/\/holler-tore.at\/pl\/wp-json\/wp\/v2\/types\/page"}],"author":[{"embeddable":true,"href":"https:\/\/holler-tore.at\/pl\/wp-json\/wp\/v2\/users\/1"}],"replies":[{"embeddable":true,"href":"https:\/\/holler-tore.at\/pl\/wp-json\/wp\/v2\/comments?post=1871"}],"version-history":[{"count":10,"href":"https:\/\/holler-tore.at\/pl\/wp-json\/wp\/v2\/pages\/1871\/revisions"}],"predecessor-version":[{"id":4421,"href":"https:\/\/holler-tore.at\/pl\/wp-json\/wp\/v2\/pages\/1871\/revisions\/4421"}],"up":[{"embeddable":true,"href":"https:\/\/holler-tore.at\/pl\/wp-json\/wp\/v2\/pages\/1844"}],"wp:attachment":[{"href":"https:\/\/holler-tore.at\/pl\/wp-json\/wp\/v2\/media?parent=1871"}],"curies":[{"name":"wp","href":"https:\/\/api.w.org\/{rel}","templated":true}]}}