{"id":1866,"date":"2022-01-16T22:55:36","date_gmt":"2022-01-16T21:55:36","guid":{"rendered":"http:\/\/demohollertore.webkop.at\/produkty\/dom-hollera\/"},"modified":"2022-08-17T08:48:17","modified_gmt":"2022-08-17T06:48:17","slug":"dom-hollera","status":"publish","type":"page","link":"https:\/\/holler-tore.at\/pl\/produkty\/dom-hollera\/","title":{"rendered":"Holler Home"},"content":{"rendered":"<section>\n<div class=\"d-flex container-fluid\" lc-helper=\"background\" style=\"height:35vh;background:url(https:\/\/holler-tore.at\/wp-content\/uploads\/2022\/01\/lamelle1_1920.jpg) center \/ cover no-repeat;\">\n\t<\/div>\n<div class=\"container p-5 bg-light\" style=\"margin-top:-100px\">\n<div class=\"row\">\n<div class=\"col-md-12 align-self-center\">\n<div class=\"lc-block\">\n<div editable=\"rich\">\n<p>Maksymalna elastyczno\u015b\u0107 i wszechstronno\u015b\u0107.<\/p>\n<\/p><\/div>\n<\/p><\/div>\n<p><!-- \/lc-block --><\/p>\n<div class=\"lc-block \">\n<div editable=\"rich\">\n<h1 editable=\"inline\" class=\"\">HOLLER&nbsp; <strong class=\"text-danger\">HOME<\/strong><\/h1>\n<\/p><\/div>\n<\/p><\/div>\n<div class=\"lc-block\">\n<div editable=\"rich\">\n<p>Nasze produkty z serii HOLLER HOME s\u0105 elastyczne w u\u017cyciu, r\u00f3\u017cnorodne w designie i trwa\u0142e w codziennym u\u017cytkowaniu. Stylowe bramy i ogrodzenia dostosowane s\u0105 do wymaga\u0144 i \u017cycze\u0144 klient\u00f3w z sektora prywatnego. Po\u0142\u0105cz ochron\u0119 obiektu i wysok\u0105 warto\u015b\u0107 dekoracyjn\u0105. Skontaktuj si\u0119 z nami &#8211; nasz zesp\u00f3\u0142 ch\u0119tnie Ci doradzi.<\/p>\n<\/p><\/div>\n<\/p><\/div>\n<p><!-- \/lc-block --><\/p>\n<div class=\"lc-block\"><a class=\"btn btn-primary btn-xl js-scroll-trigger\" href=\"https:\/\/holler-tore.at\/pl\/kontakt\/\" role=\"button\">Skontaktuj si\u0119 teraz<\/a><\/div>\n<p><!-- \/lc-block -->\n\t\t\t<\/div>\n<p><!-- \/col -->\n\t\t<\/div>\n<\/p><\/div>\n<\/section>\n<section class=\"text-dark\">\n<div class=\"container py-5\">\n<div class=\"row mt-5\">\n<div class=\"col-lg-6 align-self-center\">\n<div class=\"lc-block about-img-shape position-relative\"> <img fetchpriority=\"high\" decoding=\"async\" class=\"img-fluid\" src=\"https:\/\/holler-tore.at\/wp-content\/uploads\/2022\/01\/parislo-scaled.jpg\" alt=\"\" width=\"2560\" height=\"1707\" srcset=\"https:\/\/holler-tore.at\/wp-content\/uploads\/2022\/01\/parislo-scaled.jpg 2560w, https:\/\/holler-tore.at\/wp-content\/uploads\/2022\/01\/parislo-300x200.jpg 300w, https:\/\/holler-tore.at\/wp-content\/uploads\/2022\/01\/parislo-1024x683.jpg 1024w, https:\/\/holler-tore.at\/wp-content\/uploads\/2022\/01\/parislo-768x512.jpg 768w, https:\/\/holler-tore.at\/wp-content\/uploads\/2022\/01\/parislo-1536x1024.jpg 1536w, https:\/\/holler-tore.at\/wp-content\/uploads\/2022\/01\/parislo-2048x1365.jpg 2048w\" sizes=\"(max-width: 2560px) 100vw, 2560px\">\n\t\t\t\t<\/div>\n<\/p><\/div>\n<div class=\"col-lg-6 align-self-center mt-5\">\n<div class=\"lc-block\">\n<div editable=\"rich\">\n<h2>Bramy Przesuwne<br \/><\/h2>\n<p class=\"\">Szeroko\u015b\u0107 do 6 m, wysoko\u015b\u0107 do 2 m. Zabezpiecz dom, podw\u00f3rko i ogr\u00f3d.<\/p>\n<p class=\"\">Skorzystaj z materia\u0142\u00f3w wysokiej jako\u015bci i wybierz sw\u00f3j indywidualny projekt. Nap\u0119d i sterowanie s\u0105 \u201eniewidocznie\u201d zamontowane na s\u0142upku, dzi\u0119ki czemu s\u0105 optymalnie chronione przed skutkami warunk\u00f3w atmosferycznych i aktami wandalizmu.&nbsp;<\/p>\n<\/p><\/div>\n<\/p><\/div>\n<p>\t\t\t\t<!-- \/lc-block --><br \/>\n\t\t\t\t<!-- \/lc-block -->\n\t\t\t<\/div>\n<\/p><\/div>\n<div class=\"row mt-5\">\n<div class=\"col-lg-6 order-2 order-lg-1 mt-5 align-self-center\">\n<div class=\"lc-block\">\n<div editable=\"rich\">\n<h2>Bramy skrzyd\u0142owe i furtki<\/h2>\n<p>Szeroko\u015b\u0107 do 4,5m i wysoko\u015b\u0107 do 2m. <\/p>\n<\/p>\n<p>Zosta\u0144 projektantem: do wyboru masz g\u0142adk\u0105 blach\u0119, profile o przekroju czworoko\u0105ta, profile okr\u0105g\u0142e, panele podw\u00f3jne, blach\u0119 perforowan\u0105, blach\u0119 lamelow\u0105, wzory &#8222;kute&#8221; aluminium, o\u015bwietlenie LED, ci\u0119cie laserowe, frezowanie i wiele wi\u0119cej. Bez wzgl\u0119du na wyb\u00f3r \u2014 stabilno\u015b\u0107, niezawodno\u015b\u0107 i bezpiecze\u0144stwo s\u0105 wliczone w cen\u0119.<\/p>\n<\/p><\/div>\n<\/p><\/div>\n<p>\t\t\t\t<!-- \/lc-block --><br \/>\n\t\t\t\t<!-- \/lc-block -->\n\t\t\t<\/div>\n<div class=\"col-lg-6 order-1 order-lg-2 align-self-center\">\n<div class=\"lc-block about-img-shape position-relative\"> <img decoding=\"async\" class=\"img-fluid\" src=\"https:\/\/holler-tore.at\/wp-content\/uploads\/2022\/01\/20200713_115808-1024x768.jpg\" alt=\"\" width=\"1024\" height=\"768\" srcset=\"https:\/\/holler-tore.at\/wp-content\/uploads\/2022\/01\/20200713_115808-1024x768.jpg 1024w, https:\/\/holler-tore.at\/wp-content\/uploads\/2022\/01\/20200713_115808-300x225.jpg 300w, https:\/\/holler-tore.at\/wp-content\/uploads\/2022\/01\/20200713_115808-768x576.jpg 768w, https:\/\/holler-tore.at\/wp-content\/uploads\/2022\/01\/20200713_115808-1536x1152.jpg 1536w, https:\/\/holler-tore.at\/wp-content\/uploads\/2022\/01\/20200713_115808-2048x1536.jpg 2048w\" sizes=\"(max-width: 1024px) 100vw, 1024px\">\n\t\t\t\t<\/div>\n<\/p><\/div>\n<\/p><\/div>\n<\/p><\/div>\n<\/section>\n<section class=\"bg-dark text-white\">\n<div class=\"container py-5\">\n<div class=\"row mt-5\">\n<div class=\"col-lg-6 align-self-center\">\n<div class=\"lc-block about-img-shape position-relative\"> <img decoding=\"async\" class=\"img-fluid\" src=\"https:\/\/holler-tore.at\/wp-content\/uploads\/2022\/01\/20210625_103306-scaled.jpg\" alt=\"\" width=\"2560\" height=\"1920\" srcset=\"https:\/\/holler-tore.at\/wp-content\/uploads\/2022\/01\/20210625_103306-scaled.jpg 2560w, https:\/\/holler-tore.at\/wp-content\/uploads\/2022\/01\/20210625_103306-300x225.jpg 300w, https:\/\/holler-tore.at\/wp-content\/uploads\/2022\/01\/20210625_103306-1024x768.jpg 1024w, https:\/\/holler-tore.at\/wp-content\/uploads\/2022\/01\/20210625_103306-768x576.jpg 768w, https:\/\/holler-tore.at\/wp-content\/uploads\/2022\/01\/20210625_103306-1536x1152.jpg 1536w, https:\/\/holler-tore.at\/wp-content\/uploads\/2022\/01\/20210625_103306-2048x1536.jpg 2048w\" sizes=\"(max-width: 2560px) 100vw, 2560px\">\n\t\t\t\t<\/div>\n<\/p><\/div>\n<div class=\"col-lg-6 mt-5 align-self-center\">\n<div class=\"lc-block\">\n<div editable=\"rich\">\n<h2>Ogrodzenia<br \/><\/h2>\n<p>Wybierz wysoko\u015b\u0107, szeroko\u015b\u0107, kolor oraz model i zacznij projekt Twojego nowego ogrodzenia ! Monta\u017c jest \u0142atwy i odbywa si\u0119 na przyk\u0142ad na standardowych s\u0142upkach 60&#215;40 stosowanych do monta\u017cu ogrodzeniowych peneli kratowych.&nbsp;<\/p>\n<\/p><\/div>\n<\/p><\/div>\n<p>\t\t\t\t<!-- \/lc-block --><br \/>\n\t\t\t\t<!-- \/lc-block -->\n\t\t\t<\/div>\n<\/p><\/div>\n<div class=\"row mt-5\">\n<div class=\"col-lg-6 order-2 mt-5 order-lg-1 align-self-center\">\n<div class=\"lc-block\">\n<div editable=\"rich\">\n<h2>Kolumny na listy i paczki<\/h2>\n<p>Elegancki s\u0142upek skrzynki na listy uzupe\u0142nia bram\u0119 jako zapraszaj\u0105cy element. Wrzut od zewn\u0105trz, wyj\u0119cie od wewn\u0105trz. Mo\u017ce s\u0142u\u017cy\u0107 jako s\u0142upek odbojowy do bram dla pieszych lub s\u0142upek wjazdowy do bram przesuwnych.<\/p>\n<p><\/p>\n<p>W czasach rosn\u0105cego handlu internetowego, nieskomplikowane i niezawodne odbieranie przesy\u0142ek staje si\u0119 coraz wa\u017cniejsze, niezale\u017cnie od tego, czy jeste\u015b w domu, czy poza nim. Nasze kolumny pakietowe mo\u017cna w pe\u0142ni zintegrowa\u0107 na etapie planowania lub zmodernizowa\u0107 w p\u00f3\u017aniejszym terminie. Otwieranie kodem, kluczem lub telefonem kom\u00f3rkowym &#8211; decyzja nale\u017cy do Ciebie.<\/p>\n<p><\/p>\n<\/p><\/div>\n<\/p><\/div>\n<p>\t\t\t\t<!-- \/lc-block --><br \/>\n\t\t\t\t<!-- \/lc-block -->\n\t\t\t<\/div>\n<div class=\"col-lg-6 order-1 order-lg-2 align-self-center\">\n<div class=\"lc-block about-img-shape position-relative\"> <img loading=\"lazy\" decoding=\"async\" class=\"img-fluid\" src=\"https:\/\/holler-tore.at\/wp-content\/uploads\/2021\/11\/17.png\" alt=\"\" width=\"600\" height=\"500\" srcset=\"https:\/\/holler-tore.at\/wp-content\/uploads\/2021\/11\/17.png 600w, https:\/\/holler-tore.at\/wp-content\/uploads\/2021\/11\/17-300x250.png 300w\" sizes=\"(max-width: 600px) 100vw, 600px\">\n\t\t\t\t<\/div>\n<\/p><\/div>\n<\/p><\/div>\n<\/p><\/div>\n<\/section>\n<section class=\"pt-5 pb-5\">\n<div class=\"container py-5 text-center\">\n<div class=\"row\">\n<div class=\"col-md-8 offset-md-2 px-4\">\n<div class=\"lc-block\">\n\t\t\t\t\t<svg xmlns=\"http:\/\/www.w3.org\/2000\/svg\" viewBox=\"0 0 448 512\" width=\"5em\" height=\"5em\" lc-helper=\"svg-icon\" fill=\"currentColor\" class=\"text-danger\">\n\t\t\t\t\t\t<path d=\"M313.6 304c-28.7 0-42.5 16-89.6 16-47.1 0-60.8-16-89.6-16C60.2 304 0 364.2 0 438.4V464c0 26.5 21.5 48 48 48h352c26.5 0 48-21.5 48-48v-25.6c0-74.2-60.2-134.4-134.4-134.4zM400 464H48v-25.6c0-47.6 38.8-86.4 86.4-86.4 14.6 0 38.3 16 89.6 16 51.7 0 74.9-16 89.6-16 47.6 0 86.4 38.8 86.4 86.4V464zM224 288c79.5 0 144-64.5 144-144S303.5 0 224 0 80 64.5 80 144s64.5 144 144 144zm0-240c52.9 0 96 43.1 96 96s-43.1 96-96 96-96-43.1-96-96 43.1-96 96-96z\"><\/path>\n\t\t\t\t\t<\/svg>\n\t\t\t\t<\/div>\n<div class=\"lc-block mb-4 mt-4\">\n<div editable=\"rich\">\n<h2><strong>SKONTAKTUJ SI\u0118 Z NAMI<\/strong><\/h2>\n<\/p><\/div>\n<\/p><\/div>\n<div class=\"lc-block mb-4\">\n<div editable=\"rich\">\n<p>Jeste\u015bmy do Twojej dyspozycji. Znajd\u017a w\u0142a\u015bciwy kontakt dla Austrii, Niemiec, Szwajcarii, Polski i Francji<\/p>\n<\/p><\/div>\n<\/p><\/div>\n<div class=\"lc-block\"><a class=\"btn btn-primary btn-xl js-scroll-trigger\" href=\"https:\/\/holler-tore.at\/pl\/kontakt\/\" role=\"button\">Skontaktuj si\u0119 teraz<\/a><\/div>\n<p><!-- \/lc-block -->\n\t\t\t<\/div>\n<\/p><\/div>\n<\/p><\/div>\n<\/section>\n","protected":false},"excerpt":{"rendered":"<p>Maksymalna elastyczno\u015b\u0107 i wszechstronno\u015b\u0107. HOLLER&nbsp; HOME Nasze produkty z serii HOLLER HOME s\u0105 elastyczne w u\u017cyciu, r\u00f3\u017cnorodne w designie i [&hellip;]<\/p>\n","protected":false},"author":1,"featured_media":0,"parent":1844,"menu_order":0,"comment_status":"closed","ping_status":"closed","template":"","meta":{"_seopress_robots_primary_cat":"","_seopress_titles_title":"","_seopress_titles_desc":"","_seopress_robots_index":"","footnotes":""},"class_list":["post-1866","page","type-page","status-publish","hentry"],"aioseo_notices":[],"_links":{"self":[{"href":"https:\/\/holler-tore.at\/pl\/wp-json\/wp\/v2\/pages\/1866","targetHints":{"allow":["GET"]}}],"collection":[{"href":"https:\/\/holler-tore.at\/pl\/wp-json\/wp\/v2\/pages"}],"about":[{"href":"https:\/\/holler-tore.at\/pl\/wp-json\/wp\/v2\/types\/page"}],"author":[{"embeddable":true,"href":"https:\/\/holler-tore.at\/pl\/wp-json\/wp\/v2\/users\/1"}],"replies":[{"embeddable":true,"href":"https:\/\/holler-tore.at\/pl\/wp-json\/wp\/v2\/comments?post=1866"}],"version-history":[{"count":4,"href":"https:\/\/holler-tore.at\/pl\/wp-json\/wp\/v2\/pages\/1866\/revisions"}],"predecessor-version":[{"id":4424,"href":"https:\/\/holler-tore.at\/pl\/wp-json\/wp\/v2\/pages\/1866\/revisions\/4424"}],"up":[{"embeddable":true,"href":"https:\/\/holler-tore.at\/pl\/wp-json\/wp\/v2\/pages\/1844"}],"wp:attachment":[{"href":"https:\/\/holler-tore.at\/pl\/wp-json\/wp\/v2\/media?parent=1866"}],"curies":[{"name":"wp","href":"https:\/\/api.w.org\/{rel}","templated":true}]}}