{"id":1860,"date":"2022-01-16T22:53:37","date_gmt":"2022-01-16T21:53:37","guid":{"rendered":"http:\/\/demohollertore.webkop.at\/produkty\/holler-diy\/"},"modified":"2024-03-08T09:44:10","modified_gmt":"2024-03-08T08:44:10","slug":"holler-diy","status":"publish","type":"page","link":"https:\/\/holler-tore.at\/pl\/produkty\/holler-diy\/","title":{"rendered":"Holler DIY"},"content":{"rendered":"<section>\n<div class=\"d-flex container-fluid\" lc-helper=\"background\" style=\"height:35vh;background:url(https:\/\/holler-tore.at\/wp-content\/uploads\/2022\/01\/latte100-scaled.jpg) center \/ cover no-repeat;\">\n\t<\/div>\n<div class=\"container p-5 bg-light\" style=\"margin-top:-100px\">\n<div class=\"row\">\n<div class=\"col-md-12 align-self-center\">\n<div class=\"lc-block\">\n<div editable=\"rich\">\n<p>Rzemios\u0142o z zachowaniem najwy\u017cszych standard\u00f3w.<\/p>\n<\/p><\/div>\n<\/p><\/div>\n<p><!-- \/lc-block --><\/p>\n<div class=\"lc-block \">\n<div editable=\"rich\">\n<h1 editable=\"inline\" class=\"\">HOLLER&nbsp; <strong class=\"text-danger\">DIY<\/strong><\/h1>\n<\/p><\/div>\n<\/p><\/div>\n<div class=\"lc-block\">\n<div editable=\"rich\">\n<p> Nasz modu\u0142owy system \u201ezr\u00f3b to sam\u201d oparty jest na ustandaryzowanych komponentach, z kt\u00f3rych mo\u017cna zbudowa\u0107 niezliczone rozwi\u0105zania. Z \u0142atwo\u015bci\u0105 dostosuj bramy i ogrodzenia do istniej\u0105cych warunk\u00f3w konstrukcyjnych i lokalnych oraz ciesz si\u0119 \u0142atwo\u015bci\u0105 monta\u017cu. Jako\u015b\u0107 &#8211; jest w Twoich r\u0119kach.<\/p>\n<\/p><\/div>\n<\/p><\/div>\n<p><!-- \/lc-block --><\/p>\n<div class=\"lc-block\"><a class=\"btn btn-primary btn-xl js-scroll-trigger\" href=\"https:\/\/holler-tore.at\/pl\/kontakt\/\" role=\"button\">Skontaktuj si\u0119 teraz<\/a><\/div>\n<p><!-- \/lc-block -->\n\t\t\t<\/div>\n<p><!-- \/col -->\n\t\t<\/div>\n<\/p><\/div>\n<\/section>\n<section class=\"text-dark\">\n<div class=\"container py-5\">\n<div class=\"row mt-5\">\n<div class=\"col-lg-6 align-self-center\">\n<div class=\"lc-block about-img-shape position-relative\"> <img fetchpriority=\"high\" decoding=\"async\" class=\"img-fluid\" src=\"https:\/\/holler-tore.at\/wp-content\/uploads\/2022\/01\/GLNW0025-1.jpg\" alt=\"\" width=\"1024\" height=\"768\" srcset=\"https:\/\/holler-tore.at\/wp-content\/uploads\/2022\/01\/GLNW0025-1.jpg 1024w, https:\/\/holler-tore.at\/wp-content\/uploads\/2022\/01\/GLNW0025-1-300x225.jpg 300w, https:\/\/holler-tore.at\/wp-content\/uploads\/2022\/01\/GLNW0025-1-768x576.jpg 768w\" sizes=\"(max-width: 1024px) 100vw, 1024px\">\n\t\t\t\t<\/div>\n<\/p><\/div>\n<div class=\"col-lg-6 align-self-center mt-5\">\n<div class=\"lc-block\">\n<div editable=\"rich\">\n<h2>Bramy przesuwne<br \/><\/h2>\n<p class=\"\">Zrealizuj swoj\u0105 \u201ebram\u0119 marze\u0144\u201d i wybierz spo\u015br\u00f3d 4 r\u00f3\u017cnych d\u0142ugo\u015bci i 6 r\u00f3\u017cnych wysoko\u015bci.<\/p>\n<p class=\"\">Antracyt, bia\u0142e aluminium lub ziele\u0144 mchu. Odporna na zarysowania i warunki atmosferyczne pow\u0142oka proszkowa zmniejsza nak\u0142ady na konserwacj\u0119 i gwarantuje pi\u0119kno na d\u0142ugie lata.<\/p>\n<p class=\"\">Je\u015bli potrzebujesz wsparcia, nasze instrukcje monta\u017cu i filmy dostarczaj\u0105 niezb\u0119dnych informacji.&nbsp;<\/p>\n<\/p><\/div>\n<\/p><\/div>\n<p>\t\t\t\t<!-- \/lc-block --><br \/>\n\t\t\t\t<!-- \/lc-block -->\n\t\t\t<\/div>\n<\/p><\/div>\n<div class=\"row mt-5\">\n<div class=\"col-lg-6 order-2 order-lg-1 mt-5 align-self-center\">\n<div class=\"lc-block\">\n<div editable=\"rich\">\n<h2>Bramy obrotowe i drzwi dla pieszych<\/h2>\n<p>Bramy dwuskrzyd\u0142owe o optymalnych szeroko\u015bciach przejazdu dost\u0119pne s\u0105 w r\u00f3\u017cnych wymiarach i wykonaniach. Do wyboru r\u00f3\u017cne wype\u0142nienia: pr\u0119t, blacha perforowana, blacha g\u0142adka, listwa i kute aluminium. Zapewniony jest r\u00f3wnie\u017c wysoki komfort obs\u0142ugi: bram\u0119 skrzyd\u0142ow\u0105 mo\u017cna otwiera\u0107 i zamyka\u0107 r\u0119cznie lub automatycznie.<\/p>\n<p>Po\u0142\u0105cz bram\u0119 skrzyd\u0142ow\u0105 z pasuj\u0105c\u0105 bram\u0105 dla pieszych i uzyskaj sp\u00f3jny technicznie i wizualnie og\u00f3lny obraz.<\/p>\n<\/p><\/div>\n<\/p><\/div>\n<p>\t\t\t\t<!-- \/lc-block --><br \/>\n\t\t\t\t<!-- \/lc-block -->\n\t\t\t<\/div>\n<div class=\"col-lg-6 order-1 order-lg-2 align-self-center\">\n<div class=\"lc-block about-img-shape position-relative\"> <img decoding=\"async\" class=\"img-fluid\" src=\"https:\/\/holler-tore.at\/wp-content\/uploads\/2022\/01\/24-scaled.jpg\" alt=\"\" width=\"2560\" height=\"1920\" srcset=\"https:\/\/holler-tore.at\/wp-content\/uploads\/2022\/01\/24-scaled.jpg 2560w, https:\/\/holler-tore.at\/wp-content\/uploads\/2022\/01\/24-300x225.jpg 300w, https:\/\/holler-tore.at\/wp-content\/uploads\/2022\/01\/24-1024x768.jpg 1024w, https:\/\/holler-tore.at\/wp-content\/uploads\/2022\/01\/24-768x576.jpg 768w, https:\/\/holler-tore.at\/wp-content\/uploads\/2022\/01\/24-1536x1152.jpg 1536w, https:\/\/holler-tore.at\/wp-content\/uploads\/2022\/01\/24-2048x1536.jpg 2048w\" sizes=\"(max-width: 2560px) 100vw, 2560px\">\n\t\t\t\t<\/div>\n<\/p><\/div>\n<\/p><\/div>\n<\/p><\/div>\n<\/section>\n<section class=\"bg-dark text-white mb-5 pb-5\">\n<div class=\"container py-5\">\n<div class=\"row mt-5\">\n<div class=\"col-lg-6 align-self-center\">\n<div class=\"lc-block about-img-shape position-relative\"> <img decoding=\"async\" class=\"img-fluid\" src=\"https:\/\/holler-tore.at\/wp-content\/uploads\/2022\/01\/DIY-Zaunpannel-2-scaled.jpg\" alt=\"\" width=\"2560\" height=\"1707\" srcset=\"https:\/\/holler-tore.at\/wp-content\/uploads\/2022\/01\/DIY-Zaunpannel-2-scaled.jpg 2560w, https:\/\/holler-tore.at\/wp-content\/uploads\/2022\/01\/DIY-Zaunpannel-2-300x200.jpg 300w, https:\/\/holler-tore.at\/wp-content\/uploads\/2022\/01\/DIY-Zaunpannel-2-1024x683.jpg 1024w, https:\/\/holler-tore.at\/wp-content\/uploads\/2022\/01\/DIY-Zaunpannel-2-768x512.jpg 768w, https:\/\/holler-tore.at\/wp-content\/uploads\/2022\/01\/DIY-Zaunpannel-2-1536x1024.jpg 1536w, https:\/\/holler-tore.at\/wp-content\/uploads\/2022\/01\/DIY-Zaunpannel-2-2048x1365.jpg 2048w\" sizes=\"(max-width: 2560px) 100vw, 2560px\">\n\t\t\t\t<\/div>\n<\/p><\/div>\n<div class=\"col-lg-6 mt-5 align-self-center\">\n<div class=\"lc-block\">\n<div editable=\"rich\">\n<h2>Ogrodzenia<br \/><\/h2>\n<p>Wybierz wysoko\u015b\u0107, szeroko\u015b\u0107, kolor i model i zacznij! Monta\u017c jest \u0142atwy i odbywa si\u0119 na standardowych s\u0142upkach z podw\u00f3jnej maty pr\u0119towej w tym samym systemie mocowania.<\/p>\n<p>Zapewniamy niezawodn\u0105 i atrakcyjn\u0105 wizualnie ochron\u0119 Twojej w\u0142asno\u015bci.<\/p>\n<\/p><\/div>\n<\/p><\/div>\n<p>\t\t\t\t<!-- \/lc-block --><br \/>\n\t\t\t\t<!-- \/lc-block -->\n\t\t\t<\/div>\n<\/p><\/div>\n<\/p><\/div>\n<\/section>\n<section class=\"pt-5 pb-5\">\n<div class=\"container py-5 text-center\">\n<div class=\"row\">\n<div class=\"col-md-8 offset-md-2 px-4\">\n<div class=\"lc-block\">\n\t\t\t\t\t<svg xmlns=\"http:\/\/www.w3.org\/2000\/svg\" viewbox=\"0 0 448 512\" width=\"5em\" height=\"5em\" lc-helper=\"svg-icon\" fill=\"currentColor\" class=\"text-danger\">\n\t\t\t\t\t\t<path d=\"M313.6 304c-28.7 0-42.5 16-89.6 16-47.1 0-60.8-16-89.6-16C60.2 304 0 364.2 0 438.4V464c0 26.5 21.5 48 48 48h352c26.5 0 48-21.5 48-48v-25.6c0-74.2-60.2-134.4-134.4-134.4zM400 464H48v-25.6c0-47.6 38.8-86.4 86.4-86.4 14.6 0 38.3 16 89.6 16 51.7 0 74.9-16 89.6-16 47.6 0 86.4 38.8 86.4 86.4V464zM224 288c79.5 0 144-64.5 144-144S303.5 0 224 0 80 64.5 80 144s64.5 144 144 144zm0-240c52.9 0 96 43.1 96 96s-43.1 96-96 96-96-43.1-96-96 43.1-96 96-96z\"><\/path>\n\t\t\t\t\t<\/svg>\n\t\t\t\t<\/div>\n<div class=\"lc-block mb-4 mt-4\">\n<div editable=\"rich\">\n<h2><strong>SKONTAKTUJ SI\u0118 Z NAMI<\/strong><\/h2>\n<\/p><\/div>\n<\/p><\/div>\n<div class=\"lc-block mb-4\">\n<div editable=\"rich\">\n<p>Jeste\u015bmy do Twojej dyspozycji. Znajd\u017a w\u0142a\u015bciwy kontakt dla Austrii, Niemiec, Szwajcarii, Polski i Francji<\/p>\n<\/p><\/div>\n<\/p><\/div>\n<div class=\"lc-block\"><a class=\"btn btn-primary btn-xl js-scroll-trigger\" href=\"https:\/\/holler-tore.at\/pl\/kontakt\/\" role=\"button\">Skontaktuj si\u0119 teraz<\/a><\/div>\n<p><!-- \/lc-block -->\n\t\t\t<\/div>\n<\/p><\/div>\n<\/p><\/div>\n<\/section>\n","protected":false},"excerpt":{"rendered":"<p>Rzemios\u0142o z zachowaniem najwy\u017cszych standard\u00f3w. HOLLER&nbsp; DIY Nasz modu\u0142owy system \u201ezr\u00f3b to sam\u201d oparty jest na ustandaryzowanych komponentach, z kt\u00f3rych [&hellip;]<\/p>\n","protected":false},"author":1,"featured_media":0,"parent":1844,"menu_order":0,"comment_status":"closed","ping_status":"closed","template":"","meta":{"_seopress_robots_primary_cat":"","_seopress_titles_title":"","_seopress_titles_desc":"","_seopress_robots_index":"","footnotes":""},"class_list":["post-1860","page","type-page","status-publish","hentry"],"aioseo_notices":[],"_links":{"self":[{"href":"https:\/\/holler-tore.at\/pl\/wp-json\/wp\/v2\/pages\/1860","targetHints":{"allow":["GET"]}}],"collection":[{"href":"https:\/\/holler-tore.at\/pl\/wp-json\/wp\/v2\/pages"}],"about":[{"href":"https:\/\/holler-tore.at\/pl\/wp-json\/wp\/v2\/types\/page"}],"author":[{"embeddable":true,"href":"https:\/\/holler-tore.at\/pl\/wp-json\/wp\/v2\/users\/1"}],"replies":[{"embeddable":true,"href":"https:\/\/holler-tore.at\/pl\/wp-json\/wp\/v2\/comments?post=1860"}],"version-history":[{"count":4,"href":"https:\/\/holler-tore.at\/pl\/wp-json\/wp\/v2\/pages\/1860\/revisions"}],"predecessor-version":[{"id":9655,"href":"https:\/\/holler-tore.at\/pl\/wp-json\/wp\/v2\/pages\/1860\/revisions\/9655"}],"up":[{"embeddable":true,"href":"https:\/\/holler-tore.at\/pl\/wp-json\/wp\/v2\/pages\/1844"}],"wp:attachment":[{"href":"https:\/\/holler-tore.at\/pl\/wp-json\/wp\/v2\/media?parent=1860"}],"curies":[{"name":"wp","href":"https:\/\/api.w.org\/{rel}","templated":true}]}}