{"id":1844,"date":"2022-01-16T22:49:22","date_gmt":"2022-01-16T21:49:22","guid":{"rendered":"http:\/\/demohollertore.webkop.at\/produkty\/"},"modified":"2022-08-17T10:06:09","modified_gmt":"2022-08-17T08:06:09","slug":"produkty","status":"publish","type":"page","link":"https:\/\/holler-tore.at\/pl\/produkty\/","title":{"rendered":"Produkty"},"content":{"rendered":"<section>\n<div class=\"container\">\n<div class=\"row\">\n<div class=\"col-md-12\">\n<div class=\"lc-block\">\n<div editable=\"rich\">\n<h1>Nasze Produkty<\/h1>\n<\/p><\/div>\n<\/p><\/div>\n<p><!-- \/lc-block -->\n\t\t\t<\/div>\n<p><!-- \/col -->\n\t\t<\/div>\n<\/p><\/div>\n<\/section>\n<section class=\"pt-5 pb-5 bg-dark text-white mb-5\">\n<div class=\"container\">\n<div class=\"row\">\n<div class=\"col-md-12 text-center\">\n<div class=\"lc-block\">\n<h2 editable=\"inline\" class=\"mb-3 font-weight-bold display-4\">Cele dla <span class=\"text-primary\">\u015aWIATA<\/span><\/h2>\n<p editable=\"inline\" class=\"\">&nbsp;<br \/>Ciekawo\u015b\u0107 i nami\u0119tny entuzjazm dla technologii s\u0105 dla nas zar\u00f3wno nap\u0119dem, jak i motywacj\u0105. Nasz zesp\u00f3\u0142 in\u017cynier\u00f3w opracowuje innowacyjne, najnowocze\u015bniejsze rozwi\u0105zania i jednocze\u015bnie zajmuje si\u0119 optymalizacj\u0105 istniej\u0105cych produkt\u00f3w. Efektem najwy\u017cszego poziomu rzemios\u0142a i najnowocze\u015bniejszej technologii s\u0105 rozwi\u0105zania szyte na miar\u0119 dla szerokiego portfolio produkt\u00f3w. Dostosowane do wymaga\u0144 globalnego rynku nasze systemy znajduj\u0105 zastosowanie w przemy\u015ble i handlu oraz w sektorze prywatnym.<\/p>\n<\/p><\/div>\n<p>\t\t\t\t<!-- \/lc-block -->\n\t\t\t<\/div>\n<\/p><\/div>\n<div class=\"row mt-5 pt-4 pb-4 no-gutters\">\n<div class=\"col-md-4 text-center card-hover \" data-aos=\"fade-right\" data-aos-delay=\"200\" data-aos-duration=\"1500\">\n\t\t\t\t<a href=\"https:\/\/holler-tore.at\/pl\/produkty\/holler-pro\/\" class=\"text-white\"><\/p>\n<div class=\"lc-block\">\n\t\t\t\t\t\t<img decoding=\"async\" class=\"img-fluid w-25\" src=\"https:\/\/holler-tore.at\/wp-content\/uploads\/2021\/11\/icon_industry.svg\" width=\"0\" height=\"0\" srcset=\"\" sizes=\"\" alt=\"\">\n\t\t\t\t\t<\/div>\n<p>\t\t\t\t\t<!-- \/lc-block --><\/p>\n<div class=\"lc-block p-4 text-center\">\n<div>\n<h3 class=\"mb-4 text-center\" editable=\"inline\">\n HOLLER <strong class=\"text-primary \">PRO<\/strong><br \/>\n\t\t\t\t\t\t\t<\/h3>\n<\/p><\/div>\n<div editable=\"rich\">\n<p>systemy dla sektora przemys\u0142owego. Maksymalne wymiary do 50 m szeroko\u015bci i 6 m wysoko\u015bci. Wytrzyma\u0142o\u015b\u0107 i niezawodno\u015b\u0107 do intensywnego u\u017cytkowania.<\/p>\n<\/p><\/div>\n<\/p><\/div>\n<p><!-- \/lc-block --><br \/>\n\t\t\t\t<\/a>\n\t\t\t<\/div>\n<div class=\"col-md-4 text-center card-hover \" data-aos=\"fade-right\" data-aos-delay=\"500\" data-aos-duration=\"1500\">\n\t\t\t\t<a href=\"https:\/\/holler-tore.at\/pl\/produkty\/dom-hollera\/\" class=\"text-white\"><\/p>\n<div class=\"lc-block\">\n\t\t\t\t\t\t<img decoding=\"async\" class=\"img-fluid w-25\" src=\"https:\/\/holler-tore.at\/wp-content\/uploads\/2021\/11\/icon_house.svg\" width=\"\" height=\"\" srcset=\"\" sizes=\"\" alt=\"icon_house\">\n\t\t\t\t\t<\/div>\n<p>\t\t\t\t\t<!-- \/lc-block --><\/p>\n<div class=\"lc-block p-4 text-center\">\n<div>\n<h3 class=\"mb-4 text-center\" editable=\"inline\">\n HOLLER <strong class=\"text-primary\">DOM<\/strong><\/h3>\n<\/p><\/div>\n<div editable=\"rich\">\n<p>Systemy dla sektora prywatnego. Maksymalna elastyczno\u015b\u0107 i specjalna r\u00f3\u017cnorodno\u015b\u0107. Gwarantowana prywatno\u015b\u0107 z wysokim efektem dekoracyjnym.<\/p>\n<\/p><\/div>\n<\/p><\/div>\n<p><!-- \/lc-block --><br \/>\n\t\t\t\t<\/a>\n\t\t\t<\/div>\n<div class=\"col-md-4 text-center card-hover \" data-aos=\"fade-right\" data-aos-delay=\"800\" data-aos-duration=\"1500\"><a href=\"https:\/\/holler-tore.at\/pl\/produkty\/holler-diy\/\" class=\"text-white\"><\/p>\n<div class=\"lc-block\">\n\t\t\t\t\t\t<img decoding=\"async\" class=\"img-fluid w-25\" src=\"https:\/\/holler-tore.at\/wp-content\/uploads\/2021\/11\/icon_diy.svg\" width=\"\" height=\"\" srcset=\"\" sizes=\"\" alt=\"icon_diy\">\n\t\t\t\t\t<\/div>\n<p>\t\t\t\t\t<!-- \/lc-block --><\/p>\n<div class=\"lc-block p-4 text-center\">\n<div>\n<h3 class=\"mb-4 text-center\" editable=\"inline\">\n HOLLER <strong class=\"text-primary\">DIY<\/strong><\/h3>\n<\/p><\/div>\n<div editable=\"rich\">\n<p>Zr\u00f3b to sam Standaryzowane komponenty, niezliczone kombinacje i \u0142atwy monta\u017c. Dla monter\u00f3w hobbyst\u00f3w i majsterkowicz\u00f3w.<\/p>\n<\/p><\/div>\n<\/p><\/div>\n<p><!-- \/lc-block --><br \/>\n\t\t\t\t<\/a><\/div>\n<\/p><\/div>\n<\/p><\/div>\n<\/section>\n","protected":false},"excerpt":{"rendered":"<p>Nasze Produkty Cele dla \u015aWIATA &nbsp;Ciekawo\u015b\u0107 i nami\u0119tny entuzjazm dla technologii s\u0105 dla nas zar\u00f3wno nap\u0119dem, jak i motywacj\u0105. Nasz [&hellip;]<\/p>\n","protected":false},"author":1,"featured_media":0,"parent":0,"menu_order":0,"comment_status":"closed","ping_status":"closed","template":"templates\/canvas-template.php","meta":{"_seopress_robots_primary_cat":"","_seopress_titles_title":"","_seopress_titles_desc":"","_seopress_robots_index":"","footnotes":""},"class_list":["post-1844","page","type-page","status-publish","hentry"],"aioseo_notices":[],"_links":{"self":[{"href":"https:\/\/holler-tore.at\/pl\/wp-json\/wp\/v2\/pages\/1844","targetHints":{"allow":["GET"]}}],"collection":[{"href":"https:\/\/holler-tore.at\/pl\/wp-json\/wp\/v2\/pages"}],"about":[{"href":"https:\/\/holler-tore.at\/pl\/wp-json\/wp\/v2\/types\/page"}],"author":[{"embeddable":true,"href":"https:\/\/holler-tore.at\/pl\/wp-json\/wp\/v2\/users\/1"}],"replies":[{"embeddable":true,"href":"https:\/\/holler-tore.at\/pl\/wp-json\/wp\/v2\/comments?post=1844"}],"version-history":[{"count":2,"href":"https:\/\/holler-tore.at\/pl\/wp-json\/wp\/v2\/pages\/1844\/revisions"}],"predecessor-version":[{"id":4445,"href":"https:\/\/holler-tore.at\/pl\/wp-json\/wp\/v2\/pages\/1844\/revisions\/4445"}],"wp:attachment":[{"href":"https:\/\/holler-tore.at\/pl\/wp-json\/wp\/v2\/media?parent=1844"}],"curies":[{"name":"wp","href":"https:\/\/api.w.org\/{rel}","templated":true}]}}