{"id":1832,"date":"2022-01-16T22:38:18","date_gmt":"2022-01-16T21:38:18","guid":{"rendered":"http:\/\/demohollertore.webkop.at\/jakosc\/"},"modified":"2022-09-25T10:19:56","modified_gmt":"2022-09-25T08:19:56","slug":"jakosc","status":"publish","type":"page","link":"https:\/\/holler-tore.at\/pl\/jakosc\/","title":{"rendered":"Jako\u015b\u0107 HOLLER"},"content":{"rendered":"<section>\n<div class=\"d-flex container-fluid\" style=\"height: 35vh; background: url('https:\/\/holler-tore.at\/wp-content\/uploads\/2022\/01\/Schiebetor-20m-Logistikcenter-01.jpg') center \/ cover no-repeat;\"><\/div>\n<div class=\"container p-5 bg-primary text-white align-self-center\" style=\"margin-top: -100px;\">\n<div class=\"row align-self-center\">\n<div class=\"col-md-12 align-self-center\">\n\t\t\t\t<!-- \/lc-block --><\/p>\n<div class=\"lc-block align-self-center\">\n<div>\n<h2 class=\"font-weight-bold\">Dla nas jako\u015b\u0107 nie jest pust\u0105 obietnic\u0105.<\/h2>\n<\/p><\/div>\n<\/p><\/div>\n<\/p><\/div>\n<p>\t\t\t<!-- \/col --><\/p><\/div>\n<\/p><\/div>\n<\/section>\n<section class=\"pt-5 pb-5\">\n<div class=\"container\">\n<div class=\"row\">\n<div class=\"col-md-6 align-self-center\">\n<div class=\"lc-block\">\n<div>\n<h2 class=\"text-danger\"><strong>Najnowocze\u015bniejszy zak\u0142ad produkcyjny<\/strong><\/h2>\n<p>\t\t\t\t\t\tNasze produkty wytwarzane s\u0105 wy\u0142\u0105cznie w Austrii w jednej z najnowocze\u015bniejszych fabryk bram i ogrodze\u0144 aluminiowych w Europie na hali o powierzchni 20 000 m2. Produkcja odbywa si\u0119 na w pe\u0142ni automatycznej linii wspieranej przez maszyny i roboty w ramach koncepcji Przemys\u0142u 4.0.<\/p>\n<p>\t\t\t\t\t\tZakres produkcji obejmuje kompletne badania i rozw\u00f3j, planowanie, produkcj\u0119 wyrob\u00f3w gotowych oraz logistyk\u0119.<\/p>\n<p>\t\t\t\t\t\tNasze elektrostatyczne malarnie proszkowe s\u0105 najwi\u0119szymi tego rodzaju liniami w Austrii i jednymi z najbardziej przyjaznych dla \u015brodowiska spo\u015br\u00f3d zak\u0142ad\u00f3w obr\u00f3bki powierzchni aluminiowych na \u015bwiecie.<\/p><\/div>\n<\/p><\/div>\n<p>\t\t\t\t<!-- \/lc-block --><\/p><\/div>\n<p>\t\t\t<!-- \/col --><\/p>\n<div class=\"col-md-6 align-self-center\">\n<div class=\"lc-block\"><img fetchpriority=\"high\" decoding=\"async\" class=\"img-fluid\" src=\"https:\/\/holler-tore.at\/wp-content\/uploads\/2022\/01\/halle-scaled.jpg\" sizes=\"(max-width: 2560px) 100vw, 2560px\" srcset=\"https:\/\/holler-tore.at\/wp-content\/uploads\/2022\/01\/halle-scaled.jpg 2560w, https:\/\/holler-tore.at\/wp-content\/uploads\/2022\/01\/halle-300x170.jpg 300w, https:\/\/holler-tore.at\/wp-content\/uploads\/2022\/01\/halle-1024x580.jpg 1024w, https:\/\/holler-tore.at\/wp-content\/uploads\/2022\/01\/halle-768x435.jpg 768w, https:\/\/holler-tore.at\/wp-content\/uploads\/2022\/01\/halle-1536x869.jpg 1536w, https:\/\/holler-tore.at\/wp-content\/uploads\/2022\/01\/halle-2048x1159.jpg 2048w\" alt=\"\" width=\"2560\" height=\"1449\"><\/div>\n<p>\t\t\t\t<!-- \/lc-block --><\/p><\/div>\n<p>\t\t\t<!-- \/col --><\/p><\/div>\n<\/p><\/div>\n<\/section>\n<section class=\"pt-5 pb-5 bg-dark text-light\">\n<div class=\"container\">\n<div class=\"row\">\n<div class=\"col-md-6\">\n<div class=\"lc-block\"><img decoding=\"async\" class=\"img-fluid\" src=\"https:\/\/holler-tore.at\/wp-content\/uploads\/2022\/01\/acetylene-1239328-scaled.jpg\"><\/div>\n<p>\t\t\t\t<!-- \/lc-block --><\/p><\/div>\n<p>\t\t\t<!-- \/col --><\/p>\n<div class=\"col-md-6 align-self-center mt-5\">\n<div class=\"lc-block\">\n<div>\n<h2 class=\"text-danger\"><strong>Wyj\u0105tkowo\u015b\u0107 i indywidualno\u015b\u0107<\/strong><\/h2>\n<p>\t\t\t\t\t\tNasze unikalne systemy aluminiowe, po\u0142\u0105czenia spawane, skr\u0119cane oraz klejone opracowane specjalnie do bram i ogrodze\u0144, gwarantuj\u0105 maksymaln\u0105 indywidualno\u015b\u0107 w po\u0142\u0105czeniu z najwy\u017csz\u0105 jako\u015bci\u0105. Ka\u017cdy produkt, kt\u00f3ry opuszcza nasz\u0105 firm\u0119, jest dok\u0142adnie testowany i dok\u0142adnie sprawdzany przed dostaw\u0105.<\/p><\/div>\n<\/p><\/div>\n<p>\t\t\t\t<!-- \/lc-block --><\/p><\/div>\n<p>\t\t\t<!-- \/col --><\/p><\/div>\n<\/p><\/div>\n<\/section>\n<section class=\"pt-5 pb-5\">\n<div class=\"container\">\n<div class=\"row\">\n<div class=\"col-md-6 order-2 order-md-1 align-self-center mt-4\">\n<div class=\"lc-block\">\n<div>\n<h2 class=\"text-danger\"><strong>Materia\u0142y wysokiej jako\u015bci<\/strong><\/h2>\n<p>\t\t\t\t\t\tAluminium, stal kortenowa, szk\u0142o i stal nierdzewna to tylko niekt\u00f3re materia\u0142y, z kt\u00f3rych wykonane s\u0105 nasze bramy i ogrodzenia. Wszystkie produkty z serii HOLLER PRO i HOLLER HOME posiadaj\u0105 wysokiej jako\u015bci lakierowanie proszkowe. Najwy\u017csza odporno\u015b\u0107 na warunki atmosferyczne, \u0142atwa piel\u0119gnacja, powierzchnie odporne na zarysowania zapewniaj\u0105 jako\u015b\u0107 i pi\u0119kno na d\u0142ugie lata.<\/p><\/div>\n<\/p><\/div>\n<p>\t\t\t\t<!-- \/lc-block --><\/p><\/div>\n<p>\t\t\t<!-- \/col --><\/p>\n<div class=\"col-md-6 order-1 order-md-2 \">\n<div class=\"lc-block\"><img decoding=\"async\" class=\"img-fluid\" src=\"https:\/\/holler-tore.at\/wp-content\/uploads\/2022\/01\/steel-tube-5528518_1920.jpg\" sizes=\"(max-width: 1920px) 100vw, 1920px\" srcset=\"https:\/\/holler-tore.at\/wp-content\/uploads\/2022\/01\/steel-tube-5528518_1920.jpg 1920w, https:\/\/holler-tore.at\/wp-content\/uploads\/2022\/01\/steel-tube-5528518_1920-300x158.jpg 300w, https:\/\/holler-tore.at\/wp-content\/uploads\/2022\/01\/steel-tube-5528518_1920-1024x540.jpg 1024w, https:\/\/holler-tore.at\/wp-content\/uploads\/2022\/01\/steel-tube-5528518_1920-768x405.jpg 768w, https:\/\/holler-tore.at\/wp-content\/uploads\/2022\/01\/steel-tube-5528518_1920-1536x810.jpg 1536w\" alt=\"\" width=\"1920\" height=\"1013\"><\/div>\n<p>\t\t\t\t<!-- \/lc-block --><\/p><\/div>\n<p>\t\t\t<!-- \/col --><\/p><\/div>\n<\/p><\/div>\n<\/section>\n<section class=\"pt-5 pb-5 bg-dark text-light\">\n<div class=\"container\">\n<div class=\"row\">\n<div class=\"col-md-6\">\n<div class=\"lc-block\"><img decoding=\"async\" class=\"alignnone size-medium wp-image-2686\" src=\"https:\/\/holler-tore.at\/wp-content\/uploads\/2022\/08\/Holler-zertifizierungen-web-1-300x180.png\" alt=\"\" width=\"300\" height=\"180\" srcset=\"https:\/\/holler-tore.at\/wp-content\/uploads\/2022\/08\/Holler-zertifizierungen-web-1-300x180.png 300w, https:\/\/holler-tore.at\/wp-content\/uploads\/2022\/08\/Holler-zertifizierungen-web-1-768x461.png 768w, https:\/\/holler-tore.at\/wp-content\/uploads\/2022\/08\/Holler-zertifizierungen-web-1.png 1000w\" sizes=\"(max-width: 300px) 100vw, 300px\"><\/div>\n<p>\t\t\t\t<!-- \/lc-block --><\/p><\/div>\n<p>\t\t\t<!-- \/col --><\/p>\n<div class=\"col-md-6 align-self-center\">\n<div class=\"lc-block mt-4\">\n<div>\n<h2 class=\"text-danger\"><strong>Certyfikacja i nagroda<\/strong><\/h2>\n<p>\t\t\t\t\t\tNasze produkty wytwarzane s\u0105 zgodnie z surowymi normami jako\u015bci i spe\u0142niaj\u0105 wymagania norm ISO 9001, EN 1090 oraz EN 13241-1. Wszystkie bramy przesuwne, skrzyd\u0142owe, sk\u0142adane i szlabany posiadaj\u0105 znak jako\u015bci HQ.<\/p><\/div>\n<\/p><\/div>\n<p>\t\t\t\t<!-- \/lc-block --><\/p><\/div>\n<p>\t\t\t<!-- \/col --><\/p><\/div>\n<\/p><\/div>\n<\/section>\n<section class=\"pt-5 pb-5\">\n<div class=\"container py-5 text-center\">\n<div class=\"row\">\n<div class=\"col-md-8 offset-md-2 px-4\">\n<div class=\"lc-block mb-4 mt-4\">\n<div>\n<h2><strong>SKONTAKTUJ SI\u0118 Z NAMI<\/strong><\/h2>\n<\/p><\/div>\n<\/p><\/div>\n<div class=\"lc-block mb-4\">\n<div>\n<p>\t\t\t\t\t\tJeste\u015bmy do Twojej dyspozycji. Znajd\u017a w\u0142a\u015bciwy kontakt dla Austrii, Niemiec, Szwajcarii, Polski i Francji<\/p><\/div>\n<\/p><\/div>\n<div class=\"lc-block\"><a class=\"btn btn-primary btn-xl js-scroll-trigger\" role=\"button\" href=\"https:\/\/holler-tore.at\/pl\/kontakt\/\">Skontaktuj si\u0119 teraz<\/a><\/div>\n<p>\t\t\t\t<!-- \/lc-block --><\/p><\/div>\n<\/p><\/div>\n<\/p><\/div>\n<\/section>\n","protected":false},"excerpt":{"rendered":"<p>Dla nas jako\u015b\u0107 nie jest pust\u0105 obietnic\u0105. Najnowocze\u015bniejszy zak\u0142ad produkcyjny Nasze produkty wytwarzane s\u0105 wy\u0142\u0105cznie w Austrii w jednej z [&hellip;]<\/p>\n","protected":false},"author":1,"featured_media":0,"parent":0,"menu_order":0,"comment_status":"closed","ping_status":"closed","template":"templates\/canvas-template.php","meta":{"_seopress_robots_primary_cat":"","_seopress_titles_title":"","_seopress_titles_desc":"","_seopress_robots_index":"","footnotes":""},"class_list":["post-1832","page","type-page","status-publish","hentry"],"aioseo_notices":[],"_links":{"self":[{"href":"https:\/\/holler-tore.at\/pl\/wp-json\/wp\/v2\/pages\/1832","targetHints":{"allow":["GET"]}}],"collection":[{"href":"https:\/\/holler-tore.at\/pl\/wp-json\/wp\/v2\/pages"}],"about":[{"href":"https:\/\/holler-tore.at\/pl\/wp-json\/wp\/v2\/types\/page"}],"author":[{"embeddable":true,"href":"https:\/\/holler-tore.at\/pl\/wp-json\/wp\/v2\/users\/1"}],"replies":[{"embeddable":true,"href":"https:\/\/holler-tore.at\/pl\/wp-json\/wp\/v2\/comments?post=1832"}],"version-history":[{"count":9,"href":"https:\/\/holler-tore.at\/pl\/wp-json\/wp\/v2\/pages\/1832\/revisions"}],"predecessor-version":[{"id":5093,"href":"https:\/\/holler-tore.at\/pl\/wp-json\/wp\/v2\/pages\/1832\/revisions\/5093"}],"wp:attachment":[{"href":"https:\/\/holler-tore.at\/pl\/wp-json\/wp\/v2\/media?parent=1832"}],"curies":[{"name":"wp","href":"https:\/\/api.w.org\/{rel}","templated":true}]}}