{"id":1827,"date":"2022-01-16T22:36:17","date_gmt":"2022-01-16T21:36:17","guid":{"rendered":"http:\/\/demohollertore.webkop.at\/kontakt\/"},"modified":"2026-02-20T12:01:24","modified_gmt":"2026-02-20T11:01:24","slug":"kontakt","status":"publish","type":"page","link":"https:\/\/holler-tore.at\/pl\/kontakt\/","title":{"rendered":"Kontakt"},"content":{"rendered":"<section>\n<div class=\"container\">\n<div class=\"row\">\n<div class=\"col-md-12\">\n<div class=\"lc-block\">\n<div editable=\"rich\">\n<h2>Znajd\u017a odpowiedni kontakt w swoim kraju<\/h2>\n<\/p>\n<p>Holler Tore jest dost\u0119pny w wielu krajach<\/p>\n<\/p><\/div>\n<\/p><\/div>\n<p><!-- \/lc-block -->\n\t\t\t<\/div>\n<p><!-- \/col -->\n\t\t<\/div>\n<\/p><\/div>\n<\/section>\n<section>\n<div class=\"container mt-5 mb-5\">\n<div class=\"row\">\n<div class=\"col-lg-4 col-8 offset-2 offset-lg-0 text-center mt-3 \">\n\t\t\t\t<!-- \/lc-block --><\/p>\n<div class=\"lc-block\">\n<div class=\"card p-1 p-md-4 mb-4 mb-lg-0\" lc-helper=\"background\" style=\"background:url(https:\/\/images.unsplash.com\/photo-1520503922584-590e8f7a90d7?crop=entropy&amp;cs=tinysrgb&amp;fit=crop&amp;fm=jpg&amp;ixid=MnwzNzg0fDB8MXxzZWFyY2h8MXx8QXVzdHJpYXxlbnwwfDB8fHwxNjU2MTU1NzI5&amp;ixlib=rb-1.2.1&amp;q=80&amp;w=1080&amp;h=768)  center \/ cover no-repeat; background-color:#ccc; background-blend-mode: overlay;\">\n<div class=\"card-body\">\n<div class=\"lc-block\"> <img fetchpriority=\"high\" decoding=\"async\" class=\"img-fluid\" src=\"https:\/\/holler-tore.at\/wp-content\/uploads\/2022\/06\/icon_flag_aut_01.png\" width=\"812\" height=\"812\" srcset=\"https:\/\/holler-tore.at\/wp-content\/uploads\/2022\/06\/icon_flag_aut_01.png 812w, https:\/\/holler-tore.at\/wp-content\/uploads\/2022\/06\/icon_flag_aut_01-300x300.png 300w, https:\/\/holler-tore.at\/wp-content\/uploads\/2022\/06\/icon_flag_aut_01-150x150.png 150w, https:\/\/holler-tore.at\/wp-content\/uploads\/2022\/06\/icon_flag_aut_01-768x768.png 768w\" sizes=\"(max-width: 812px) 100vw, 812px\" alt=\"\"><\/div>\n<div class=\"lc-block\">\n<div editable=\"rich\"><\/div>\n<\/p><\/div>\n<div class=\"lc-block\">\n<div editable=\"rich\">\n\t\t\t\t\t\t\t\t\t<a class=\"btn btn-primary lc-highlight-currently-editing\" href=\"https:\/\/holler-tore.at\/kontakt\/kontakt-oesterreich\/\" role=\"button\">Kontakt z Austri\u0105<\/a>\n\t\t\t\t\t\t\t\t<\/div>\n<\/p><\/div>\n<\/p><\/div>\n<\/p><\/div>\n<\/p><\/div>\n<p><!-- \/lc-block --><br \/>\n\t\t\t\t<!-- \/lc-block -->\n\t\t\t<\/div>\n<div class=\"col-lg-4 col-8 offset-2 offset-lg-0 text-center mt-3 \">\n<div class=\"lc-block\">\n<div class=\"card p-1 p-md-4 mb-4 mb-lg-0\" lc-helper=\"background\" style=\"background:url(https:\/\/images.unsplash.com\/photo-1422360902398-0a91ff2c1a1f?crop=entropy&amp;cs=tinysrgb&amp;fit=crop&amp;fm=jpg&amp;ixid=MnwzNzg0fDB8MXxzZWFyY2h8Nnx8R2VybWFueXxlbnwwfDB8fHwxNjU2MTU1NzU2&amp;ixlib=rb-1.2.1&amp;q=80&amp;w=1080&amp;h=768)  center \/ cover no-repeat; background-color:#ccc; background-blend-mode: overlay;\">\n<div class=\"card-body\">\n<div class=\"lc-block\"> <img decoding=\"async\" class=\"img-fluid\" src=\"https:\/\/holler-tore.at\/wp-content\/uploads\/2022\/06\/icon_flag_de_01.png\" width=\"812\" height=\"812\" srcset=\"\" sizes=\"(max-width: 812px) 100vw, 812px\" alt=\"\"><\/div>\n<div class=\"lc-block\">\n<div editable=\"rich\"><\/div>\n<\/p><\/div>\n<div class=\"lc-block\">\n<div editable=\"rich\">\n\t\t\t\t\t\t\t\t\t<a class=\"btn btn-primary lc-highlight-currently-editing\" href=\"https:\/\/holler-tore.at\/kontakt\/kontakt-deutschland\" role=\"button\">Kontakt Niemcy<\/a>\n\t\t\t\t\t\t\t\t<\/div>\n<\/p><\/div>\n<\/p><\/div>\n<\/p><\/div>\n<\/p><\/div>\n<\/p><\/div>\n<div class=\"col-lg-4 col-8 offset-2 offset-lg-0 text-center mt-3 \">\n<div class=\"lc-block\">\n<div class=\"card p-1 p-md-4 mb-4 mb-lg-0\" lc-helper=\"background\" style=\"background:url(https:\/\/images.unsplash.com\/photo-1619124708431-1146aa85c77e?crop=entropy&amp;cs=tinysrgb&amp;fit=crop&amp;fm=jpg&amp;ixid=MnwzNzg0fDB8MXxzZWFyY2h8Nnx8U3dpemVybGFuZHxlbnwwfDB8fHwxNjU2MTU1ODM1&amp;ixlib=rb-1.2.1&amp;q=80&amp;w=1080&amp;h=768)  center \/ cover no-repeat; background-color:#ccc; background-blend-mode: overlay;\">\n<div class=\"card-body\">\n<div class=\"lc-block\"> <img decoding=\"async\" class=\"img-fluid\" src=\"https:\/\/holler-tore.at\/wp-content\/uploads\/2022\/06\/icon_flag_ch_01.png\" width=\"812\" height=\"812\" srcset=\"\" sizes=\"(max-width: 812px) 100vw, 812px\" alt=\"\"><\/div>\n<div class=\"lc-block\">\n<div editable=\"rich\"><\/div>\n<\/p><\/div>\n<div class=\"lc-block\">\n<div editable=\"rich\">\n\t\t\t\t\t\t\t\t\t<a class=\"btn btn-primary lc-highlight-currently-editing\" href=\"https:\/\/holler-tore.at\/kontakt\/kontakt-schweiz\" role=\"button\">Kontakt Szwajcaria<\/a>\n\t\t\t\t\t\t\t\t<\/div>\n<\/p><\/div>\n<\/p><\/div>\n<\/p><\/div>\n<\/p><\/div>\n<p><!-- \/lc-block -->\n\t\t\t<\/div>\n<\/p><\/div>\n<\/p><\/div>\n<div class=\"container mt-5 mb-5\">\n<div class=\"row\">\n<div class=\"col-lg-4 col-8 offset-2 offset-lg-0 text-center mt-3 \">\n\t\t\t\t<!-- \/lc-block --><\/p>\n<div class=\"lc-block\">\n<div class=\"card p-1 p-md-4 mb-4 mb-lg-0\" lc-helper=\"background\" style=\"background:url(https:\/\/holler-tore.at\/wp-content\/uploads\/2023\/03\/italia-pais-1-768x512.jpg)  center \/ cover no-repeat; background-color:#ccc; background-blend-mode: overlay;\">\n<div class=\"card-body\">\n<div class=\"lc-block\"> <img loading=\"lazy\" decoding=\"async\" class=\"img-fluid\" src=\"https:\/\/holler-tore.at\/wp-content\/uploads\/2023\/03\/italia-contact.png\" width=\"400\" height=\"400\" srcset=\"https:\/\/holler-tore.at\/wp-content\/uploads\/2023\/03\/italia-contact.png 400w, https:\/\/holler-tore.at\/wp-content\/uploads\/2023\/03\/italia-contact-300x300.png 300w\" sizes=\"\" alt=\"\"><\/div>\n<div class=\"lc-block\">\n<div editable=\"rich\"><\/div>\n<\/p><\/div>\n<div class=\"lc-block\">\n<div editable=\"rich\">\n\t\t\t\t\t\t\t\t\t<a class=\"btn btn-primary\" href=\"https:\/\/holler-tore.at\/kontakt\/kontakt-italien\" role=\"button\">Kontakt W\u0142ochy<\/a>\n\t\t\t\t\t\t\t\t<\/div>\n<\/p><\/div>\n<\/p><\/div>\n<\/p><\/div>\n<\/p><\/div>\n<p><!-- \/lc-block --><br \/>\n\t\t\t\t<!-- \/lc-block -->\n\t\t\t<\/div>\n<div class=\"col-lg-4 col-8 offset-2 offset-lg-0 text-center mt-3 \"><\/div>\n<div class=\"col-lg-4 col-8 offset-2 offset-lg-0 text-center mt-3 \"><\/div>\n<div class=\"col-lg-4 col-8 offset-2 offset-lg-0 text-center mt-3 \"><\/div>\n<\/p><\/div>\n<\/p><\/div>\n<\/section>\n<section>\n<\/section>\n","protected":false},"excerpt":{"rendered":"<p>Znajd\u017a odpowiedni kontakt w swoim kraju Holler Tore jest dost\u0119pny w wielu krajach Kontakt z Austri\u0105 Kontakt Niemcy Kontakt Szwajcaria [&hellip;]<\/p>\n","protected":false},"author":1,"featured_media":0,"parent":0,"menu_order":0,"comment_status":"closed","ping_status":"closed","template":"","meta":{"_seopress_robots_primary_cat":"","_seopress_titles_title":"","_seopress_titles_desc":"","_seopress_robots_index":"","footnotes":""},"class_list":["post-1827","page","type-page","status-publish","hentry"],"aioseo_notices":[],"_links":{"self":[{"href":"https:\/\/holler-tore.at\/pl\/wp-json\/wp\/v2\/pages\/1827","targetHints":{"allow":["GET"]}}],"collection":[{"href":"https:\/\/holler-tore.at\/pl\/wp-json\/wp\/v2\/pages"}],"about":[{"href":"https:\/\/holler-tore.at\/pl\/wp-json\/wp\/v2\/types\/page"}],"author":[{"embeddable":true,"href":"https:\/\/holler-tore.at\/pl\/wp-json\/wp\/v2\/users\/1"}],"replies":[{"embeddable":true,"href":"https:\/\/holler-tore.at\/pl\/wp-json\/wp\/v2\/comments?post=1827"}],"version-history":[{"count":14,"href":"https:\/\/holler-tore.at\/pl\/wp-json\/wp\/v2\/pages\/1827\/revisions"}],"predecessor-version":[{"id":12611,"href":"https:\/\/holler-tore.at\/pl\/wp-json\/wp\/v2\/pages\/1827\/revisions\/12611"}],"wp:attachment":[{"href":"https:\/\/holler-tore.at\/pl\/wp-json\/wp\/v2\/media?parent=1827"}],"curies":[{"name":"wp","href":"https:\/\/api.w.org\/{rel}","templated":true}]}}