{"id":1825,"date":"2022-01-16T22:35:32","date_gmt":"2022-01-16T21:35:32","guid":{"rendered":"http:\/\/demohollertore.webkop.at\/gole-hollera\/"},"modified":"2026-01-07T07:14:14","modified_gmt":"2026-01-07T06:14:14","slug":"gole-hollera","status":"publish","type":"page","link":"https:\/\/holler-tore.at\/pl\/","title":{"rendered":"Holler"},"content":{"rendered":"<section>\n<header class=\"text-center text-white d-flex header-offset\" style=\"background: linear-gradient(160deg, rgba(255,255,255,0.02) 0%, rgba(255,255,255,0.27) 56%), url(https:\/\/holler-tore.at\/wp-content\/uploads\/2021\/11\/bg_1.jpg) top \/ cover no-repeat;\">\n<div class=\"container pb-5 mt-5 mb-5\" style=\"background: linear-gradient(rgba(255,255,255,0.8), rgba(255,255,255,0.28));\">\n<div class=\"row mt-4 pt-4\">\n<div class=\"col text-left\">\n<h4 class=\"text-left\" data-aos=\"fade\" data-aos-offset=\"0\" data-aos-delay=\"750\" style=\"font-family: Montserrat, sans-serif;font-size: 27px;\"><span class=\"text-dark\">innowacyjny. odporny. bezpieczny.<\/span><\/h4>\n<h1 class=\"text-uppercase\" data-aos=\"fade\" data-aos-offset=\"0\" data-aos-delay=\"550\" style=\"font-family: Montserrat, sans-serif;font-weight: bold;color: #D8232A;font-size: 65px;\">Holler<\/h1>\n<p data-aos=\"fade-left\" data-aos-duration=\"1000\" data-aos-offset=\"0\" data-aos-delay=\"1000\" style=\"color: rgb(77,77,77);font-family: Montserrat, sans-serif;font-size: 20.4px;\" class=\"text-dark\"><span>Systemy bram i ogrodze\u0144 HOLLER to szyte na miar\u0119 rozwi\u0105zania najwy\u017cszej jako\u015bci. Estetyczny design, najnowocze\u015bniejsza technologia i maksymalne bezpiecze\u0144stwo we wszystkich obszarach u\u017cytkowania.&nbsp;<\/span><\/p>\n<p data-aos=\"fade-left\" data-aos-duration=\"1000\" data-aos-offset=\"0\" data-aos-delay=\"1200\"><strong class=\"mt-2 text-dark\">Do\u015bwiadczenie, kt\u00f3re przekonuje od 30 lat.<\/strong><\/p>\n<\/p><\/div>\n<\/p><\/div>\n<div class=\"row text-left\">\n<div class=\"col-lg-12 col-xl-4 \">\n<div class=\"lc-block\"><a class=\"btn btn-primary btn-xl js-scroll-trigger\" href=\"https:\/\/holler-tore.at\/pl\/kontakt\/\" role=\"button\">Skontaktuj si\u0119 teraz<\/a><\/div>\n<p><!-- \/lc-block -->\n\t\t\t\t<\/div>\n<div class=\"col-lg-4 col-xl-4\">\n<div class=\"lc-block\"><a class=\"btn btn-primary btn-xl js-scroll-trigger\" href=\"https:\/\/holler-tore.at\/konfiguratoren-uebersicht\/\" role=\"button\">Konfiguratory produkt\u00f3w <\/a><\/div>\n<p><!-- \/lc-block --><br \/>\n\t\t\t\t\t<!-- \/lc-block -->\n\t\t\t\t<\/div>\n<\/p><\/div>\n<\/p><\/div>\n<\/header>\n<\/section>\n<section class=\"pt-4\">\n<\/section>\n<section class=\"\">\n<div class=\"container \">\n<div class=\"row\">\n<div class=\"col-md-12\">\n<div class=\"lc-block\">\n<div id=\"carouselLogos\" class=\"carousel slide pt-5 pb-4\" data-ride=\"carousel\">\n<div class=\"carousel-inner px-5\">\n<div class=\"carousel-item active\">\n<div class=\"row\">\n<div class=\"col-3 offset-3 col-sm-3 offset-sm-0 col-lg-4 offset-lg-0 align-self-center\">\n\t\t\t\t\t\t\t\t\t<\/div>\n<div class=\"col-6 offset-3 col-sm-6 offset-sm-0 col-lg-4 offset-lg-0 align-self-center\">\n\t\t\t\t\t\t\t\t\t\t<a href=\"https:\/\/holler-tore.at\/unternehmen\/\"><img decoding=\"async\" class=\"d-block w-100 px-3 mb-3\" src=\"https:\/\/holler-tore.at\/wp-content\/uploads\/2022\/01\/efre_logo.webp\" alt=\"holler-tore-leibnitz-zertifikat\" width=\"100%\" height=\"100%\" srcset=\"https:\/\/holler-tore.at\/wp-content\/uploads\/2022\/01\/efre_logo.webp 500w, https:\/\/holler-tore.at\/wp-content\/uploads\/2022\/01\/efre_logo.webp 300w, https:\/\/holler-tore.at\/wp-content\/uploads\/2022\/01\/efre_logo.webp 150w\" sizes=\"\" loading=\"eager\"><\/a>\n\t\t\t\t\t\t\t\t\t<\/div>\n<div class=\"col-3 offset-3 col-sm-3 offset-sm-0 col-lg-4 offset-lg-0 align-self-center\">\n\t\t\t\t\t\t\t\t\t<\/div>\n<\/p><\/div>\n<\/p><\/div>\n<div class=\"carousel-item \">\n<div class=\"row\">\n<div class=\"col-6 offset-3 col-sm-4 offset-sm-0 col-lg-2 offset-lg-3  align-self-center\">\n\t\t\t\t\t\t\t\t\t\t<img decoding=\"async\" class=\"d-block w-100 px-3 mb-3\" src=\"https:\/\/holler-tore.at\/wp-content\/uploads\/2022\/01\/certificate_5.webp\" alt=\"holler-tore-t\u00fcv-leibnitz\" width=\"100%\" height=\"100%\" srcset=\"https:\/\/holler-tore.at\/wp-content\/uploads\/2022\/01\/certificate_5.webp 500w, https:\/\/holler-tore.at\/wp-content\/uploads\/2022\/01\/certificate_2-300x300.webp 300w, https:\/\/holler-tore.at\/wp-content\/uploads\/2022\/01\/certificate_5-150x150.webp 150w\" sizes=\"auto, \" loading=\"lazy\">\n\t\t\t\t\t\t\t\t\t<\/div>\n<div class=\"col-6 offset-3 col-sm-4 offset-sm-0  col-lg-2 offset-lg-0  align-self-center\">\n\t\t\t\t\t\t\t\t\t\t<img decoding=\"async\" class=\"d-block w-100 px-3 mb-3\" src=\"https:\/\/holler-tore.at\/wp-content\/uploads\/2022\/01\/certificate_3.webp\" alt=\"holler-tore-leibnitz-t\u00fcv\" width=\"100%\" height=\"100%\" srcset=\"https:\/\/holler-tore.at\/wp-content\/uploads\/2022\/01\/certificate_3.webp 500w, https:\/\/holler-tore.at\/wp-content\/uploads\/2022\/01\/certificate_6-300x300.webp 300w, https:\/\/holler-tore.at\/wp-content\/uploads\/2022\/01\/certificate_3-150x150.webp 150w\" sizes=\"auto, \" loading=\"lazy\">\n\t\t\t\t\t\t\t\t\t<\/div>\n<div class=\"col-6 offset-3 col-sm-4 offset-sm-0 col-lg-2 offset-lg-0 align-self-center\">\n\t\t\t\t\t\t\t\t\t\t<img decoding=\"async\" class=\"d-block w-100 px-3 mb-3\" src=\"https:\/\/holler-tore.at\/wp-content\/uploads\/2022\/01\/certificate_9.webp\" alt=\"holler-tore-zertifizierung\" width=\"100%\" height=\"100%\" srcset=\"https:\/\/holler-tore.at\/wp-content\/uploads\/2022\/01\/certificate_9.webp 500w, https:\/\/holler-tore.at\/wp-content\/uploads\/2022\/01\/certificate_9-300x300.webp 300w, https:\/\/holler-tore.at\/wp-content\/uploads\/2022\/01\/certificate_9-150x150.webp 150w\" sizes=\"auto, \" loading=\"lazy\">\n\t\t\t\t\t\t\t\t\t<\/div>\n<div class=\"col-6 offset-3 col-sm-4 offset-sm-0 col-lg-2 offset-lg-0 align-self-center\">\n\t\t\t\t\t\t\t\t\t\t<img decoding=\"async\" class=\"d-block w-100 px-3 mb-3\" src=\"https:\/\/holler-tore.at\/wp-content\/uploads\/2022\/01\/certificate_9.webp\" alt=\"holler-tore-leibnitz-zertifikat\" width=\"100%\" height=\"100%\" srcset=\"https:\/\/holler-tore.at\/wp-content\/uploads\/2022\/01\/certificate_9.webp 500w, https:\/\/holler-tore.at\/wp-content\/uploads\/2022\/01\/certificate_9-300x300.webp 300w, https:\/\/holler-tore.at\/wp-content\/uploads\/2022\/01\/certificate_9-150x150.webp 150w\" sizes=\"auto, \" loading=\"lazy\">\n\t\t\t\t\t\t\t\t\t<\/div>\n<\/p><\/div>\n<\/p><\/div>\n<\/p><\/div>\n<\/p><\/div>\n<\/p><\/div>\n<\/p><\/div>\n<\/p><\/div>\n<\/p><\/div>\n<\/section>\n<section class=\"\"><a href=\"https:\/\/holler-tore.at\/pl\/spolka\/\"><\/a><\/section>\n<section class=\"\"><a href=\"https:\/\/holler-tore.at\/pl\/spolka\/\"><\/a><\/section>\n<section style=\"background:url(#) center \/ cover no-repeat;\" class=\"pt-5 pb-5 bg-dark text-white\">\n<div class=\"container\">\n<div class=\"row\">\n<div class=\"col-md-12 text-center\">\n<div class=\"lc-block\">\n<h2 editable=\"inline\" class=\"mb-3 font-weight-bold display-4\">Cele dla <span class=\"text-primary\">\u015aWIATA<\/span><\/h2>\n<p editable=\"inline\" class=\"\">&nbsp;<br \/>Ciekawo\u015b\u0107 i nami\u0119tny entuzjazm dla technologii s\u0105 dla nas zar\u00f3wno nap\u0119dem, jak i motywacj\u0105. Nasz zesp\u00f3\u0142 in\u017cynier\u00f3w opracowuje innowacyjne, najnowocze\u015bniejsze rozwi\u0105zania i jednocze\u015bnie zajmuje si\u0119 optymalizacj\u0105 istniej\u0105cych produkt\u00f3w. Efektem najwy\u017cszego poziomu rzemios\u0142a i najnowocze\u015bniejszej technologii s\u0105 rozwi\u0105zania szyte na miar\u0119 dla szerokiego portfolio produkt\u00f3w. Dostosowane do wymaga\u0144 globalnego rynku nasze systemy znajduj\u0105 zastosowanie w przemy\u015ble i handlu oraz w sektorze prywatnym.<\/p>\n<\/p><\/div>\n<p>\t\t\t\t<!-- \/lc-block -->\n\t\t\t<\/div>\n<\/p><\/div>\n<div class=\"row mt-5 pt-4 pb-4 no-gutters\">\n<div class=\"col-md-4 text-center card-hover \" data-aos=\"fade-right\" data-aos-delay=\"200\" data-aos-duration=\"1500\">\n\t\t\t\t<a href=\"https:\/\/holler-tore.at\/pl\/produkty\/holler-pro\/\" class=\"text-white\"><\/p>\n<div class=\"lc-block\">\n\t\t\t\t\t\t<img decoding=\"async\" class=\"img-fluid w-25\" src=\"https:\/\/holler-tore.at\/wp-content\/uploads\/2021\/11\/icon_industry.svg\" width=\"0\" height=\"0\" srcset=\"\" sizes=\"\" alt=\"\">\n\t\t\t\t\t<\/div>\n<p>\t\t\t\t\t<!-- \/lc-block --><\/p>\n<div class=\"lc-block p-4 text-center\">\n<div>\n<h3 class=\"mb-4 text-center\" editable=\"inline\">\n\t\t\t\t\t\t\t\tHOLLER <strong class=\"text-primary \">PRO<\/strong><br \/>\n\t\t\t\t\t\t\t<\/h3>\n<\/p><\/div>\n<div editable=\"rich\">\n<p>Systemy dla sektora przemys\u0142owego.Maksymalne wymiary do 50 m szeroko\u015bci i 6 m wysoko\u015bci. Wytrzyma\u0142o\u015b\u0107 i niezawodno\u015b\u0107 do intensywnego urzytkowania.<\/p>\n<\/p><\/div>\n<\/p><\/div>\n<p><!-- \/lc-block --><br \/>\n\t\t\t\t<\/a>\n\t\t\t<\/div>\n<div class=\"col-md-4 text-center card-hover \" data-aos=\"fade-right\" data-aos-delay=\"500\" data-aos-duration=\"1500\">\n\t\t\t\t<a href=\"https:\/\/holler-tore.at\/pl\/produkty\/holler-home\" class=\"text-white\"><\/p>\n<div class=\"lc-block\">\n\t\t\t\t\t\t<img decoding=\"async\" class=\"img-fluid w-25\" src=\"https:\/\/holler-tore.at\/wp-content\/uploads\/2021\/11\/icon_house.svg\" width=\"\" height=\"\" srcset=\"\" sizes=\"\" alt=\"icon_house\">\n\t\t\t\t\t<\/div>\n<p>\t\t\t\t\t<!-- \/lc-block --><\/p>\n<div class=\"lc-block p-4 text-center\">\n<div>\n<h3 class=\"mb-4 text-center\" editable=\"inline\">\n\t\t\t\t\t\t\t\tHOLLER <strong class=\"text-primary\">HOME<\/strong><\/h3>\n<\/p><\/div>\n<div editable=\"rich\">\n<p>Systemy dla sektora prywatnego. Maksymalna elastyczno\u015b\u0107 i wyj\u0105tkowa wszechstronno\u015b\u0107. Gwarantowana prywatno\u015b\u0107 z wysokim efektem dekoracyjnym.<\/p>\n<\/p><\/div>\n<\/p><\/div>\n<p><!-- \/lc-block --><br \/>\n\t\t\t\t<\/a>\n\t\t\t<\/div>\n<div class=\"col-md-4 text-center card-hover \" data-aos=\"fade-right\" data-aos-delay=\"800\" data-aos-duration=\"1500\"><a href=\"https:\/\/holler-tore.at\/pl\/produkty\/holler-diy\/\" class=\"text-white\"><\/p>\n<div class=\"lc-block\">\n\t\t\t\t\t\t<img decoding=\"async\" class=\"img-fluid w-25\" src=\"https:\/\/holler-tore.at\/wp-content\/uploads\/2021\/11\/icon_diy.svg\" width=\"\" height=\"\" srcset=\"\" sizes=\"\" alt=\"icon_diy\">\n\t\t\t\t\t<\/div>\n<p>\t\t\t\t\t<!-- \/lc-block --><\/p>\n<div class=\"lc-block p-4 text-center\">\n<div>\n<h3 class=\"mb-4 text-center\" editable=\"inline\">\n\t\t\t\t\t\t\t\tHOLLER <strong class=\"text-primary\">DIY<\/strong><\/h3>\n<\/p><\/div>\n<div editable=\"rich\">\n<p>Do-It-Yourself. <br \/>Znormalizowane komponenty, niezliczone kombinacje i prosta instalacja. Dla monter\u00f3w hobbyst\u00f3w i entuzjast\u00f3w majsterkowania.<\/p>\n<\/p><\/div>\n<\/p><\/div>\n<p><!-- \/lc-block --><br \/>\n\t\t\t\t<\/a><\/div>\n<\/p><\/div>\n<\/p><\/div>\n<\/section>\n<section id=\"portfolio\" class=\"p-0 pb-5 text-dark\" style=\"\" data-aos=\"fade-down\" data-aos-delay=\"500\" data-aos-duration=\"1000\">\n<div class=\"container\">\n<div class=\"row\">\n<div class=\"col-md-6 col-12 offset-0 offset-md-0 align-self-center\">\n<div class=\"lc-block\">\n\t\t\t\t\t<img fetchpriority=\"high\" decoding=\"async\" class=\"img-fluid\" src=\"https:\/\/holler-tore.at\/wp-content\/uploads\/2022\/01\/Schiebetor-20m-Logistikcenter-01.jpg\" width=\"1920\" height=\"1440\" srcset=\"https:\/\/holler-tore.at\/wp-content\/uploads\/2022\/01\/Schiebetor-20m-Logistikcenter-01.jpg 1920w, https:\/\/holler-tore.at\/wp-content\/uploads\/2022\/01\/Schiebetor-20m-Logistikcenter-01-300x225.jpg 300w, https:\/\/holler-tore.at\/wp-content\/uploads\/2022\/01\/Schiebetor-20m-Logistikcenter-01-1024x768.jpg 1024w, https:\/\/holler-tore.at\/wp-content\/uploads\/2022\/01\/Schiebetor-20m-Logistikcenter-01-768x576.jpg 768w, https:\/\/holler-tore.at\/wp-content\/uploads\/2022\/01\/Schiebetor-20m-Logistikcenter-01-1536x1152.jpg 1536w\" sizes=\"(max-width: 1920px) 100vw, 1920px\" alt=\"\">\n\t\t\t\t<\/div>\n<p><!-- \/lc-block -->\n\t\t\t<\/div>\n<p><!-- \/col --><\/p>\n<div class=\"col-md-6 align-self-center mt-5\">\n<div class=\"lc-block \">\n<div editable=\"rich\">\n<p>Niezawodno\u015b\u0107 i bezpiecze\u0144stwo na wysokim poziomie.<\/p>\n<\/p><\/div>\n<\/p><\/div>\n<p><!-- \/lc-block --><\/p>\n<div class=\"lc-block\">\n<div editable=\"rich\">\n<h2>HOLLER <strong class=\"text-primary\">PRO<\/strong><\/h2>\n<\/p><\/div>\n<\/p><\/div>\n<div class=\"lc-block text-justify pt-3\">\n<div editable=\"rich\">\n<p>Te lini\u0119 produkt\u00f3w charakteryzuje moc, si\u0142a, solidno\u015b\u0107 i trwa\u0142o\u015b\u0107. <\/p>\n<\/p>\n<p>Nasze produkty s\u0105 wynikiem wieloletniego do\u015bwiadczenia i ci\u0105g\u0142ego rozwoju. Ka\u017cdy produkt odzwierciedla nasze my\u015blenie o jako\u015bci, nasz\u0105 pasj\u0119 i nasz\u0105 kreatywno\u015b\u0107. Aby\u015bmy byli najlepsi i aby zapewni\u0107 najwy\u017csz\u0105 jako\u015b\u0107 , opieramy si\u0119 na materia\u0142ach najwy\u017cszej klasy oraz pracownikach o doskona\u0142ej wiedzy specjalistycznej. Tylko wtedy, gdy produkt ko\u0144cowy spe\u0142nia nasze wysokie standardy, nosi mark\u0119 HOLLER, a tym samym nasz znak jako\u015bci.<\/p>\n<\/p><\/div>\n<\/p><\/div>\n<p><!-- \/lc-block --><\/p>\n<div class=\"lc-block\"><a class=\"btn btn-primary btn-xl js-scroll-trigger\" href=\"https:\/\/holler-tore.at\/pl\/produkty\/holler-pro\/\" role=\"button\">Dowiedz si\u0119 wi\u0119cej o HOLLER PRO<\/a><\/div>\n<p><!-- \/lc-block -->\n\t\t\t<\/div>\n<p><!-- \/col -->\n\t\t<\/div>\n<\/p><\/div>\n<\/section>\n<section id=\"portfolio\" class=\"p-0 pt-5 pb-5 bg-dark text-white\" data-aos=\"fade-down\" data-aos-delay=\"500\" data-aos-duration=\"1000\">\n<div class=\"container\">\n<div class=\"row\">\n<div class=\"col-md-6 align-self-center mt-5 order-2 order-md-1\">\n<div class=\"lc-block \">\n<div editable=\"rich\">\n<p>Maksymalna elastyczno\u015b\u0107 i wszechstronno\u015b\u0107.<\/p>\n<\/p><\/div>\n<\/p><\/div>\n<p><!-- \/lc-block --><\/p>\n<div class=\"lc-block\">\n<div editable=\"rich\">\n<h2>HOLLER <strong class=\"text-primary\">HOME<\/strong><\/h2>\n<\/p><\/div>\n<\/p><\/div>\n<div class=\"lc-block text-justify pt-3\">\n<div editable=\"rich\">\n<p>Nasza technologia profili, opracowana specjalnie do bram i ogrodze\u0144, umo\u017cliwia szyte na miar\u0119 i kreatywne rozwi\u0105zania dla szerokiej gamy zastosowa\u0144.<\/p>\n<p>Aluminium, stal kortenowa, szk\u0142o i stal nierdzewna to tylko niekt\u00f3re materia\u0142y, z kt\u00f3rych wykonane s\u0105 nasze bramy i ogrodzenia. Wszystkie produkty s\u0105 pokryte wysokiej jako\u015bci pow\u0142ok\u0105 proszkow\u0105. Najwy\u017csza odporno\u015b\u0107 na warunki atmosferyczne, \u0142atwa piel\u0119gnacja, powierzchnie odporne na zarysowania zapewniaj\u0105 jako\u015b\u0107 i pi\u0119kno na d\u0142ugie lata.<\/p>\n<\/p><\/div>\n<\/p><\/div>\n<p><!-- \/lc-block --><\/p>\n<div class=\"lc-block\">\n\t\t\t\t\t<a class=\"btn btn-primary btn-xl js-scroll-trigger\" href=\"https:\/\/holler-tore.at\/pl\/produkty\/holler-home\" role=\"button\">Dowiedz si\u0119 wi\u0119cej o HOLLER HOME<\/a>\n\t\t\t\t<\/div>\n<p><!-- \/lc-block -->\n\t\t\t<\/div>\n<p><!-- \/col --><\/p>\n<div class=\"col-md-6 col-12 offset-0 offset-md-0 order-1 order-md-2 align-self-center\">\n<div class=\"lc-block\">\n\t\t\t\t\t<img decoding=\"async\" class=\"img-fluid\" src=\"https:\/\/holler-tore.at\/wp-content\/uploads\/2022\/01\/DSC_3614-1024x683.jpg\" width=\"1024\" height=\"683\" srcset=\"https:\/\/holler-tore.at\/wp-content\/uploads\/2022\/01\/DSC_3614-1024x683.jpg 1024w, https:\/\/holler-tore.at\/wp-content\/uploads\/2022\/01\/DSC_3614-300x200.jpg 300w, https:\/\/holler-tore.at\/wp-content\/uploads\/2022\/01\/DSC_3614-768x512.jpg 768w, https:\/\/holler-tore.at\/wp-content\/uploads\/2022\/01\/DSC_3614-1536x1024.jpg 1536w, https:\/\/holler-tore.at\/wp-content\/uploads\/2022\/01\/DSC_3614-2048x1365.jpg 2048w\" sizes=\"(max-width: 1024px) 100vw, 1024px\" alt=\"\">\n\t\t\t\t<\/div>\n<p><!-- \/lc-block -->\n\t\t\t<\/div>\n<p><!-- \/col -->\n\t\t<\/div>\n<\/p><\/div>\n<\/section>\n<section id=\"portfolio\" class=\"p-0 pt-5 pb-5 text-dark\" data-aos=\"fade-down\" data-aos-delay=\"500\" data-aos-duration=\"1000\">\n<div class=\"container\">\n<div class=\"row\">\n<div class=\"col-md-6 col-12 offset-0 offset-md-0 align-self-center\">\n<div class=\"lc-block\">\n\t\t\t\t\t<img loading=\"lazy\" decoding=\"async\" class=\"w-100 img-fluid\" src=\"https:\/\/holler-tore.at\/wp-content\/uploads\/2022\/01\/Kopmplete-0-helle-1024x768.jpg\" width=\"1024\" height=\"768\" srcset=\"https:\/\/holler-tore.at\/wp-content\/uploads\/2022\/01\/Kopmplete-0-helle-1024x768.jpg 1024w, https:\/\/holler-tore.at\/wp-content\/uploads\/2022\/01\/Kopmplete-0-helle-300x225.jpg 300w, https:\/\/holler-tore.at\/wp-content\/uploads\/2022\/01\/Kopmplete-0-helle-768x576.jpg 768w, https:\/\/holler-tore.at\/wp-content\/uploads\/2022\/01\/Kopmplete-0-helle-1536x1152.jpg 1536w, https:\/\/holler-tore.at\/wp-content\/uploads\/2022\/01\/Kopmplete-0-helle-2048x1536.jpg 2048w\" sizes=\"(max-width: 1024px) 100vw, 1024px\" alt=\"\">\n\t\t\t\t<\/div>\n<p><!-- \/lc-block -->\n\t\t\t<\/div>\n<p><!-- \/col --><\/p>\n<div class=\"col-md-6 align-self-center mt-5\">\n<div class=\"lc-block \">\n<div editable=\"rich\">\n<p>Rzemios\u0142o z zachowaniem najwy\u017cszych standard\u00f3w.<\/p>\n<\/p><\/div>\n<\/p><\/div>\n<p><!-- \/lc-block --><\/p>\n<div class=\"lc-block\">\n<div editable=\"rich\">\n<h2 class=\"\">HOLLER <strong class=\"text-primary\">DIY<\/strong><\/h2>\n<\/p><\/div>\n<\/p><\/div>\n<div class=\"lc-block text-justify pt-3\">\n<div editable=\"rich\">\n<p>Znormalizowane komponenty umo\u017cliwiaj\u0105 \u0142atwy monta\u017c bez specjalnych narz\u0119dzi. Wszystkie otwory s\u0105 przygotowane za pomoc\u0105 niezb\u0119dnego materia\u0142u mocuj\u0105cego.<\/p>\n<p>Lista zalet jest d\u0142uga: g\u0142adkie powierzchnie aluminiowe malowane proszkowo,&nbsp; niska waga, du\u017cy wyb\u00f3r wype\u0142nie\u0144, obs\u0142ugiwana r\u0119cznie na zamek i klucz, zautomatyzowana z nap\u0119dem i pilotem, regulowane zawiasy,&nbsp; Modele ogrodze\u0144 od klasycznych po ekstrawaganckie i wiele wi\u0119cej<\/p>\n<\/p><\/div>\n<\/p><\/div>\n<p><!-- \/lc-block --><\/p>\n<div class=\"lc-block\">\n\t\t\t\t\t<a class=\"btn btn-primary btn-xl js-scroll-trigger\" href=\"https:\/\/holler-tore.at\/pl\/produkty\/holler-diy\/\" role=\"button\">Dowiedz si\u0119 wi\u0119cej o HOLLER DIY<\/a>\n\t\t\t\t<\/div>\n<p><!-- \/lc-block -->\n\t\t\t<\/div>\n<p><!-- \/col -->\n\t\t<\/div>\n<\/p><\/div>\n<\/section>\n<section id=\"portfolio\" class=\"text-dark bg-light\">\n<div class=\"container py-5 text-center\">\n<div class=\"row\">\n<div class=\"col-md-8 offset-md-2 px-4\">\n<div class=\"lc-block\">\n\t\t\t\t\t<svg xmlns=\"https:\/\/www.w3.org\/2000\/svg\" viewBox=\"0 0 448 512\" width=\"5em\" height=\"5em\" lc-helper=\"svg-icon\" fill=\"currentColor\" class=\"text-danger\">\n\t\t\t\t\t\t<path d=\"M313.6 304c-28.7 0-42.5 16-89.6 16-47.1 0-60.8-16-89.6-16C60.2 304 0 364.2 0 438.4V464c0 26.5 21.5 48 48 48h352c26.5 0 48-21.5 48-48v-25.6c0-74.2-60.2-134.4-134.4-134.4zM400 464H48v-25.6c0-47.6 38.8-86.4 86.4-86.4 14.6 0 38.3 16 89.6 16 51.7 0 74.9-16 89.6-16 47.6 0 86.4 38.8 86.4 86.4V464zM224 288c79.5 0 144-64.5 144-144S303.5 0 224 0 80 64.5 80 144s64.5 144 144 144zm0-240c52.9 0 96 43.1 96 96s-43.1 96-96 96-96-43.1-96-96 43.1-96 96-96z\"><\/path>\n\t\t\t\t\t<\/svg>\n\t\t\t\t<\/div>\n<div class=\"lc-block mb-4 mt-4\">\n<div editable=\"rich\">\n<h2><strong>SKONTAKTUJ SI\u0118 Z NAMI<\/strong><\/h2>\n<\/p><\/div>\n<\/p><\/div>\n<div class=\"lc-block mb-4\">\n<div editable=\"rich\">\n<p>Jeste\u015bmy do Twojej dyspozycji. Znajd\u017a w\u0142a\u015bciwy kontakt dla Austrii, Niemiec, Szwajcarii, Polski i Francji<\/p>\n<\/p><\/div>\n<\/p><\/div>\n<div class=\"lc-block\"><a class=\"btn btn-primary btn-xl js-scroll-trigger\" href=\"https:\/\/holler-tore.at\/pl\/kontakt\/\" role=\"button\">Skontaktuj si\u0119 teraz<\/a><\/div>\n<p><!-- \/lc-block -->\n\t\t\t<\/div>\n<\/p><\/div>\n<\/p><\/div>\n<\/section>\n","protected":false},"excerpt":{"rendered":"<p>innowacyjny. odporny. bezpieczny. Holler Systemy bram i ogrodze\u0144 HOLLER to szyte na miar\u0119 rozwi\u0105zania najwy\u017cszej jako\u015bci. Estetyczny design, najnowocze\u015bniejsza technologia [&hellip;]<\/p>\n","protected":false},"author":1,"featured_media":0,"parent":0,"menu_order":0,"comment_status":"closed","ping_status":"closed","template":"","meta":{"_seopress_robots_primary_cat":"","_seopress_titles_title":"","_seopress_titles_desc":"","_seopress_robots_index":"","footnotes":""},"class_list":["post-1825","page","type-page","status-publish","hentry"],"aioseo_notices":[],"_links":{"self":[{"href":"https:\/\/holler-tore.at\/pl\/wp-json\/wp\/v2\/pages\/1825","targetHints":{"allow":["GET"]}}],"collection":[{"href":"https:\/\/holler-tore.at\/pl\/wp-json\/wp\/v2\/pages"}],"about":[{"href":"https:\/\/holler-tore.at\/pl\/wp-json\/wp\/v2\/types\/page"}],"author":[{"embeddable":true,"href":"https:\/\/holler-tore.at\/pl\/wp-json\/wp\/v2\/users\/1"}],"replies":[{"embeddable":true,"href":"https:\/\/holler-tore.at\/pl\/wp-json\/wp\/v2\/comments?post=1825"}],"version-history":[{"count":23,"href":"https:\/\/holler-tore.at\/pl\/wp-json\/wp\/v2\/pages\/1825\/revisions"}],"predecessor-version":[{"id":12422,"href":"https:\/\/holler-tore.at\/pl\/wp-json\/wp\/v2\/pages\/1825\/revisions\/12422"}],"wp:attachment":[{"href":"https:\/\/holler-tore.at\/pl\/wp-json\/wp\/v2\/media?parent=1825"}],"curies":[{"name":"wp","href":"https:\/\/api.w.org\/{rel}","templated":true}]}}