{"id":12737,"date":"2026-03-24T12:07:32","date_gmt":"2026-03-24T11:07:32","guid":{"rendered":"https:\/\/holler-tore.at\/?page_id=12737"},"modified":"2026-03-26T16:27:12","modified_gmt":"2026-03-26T15:27:12","slug":"informacje-prawne","status":"publish","type":"page","link":"https:\/\/holler-tore.at\/pl\/informacje-prawne\/","title":{"rendered":"Informacje prawne"},"content":{"rendered":"<p>\n\tHoller Tore GmbH\n<\/p>\n<p>[Ulica]<\/p>\n<p>Schlossallee 4<\/p>\n<p>\n\t8435 Wagna (Austria)\n<\/p>\n<p>\n\tRejestr handlowy: FN273649a<br \/>\n\tS\u0105d rejestrowy: S\u0105d Krajowy ds. Cywilnych w Grazu\n<\/p>\n<p>\n\t<strong>Reprezentowany przez:<\/strong>\n<\/p>\n<p>\n\tEwald Holler\n<\/p>\n<h2>\n\tKontakt<br \/>\n<\/h2>\n<p>\n\tTelefon: +43 3452 86031 &#8211; 0\n<\/p>\n<p>\n\tE-mail: <a href=\"mailto:mail@holler-tore.at\">mail@holler-tore.at<\/a>\n<\/p>\n<h2>\n\tNumer identyfikacyjny VAT<br \/>\n<\/h2>\n<p>\n\tNumer identyfikacyjny VAT zgodnie z \u00a7 27 a ustawy o podatku od towar\u00f3w i<br \/>\n\tus\u0142ug: ATU32422649\n<\/p>\n<h2>\n\tOrgan nadzorczy<br \/>\n<\/h2>\n<p>\n\tStarostwo powiatowe Leibnitz Kada-Gasse 12\n<\/p>\n<p>\n\t8430 Leibnitz Austria\n<\/p>\n<p>\n\t<a href=\"https:\/\/www.bh-leibnitz.steiermark.at\/\"><br \/>\n\t\thttps:\/\/www.bh-leibnitz.steiermark.at\/<br \/>\n\t<\/a>\n<\/p>\n<h2>\n\tNazwa zawodu i przepisy dotycz\u0105ce wykonywania zawodu<br \/>\n<\/h2>\n<p>\n\tNazwa zawodu:\n<\/p>\n<p>\n\t\u015alusarz, kowal i technik maszyn rolniczych\n<\/p>\n<p>\n\tW\u0142a\u015bciwa izba: Izba Gospodarcza\n<\/p>\n<p>\n\tPrzyznane w:\n<\/p>\n<p>\n\tAustrii\n<\/p>\n<p>\n\tObowi\u0105zuj\u0105 nast\u0119puj\u0105ce przepisy dotycz\u0105ce wykonywania zawodu:\n<\/p>\n<p>\n\tRozporz\u0105dzenie Federalnego Ministra Gospodarki i Pracy w sprawie warunk\u00f3w<br \/>\n\tdost\u0119pu do zawod\u00f3w zwi\u0105zanych z technik\u0105 metalow\u0105 w zakresie budowy maszyn i<br \/>\n\tkonstrukcji metalowych, technik\u0105 metalow\u0105 w zakresie kowalstwa i budowy<br \/>\n\tpojazd\u00f3w oraz technik\u0105 metalow\u0105 w zakresie maszyn rolniczych i budowlanych\n<\/p>\n<p>\n\tdost\u0119pne pod adresem:<br \/>\n\t<a href=\"https:\/\/ris.bka.gv.at\/GeltendeFassung.wxe?Abfrage=Bundesnormen&amp;Gesetzesnummer=20002488&amp;FassungVom=2026-01-10\"><br \/>\n\t\thttps:\/\/ris.bka.gv.at\/GeltendeFassung.wxe?Abfrage=Bundesnormen&#038;Gesetzesnummer=20002488&#038;Fassu<br \/>\n\t<\/a><br \/>\n\t<a href=\"https:\/\/ris.bka.gv.at\/GeltendeFassung.wxe?Abfrage=Bundesnormen&amp;Gesetzesnummer=20002488&amp;FassungVom=2026-01-10\"><br \/>\n\t\tngVom=2026-01-10<br \/>\n\t<\/a>\n<\/p>\n<p>\n\t<strong>Rozstrzyganie<\/strong><strong><\/strong><strong>spor\u00f3w<\/strong><strong><\/strong><strong>konsumenckich\/Uniwersalny<\/strong><strong><\/strong><strong>organ<\/strong><br \/>\n\t<strong>rozstrzygaj\u0105cy spory<\/strong>\n<\/p>\n<p>\n\tNie jeste\u015bmy gotowi ani zobowi\u0105zani do udzia\u0142u w post\u0119powaniach<br \/>\n\trozstrzygaj\u0105cych spory przed omisj\u0105 arbitra\u017cow\u0105 ds. konsument\u00f3w.<\/p>\n","protected":false},"excerpt":{"rendered":"<p>Holler Tore GmbH [Ulica] Schlossallee 4 8435 Wagna (Austria) Rejestr handlowy: FN273649a S\u0105d rejestrowy: S\u0105d Krajowy ds. Cywilnych w Grazu [&hellip;]<\/p>\n","protected":false},"author":2,"featured_media":0,"parent":0,"menu_order":0,"comment_status":"closed","ping_status":"closed","template":"page-templates\/empty.php","meta":{"_seopress_robots_primary_cat":"","_seopress_titles_title":"","_seopress_titles_desc":"","_seopress_robots_index":"","footnotes":""},"class_list":["post-12737","page","type-page","status-publish","hentry"],"aioseo_notices":[],"_links":{"self":[{"href":"https:\/\/holler-tore.at\/pl\/wp-json\/wp\/v2\/pages\/12737","targetHints":{"allow":["GET"]}}],"collection":[{"href":"https:\/\/holler-tore.at\/pl\/wp-json\/wp\/v2\/pages"}],"about":[{"href":"https:\/\/holler-tore.at\/pl\/wp-json\/wp\/v2\/types\/page"}],"author":[{"embeddable":true,"href":"https:\/\/holler-tore.at\/pl\/wp-json\/wp\/v2\/users\/2"}],"replies":[{"embeddable":true,"href":"https:\/\/holler-tore.at\/pl\/wp-json\/wp\/v2\/comments?post=12737"}],"version-history":[{"count":6,"href":"https:\/\/holler-tore.at\/pl\/wp-json\/wp\/v2\/pages\/12737\/revisions"}],"predecessor-version":[{"id":12762,"href":"https:\/\/holler-tore.at\/pl\/wp-json\/wp\/v2\/pages\/12737\/revisions\/12762"}],"wp:attachment":[{"href":"https:\/\/holler-tore.at\/pl\/wp-json\/wp\/v2\/media?parent=12737"}],"curies":[{"name":"wp","href":"https:\/\/api.w.org\/{rel}","templated":true}]}}