{"id":8610,"date":"2023-12-07T11:04:50","date_gmt":"2023-12-07T10:04:50","guid":{"rendered":"https:\/\/www.holler-tore.at\/?page_id=8610"},"modified":"2024-08-19T14:52:01","modified_gmt":"2024-08-19T12:52:01","slug":"contact-slovenie","status":"publish","type":"page","link":"https:\/\/holler-tore.at\/nl\/contact\/contact-slovenie\/","title":{"rendered":"Contact Sloveni\u00eb"},"content":{"rendered":"<section>\n<div class=\"container\">\n<div class=\"row\">\n<div class=\"col-md-12\">\n<div class=\"lc-block\">\n<div editable=\"rich\">\n<p>Holler, vrata in ograjni sistemi d.o.o.<\/p>\n<\/p>\n<p>Rakovnik 24, 1215 Medvode <\/p>\n<\/p>\n<p>Tel: 041 973 679 <\/p>\n<\/p>\n<p>prodaja@holler.si <\/p>\n<\/p>\n<p>www.holler.si <\/p>\n<\/p>\n<\/p>\n<h4><strong>Svetovanje <\/strong><\/h4>\n<p>Ker smo pogosto na terenu, nas za svetovanje, izmero in ponudbo pokli\u010dite ali po\u0161ljite elektronsko sporo\u010dilo.<\/p>\n<p><\/p>\n<h4><strong>Openingstijden<\/strong><\/h4>\n<table class=\"table table-dark\">\n<tbody>\n<tr>\n<th scope=\"row\">Maandag &#8211; Dinsdag<\/th>\n<td>08:00 &#8211; 16:00 uur<\/td>\n<td><\/td>\n<\/tr>\n<tr>\n<th scope=\"row\">Woensdag &#8211; Donderdag<\/th>\n<td>10:00 &#8211; 18:00 uur<\/td>\n<td><\/td>\n<\/tr>\n<tr>\n<th scope=\"row\">Vrijdag<\/th>\n<td>08:00 &#8211; 14:30 uur<\/td>\n<td><\/td>\n<\/tr>\n<tr>\n<th scope=\"row\">Zaterdag<\/th>\n<td>08:00 &#8211; 11:00 uur<\/td>\n<td><\/td>\n<\/tr>\n<\/tbody>\n<\/table>\n<h4><\/h4>\n<\/p><\/div>\n<p><!-- \/lc-block -->\n\t\t\t\t<\/div>\n<p><!-- \/col -->\n\t\t\t<\/div>\n<\/p><\/div>\n<\/p><\/div>\n<\/section>\n<section class=\"pb-5\">\n<div class=\"embed-responsive embed-responsive-16by9\" lc-helper=\"gmap-embed\">\n\t\t<iframe class=\"embed-responsive-item\" src=\"https:\/\/maps.google.com\/maps?q=Rakovnik%2024%2C%201215%20Medvode&amp;t=m&amp;z=8&amp;output=embed&amp;iwloc=near\"><\/iframe>\n\t<\/div>\n<\/section>\n","protected":false},"excerpt":{"rendered":"<p>Holler, vrata in ograjni sistemi d.o.o. Rakovnik 24, 1215 Medvode Tel: 041 973 679 prodaja@holler.si www.holler.si Svetovanje Ker smo pogosto [&hellip;]<\/p>\n","protected":false},"author":2,"featured_media":0,"parent":8460,"menu_order":0,"comment_status":"closed","ping_status":"closed","template":"","meta":{"_seopress_robots_primary_cat":"","_seopress_titles_title":"","_seopress_titles_desc":"","_seopress_robots_index":"","footnotes":""},"class_list":["post-8610","page","type-page","status-publish","hentry"],"aioseo_notices":[],"_links":{"self":[{"href":"https:\/\/holler-tore.at\/nl\/wp-json\/wp\/v2\/pages\/8610","targetHints":{"allow":["GET"]}}],"collection":[{"href":"https:\/\/holler-tore.at\/nl\/wp-json\/wp\/v2\/pages"}],"about":[{"href":"https:\/\/holler-tore.at\/nl\/wp-json\/wp\/v2\/types\/page"}],"author":[{"embeddable":true,"href":"https:\/\/holler-tore.at\/nl\/wp-json\/wp\/v2\/users\/2"}],"replies":[{"embeddable":true,"href":"https:\/\/holler-tore.at\/nl\/wp-json\/wp\/v2\/comments?post=8610"}],"version-history":[{"count":3,"href":"https:\/\/holler-tore.at\/nl\/wp-json\/wp\/v2\/pages\/8610\/revisions"}],"predecessor-version":[{"id":10331,"href":"https:\/\/holler-tore.at\/nl\/wp-json\/wp\/v2\/pages\/8610\/revisions\/10331"}],"up":[{"embeddable":true,"href":"https:\/\/holler-tore.at\/nl\/wp-json\/wp\/v2\/pages\/8460"}],"wp:attachment":[{"href":"https:\/\/holler-tore.at\/nl\/wp-json\/wp\/v2\/media?parent=8610"}],"curies":[{"name":"wp","href":"https:\/\/api.w.org\/{rel}","templated":true}]}}