{"id":6192,"date":"2023-03-22T10:25:42","date_gmt":"2023-03-22T09:25:42","guid":{"rendered":"https:\/\/www.holler-tore.at\/?page_id=6192"},"modified":"2023-04-04T09:04:33","modified_gmt":"2023-04-04T07:04:33","slug":"qualita","status":"publish","type":"page","link":"https:\/\/holler-tore.at\/it\/qualita\/","title":{"rendered":"Qualit\u00e0"},"content":{"rendered":"<section>\n<div class=\"d-flex container-fluid\" lc-helper=\"background\" style=\"height:35vh;background:url(https:\/\/holler-tore.at\/wp-content\/uploads\/2022\/01\/Schiebetor-20m-Logistikcenter-01.jpg)  center \/ cover no-repeat;\">\n\t<\/div>\n<div class=\"container p-5 bg-primary text-white align-self-center\" style=\"margin-top:-100px\">\n<div class=\"row align-self-center\">\n<div class=\"col-md-12 align-self-center\">\n\t\t\t\t<!-- \/lc-block --><\/p>\n<div class=\"lc-block align-self-center\">\n<div editable=\"rich\">\n<h2 editable=\"inline\" class=\"font-weight-bold\">Con noi la qualit\u00e0 non \u00e8 una promessa vuota.<\/h2>\n<\/p><\/div>\n<\/p><\/div>\n<\/p><\/div>\n<p><!-- \/col -->\n\t\t<\/div>\n<\/p><\/div>\n<\/section>\n<section class=\"pt-5 pb-5\">\n<div class=\"container\">\n<div class=\"row\">\n<div class=\"col-md-6 align-self-center\">\n<div class=\"lc-block\">\n<div editable=\"rich\">\n<h2 class=\"text-danger\"><strong>Stato della Tecnica<\/strong><br \/><\/h2>\n<p>I nostri prodotti sono fabbricati esclusivamente in Austria in una delle fabbriche di cancelli scorrevoli pi\u00f9 moderne d&#8217;Europa, su una superficie di circa 20.000 m2. La produzione \u00e8 all&#8217;avanguardia con macchine robotizzate nell&#8217;ambito dell&#8217;Industria 4.0.<\/p>\n<\/p>\n<p>La gamma verticale di produzione comprende ricerca e sviluppo, progettazione e produzione complete. <\/p>\n<\/p>\n<p>Il nostro impianto di verniciatura a polvere elettrostatica \u00e8 il pi\u00f9 grande in Austria e uno degli impianti di trattamento delle superfici pi\u00f9 ecologici ed economici al mondo.<\/p>\n<\/p><\/div>\n<\/p><\/div>\n<p>\t\t\t\t<!-- \/lc-block -->\n\t\t\t<\/div>\n<p><!-- \/col --><\/p>\n<div class=\"col-md-6 align-self-center\">\n<div class=\"lc-block\">\n\t\t\t\t\t<img fetchpriority=\"high\" decoding=\"async\" class=\"img-fluid\" src=\"https:\/\/holler-tore.at\/wp-content\/uploads\/2022\/01\/halle-scaled.jpg\" width=\"2560\" height=\"1449\" srcset=\"https:\/\/holler-tore.at\/wp-content\/uploads\/2022\/01\/halle-scaled.jpg 2560w, https:\/\/holler-tore.at\/wp-content\/uploads\/2022\/01\/halle-300x170.jpg 300w, https:\/\/holler-tore.at\/wp-content\/uploads\/2022\/01\/halle-1024x580.jpg 1024w, https:\/\/holler-tore.at\/wp-content\/uploads\/2022\/01\/halle-768x435.jpg 768w, https:\/\/holler-tore.at\/wp-content\/uploads\/2022\/01\/halle-1536x869.jpg 1536w, https:\/\/holler-tore.at\/wp-content\/uploads\/2022\/01\/halle-2048x1159.jpg 2048w\" sizes=\"(max-width: 2560px) 100vw, 2560px\" alt=\"\">\n\t\t\t\t<\/div>\n<p><!-- \/lc-block -->\n\t\t\t<\/div>\n<p><!-- \/col -->\n\t\t<\/div>\n<\/p><\/div>\n<\/section>\n<section class=\"pt-5 pb-5 bg-dark text-light\">\n<div class=\"container\">\n<div class=\"row\">\n<div class=\"col-md-6\">\n<div class=\"lc-block\">\n\t\t\t\t\t<img decoding=\"async\" class=\"img-fluid\" src=\"https:\/\/holler-tore.at\/wp-content\/uploads\/2022\/01\/acetylene-1239328-scaled.jpg\">\n\t\t\t\t<\/div>\n<p><!-- \/lc-block -->\n\t\t\t<\/div>\n<p><!-- \/col --><\/p>\n<div class=\"col-md-6 align-self-center mt-5\">\n<div class=\"lc-block\">\n<div editable=\"rich\">\n<h2 class=\"text-danger\"><strong>Unicit\u00e0 e individualit\u00e0<\/strong><br \/><\/h2>\n<p>I nostri sistemi unici in alluminio, saldati, avvitati e Clip&amp;Glue, sviluppati appositamente per cancelli e recinzioni, garantiscono il massimo grado di individualit\u00e0 e la massima qualit\u00e0. Ogni prodotto che esce dalla nostra azienda viene ampiamente testato e ispezionato prima della consegna..<\/p>\n<\/p><\/div>\n<\/p><\/div>\n<p>\t\t\t\t<!-- \/lc-block -->\n\t\t\t<\/div>\n<p><!-- \/col -->\n\t\t<\/div>\n<\/p><\/div>\n<\/section>\n<section class=\"pt-5 pb-5\">\n<div class=\"container\">\n<div class=\"row\">\n<div class=\"col-md-6 order-2 order-md-1 align-self-center mt-4\">\n<div class=\"lc-block\">\n<div editable=\"rich\">\n<h2 class=\"text-danger\"><strong>Materiali di alta qualit\u00e0<\/strong><br \/><\/h2>\n<p>Alluminio, acciaio corten, vetro e acciaio inox sono solo alcuni dei materiali con cui sono realizzati i nostri cancelli e le nostre recinzioni. Tutti i prodotti delle serie HOLLER PRO e HOLLER HOME sono rifiniti con una verniciatura a polvere di alta qualit\u00e0. La massima resistenza agli agenti atmosferici, la facile manutenzione e le superfici antigraffio garantiscono qualit\u00e0 e bellezza per molti anni.<\/p>\n<\/p><\/div>\n<\/p><\/div>\n<p>\t\t\t\t<!-- \/lc-block -->\n\t\t\t<\/div>\n<p><!-- \/col --><\/p>\n<div class=\"col-md-6 order-1 order-md-2 \">\n<div class=\"lc-block\">\n\t\t\t\t\t<img decoding=\"async\" class=\"img-fluid\" src=\"https:\/\/holler-tore.at\/wp-content\/uploads\/2022\/01\/steel-tube-5528518_1920.jpg\" width=\"1920\" height=\"1013\" srcset=\"https:\/\/holler-tore.at\/wp-content\/uploads\/2022\/01\/steel-tube-5528518_1920.jpg 1920w, https:\/\/holler-tore.at\/wp-content\/uploads\/2022\/01\/steel-tube-5528518_1920-300x158.jpg 300w, https:\/\/holler-tore.at\/wp-content\/uploads\/2022\/01\/steel-tube-5528518_1920-1024x540.jpg 1024w, https:\/\/holler-tore.at\/wp-content\/uploads\/2022\/01\/steel-tube-5528518_1920-768x405.jpg 768w, https:\/\/holler-tore.at\/wp-content\/uploads\/2022\/01\/steel-tube-5528518_1920-1536x810.jpg 1536w\" sizes=\"(max-width: 1920px) 100vw, 1920px\" alt=\"\">\n\t\t\t\t<\/div>\n<p><!-- \/lc-block -->\n\t\t\t<\/div>\n<p><!-- \/col -->\n\t\t<\/div>\n<\/p><\/div>\n<\/section>\n<section class=\"pt-5 pb-5 bg-dark text-light\">\n<div class=\"container\">\n<div class=\"row\">\n<div class=\"col-md-6\">\n<div class=\"lc-block\">\n\t\t\t\t\t<img decoding=\"async\" class=\"img-fluid\" src=\"https:\/\/holler-tore.at\/wp-content\/uploads\/2022\/08\/Holler-zertifizierungen-web-1.png\" width=\"1000\" height=\"600\" srcset=\"https:\/\/holler-tore.at\/wp-content\/uploads\/2022\/08\/Holler-zertifizierungen-web-1.png 1000w, https:\/\/holler-tore.at\/wp-content\/uploads\/2022\/08\/Holler-zertifizierungen-web-1-300x180.png 300w, https:\/\/holler-tore.at\/wp-content\/uploads\/2022\/08\/Holler-zertifizierungen-web-1-768x461.png 768w\" sizes=\"(max-width: 1000px) 100vw, 1000px\" alt=\"\">\n\t\t\t\t<\/div>\n<p><!-- \/lc-block -->\n\t\t\t<\/div>\n<p><!-- \/col --><\/p>\n<div class=\"col-md-6 align-self-center\">\n<div class=\"lc-block mt-4\">\n<div editable=\"rich\">\n<h2 class=\"text-danger\"><strong>Certificazione e premio<\/strong><br \/><\/h2>\n<p>I nostri prodotti sono realizzati secondo rigorosi standard di qualit\u00e0 e soddisfano i requisiti delle norme ISO 9001, EN 1090 ed EN 13241-1. Tutti i cancelli scorrevoli, i cancelli a battente, i cancelli a libro e le barriere recano il marchio di qualit\u00e0 HQ.<\/p>\n<p>Holler Tore GmbH \u00e8 anche un&#8217;azienda modello dell&#8217;economia austriaca.<\/p>\n<\/p><\/div>\n<\/p><\/div>\n<p>\t\t\t\t<!-- \/lc-block -->\n\t\t\t<\/div>\n<p><!-- \/col -->\n\t\t<\/div>\n<\/p><\/div>\n<\/section>\n<section class=\"pt-5 pb-5\">\n<div class=\"container py-5 text-center\">\n<div class=\"row\">\n<div class=\"col-md-8 offset-md-2 px-4\">\n<div class=\"lc-block\">\n\t\t\t\t\t<svg xmlns=\"http:\/\/www.w3.org\/2000\/svg\" viewBox=\"0 0 448 512\" width=\"5em\" height=\"5em\" lc-helper=\"svg-icon\" fill=\"currentColor\" class=\"text-danger\">\n\t\t\t\t\t\t<path d=\"M313.6 304c-28.7 0-42.5 16-89.6 16-47.1 0-60.8-16-89.6-16C60.2 304 0 364.2 0 438.4V464c0 26.5 21.5 48 48 48h352c26.5 0 48-21.5 48-48v-25.6c0-74.2-60.2-134.4-134.4-134.4zM400 464H48v-25.6c0-47.6 38.8-86.4 86.4-86.4 14.6 0 38.3 16 89.6 16 51.7 0 74.9-16 89.6-16 47.6 0 86.4 38.8 86.4 86.4V464zM224 288c79.5 0 144-64.5 144-144S303.5 0 224 0 80 64.5 80 144s64.5 144 144 144zm0-240c52.9 0 96 43.1 96 96s-43.1 96-96 96-96-43.1-96-96 43.1-96 96-96z\"><\/path>\n\t\t\t\t\t<\/svg>\n\t\t\t\t<\/div>\n<div class=\"lc-block mb-4 mt-4\">\n<div editable=\"rich\">\n<h2><strong>CONTATTO<\/strong><\/h2>\n<\/p><\/div>\n<\/p><\/div>\n<div class=\"lc-block mb-4\">\n<div editable=\"rich\">\n<p>Siamo felici di essere a vostra disposizione. Trovate il contatto giusto per Austria, Germania, Svizzera, Polonia e Francia.<\/p>\n<\/p><\/div>\n<\/p><\/div>\n<div class=\"lc-block\"><a class=\"btn btn-primary btn-xl js-scroll-trigger\" href=\"https:\/\/holler-tore.at\/kontakt\" role=\"button\">Contattaci<\/a><\/div>\n<p><!-- \/lc-block -->\n\t\t\t<\/div>\n<\/p><\/div>\n<\/p><\/div>\n<\/section>\n","protected":false},"excerpt":{"rendered":"<p>Con noi la qualit\u00e0 non \u00e8 una promessa vuota. Stato della Tecnica I nostri prodotti sono fabbricati esclusivamente in Austria [&hellip;]<\/p>\n","protected":false},"author":2,"featured_media":0,"parent":0,"menu_order":0,"comment_status":"closed","ping_status":"closed","template":"templates\/canvas-template.php","meta":{"_seopress_robots_primary_cat":"","_seopress_titles_title":"","_seopress_titles_desc":"","_seopress_robots_index":"","footnotes":""},"class_list":["post-6192","page","type-page","status-publish","hentry"],"aioseo_notices":[],"_links":{"self":[{"href":"https:\/\/holler-tore.at\/it\/wp-json\/wp\/v2\/pages\/6192","targetHints":{"allow":["GET"]}}],"collection":[{"href":"https:\/\/holler-tore.at\/it\/wp-json\/wp\/v2\/pages"}],"about":[{"href":"https:\/\/holler-tore.at\/it\/wp-json\/wp\/v2\/types\/page"}],"author":[{"embeddable":true,"href":"https:\/\/holler-tore.at\/it\/wp-json\/wp\/v2\/users\/2"}],"replies":[{"embeddable":true,"href":"https:\/\/holler-tore.at\/it\/wp-json\/wp\/v2\/comments?post=6192"}],"version-history":[{"count":6,"href":"https:\/\/holler-tore.at\/it\/wp-json\/wp\/v2\/pages\/6192\/revisions"}],"predecessor-version":[{"id":6341,"href":"https:\/\/holler-tore.at\/it\/wp-json\/wp\/v2\/pages\/6192\/revisions\/6341"}],"wp:attachment":[{"href":"https:\/\/holler-tore.at\/it\/wp-json\/wp\/v2\/media?parent=6192"}],"curies":[{"name":"wp","href":"https:\/\/api.w.org\/{rel}","templated":true}]}}