{"id":6177,"date":"2023-03-21T12:31:48","date_gmt":"2023-03-21T11:31:48","guid":{"rendered":"https:\/\/www.holler-tore.at\/?page_id=6177"},"modified":"2026-03-02T13:00:52","modified_gmt":"2026-03-02T12:00:52","slug":"contatto","status":"publish","type":"page","link":"https:\/\/holler-tore.at\/it\/contatto\/","title":{"rendered":"Contatto"},"content":{"rendered":"<section>\n<div class=\"container\">\n<div class=\"row\">\n<div class=\"col-md-12\">\n<div class=\"lc-block\">\n<div editable=\"rich\">\n<h5><strong>Holler Italia SRL<\/strong><\/h5>\n<\/p>\n<p>&nbsp;Via del Lavoro 45,&nbsp;<\/p>\n<p>Codogn\u00e8 31013&nbsp;(TV)<\/p>\n<p>Tel.+39 0438 1693620 <\/p>\n<p>info@holler-italia.it<\/p>\n<p>www.holler-italia.com<\/p>\n<p><\/p>\n<p>&nbsp; &nbsp; &nbsp; &nbsp;<\/p>\n<table class=\"table table-dark\">\n<tbody>\n<tr>\n<th scope=\"row\">Luned\u00ec- Venerd\u00ec<\/th>\n<td>07.30 -13.00 &#8211; 13.30-16:30<\/td>\n<td><\/td>\n<\/tr>\n<\/tbody>\n<\/table>\n<h4><\/h4>\n<\/p><\/div>\n<p><!-- \/lc-block -->\n\t\t\t\t<\/div>\n<p><!-- \/col -->\n\t\t\t<\/div>\n<\/p><\/div>\n<\/p><\/div>\n<\/section>\n<section class=\"pb-5\">\n<div class=\"embed-responsive embed-responsive-16by9\" lc-helper=\"gmap-embed\">\n\t\t<iframe class=\"embed-responsive-item\" src=\"https:\/\/maps.google.com\/maps?q=Via%20Vittorio%20Emanuele%20II%20n%C2%B051%2F2%20%2031029%20Vittorio%20Veneto%20(TV)%20Italia%20&amp;t=m&amp;z=8&amp;output=embed&amp;iwloc=near\"><\/iframe>\n\t<\/div>\n<\/section>\n","protected":false},"excerpt":{"rendered":"<p>Holler Italia SRL &nbsp;Via del Lavoro 45,&nbsp; Codogn\u00e8 31013&nbsp;(TV) Tel.+39 0438 1693620 info@holler-italia.it www.holler-italia.com &nbsp; &nbsp; &nbsp; &nbsp; Luned\u00ec- Venerd\u00ec [&hellip;]<\/p>\n","protected":false},"author":2,"featured_media":0,"parent":0,"menu_order":0,"comment_status":"closed","ping_status":"closed","template":"","meta":{"_seopress_robots_primary_cat":"","_seopress_titles_title":"","_seopress_titles_desc":"","_seopress_robots_index":"","footnotes":""},"class_list":["post-6177","page","type-page","status-publish","hentry"],"aioseo_notices":[],"_links":{"self":[{"href":"https:\/\/holler-tore.at\/it\/wp-json\/wp\/v2\/pages\/6177","targetHints":{"allow":["GET"]}}],"collection":[{"href":"https:\/\/holler-tore.at\/it\/wp-json\/wp\/v2\/pages"}],"about":[{"href":"https:\/\/holler-tore.at\/it\/wp-json\/wp\/v2\/types\/page"}],"author":[{"embeddable":true,"href":"https:\/\/holler-tore.at\/it\/wp-json\/wp\/v2\/users\/2"}],"replies":[{"embeddable":true,"href":"https:\/\/holler-tore.at\/it\/wp-json\/wp\/v2\/comments?post=6177"}],"version-history":[{"count":14,"href":"https:\/\/holler-tore.at\/it\/wp-json\/wp\/v2\/pages\/6177\/revisions"}],"predecessor-version":[{"id":12642,"href":"https:\/\/holler-tore.at\/it\/wp-json\/wp\/v2\/pages\/6177\/revisions\/12642"}],"wp:attachment":[{"href":"https:\/\/holler-tore.at\/it\/wp-json\/wp\/v2\/media?parent=6177"}],"curies":[{"name":"wp","href":"https:\/\/api.w.org\/{rel}","templated":true}]}}