{"id":6157,"date":"2023-03-21T12:12:41","date_gmt":"2023-03-21T11:12:41","guid":{"rendered":"https:\/\/www.holler-tore.at\/?page_id=6157"},"modified":"2024-03-08T10:00:11","modified_gmt":"2024-03-08T09:00:11","slug":"holler-diy","status":"publish","type":"page","link":"https:\/\/holler-tore.at\/it\/prodotti\/holler-diy\/","title":{"rendered":"HOLLER DIY"},"content":{"rendered":"<section>\n<div class=\"d-flex container-fluid\" lc-helper=\"background\" style=\"height:35vh;background:url(https:\/\/holler-tore.at\/wp-content\/uploads\/2022\/01\/latte100-scaled.jpg)  center \/ cover no-repeat;\">\n\t<\/div>\n<div class=\"container p-5 bg-light\" style=\"margin-top:-100px\">\n<div class=\"row\">\n<div class=\"col-md-12 align-self-center\">\n<div class=\"lc-block\">\n<div editable=\"rich\">\n<p>Artigianato con i pi\u00f9 elevati standard.<\/p>\n<\/p><\/div>\n<\/p><\/div>\n<p><!-- \/lc-block --><\/p>\n<div class=\"lc-block \">\n<div editable=\"rich\">\n<h1 editable=\"inline\" class=\"\">HOLLER&nbsp;<strong class=\"text-danger\">DIY<\/strong><\/h1>\n<\/p><\/div>\n<\/p><\/div>\n<div class=\"lc-block\">\n<div editable=\"rich\">\n<p> Il nostro sistema modulare fai-da-te si basa su componenti standardizzati con i quali \u00e8 possibile costruire innumerevoli soluzioni. Adattate senza problemi cancelli e recinzioni alle condizioni strutturali e locali esistenti e godetevi la facilit\u00e0 di montaggio. La qualit\u00e0 \u00e8 nelle vostre mani.<\/p>\n<\/p><\/div>\n<\/p><\/div>\n<p><!-- \/lc-block --><\/p>\n<div class=\"lc-block\"><a class=\"btn btn-primary btn-xl js-scroll-trigger\" href=\"https:\/\/holler-tore.at\/kontakt\" role=\"button\">Contattaci<\/a><\/div>\n<p><!-- \/lc-block -->\n\t\t\t<\/div>\n<p><!-- \/col -->\n\t\t<\/div>\n<\/p><\/div>\n<\/section>\n<section class=\"text-dark\">\n<div class=\"container py-5\">\n<div class=\"row mt-5\">\n<div class=\"col-lg-6 align-self-center\">\n<div class=\"lc-block about-img-shape position-relative\"> <img fetchpriority=\"high\" decoding=\"async\" class=\"img-fluid\" src=\"https:\/\/holler-tore.at\/wp-content\/uploads\/2022\/01\/GLNW0025-1.jpg\" alt=\"\" width=\"1024\" height=\"768\" srcset=\"https:\/\/holler-tore.at\/wp-content\/uploads\/2022\/01\/GLNW0025-1.jpg 1024w, https:\/\/holler-tore.at\/wp-content\/uploads\/2022\/01\/GLNW0025-1-300x225.jpg 300w, https:\/\/holler-tore.at\/wp-content\/uploads\/2022\/01\/GLNW0025-1-768x576.jpg 768w\" sizes=\"(max-width: 1024px) 100vw, 1024px\">\n\t\t\t\t<\/div>\n<\/p><\/div>\n<div class=\"col-lg-6 align-self-center mt-5\">\n<div class=\"lc-block\">\n<div editable=\"rich\">\n<h2>Cancelli scorrevoli<br \/><\/h2>\n<p class=\"\">Realizzate il vostro &#8220;cancello dei sogni&#8221; e scegliete tra 4 diverse lunghezze e 6 diverse altezze<\/p>\n<\/p>\n<p>Antracite, alluminio bianco o verde muschio. La verniciatura a polvere, resistente ai graffi e agli agenti atmosferici, riduce la manutenzione e garantisce la bellezza per molti anni. <\/p>\n<\/p>\n<p>Se avete bisogno di assistenza, le nostre istruzioni di montaggio e i nostri video forniscono le informazioni necessarie.<\/p>\n<\/p><\/div>\n<\/p><\/div>\n<p>\t\t\t\t<!-- \/lc-block --><br \/>\n\t\t\t\t<!-- \/lc-block -->\n\t\t\t<\/div>\n<\/p><\/div>\n<div class=\"row mt-5\">\n<div class=\"col-lg-6 order-2 order-lg-1 mt-5  align-self-center\">\n<div class=\"lc-block\">\n<div editable=\"rich\">\n<h2>Cancelli a battente e porte pedonali<\/h2>\n<p>I cancelli a doppio battente con larghezza di passaggio ottimale sono disponibili in diverse dimensioni e design. Scegliete tra diversi rivestimenti: Barra, lamiera forata, lamiera liscia, listello e alluminio forgiato. Il cancello a battente pu\u00f2 essere aperto e chiuso manualmente o automaticamente. <\/p>\n<\/p>\n<p>Combinate il cancello a battente con la porta pedonale abbinata per ottenere un aspetto complessivo tecnicamente e visivamente armonioso.<\/p>\n<\/p><\/div>\n<\/p><\/div>\n<p>\t\t\t\t<!-- \/lc-block --><br \/>\n\t\t\t\t<!-- \/lc-block -->\n\t\t\t<\/div>\n<div class=\"col-lg-6 order-1 order-lg-2 align-self-center\">\n<div class=\"lc-block about-img-shape position-relative\"> <img decoding=\"async\" class=\"img-fluid\" src=\"https:\/\/holler-tore.at\/wp-content\/uploads\/2022\/01\/24-scaled.jpg\" alt=\"\" width=\"2560\" height=\"1920\" srcset=\"https:\/\/holler-tore.at\/wp-content\/uploads\/2022\/01\/24-scaled.jpg 2560w, https:\/\/holler-tore.at\/wp-content\/uploads\/2022\/01\/24-300x225.jpg 300w, https:\/\/holler-tore.at\/wp-content\/uploads\/2022\/01\/24-1024x768.jpg 1024w, https:\/\/holler-tore.at\/wp-content\/uploads\/2022\/01\/24-768x576.jpg 768w, https:\/\/holler-tore.at\/wp-content\/uploads\/2022\/01\/24-1536x1152.jpg 1536w, https:\/\/holler-tore.at\/wp-content\/uploads\/2022\/01\/24-2048x1536.jpg 2048w\" sizes=\"(max-width: 2560px) 100vw, 2560px\">\n\t\t\t\t<\/div>\n<\/p><\/div>\n<\/p><\/div>\n<\/p><\/div>\n<\/section>\n<section class=\"bg-dark text-white mb-5 pb-5\">\n<div class=\"container py-5\">\n<div class=\"row mt-5\">\n<div class=\"col-lg-6 align-self-center\">\n<div class=\"lc-block about-img-shape position-relative\"> <img decoding=\"async\" class=\"img-fluid\" src=\"https:\/\/holler-tore.at\/wp-content\/uploads\/2022\/01\/DIY-Zaunpannel-2-scaled.jpg\" alt=\"\" width=\"2560\" height=\"1707\" srcset=\"https:\/\/holler-tore.at\/wp-content\/uploads\/2022\/01\/DIY-Zaunpannel-2-scaled.jpg 2560w, https:\/\/holler-tore.at\/wp-content\/uploads\/2022\/01\/DIY-Zaunpannel-2-300x200.jpg 300w, https:\/\/holler-tore.at\/wp-content\/uploads\/2022\/01\/DIY-Zaunpannel-2-1024x683.jpg 1024w, https:\/\/holler-tore.at\/wp-content\/uploads\/2022\/01\/DIY-Zaunpannel-2-768x512.jpg 768w, https:\/\/holler-tore.at\/wp-content\/uploads\/2022\/01\/DIY-Zaunpannel-2-1536x1024.jpg 1536w, https:\/\/holler-tore.at\/wp-content\/uploads\/2022\/01\/DIY-Zaunpannel-2-2048x1365.jpg 2048w\" sizes=\"(max-width: 2560px) 100vw, 2560px\">\n\t\t\t\t<\/div>\n<\/p><\/div>\n<div class=\"col-lg-6 mt-5 align-self-center\">\n<div class=\"lc-block\">\n<div editable=\"rich\">\n<h2>Recinzioni<br \/><\/h2>\n<p>Selezionate altezza, larghezza, colore e modello e iniziate! Il montaggio \u00e8 semplice e avviene su pali standard a doppia asta, utilizzando lo stesso sistema di fissaggio..<\/p>\n<p>La protezione affidabile e visivamente attraente della vostra propriet\u00e0 \u00e8 assicurata.<\/p>\n<\/p><\/div>\n<\/p><\/div>\n<p>\t\t\t\t<!-- \/lc-block --><br \/>\n\t\t\t\t<!-- \/lc-block -->\n\t\t\t<\/div>\n<\/p><\/div>\n<\/p><\/div>\n<\/section>\n<section class=\"pt-5 pb-5\">\n<div class=\"container py-5 text-center\">\n<div class=\"row\">\n<div class=\"col-md-8 offset-md-2 px-4\">\n<div class=\"lc-block\">\n\t\t\t\t\t<svg xmlns=\"http:\/\/www.w3.org\/2000\/svg\" viewBox=\"0 0 448 512\" width=\"5em\" height=\"5em\" lc-helper=\"svg-icon\" fill=\"currentColor\" class=\"text-danger\">\n\t\t\t\t\t\t<path d=\"M313.6 304c-28.7 0-42.5 16-89.6 16-47.1 0-60.8-16-89.6-16C60.2 304 0 364.2 0 438.4V464c0 26.5 21.5 48 48 48h352c26.5 0 48-21.5 48-48v-25.6c0-74.2-60.2-134.4-134.4-134.4zM400 464H48v-25.6c0-47.6 38.8-86.4 86.4-86.4 14.6 0 38.3 16 89.6 16 51.7 0 74.9-16 89.6-16 47.6 0 86.4 38.8 86.4 86.4V464zM224 288c79.5 0 144-64.5 144-144S303.5 0 224 0 80 64.5 80 144s64.5 144 144 144zm0-240c52.9 0 96 43.1 96 96s-43.1 96-96 96-96-43.1-96-96 43.1-96 96-96z\"><\/path>\n\t\t\t\t\t<\/svg>\n\t\t\t\t<\/div>\n<div class=\"lc-block mb-4 mt-4\">\n<div editable=\"rich\">\n<h2 class=\"font-weight-bolder\">CONTATTO<\/h2>\n<\/p><\/div>\n<\/p><\/div>\n<div class=\"lc-block mb-4\">\n<div editable=\"rich\">\n<p>Siamo felici di essere a vostra disposizione. Trovate il contatto giusto per Austria, Germania, Svizzera, Slovenia, Polonia e Francia.<\/p>\n<\/p><\/div>\n<\/p><\/div>\n<div class=\"lc-block\"><a class=\"btn btn-primary btn-xl js-scroll-trigger\" href=\"https:\/\/holler-tore.at\/it\/contatto\/contatto-italia\/\" role=\"button\">Contattaci<\/a><\/div>\n<p><!-- \/lc-block -->\n\t\t\t<\/div>\n<\/p><\/div>\n<\/p><\/div>\n<\/section>\n","protected":false},"excerpt":{"rendered":"<p>Artigianato con i pi\u00f9 elevati standard. HOLLER&nbsp;DIY Il nostro sistema modulare fai-da-te si basa su componenti standardizzati con i quali [&hellip;]<\/p>\n","protected":false},"author":2,"featured_media":0,"parent":6186,"menu_order":0,"comment_status":"closed","ping_status":"closed","template":"","meta":{"_seopress_robots_primary_cat":"","_seopress_titles_title":"","_seopress_titles_desc":"","_seopress_robots_index":"","footnotes":""},"class_list":["post-6157","page","type-page","status-publish","hentry"],"aioseo_notices":[],"_links":{"self":[{"href":"https:\/\/holler-tore.at\/it\/wp-json\/wp\/v2\/pages\/6157","targetHints":{"allow":["GET"]}}],"collection":[{"href":"https:\/\/holler-tore.at\/it\/wp-json\/wp\/v2\/pages"}],"about":[{"href":"https:\/\/holler-tore.at\/it\/wp-json\/wp\/v2\/types\/page"}],"author":[{"embeddable":true,"href":"https:\/\/holler-tore.at\/it\/wp-json\/wp\/v2\/users\/2"}],"replies":[{"embeddable":true,"href":"https:\/\/holler-tore.at\/it\/wp-json\/wp\/v2\/comments?post=6157"}],"version-history":[{"count":8,"href":"https:\/\/holler-tore.at\/it\/wp-json\/wp\/v2\/pages\/6157\/revisions"}],"predecessor-version":[{"id":9657,"href":"https:\/\/holler-tore.at\/it\/wp-json\/wp\/v2\/pages\/6157\/revisions\/9657"}],"up":[{"embeddable":true,"href":"https:\/\/holler-tore.at\/it\/wp-json\/wp\/v2\/pages\/6186"}],"wp:attachment":[{"href":"https:\/\/holler-tore.at\/it\/wp-json\/wp\/v2\/media?parent=6157"}],"curies":[{"name":"wp","href":"https:\/\/api.w.org\/{rel}","templated":true}]}}