{"id":6150,"date":"2023-03-21T12:01:35","date_gmt":"2023-03-21T11:01:35","guid":{"rendered":"https:\/\/www.holler-tore.at\/?page_id=6150"},"modified":"2023-04-04T09:09:01","modified_gmt":"2023-04-04T07:09:01","slug":"holler-home","status":"publish","type":"page","link":"https:\/\/holler-tore.at\/it\/prodotti\/holler-home\/","title":{"rendered":"HOLLER HOME"},"content":{"rendered":"<section>\n<div class=\"d-flex container-fluid\" lc-helper=\"background\" style=\"height:35vh;background:url(https:\/\/holler-tore.at\/wp-content\/uploads\/2022\/01\/lamelle1_1920.jpg)  center \/ cover no-repeat;\">\n\t<\/div>\n<div class=\"container p-5 bg-light\" style=\"margin-top:-100px\">\n<div class=\"row\">\n<div class=\"col-md-12 align-self-center\">\n<div class=\"lc-block\">\n<div editable=\"rich\">\n<p>Massima flessibilit\u00e0 e versatilit\u00e0.<\/p>\n<\/p><\/div>\n<\/p><\/div>\n<p><!-- \/lc-block --><\/p>\n<div class=\"lc-block \">\n<div editable=\"rich\">\n<h1 editable=\"inline\" class=\"\">HOLLER&nbsp;<strong class=\"text-danger\">HOME<\/strong><\/h1>\n<\/p><\/div>\n<\/p><\/div>\n<div class=\"lc-block\">\n<div editable=\"rich\">\n<p>I nostri prodotti della serie HOLLER HOME sono flessibili nell&#8217;uso, diversi nel design e resistenti nell&#8217;uso quotidiano. I cancelli e le recinzioni sono stati realizzati su misura per le esigenze e i desideri dei clienti del settore privato. Combinano protezione della propriet\u00e0 e alto valore decorativo. Contattateci: il nostro team sar\u00e0 lieto di consigliarvi.<\/p>\n<\/p><\/div>\n<\/p><\/div>\n<p><!-- \/lc-block --><\/p>\n<div class=\"lc-block\"><a class=\"btn btn-primary btn-xl js-scroll-trigger\" href=\"https:\/\/holler-tore.at\/kontakt\" role=\"button\">Contattaci<\/a><\/div>\n<p><!-- \/lc-block -->\n\t\t\t<\/div>\n<p><!-- \/col -->\n\t\t<\/div>\n<\/p><\/div>\n<\/section>\n<section class=\"text-dark\">\n<div class=\"container py-5\">\n<div class=\"row mt-5\">\n<div class=\"col-lg-6 align-self-center\">\n<div class=\"lc-block about-img-shape position-relative\"> <img fetchpriority=\"high\" decoding=\"async\" class=\"img-fluid\" src=\"https:\/\/holler-tore.at\/wp-content\/uploads\/2022\/01\/parislo-scaled.jpg\" alt=\"\" width=\"2560\" height=\"1707\" srcset=\"https:\/\/holler-tore.at\/wp-content\/uploads\/2022\/01\/parislo-scaled.jpg 2560w, https:\/\/holler-tore.at\/wp-content\/uploads\/2022\/01\/parislo-300x200.jpg 300w, https:\/\/holler-tore.at\/wp-content\/uploads\/2022\/01\/parislo-1024x683.jpg 1024w, https:\/\/holler-tore.at\/wp-content\/uploads\/2022\/01\/parislo-768x512.jpg 768w, https:\/\/holler-tore.at\/wp-content\/uploads\/2022\/01\/parislo-1536x1024.jpg 1536w, https:\/\/holler-tore.at\/wp-content\/uploads\/2022\/01\/parislo-2048x1365.jpg 2048w\" sizes=\"(max-width: 2560px) 100vw, 2560px\">\n\t\t\t\t<\/div>\n<\/p><\/div>\n<div class=\"col-lg-6 align-self-center mt-5\">\n<div class=\"lc-block\">\n<div editable=\"rich\">\n<h2>Cancelli scorrevoli<br \/><\/h2>\n<p>\t\t\t\t\t\tLarghezza fino a 6 m, altezza fino a 2 m. Proteggete la vostra casa, il cortile e il giardino. <\/p>\n<\/p>\n<p class=\"\">Approfittate della lavorazione di materiali di alta qualit\u00e0 e scegliete il vostro design personalizzato. L&#8217;azionamento e il sistema di controllo sono installati in modo &#8220;invisibile&#8221; nella colonna e sono quindi protetti in modo ottimale dagli agenti atmosferici e dagli atti di vandalismo.<\/p>\n<\/p><\/div>\n<\/p><\/div>\n<p>\t\t\t\t<!-- \/lc-block --><br \/>\n\t\t\t\t<!-- \/lc-block -->\n\t\t\t<\/div>\n<\/p><\/div>\n<div class=\"row mt-5\">\n<div class=\"col-lg-6 order-2 order-lg-1 mt-5  align-self-center\">\n<div class=\"lc-block\">\n<div editable=\"rich\">\n<h2>Cancelli Battenti e Pedonali<\/h2>\n<p>Let\u00b4s swing:&nbsp; Larghezza fino a 4,5 m e altezza fino a 2 m.<\/p>\n<\/p>\n<p>Diventate designer: sono disponibili lamiere lisce, tondini, tondini tondi, tappetini a doppio tondino, reti a doghe, forgiatura, illuminazione a LED, taglio laser, fresatura e molto altro ancora. Qualunque sia la vostra scelta, la stabilit\u00e0, l&#8217;affidabilit\u00e0 e la sicurezza sono assicurate.<\/p>\n<\/p><\/div>\n<\/p><\/div>\n<p>\t\t\t\t<!-- \/lc-block --><br \/>\n\t\t\t\t<!-- \/lc-block -->\n\t\t\t<\/div>\n<div class=\"col-lg-6 order-1 order-lg-2 align-self-center\">\n<div class=\"lc-block about-img-shape position-relative\"> <img decoding=\"async\" class=\"img-fluid\" src=\"https:\/\/holler-tore.at\/wp-content\/uploads\/2022\/01\/20200713_115808-1024x768.jpg\" alt=\"\" width=\"1024\" height=\"768\" srcset=\"https:\/\/holler-tore.at\/wp-content\/uploads\/2022\/01\/20200713_115808-1024x768.jpg 1024w, https:\/\/holler-tore.at\/wp-content\/uploads\/2022\/01\/20200713_115808-300x225.jpg 300w, https:\/\/holler-tore.at\/wp-content\/uploads\/2022\/01\/20200713_115808-768x576.jpg 768w, https:\/\/holler-tore.at\/wp-content\/uploads\/2022\/01\/20200713_115808-1536x1152.jpg 1536w, https:\/\/holler-tore.at\/wp-content\/uploads\/2022\/01\/20200713_115808-2048x1536.jpg 2048w\" sizes=\"(max-width: 1024px) 100vw, 1024px\">\n\t\t\t\t<\/div>\n<\/p><\/div>\n<\/p><\/div>\n<\/p><\/div>\n<\/section>\n<section class=\"bg-dark text-white\">\n<div class=\"container py-5\">\n<div class=\"row mt-5\">\n<div class=\"col-lg-6 align-self-center\">\n<div class=\"lc-block about-img-shape position-relative\"> <img decoding=\"async\" class=\"img-fluid\" src=\"https:\/\/holler-tore.at\/wp-content\/uploads\/2022\/01\/20210625_103306-scaled.jpg\" alt=\"\" width=\"2560\" height=\"1920\" srcset=\"https:\/\/holler-tore.at\/wp-content\/uploads\/2022\/01\/20210625_103306-scaled.jpg 2560w, https:\/\/holler-tore.at\/wp-content\/uploads\/2022\/01\/20210625_103306-300x225.jpg 300w, https:\/\/holler-tore.at\/wp-content\/uploads\/2022\/01\/20210625_103306-1024x768.jpg 1024w, https:\/\/holler-tore.at\/wp-content\/uploads\/2022\/01\/20210625_103306-768x576.jpg 768w, https:\/\/holler-tore.at\/wp-content\/uploads\/2022\/01\/20210625_103306-1536x1152.jpg 1536w, https:\/\/holler-tore.at\/wp-content\/uploads\/2022\/01\/20210625_103306-2048x1536.jpg 2048w\" sizes=\"(max-width: 2560px) 100vw, 2560px\">\n\t\t\t\t<\/div>\n<\/p><\/div>\n<div class=\"col-lg-6 mt-5 align-self-center\">\n<div class=\"lc-block\">\n<div editable=\"rich\">\n<h2>Recinzioni<br \/><\/h2>\n<p>Barriere per la privacy alte fino a 2 m. Miami, Amburgo, Amsterdam. I nostri modelli non solo portano i nomi di queste citt\u00e0 del mondo, ma convincono anche per lo stile e il fascino, proprio come queste metropoli.<\/p>\n<p>Grazie a bulbi, punte e palline, ogni recinzione diventa un &#8220;eye-catcher&#8221;.<\/p>\n<\/p><\/div>\n<\/p><\/div>\n<p>\t\t\t\t<!-- \/lc-block --><br \/>\n\t\t\t\t<!-- \/lc-block -->\n\t\t\t<\/div>\n<\/p><\/div>\n<div class=\"row mt-5\">\n<div class=\"col-lg-6 order-2 mt-5 order-lg-1 align-self-center\">\n<div class=\"lc-block\">\n<div editable=\"rich\">\n<h2>Colonne postali e pacchi<\/h2>\n<p>La colonna della cassetta per le lettere, dalla bella forma, completa il cancello come elemento invitante. Si inserisce dall&#8217;esterno e si estrae dall&#8217;interno. Pu\u00f2 essere utilizzata anche come colonna di arresto per cancelli pedonali o come colonna di ingresso per cancelli scorrevoli.<\/p>\n<p>In un epoca in cui il commercio online \u00e8 sempre pi\u00f9 in aumento, la ricezione dei pacchi diventa cos\u00ec semplice ed affidabile, cosi da permetterci di goderci il nostro tempo libero senza costringerci a casa solo per ritirare un pacco od una busta. Le nostre colonne pacchi possono essere progettate in fase iniziale od anche in un secondo momento.&nbsp; L&#8217;apertura della colonna pu\u00f2 avvenire con chiave, con tastiera a codici o con smartphone.<\/p>\n<\/p>\n<p><\/p>\n<\/p><\/div>\n<\/p><\/div>\n<p>\t\t\t\t<!-- \/lc-block --><br \/>\n\t\t\t\t<!-- \/lc-block -->\n\t\t\t<\/div>\n<div class=\"col-lg-6 order-1 order-lg-2 align-self-center\">\n<div class=\"lc-block about-img-shape position-relative\"> <img loading=\"lazy\" decoding=\"async\" class=\"img-fluid\" src=\"https:\/\/holler-tore.at\/wp-content\/uploads\/2021\/11\/17.png\" alt=\"\" width=\"600\" height=\"500\" srcset=\"https:\/\/holler-tore.at\/wp-content\/uploads\/2021\/11\/17.png 600w, https:\/\/holler-tore.at\/wp-content\/uploads\/2021\/11\/17-300x250.png 300w\" sizes=\"(max-width: 600px) 100vw, 600px\">\n\t\t\t\t<\/div>\n<\/p><\/div>\n<\/p><\/div>\n<\/p><\/div>\n<\/section>\n<section class=\"pt-5 pb-5\">\n<div class=\"container py-5 text-center\">\n<div class=\"row\">\n<div class=\"col-md-8 offset-md-2 px-4\">\n<div class=\"lc-block\">\n\t\t\t\t\t<svg xmlns=\"http:\/\/www.w3.org\/2000\/svg\" viewBox=\"0 0 448 512\" width=\"5em\" height=\"5em\" lc-helper=\"svg-icon\" fill=\"currentColor\" class=\"text-danger\">\n\t\t\t\t\t\t<path d=\"M313.6 304c-28.7 0-42.5 16-89.6 16-47.1 0-60.8-16-89.6-16C60.2 304 0 364.2 0 438.4V464c0 26.5 21.5 48 48 48h352c26.5 0 48-21.5 48-48v-25.6c0-74.2-60.2-134.4-134.4-134.4zM400 464H48v-25.6c0-47.6 38.8-86.4 86.4-86.4 14.6 0 38.3 16 89.6 16 51.7 0 74.9-16 89.6-16 47.6 0 86.4 38.8 86.4 86.4V464zM224 288c79.5 0 144-64.5 144-144S303.5 0 224 0 80 64.5 80 144s64.5 144 144 144zm0-240c52.9 0 96 43.1 96 96s-43.1 96-96 96-96-43.1-96-96 43.1-96 96-96z\"><\/path>\n\t\t\t\t\t<\/svg>\n\t\t\t\t<\/div>\n<div class=\"lc-block mb-4 mt-4\">\n<div editable=\"rich\">\n<h2><strong>CONTATTO<\/strong><\/h2>\n<\/p><\/div>\n<\/p><\/div>\n<div class=\"lc-block mb-4\">\n<div editable=\"rich\">\n<p>Siamo felici di essere a vostra disposizione. Trovate il contatto giusto per Austria, Germania, Svizzera, Polonia e Francia.<\/p>\n<\/p><\/div>\n<\/p><\/div>\n<div class=\"lc-block\"><a class=\"btn btn-primary btn-xl js-scroll-trigger\" href=\"https:\/\/holler-tore.at\/kontakt\" role=\"button\">Contattaci<\/a><\/div>\n<p><!-- \/lc-block -->\n\t\t\t<\/div>\n<\/p><\/div>\n<\/p><\/div>\n<\/section>\n","protected":false},"excerpt":{"rendered":"<p>Massima flessibilit\u00e0 e versatilit\u00e0. HOLLER&nbsp;HOME I nostri prodotti della serie HOLLER HOME sono flessibili nell&#8217;uso, diversi nel design e resistenti [&hellip;]<\/p>\n","protected":false},"author":2,"featured_media":0,"parent":6186,"menu_order":0,"comment_status":"closed","ping_status":"closed","template":"","meta":{"_seopress_robots_primary_cat":"","_seopress_titles_title":"","_seopress_titles_desc":"","_seopress_robots_index":"","footnotes":""},"class_list":["post-6150","page","type-page","status-publish","hentry"],"aioseo_notices":[],"_links":{"self":[{"href":"https:\/\/holler-tore.at\/it\/wp-json\/wp\/v2\/pages\/6150","targetHints":{"allow":["GET"]}}],"collection":[{"href":"https:\/\/holler-tore.at\/it\/wp-json\/wp\/v2\/pages"}],"about":[{"href":"https:\/\/holler-tore.at\/it\/wp-json\/wp\/v2\/types\/page"}],"author":[{"embeddable":true,"href":"https:\/\/holler-tore.at\/it\/wp-json\/wp\/v2\/users\/2"}],"replies":[{"embeddable":true,"href":"https:\/\/holler-tore.at\/it\/wp-json\/wp\/v2\/comments?post=6150"}],"version-history":[{"count":14,"href":"https:\/\/holler-tore.at\/it\/wp-json\/wp\/v2\/pages\/6150\/revisions"}],"predecessor-version":[{"id":6344,"href":"https:\/\/holler-tore.at\/it\/wp-json\/wp\/v2\/pages\/6150\/revisions\/6344"}],"up":[{"embeddable":true,"href":"https:\/\/holler-tore.at\/it\/wp-json\/wp\/v2\/pages\/6186"}],"wp:attachment":[{"href":"https:\/\/holler-tore.at\/it\/wp-json\/wp\/v2\/media?parent=6150"}],"curies":[{"name":"wp","href":"https:\/\/api.w.org\/{rel}","templated":true}]}}