{"id":6140,"date":"2021-11-12T07:36:19","date_gmt":"2021-11-12T06:36:19","guid":{"rendered":"https:\/\/www.holler-tore.at\/holler-pro\/"},"modified":"2024-03-18T13:43:13","modified_gmt":"2024-03-18T12:43:13","slug":"holler-pro","status":"publish","type":"page","link":"https:\/\/holler-tore.at\/it\/prodotti\/holler-pro\/","title":{"rendered":"HOLLER PRO"},"content":{"rendered":"<section>\n<div class=\"d-flex container-fluid\" lc-helper=\"background\" style=\"height:35vh;background:url(https:\/\/holler-tore.at\/wp-content\/uploads\/2022\/01\/MG_6223-scaled.jpg)  center \/ cover no-repeat;\">\n\t<\/div>\n<div class=\"container p-5 bg-light\" style=\"margin-top:-100px\">\n<div class=\"row\">\n<div class=\"col-md-12 align-self-center\">\n<div class=\"lc-block\">\n<div editable=\"rich\">\n<p> Affidabilit\u00e0 e sicurezza ad alto livello.<\/p>\n<\/p><\/div>\n<\/p><\/div>\n<p><!-- \/lc-block --><\/p>\n<div class=\"lc-block \">\n<div editable=\"rich\">\n<h1 editable=\"inline\" class=\"\">HOLLER&nbsp;<strong class=\"text-danger\">PRO<\/strong><\/h1>\n<\/p><\/div>\n<\/p><\/div>\n<div class=\"lc-block\">\n<div editable=\"rich\">\n<p>I cancelli e le recinzioni della linea di prodotti HOLLER PRO sono progettati appositamente per un uso intensivo nel settore industriale e commerciale e combinano affidabilit\u00e0, sicurezza e resistenza con un design estetico. Tutti i prodotti possono essere personalizzati e sono quindi unici.<\/p>\n<\/p><\/div>\n<\/p><\/div>\n<p><!-- \/lc-block --><\/p>\n<div class=\"lc-block\"><a class=\"btn btn-primary btn-xl js-scroll-trigger\" href=\"https:\/\/holler-tore.at\/it\/contatto\/\" role=\"button\">CONTATTACI ORA<\/a><\/div>\n<p><!-- \/lc-block -->\n\t\t\t<\/div>\n<p><!-- \/col -->\n\t\t<\/div>\n<\/p><\/div>\n<\/section>\n<section class=\"text-dark\">\n<div class=\"container py-5\">\n<div class=\"row mt-5\">\n<div class=\"col-lg-6 align-self-center\">\n<div class=\"lc-block about-img-shape position-relative\"> <img fetchpriority=\"high\" decoding=\"async\" class=\"img-fluid w-100\" src=\"https:\/\/holler-tore.at\/wp-content\/uploads\/2022\/01\/Galeriebild-08.jpg\" alt=\"\" width=\"800\" height=\"547\" srcset=\"https:\/\/holler-tore.at\/wp-content\/uploads\/2022\/01\/Galeriebild-08.jpg 800w, https:\/\/holler-tore.at\/wp-content\/uploads\/2022\/01\/Galeriebild-08-300x205.jpg 300w, https:\/\/holler-tore.at\/wp-content\/uploads\/2022\/01\/Galeriebild-08-768x525.jpg 768w\" sizes=\"(max-width: 800px) 100vw, 800px\">\n\t\t\t\t<\/div>\n<\/p><\/div>\n<div class=\"col-lg-6 align-self-center mt-5\">\n<div class=\"lc-block\">\n<div editable=\"rich\">\n<h2>Cancelli scorrevoli<br \/><\/h2>\n<p>Dimensioni di cui andare fieri: Larghezza fino a 50 m e altezza fino a 6 m. &nbsp;<\/p>\n<p>I cancelli scorrevoli autoportanti combinano una produzione all&#8217;avanguardia con la massima funzionalit\u00e0. I profili in alluminio appositamente sviluppati e la lavorazione di alta qualit\u00e0 garantiscono durata e massima qualit\u00e0. Grazie all&#8217;ampia gamma di opzioni di design, i cancelli scorrevoli si integrano armoniosamente nell&#8217;ambiente circostante. Tutti i cancelli scorrevoli sono preinstallati e testati in fabbrica prima della consegna.<\/p>\n<\/p><\/div>\n<\/p><\/div>\n<p>\t\t\t\t<!-- \/lc-block --><br \/>\n\t\t\t\t<!-- \/lc-block -->\n\t\t\t<\/div>\n<\/p><\/div>\n<div class=\"row mt-5\">\n<div class=\"col-lg-6 order-2 order-lg-1 mt-5  align-self-center\">\n<div class=\"lc-block\">\n<div editable=\"rich\">\n<h2>Cancelli a battente e porte pedonali<\/h2>\n<p>Dimensioni che proteggono ogni propriet\u00e0 con sicurezza: Larghezza fino a 12 m (ad un&#8217;anta), altezza fino a 5 m.<\/p>\n<p><\/p>\n<p>La lavorazione di alta qualit\u00e0 conferisce ai nostri cancelli a battente autoportanti un&#8217;eccezionale stabilit\u00e0 e quindi una protezione affidabile della propriet\u00e0. Su richiesta, un bordo seghettato offre un&#8217;ulteriore sicurezza. Come per i cancelli scorrevoli, tutti gli operatori sono forniti con il collaudato sistema &#8220;Plug-and-Play&#8221;.<\/p>\n<p>La verniciatura a polvere di facile manutenzione, resistente ai graffi e agli agenti atmosferici, garantisce bellezza e qualit\u00e0 per molti anni a venire.<\/p>\n<p>I cancelli a battente e le porte pedonali possono essere prodotti in dimensioni standard e personalizzati.<\/p>\n<\/p><\/div>\n<\/p><\/div>\n<p>\t\t\t\t<!-- \/lc-block --><br \/>\n\t\t\t\t<!-- \/lc-block -->\n\t\t\t<\/div>\n<div class=\"col-lg-6 order-1 order-lg-2 align-self-center\">\n<div class=\"lc-block about-img-shape position-relative\"> <img decoding=\"async\" class=\"img-fluid w-100\" src=\"https:\/\/holler-tore.at\/wp-content\/uploads\/2022\/01\/DSC_2128-scaled.jpg\" alt=\"\" width=\"\" height=\"\" srcset=\"https:\/\/holler-tore.at\/wp-content\/uploads\/2022\/01\/DSC_2128-scaled.jpg 2560w, https:\/\/holler-tore.at\/wp-content\/uploads\/2022\/01\/DSC_2128-300x200.jpg 300w, https:\/\/holler-tore.at\/wp-content\/uploads\/2022\/01\/DSC_2128-1024x683.jpg 1024w, https:\/\/holler-tore.at\/wp-content\/uploads\/2022\/01\/DSC_2128-768x512.jpg 768w, https:\/\/holler-tore.at\/wp-content\/uploads\/2022\/01\/DSC_2128-1536x1024.jpg 1536w, https:\/\/holler-tore.at\/wp-content\/uploads\/2022\/01\/DSC_2128-2048x1365.jpg 2048w\" sizes=\"\">\n\t\t\t\t<\/div>\n<\/p><\/div>\n<\/p><\/div>\n<\/p><\/div>\n<\/section>\n<section class=\"bg-dark text-white\">\n<div class=\"container py-5\">\n<div class=\"row mt-5\">\n<div class=\"col-lg-6 align-self-center\">\n<div class=\"lc-block about-img-shape position-relative\"> <img decoding=\"async\" class=\"img-fluid\" src=\"https:\/\/holler-tore.at\/wp-content\/uploads\/2022\/01\/13568995_1098952160176318_1472415002277794365_o-1024x579.jpg\" alt=\"\" width=\"1024\" height=\"579\" srcset=\"https:\/\/holler-tore.at\/wp-content\/uploads\/2022\/01\/13568995_1098952160176318_1472415002277794365_o-1024x579.jpg 1024w, https:\/\/holler-tore.at\/wp-content\/uploads\/2022\/01\/13568995_1098952160176318_1472415002277794365_o-300x170.jpg 300w, https:\/\/holler-tore.at\/wp-content\/uploads\/2022\/01\/13568995_1098952160176318_1472415002277794365_o-768x434.jpg 768w, https:\/\/holler-tore.at\/wp-content\/uploads\/2022\/01\/13568995_1098952160176318_1472415002277794365_o-1536x869.jpg 1536w, https:\/\/holler-tore.at\/wp-content\/uploads\/2022\/01\/13568995_1098952160176318_1472415002277794365_o.jpg 2048w\" sizes=\"(max-width: 1024px) 100vw, 1024px\">\n\t\t\t\t<\/div>\n<\/p><\/div>\n<div class=\"col-lg-6 mt-5 align-self-center\">\n<div class=\"lc-block\">\n<div editable=\"rich\">\n<h2>Recinzioni<br \/><\/h2>\n<p>Recinzioni in alluminio con altezza massima di 2,5 m.<\/p>\n<p>Le recinzioni industriali sono una protezione perimetrale affidabile ed esteticamente attraente. Un&#8217;ampia gamma di design consente di ottenere un aspetto compatto che si armonizza con l&#8217;ambiente circostante. &nbsp;<\/p>\n<p>Le speciali staffe di montaggio per il fissaggio dei pannelli di recinzione ai pali consentono un allineamento flessibile della recinzione e compensano eventuali dislivelli della propriet\u00e0.<\/p>\n<\/p><\/div>\n<\/p><\/div>\n<p>\t\t\t\t<!-- \/lc-block --><br \/>\n\t\t\t\t<!-- \/lc-block -->\n\t\t\t<\/div>\n<\/p><\/div>\n<div class=\"row mt-5\">\n<div class=\"col-lg-6 order-2 mt-5 order-lg-1 align-self-center\">\n<div class=\"lc-block\">\n<div editable=\"rich\">\n<h2>Colonnine per cassette delle lettere e pacchi<\/h2>\n<p>L&#8217;elegante colonna della cassetta delle lettere completa il cancello come elemento invitante. Pu\u00f2 essere inserito dall&#8217;esterno e rimosso dall&#8217;interno. Pu\u00f2 essere utilizzato anche come paletto di arresto per i cancelli pedonali o come paletto di ingresso per i cancelli scorrevoli.<\/p>\n<p>In un&#8217;epoca in cui il commercio online \u00e8 in aumento, la ricezione dei pacchi semplice e affidabile sta diventando sempre pi\u00f9 importante, indipendentemente dal fatto che ci si trovi a casa o meno. Le nostre colonnine per pacchi possono essere completamente integrate in fase di progettazione o montate in un secondo momento. Apertura con codice, con chiave o con telefono cellulare: a voi la scelta.<\/p>\n<p><\/p>\n<\/p><\/div>\n<\/p><\/div>\n<p>\t\t\t\t<!-- \/lc-block --><br \/>\n\t\t\t\t<!-- \/lc-block -->\n\t\t\t<\/div>\n<div class=\"col-lg-6 order-1 order-lg-2 align-self-center\">\n<div class=\"lc-block about-img-shape position-relative\"> <img decoding=\"async\" class=\"img-fluid\" src=\"https:\/\/holler-tore.at\/wp-content\/uploads\/2022\/01\/mit-tor-1024x996.jpg\" alt=\"\" width=\"1024\" height=\"996\" srcset=\"https:\/\/holler-tore.at\/wp-content\/uploads\/2022\/01\/mit-tor-1024x996.jpg 1024w, https:\/\/holler-tore.at\/wp-content\/uploads\/2022\/01\/mit-tor-300x292.jpg 300w, https:\/\/holler-tore.at\/wp-content\/uploads\/2022\/01\/mit-tor-768x747.jpg 768w, https:\/\/holler-tore.at\/wp-content\/uploads\/2022\/01\/mit-tor-1536x1494.jpg 1536w, https:\/\/holler-tore.at\/wp-content\/uploads\/2022\/01\/mit-tor.jpg 1737w\" sizes=\"(max-width: 1024px) 100vw, 1024px\">\n\t\t\t\t<\/div>\n<\/p><\/div>\n<\/p><\/div>\n<\/p><\/div>\n<\/section>\n<section class=\" pb-5\">\n<div class=\"container py-5 text-center\">\n<div class=\"row\">\n<div class=\"col-md-8 offset-md-2 px-4\">\n<div class=\"lc-block\">\n\t\t\t\t\t<svg xmlns=\"http:\/\/www.w3.org\/2000\/svg\" viewBox=\"0 0 448 512\" width=\"5em\" height=\"5em\" lc-helper=\"svg-icon\" fill=\"currentColor\" class=\"text-danger\">\n\t\t\t\t\t\t<path d=\"M313.6 304c-28.7 0-42.5 16-89.6 16-47.1 0-60.8-16-89.6-16C60.2 304 0 364.2 0 438.4V464c0 26.5 21.5 48 48 48h352c26.5 0 48-21.5 48-48v-25.6c0-74.2-60.2-134.4-134.4-134.4zM400 464H48v-25.6c0-47.6 38.8-86.4 86.4-86.4 14.6 0 38.3 16 89.6 16 51.7 0 74.9-16 89.6-16 47.6 0 86.4 38.8 86.4 86.4V464zM224 288c79.5 0 144-64.5 144-144S303.5 0 224 0 80 64.5 80 144s64.5 144 144 144zm0-240c52.9 0 96 43.1 96 96s-43.1 96-96 96-96-43.1-96-96 43.1-96 96-96z\"><\/path>\n\t\t\t\t\t<\/svg>\n\t\t\t\t<\/div>\n<div class=\"lc-block mb-4 mt-4\">\n<div editable=\"rich\">\n<h2><strong>CONTATTO<\/strong><\/h2>\n<\/p><\/div>\n<\/p><\/div>\n<div class=\"lc-block\"><a class=\"btn btn-primary btn-xl js-scroll-trigger\" href=\"https:\/\/holler-tore.at\/it\/contatto\/\" role=\"button\">CONTATTACI ORA<\/a><\/div>\n<p><!-- \/lc-block -->\n\t\t\t<\/div>\n<\/p><\/div>\n<\/p><\/div>\n<\/section>\n","protected":false},"excerpt":{"rendered":"<p>Affidabilit\u00e0 e sicurezza ad alto livello. HOLLER&nbsp;PRO I cancelli e le recinzioni della linea di prodotti HOLLER PRO sono progettati [&hellip;]<\/p>\n","protected":false},"author":1,"featured_media":0,"parent":6186,"menu_order":0,"comment_status":"closed","ping_status":"closed","template":"","meta":{"_seopress_robots_primary_cat":"","_seopress_titles_title":"","_seopress_titles_desc":"","_seopress_robots_index":"","footnotes":""},"class_list":["post-6140","page","type-page","status-publish","hentry"],"aioseo_notices":[],"_links":{"self":[{"href":"https:\/\/holler-tore.at\/it\/wp-json\/wp\/v2\/pages\/6140","targetHints":{"allow":["GET"]}}],"collection":[{"href":"https:\/\/holler-tore.at\/it\/wp-json\/wp\/v2\/pages"}],"about":[{"href":"https:\/\/holler-tore.at\/it\/wp-json\/wp\/v2\/types\/page"}],"author":[{"embeddable":true,"href":"https:\/\/holler-tore.at\/it\/wp-json\/wp\/v2\/users\/1"}],"replies":[{"embeddable":true,"href":"https:\/\/holler-tore.at\/it\/wp-json\/wp\/v2\/comments?post=6140"}],"version-history":[{"count":15,"href":"https:\/\/holler-tore.at\/it\/wp-json\/wp\/v2\/pages\/6140\/revisions"}],"predecessor-version":[{"id":9775,"href":"https:\/\/holler-tore.at\/it\/wp-json\/wp\/v2\/pages\/6140\/revisions\/9775"}],"up":[{"embeddable":true,"href":"https:\/\/holler-tore.at\/it\/wp-json\/wp\/v2\/pages\/6186"}],"wp:attachment":[{"href":"https:\/\/holler-tore.at\/it\/wp-json\/wp\/v2\/media?parent=6140"}],"curies":[{"name":"wp","href":"https:\/\/api.w.org\/{rel}","templated":true}]}}