{"id":5966,"date":"2021-11-11T16:14:46","date_gmt":"2021-11-11T15:14:46","guid":{"rendered":"https:\/\/www.holler-tore.at\/holler-tore\/"},"modified":"2026-01-07T07:15:20","modified_gmt":"2026-01-07T06:15:20","slug":"holler-tore","status":"publish","type":"page","link":"https:\/\/holler-tore.at\/it\/","title":{"rendered":"Holler Tore"},"content":{"rendered":"<section>\n<header class=\"text-center text-white d-flex header-offset\" style=\"background: linear-gradient(160deg, rgba(255,255,255,0.02) 0%, rgba(255,255,255,0.27) 56%), url(https:\/\/holler-tore.at\/wp-content\/uploads\/2022\/01\/holler-tore-leibnitz-industrie-1.webp.jpg) top \/ cover no-repeat;\">\n<div class=\"container pb-5 mt-5 mb-5\" style=\"background: linear-gradient(rgba(255,255,255,0.8), rgba(255,255,255,0.28));\">\n<div class=\"row mt-4 pt-4\">\n<div class=\"col text-left\">\n<h4 class=\"text-left\" data-aos=\"fade\" data-aos-offset=\"0\" data-aos-delay=\"750\" style=\"font-family: Montserrat, sans-serif;font-size: 27px;\"><span class=\"text-dark\">innovativ. best\u00e4ndig. sicher.<\/span><\/h4>\n<h1 class=\"text-uppercase\" data-aos=\"fade\" data-aos-offset=\"0\" data-aos-delay=\"550\" style=\"font-family: Montserrat, sans-serif;font-weight: bold;color: #D8232A;font-size: 65px;\">Holler Tore<\/h1>\n<p data-aos=\"fade-left\" data-aos-duration=\"1000\" data-aos-offset=\"0\" data-aos-delay=\"1000\" style=\"color: rgb(77,77,77);font-family: Montserrat, sans-serif;font-size: 20.4px;\" class=\"text-dark\"><span>Holler Tor- und Zaunsysteme sind ma\u00dfgeschneiderte L\u00f6sungen von h\u00f6chster Qualit\u00e4t. \u00c4sthetisches Design, modernste Technologie und maximale Sicherheit in allen Einsatzbereichen.&nbsp;<\/span><\/p>\n<p data-aos=\"fade-left\" data-aos-duration=\"1000\" data-aos-offset=\"0\" data-aos-delay=\"1200\"><strong class=\"mt-2 text-dark\">Erfahrung, die \u00fcberzeugt. Seit \u00fcber 30 Jahren.<\/strong><\/p>\n<\/p><\/div>\n<\/p><\/div>\n<div class=\"row text-left\">\n<div class=\"col-lg-4 col-xl-4\">\n<div class=\"lc-block\"><a class=\"btn btn-primary btn-xl js-scroll-trigger\" href=\"https:\/\/holler-tore.at\/it\/contatto\/\" role=\"button\">Jetzt kontakt aufnehmen<\/a><\/div>\n<p><!-- \/lc-block --><br \/>\n\t\t\t\t\t<!-- \/lc-block -->\n\t\t\t\t<\/div>\n<div class=\"col-lg-4 col-xl-4\">\n<div class=\"lc-block\"><a class=\"btn btn-primary btn-xl js-scroll-trigger\" href=\"https:\/\/holler-tore.at\/it\/panoramica-dei-configuratori\/\" role=\"button\">Jetzt Tor konfigurieren<\/a><\/div>\n<p><!-- \/lc-block --><br \/>\n\t\t\t\t\t<!-- \/lc-block -->\n\t\t\t\t<\/div>\n<div class=\"col-lg-4 col-xl-4 \">\n<div class=\"lc-block\"><a class=\"btn btn-primary btn-xl js-scroll-trigger\" href=\" https:\/\/holler-tore.at\/kantine-holler\/\" role=\"button\">Jetzt Kantine entdecken<\/a><\/div>\n<p><!-- \/lc-block --><br \/>\n\t\t\t\t\t<!-- \/lc-block -->\n\t\t\t\t<\/div>\n<\/p><\/div>\n<\/p><\/div>\n<\/header>\n<section class=\"pt-4\">\n<\/section>\n<\/section>\n<section class=\"\">\n<div class=\"container \">\n<div class=\"row\">\n<div class=\"col-md-12\">\n<div class=\"lc-block\">\n<div id=\"carouselLogos\" class=\"carousel slide pt-5 pb-4\" data-ride=\"carousel\">\n<div class=\"carousel-inner px-5\">\n<div class=\"carousel-item active\">\n<div class=\"row\">\n<div class=\"col-3 offset-3 col-sm-3 offset-sm-0 col-lg-4 offset-lg-0 align-self-center\">\n\t\t\t\t\t\t\t\t\t<\/div>\n<div class=\"col-6 offset-3 col-sm-6 offset-sm-0 col-lg-4 offset-lg-0 align-self-center\">\n\t\t\t\t\t\t\t\t\t\t<a href=\"https:\/\/holler-tore.at\/it\/societa\/\"><img decoding=\"async\" class=\"d-block w-100 px-3 mb-3\" src=\"https:\/\/holler-tore.at\/wp-content\/uploads\/2022\/01\/efre_logo.webp\" alt=\"holler-tore-leibnitz-zertifikat\" width=\"100%\" height=\"100%\" srcset=\"https:\/\/holler-tore.at\/wp-content\/uploads\/2022\/01\/efre_logo.webp 500w, https:\/\/holler-tore.at\/wp-content\/uploads\/2022\/01\/efre_logo.webp 300w, https:\/\/holler-tore.at\/wp-content\/uploads\/2022\/01\/efre_logo.webp 150w\" sizes=\"\" loading=\"eager\"><\/a>\n\t\t\t\t\t\t\t\t\t<\/div>\n<div class=\"col-3 offset-3 col-sm-3 offset-sm-0 col-lg-4 offset-lg-0 align-self-center\">\n\t\t\t\t\t\t\t\t\t<\/div>\n<\/p><\/div>\n<\/p><\/div>\n<div class=\"carousel-item \">\n<div class=\"row\">\n<div class=\"col-6 offset-3 col-sm-4 offset-sm-0 col-lg-2 offset-lg-3  align-self-center\">\n\t\t\t\t\t\t\t\t\t\t<img decoding=\"async\" class=\"d-block w-100 px-3 mb-3\" src=\"https:\/\/holler-tore.at\/wp-content\/uploads\/2022\/01\/certificate_5.webp\" alt=\"holler-tore-t\u00fcv-leibnitz\" width=\"100%\" height=\"100%\" srcset=\"https:\/\/holler-tore.at\/wp-content\/uploads\/2022\/01\/certificate_5.webp 500w, https:\/\/holler-tore.at\/wp-content\/uploads\/2022\/01\/certificate_2-300x300.webp 300w, https:\/\/holler-tore.at\/wp-content\/uploads\/2022\/01\/certificate_5-150x150.webp 150w\" sizes=\"auto, \" loading=\"lazy\">\n\t\t\t\t\t\t\t\t\t<\/div>\n<div class=\"col-6 offset-3 col-sm-4 offset-sm-0  col-lg-2 offset-lg-0  align-self-center\">\n\t\t\t\t\t\t\t\t\t\t<img decoding=\"async\" class=\"d-block w-100 px-3 mb-3\" src=\"https:\/\/holler-tore.at\/wp-content\/uploads\/2022\/01\/certificate_3.webp\" alt=\"holler-tore-leibnitz-t\u00fcv\" width=\"100%\" height=\"100%\" srcset=\"https:\/\/holler-tore.at\/wp-content\/uploads\/2022\/01\/certificate_3.webp 500w, https:\/\/holler-tore.at\/wp-content\/uploads\/2022\/01\/certificate_6-300x300.webp 300w, https:\/\/holler-tore.at\/wp-content\/uploads\/2022\/01\/certificate_3-150x150.webp 150w\" sizes=\"auto, \" loading=\"lazy\">\n\t\t\t\t\t\t\t\t\t<\/div>\n<div class=\"col-6 offset-3 col-sm-4 offset-sm-0 col-lg-2 offset-lg-0 align-self-center\">\n\t\t\t\t\t\t\t\t\t\t<img decoding=\"async\" class=\"d-block w-100 px-3 mb-3\" src=\"https:\/\/holler-tore.at\/wp-content\/uploads\/2022\/01\/certificate_9.webp\" alt=\"holler-tore-zertifizierung\" width=\"100%\" height=\"100%\" srcset=\"https:\/\/holler-tore.at\/wp-content\/uploads\/2022\/01\/certificate_9.webp 500w, https:\/\/holler-tore.at\/wp-content\/uploads\/2022\/01\/certificate_9-300x300.webp 300w, https:\/\/holler-tore.at\/wp-content\/uploads\/2022\/01\/certificate_9-150x150.webp 150w\" sizes=\"auto, \" loading=\"lazy\">\n\t\t\t\t\t\t\t\t\t<\/div>\n<div class=\"col-6 offset-3 col-sm-4 offset-sm-0 col-lg-2 offset-lg-0 align-self-center\">\n\t\t\t\t\t\t\t\t\t\t<img decoding=\"async\" class=\"d-block w-100 px-3 mb-3\" src=\"https:\/\/holler-tore.at\/wp-content\/uploads\/2022\/01\/certificate_9.webp\" alt=\"holler-tore-leibnitz-zertifikat\" width=\"100%\" height=\"100%\" srcset=\"https:\/\/holler-tore.at\/wp-content\/uploads\/2022\/01\/certificate_9.webp 500w, https:\/\/holler-tore.at\/wp-content\/uploads\/2022\/01\/certificate_9-300x300.webp 300w, https:\/\/holler-tore.at\/wp-content\/uploads\/2022\/01\/certificate_9-150x150.webp 150w\" sizes=\"auto, \" loading=\"lazy\">\n\t\t\t\t\t\t\t\t\t<\/div>\n<\/p><\/div>\n<\/p><\/div>\n<\/p><\/div>\n<\/p><\/div>\n<\/p><\/div>\n<\/p><\/div>\n<\/p><\/div>\n<\/p><\/div>\n<\/section>\n<section style=\"background:url(#)  center \/ cover no-repeat;\" class=\"pt-5 pb-5 bg-dark text-white\">\n<div class=\"container\">\n<div class=\"row\">\n<div class=\"col-md-12 text-center\">\n<div class=\"lc-block\">\n<h2 editable=\"inline\" class=\"mb-3 font-weight-bold display-4\">Tore f\u00fcr die <span class=\"text-primary\">WELT<\/span><\/h2>\n<p editable=\"inline\" class=\"\">&nbsp;<br \/>Neugier und leidenschaftliche Begeisterung f\u00fcr Technik sind f\u00fcr uns Antrieb und Motivation zugleich. Unser Engineering-Team entwickelt innovative L\u00f6sungen nach neuestem Stand der Technik und setzt sich gleichzeitig mit der Optimierung bestehender Produkte auseinander. Das Ergebnis aus h\u00f6chster Handwerkskunst und modernster Technologie sind ma\u00dfgeschneiderte L\u00f6sungen f\u00fcr ein breites Produktportfolio. Angepasst an die Anforderungen des weltweiten Marktes werden unsere Systeme sowohl in Industrie und Gewerbe als auch im Privatbereich eingesetzt.<\/p>\n<\/p><\/div>\n<p>\t\t\t\t<!-- \/lc-block -->\n\t\t\t<\/div>\n<\/p><\/div>\n<div class=\"row mt-5 pt-4 pb-4 no-gutters\">\n<div class=\"col-md-4 text-center card-hover \" data-aos=\"fade-right\" data-aos-delay=\"200\" data-aos-duration=\"1500\">\n\t\t\t\t<a href=\"https:\/\/holler-tore.at\/it\/prodotti\/holler-pro\/\" class=\"text-white\"><\/p>\n<div class=\"lc-block\">\n\t\t\t\t\t\t<img decoding=\"async\" class=\"img-fluid w-25\" src=\"https:\/\/holler-tore.at\/wp-content\/uploads\/2021\/11\/icon_industry.svg\" width=\"0\" height=\"0\" srcset=\"\" sizes=\"\" alt=\"holler-tore-industrie\" loading=\"eager\">\n\t\t\t\t\t<\/div>\n<p>\t\t\t\t\t<!-- \/lc-block --><\/p>\n<div class=\"lc-block p-4 text-center\">\n<div>\n<h3 class=\"mb-4 text-center\" editable=\"inline\">\n\t\t\t\t\t\t\t\tHOLLER <strong class=\"text-primary \">PRO<\/strong><br \/>\n\t\t\t\t\t\t\t<\/h3>\n<\/p><\/div>\n<div editable=\"rich\">\n<p>Systeme f\u00fcr den Industriebereich. Maximale Dimensionen bis 50 m Breite und 6 m H\u00f6he. St\u00e4rke und Zuverl\u00e4ssigkeit f\u00fcr den intensiven Einsatz.<\/p>\n<\/p><\/div>\n<\/p><\/div>\n<p><!-- \/lc-block --><br \/>\n\t\t\t\t<\/a>\n\t\t\t<\/div>\n<div class=\"col-md-4 text-center card-hover \" data-aos=\"fade-right\" data-aos-delay=\"500\" data-aos-duration=\"1500\">\n\t\t\t\t<a href=\"https:\/\/holler-tore.at\/it\/prodotti\/holler-home\/\" class=\"text-white\"><\/p>\n<div class=\"lc-block\">\n\t\t\t\t\t\t<img decoding=\"async\" class=\"img-fluid w-25\" src=\"https:\/\/holler-tore.at\/wp-content\/uploads\/2021\/11\/icon_house.svg\" width=\"\" height=\"\" srcset=\"\" sizes=\"\" alt=\"holler-tore-privat\" loading=\"eager\">\n\t\t\t\t\t<\/div>\n<p>\t\t\t\t\t<!-- \/lc-block --><\/p>\n<div class=\"lc-block p-4 text-center\">\n<div>\n<h3 class=\"mb-4 text-center\" editable=\"inline\">\n\t\t\t\t\t\t\t\tHOLLER <strong class=\"text-primary\">HOME<\/strong><\/h3>\n<\/p><\/div>\n<div editable=\"rich\">\n<p>Systeme f\u00fcr den Privatbereich. Maximale Flexibilit\u00e4t und besondere Vielf\u00e4ltigkeit. Garantierte Privatsph\u00e4re bei hoher dekorativer Wirkung.<\/p>\n<\/p><\/div>\n<\/p><\/div>\n<p><!-- \/lc-block --><br \/>\n\t\t\t\t<\/a>\n\t\t\t<\/div>\n<div class=\"col-md-4 text-center card-hover \" data-aos=\"fade-right\" data-aos-delay=\"800\" data-aos-duration=\"1500\"><a href=\"https:\/\/holler-tore.at\/it\/prodotti\/holler-diy\/\" class=\"text-white\"><\/p>\n<div class=\"lc-block\">\n\t\t\t\t\t\t<img fetchpriority=\"high\" decoding=\"async\" class=\"img-fluid w-25\" src=\"https:\/\/holler-tore.at\/wp-content\/uploads\/2022\/04\/icon_diy-copia.png\" width=\"1250\" height=\"1250\" srcset=\"https:\/\/holler-tore.at\/wp-content\/uploads\/2022\/04\/icon_diy-copia.png 1250w, https:\/\/holler-tore.at\/wp-content\/uploads\/2022\/04\/icon_diy-copia-300x300.png 300w, https:\/\/holler-tore.at\/wp-content\/uploads\/2022\/04\/icon_diy-copia-1024x1024.png 1024w, https:\/\/holler-tore.at\/wp-content\/uploads\/2022\/04\/icon_diy-copia-150x150.png 150w, https:\/\/holler-tore.at\/wp-content\/uploads\/2022\/04\/icon_diy-copia-768x768.png 768w\" sizes=\"(max-width: 1250px) 100vw, 1250px\" alt=\"\" loading=\"eager\">\n\t\t\t\t\t<\/div>\n<p>\t\t\t\t\t<!-- \/lc-block --><\/p>\n<div class=\"lc-block p-4 text-center\">\n<div>\n<h3 class=\"mb-4 text-center\" editable=\"inline\">\n\t\t\t\t\t\t\t\tHOLLER <strong class=\"text-primary\">DIY<\/strong><\/h3>\n<\/p><\/div>\n<div editable=\"rich\">\n<p>Do-It-Yourself.&nbsp;<br \/>Standardisierte Komponenten, unz\u00e4hlige Kombinationen und einfache Montage. F\u00fcr Hobby-Monteure und Heimwerker.<\/p>\n<\/p><\/div>\n<\/p><\/div>\n<p><!-- \/lc-block --><br \/>\n\t\t\t\t<\/a><\/div>\n<\/p><\/div>\n<\/p><\/div>\n<\/section>\n<section id=\"portfolio\" class=\"p-0 pb-5 text-dark\" style=\"\" data-aos=\"fade-down\" data-aos-delay=\"500\" data-aos-duration=\"1000\">\n<div class=\"container mt-5\">\n<div class=\"row\">\n<div class=\"col-md-6 col-12 offset-0 offset-md-0 align-self-center\">\n<div class=\"lc-block\">\n\t\t\t\t\t<img loading=\"lazy\" decoding=\"async\" class=\"img-fluid\" src=\"https:\/\/holler-tore.at\/wp-content\/uploads\/2022\/01\/holler-tore-logistik.webp\" width=\"700\" height=\"700\" srcset=\"\" sizes=\"auto, \" alt=\"holler-tore-logistikzentrum\" loading=\"lazy\">\n\t\t\t\t<\/div>\n<p><!-- \/lc-block -->\n\t\t\t<\/div>\n<p><!-- \/col --><\/p>\n<div class=\"col-md-6 align-self-center mt-5 mt-md-0\">\n<div class=\"lc-block \">\n<div editable=\"rich\">\n<p>Zuverl\u00e4ssigkeit und Sicherheit auf hohem Niveau.<\/p>\n<\/p><\/div>\n<\/p><\/div>\n<p><!-- \/lc-block --><\/p>\n<div class=\"lc-block\">\n<div editable=\"rich\">\n<h2>HOLLER <strong class=\"text-primary\">PRO<\/strong><\/h2>\n<\/p><\/div>\n<\/p><\/div>\n<div class=\"lc-block pt-3 text-justify\">\n<div editable=\"rich\">\n<p>Kraft und St\u00e4rke sowie Robustheit und Langlebigkeit zeichnen diese Produktlinie aus.<\/p>\n<p>Unsere Produkte sind das Ergebnis langj\u00e4hriger Erfahrung und permanenter Weiterentwicklung. Jedes Produkt widerspiegelt unser Qualit\u00e4tsdenken, unsere Leidenschaft und unsere Kreativit\u00e4t. Damit wir h\u00f6chste&nbsp;<strong>Qualit\u00e4t<\/strong> gew\u00e4hrleisten k\u00f6nnen, setzen wir auf erstklassige Materialien und Mitarbeiter mit ausgezeichneten Fachkenntnissen. Nur wenn das Endprodukt unseren hohen Anspr\u00fcchen gerecht wird, tr\u00e4gt es die <strong>Marke HOLLER<\/strong> und damit unser Qualit\u00e4tssiegel.<\/p>\n<\/p><\/div>\n<\/p><\/div>\n<p><!-- \/lc-block --><\/p>\n<div class=\"lc-block\"><a class=\"btn btn-primary btn-xl js-scroll-trigger\" href=\"https:\/\/holler-tore.at\/it\/prodotti\/holler-pro\/\" role=\"button\">\u00dcber HOLLER PRO mehr Erfahren<\/a><\/div>\n<p><!-- \/lc-block -->\n\t\t\t<\/div>\n<p><!-- \/col -->\n\t\t<\/div>\n<\/p><\/div>\n<\/section>\n<section id=\"portfolio\" class=\"p-0 pt-5 pb-5 bg-dark text-white\" data-aos=\"fade-down\" data-aos-delay=\"500\" data-aos-duration=\"1000\">\n<div class=\"container\">\n<div class=\"row\">\n<div class=\"col-md-6 align-self-center order-2 order-md-1 mt-5 mt-md-0\">\n<div class=\"lc-block \">\n<div editable=\"rich\">\n<p>Maximale Flexibilit\u00e4t und Vielseitigkeit.<\/p>\n<\/p><\/div>\n<\/p><\/div>\n<p><!-- \/lc-block --><\/p>\n<div class=\"lc-block\">\n<div editable=\"rich\">\n<h2>HOLLER&nbsp;<strong class=\"text-primary\">HOME<\/strong><\/h2>\n<\/p><\/div>\n<\/p><\/div>\n<div class=\"lc-block text-justify pt-3\">\n<div editable=\"rich\">\n<p>Unsere eigens f\u00fcr Tore und Z\u00e4une entwickelte Profiltechnik erm\u00f6glicht ma\u00dfgeschneiderte und kreative L\u00f6sungen f\u00fcr vielf\u00e4ltige Anwendungen.<\/p>\n<p>Aluminium, Cortenstahl, Glas und Edelstahl sind nur einige der Materialien, aus denen unsere Tore und Z\u00e4une gefertigt sind. Alle Produkte sind mit einer hochwertigen Pulverbeschichtung versehen. H\u00f6chste Witterungsbest\u00e4ndigkeit, leichte Pflege, kratzfeste Oberfl\u00e4chen sorgen f\u00fcr Qualit\u00e4t und Sch\u00f6nheit f\u00fcr viele Jahre.<\/p>\n<\/p><\/div>\n<\/p><\/div>\n<p><!-- \/lc-block --><\/p>\n<div class=\"lc-block\">\n\t\t\t\t\t<a class=\"btn btn-primary btn-xl js-scroll-trigger\" href=\"https:\/\/holler-tore.at\/it\/prodotti\/holler-home\/\" role=\"button\">\u00dcber HOLLER HOME mehr Erfahren<\/a>\n\t\t\t\t<\/div>\n<p><!-- \/lc-block -->\n\t\t\t<\/div>\n<p><!-- \/col --><\/p>\n<div class=\"col-md-6 col-12 offset-0 offset-md-0 order-1 order-md-2 align-self-center\">\n<div class=\"lc-block\">\n\t\t\t\t\t<img loading=\"lazy\" decoding=\"async\" class=\"img-fluid\" src=\"https:\/\/holler-tore.at\/wp-content\/uploads\/2022\/01\/holler-tore-leibnitz.webp\" width=\"700\" height=\"700\" srcset=\"\" sizes=\"auto, \" alt=\"holler-tore-industrie-gewerbe-privat\" loading=\"lazy\">\n\t\t\t\t<\/div>\n<p><!-- \/lc-block -->\n\t\t\t<\/div>\n<p><!-- \/col -->\n\t\t<\/div>\n<\/p><\/div>\n<\/section>\n<section id=\"portfolio\" class=\"p-0 pt-5 pb-5 text-dark\" data-aos=\"fade-down\" data-aos-delay=\"500\" data-aos-duration=\"1000\">\n<div class=\"container\">\n<div class=\"row\">\n<div class=\"col-md-6 col-12 offset-0 offset-md-0 align-self-center \">\n<div class=\"lc-block\">\n\t\t\t\t\t<img loading=\"lazy\" decoding=\"async\" class=\"w-100 img-fluid\" src=\"https:\/\/holler-tore.at\/wp-content\/uploads\/2022\/01\/holler-tore.webp\" width=\"700\" height=\"700\" srcset=\"\" sizes=\"auto, \" alt=\"holler-tore-industrietore\" loading=\"lazy\">\n\t\t\t\t<\/div>\n<p><!-- \/lc-block -->\n\t\t\t<\/div>\n<p><!-- \/col --><\/p>\n<div class=\"col-md-6 align-self-center mt-5 mt-md-0\">\n<div class=\"lc-block \">\n<div editable=\"rich\">\n<p>Handwerken mit h\u00f6chstem Anspruch.<\/p>\n<\/p><\/div>\n<\/p><\/div>\n<p><!-- \/lc-block --><\/p>\n<div class=\"lc-block\">\n<div editable=\"rich\">\n<h2 class=\"\">HOLLER&nbsp;<strong class=\"text-primary\">DIY<\/strong><\/h2>\n<\/p><\/div>\n<\/p><\/div>\n<div class=\"lc-block text-justify pt-3\">\n<div editable=\"rich\">\n<p>Standardisierte Komponenten erm\u00f6glichen eine einfache Montage ohne Spezialwerkzeug. Alle Bohrungen sind mit dem notwendigen Befestigungsmaterial vorbereitet.<\/p>\n<p>Die Liste der Vorz\u00fcge ist lang: glatte pulverbeschichtete Oberfl\u00e4chen aus Aluminium,&nbsp; geringes Gewicht, gro\u00dfe Auswahl an F\u00fcllungen, handbet\u00e4tigt mit Schloss und Schl\u00fcssel, automatisiert mit Antrieb und Fernbedienung, verstellbare Scharniere,&nbsp; Zaunmodelle klassisch bis extravagant u.v.m.<\/p>\n<\/p><\/div>\n<\/p><\/div>\n<p><!-- \/lc-block --><\/p>\n<div class=\"lc-block\">\n\t\t\t\t\t<a class=\"btn btn-primary btn-xl js-scroll-trigger\" href=\"https:\/\/holler-tore.at\/it\/prodotti\/holler-diy\/\" role=\"button\">\u00dcber HOLLER DIY mehr Erfahren<\/a>\n\t\t\t\t<\/div>\n<p><!-- \/lc-block -->\n\t\t\t<\/div>\n<p><!-- \/col -->\n\t\t<\/div>\n<\/p><\/div>\n<\/section>\n<section id=\"portfolio\" class=\"text-dark bg-light\">\n<div class=\"container py-5 text-center\">\n<div class=\"row\">\n<div class=\"col-md-8 offset-md-2 px-4\">\n<div class=\"lc-block\">\n\t\t\t\t\t<svg xmlns=\"http:\/\/www.w3.org\/2000\/svg\" viewBox=\"0 0 448 512\" width=\"5em\" height=\"5em\" lc-helper=\"svg-icon\" fill=\"currentColor\" class=\"text-danger\">\n\t\t\t\t\t\t<path d=\"M313.6 304c-28.7 0-42.5 16-89.6 16-47.1 0-60.8-16-89.6-16C60.2 304 0 364.2 0 438.4V464c0 26.5 21.5 48 48 48h352c26.5 0 48-21.5 48-48v-25.6c0-74.2-60.2-134.4-134.4-134.4zM400 464H48v-25.6c0-47.6 38.8-86.4 86.4-86.4 14.6 0 38.3 16 89.6 16 51.7 0 74.9-16 89.6-16 47.6 0 86.4 38.8 86.4 86.4V464zM224 288c79.5 0 144-64.5 144-144S303.5 0 224 0 80 64.5 80 144s64.5 144 144 144zm0-240c52.9 0 96 43.1 96 96s-43.1 96-96 96-96-43.1-96-96 43.1-96 96-96z\"><\/path>\n\t\t\t\t\t<\/svg>\n\t\t\t\t<\/div>\n<div class=\"lc-block mb-4 mt-4\">\n<div editable=\"rich\">\n<h2><strong>KONTAKT MIT UNS<\/strong><\/h2>\n<\/p><\/div>\n<\/p><\/div>\n<div class=\"lc-block mb-4\">\n<div editable=\"rich\">\n<p>Gerne stehen wir f\u00fcr Sie zur Verf\u00fcgung. Finden Sie den richtigen Kontakt f\u00fcr \u00d6sterreich, Deutschland, Schweiz, Polen sowie Frankreich<\/p>\n<\/p><\/div>\n<\/p><\/div>\n<div class=\"lc-block\"><a class=\"btn btn-primary btn-xl js-scroll-trigger\" href=\"https:\/\/holler-tore.at\/it\/contatto\/\" role=\"button\">Jetzt kontakt aufnehmen<\/a><\/div>\n<p><!-- \/lc-block -->\n\t\t\t<\/div>\n<\/p><\/div>\n<\/p><\/div>\n<\/section>\n","protected":false},"excerpt":{"rendered":"<p>innovativ. best\u00e4ndig. sicher. Holler Tore Holler Tor- und Zaunsysteme sind ma\u00dfgeschneiderte L\u00f6sungen von h\u00f6chster Qualit\u00e4t. \u00c4sthetisches Design, modernste Technologie und [&hellip;]<\/p>\n","protected":false},"author":1,"featured_media":0,"parent":0,"menu_order":0,"comment_status":"closed","ping_status":"closed","template":"","meta":{"_seopress_robots_primary_cat":"","_seopress_titles_title":"Holler Tore | Tor- und Zaunsysteme | Industrie - Gewerbe - Privat","_seopress_titles_desc":"Tor- und Zaunsysteme f\u00fcr die Industrie, Gewerbe & Privat. Ma\u00dfgeschneiderte, innovative Tor- und Zaunsysteme in Leibnitz. Made in Austria","_seopress_robots_index":"","footnotes":""},"class_list":["post-5966","page","type-page","status-publish","hentry"],"aioseo_notices":[],"_links":{"self":[{"href":"https:\/\/holler-tore.at\/it\/wp-json\/wp\/v2\/pages\/5966","targetHints":{"allow":["GET"]}}],"collection":[{"href":"https:\/\/holler-tore.at\/it\/wp-json\/wp\/v2\/pages"}],"about":[{"href":"https:\/\/holler-tore.at\/it\/wp-json\/wp\/v2\/types\/page"}],"author":[{"embeddable":true,"href":"https:\/\/holler-tore.at\/it\/wp-json\/wp\/v2\/users\/1"}],"replies":[{"embeddable":true,"href":"https:\/\/holler-tore.at\/it\/wp-json\/wp\/v2\/comments?post=5966"}],"version-history":[{"count":56,"href":"https:\/\/holler-tore.at\/it\/wp-json\/wp\/v2\/pages\/5966\/revisions"}],"predecessor-version":[{"id":12425,"href":"https:\/\/holler-tore.at\/it\/wp-json\/wp\/v2\/pages\/5966\/revisions\/12425"}],"wp:attachment":[{"href":"https:\/\/holler-tore.at\/it\/wp-json\/wp\/v2\/media?parent=5966"}],"curies":[{"name":"wp","href":"https:\/\/api.w.org\/{rel}","templated":true}]}}