{"id":2447,"date":"2022-03-14T10:03:41","date_gmt":"2022-03-14T09:03:41","guid":{"rendered":"https:\/\/www.holler-tore.at\/equipe\/equipe-suisse\/"},"modified":"2024-09-30T11:02:00","modified_gmt":"2024-09-30T09:02:00","slug":"equipe-suisse","status":"publish","type":"page","link":"https:\/\/holler-tore.at\/fr\/equipe\/equipe-suisse\/","title":{"rendered":"Equipe Suisse"},"content":{"rendered":"<div class=\"container\">\n<div class=\"row\">\n<div class=\"col-md-12\">\n<div class=\"lc-block\">\n<div editable=\"rich\">\n<p class=\"text-center\">\u00ab\u00a0Nous devons encourager les esprits brillants qui aiment l&rsquo;innovation technique. C&rsquo;est la seule fa\u00e7on de continuer \u00e0 \u00eatre \u00e0 la hauteur de notre r\u00f4le de pionnier. Notre objectif est d&rsquo;avoir des clients satisfaits. Avec nos clients et nos partenaires, nous formons une \u00e9quipe : ensemble, nous pouvons rester durablement performants !\u00a0\u00bb<\/p>\n<\/p><\/div>\n<\/p><\/div>\n<p><!-- \/lc-block -->\n\t\t<\/div>\n<p><!-- \/col -->\n\t<\/div>\n<\/div>\n<section>\n<div class=\"row pt-4\">\n<div class=\"col-md-3 text-center p-4 \">\n<div class=\"lc-block\"><img loading=\"lazy\" decoding=\"async\" alt=\"\" class=\"img-fluid mb-3\" src=\"https:\/\/holler-tore.at\/wp-content\/uploads\/2022\/01\/IMG_6227-scaled.jpg\" loading=\"lazy\" width=\"1920\" height=\"2560\" srcset=\"https:\/\/holler-tore.at\/wp-content\/uploads\/2022\/01\/IMG_6227-scaled.jpg 1920w, https:\/\/holler-tore.at\/wp-content\/uploads\/2022\/01\/IMG_6227-225x300.jpg 225w, https:\/\/holler-tore.at\/wp-content\/uploads\/2022\/01\/IMG_6227-768x1024.jpg 768w, https:\/\/holler-tore.at\/wp-content\/uploads\/2022\/01\/IMG_6227-1152x1536.jpg 1152w, https:\/\/holler-tore.at\/wp-content\/uploads\/2022\/01\/IMG_6227-1536x2048.jpg 1536w\" sizes=\"auto, (max-width: 1920px) 100vw, 1920px\"><\/p>\n<div editable=\"rich\">\n\t\t\t\t<\/div>\n<\/p><\/div>\n<div class=\"lc-block mt-2 py-2 border-top\">\n<h5 editable=\"inline\" class=\"\"><b>Marcel Vionnet<\/b><\/h5>\n<p>\t\t\t\t<small editable=\"inline\" class=\"text-secondary\" style=\"letter-spacing:1px\">DIRECTEUR G\u00c9N\u00c9RAL<\/small>\n\t\t\t<\/div>\n<p><!-- \/lc-block --><br \/>\n\t\t\t<!-- \/lc-block -->\n\t\t<\/div>\n<div class=\"col-md-3 text-center p-4\">\n<div class=\"lc-block\"><img loading=\"lazy\" decoding=\"async\" alt=\"\" class=\"img-fluid mb-3\" src=\"https:\/\/holler-tore.at\/wp-content\/uploads\/2022\/01\/IMG_6229-scaled.jpg\" loading=\"lazy\" width=\"1920\" height=\"2560\" srcset=\"https:\/\/holler-tore.at\/wp-content\/uploads\/2022\/01\/IMG_6229-scaled.jpg 1920w, https:\/\/holler-tore.at\/wp-content\/uploads\/2022\/01\/IMG_6229-225x300.jpg 225w, https:\/\/holler-tore.at\/wp-content\/uploads\/2022\/01\/IMG_6229-768x1024.jpg 768w, https:\/\/holler-tore.at\/wp-content\/uploads\/2022\/01\/IMG_6229-1152x1536.jpg 1152w, https:\/\/holler-tore.at\/wp-content\/uploads\/2022\/01\/IMG_6229-1536x2048.jpg 1536w\" sizes=\"auto, (max-width: 1920px) 100vw, 1920px\"><\/p>\n<div editable=\"rich\">\n\t\t\t\t<\/div>\n<\/p><\/div>\n<div class=\"lc-block mt-2 py-2 border-top\">\n<h5 editable=\"inline\" class=\"\"><b>Anita Uberto<\/b><\/h5>\n<p>\t\t\t\t<small editable=\"inline\" class=\"text-secondary\" style=\"letter-spacing:1px\">VENTES ET MARKETING<\/small>\n\t\t\t<\/div>\n<p><!-- \/lc-block --><br \/>\n\t\t\t<!-- \/lc-block -->\n\t\t<\/div>\n<div class=\"col-md-3 text-center p-4\">\n<div class=\"lc-block\"><img loading=\"lazy\" decoding=\"async\" alt=\"\" class=\"mb-3 img-fluid\" src=\"https:\/\/holler-tore.at\/wp-content\/uploads\/2023\/01\/GEORG-scaled.jpg\" style=\"\n\" loading=\"lazy\" width=\"1920\" height=\"2560\" srcset=\"https:\/\/holler-tore.at\/wp-content\/uploads\/2023\/01\/GEORG-scaled.jpg 1920w, https:\/\/holler-tore.at\/wp-content\/uploads\/2023\/01\/GEORG-225x300.jpg 225w, https:\/\/holler-tore.at\/wp-content\/uploads\/2023\/01\/GEORG-768x1024.jpg 768w, https:\/\/holler-tore.at\/wp-content\/uploads\/2023\/01\/GEORG-1152x1536.jpg 1152w, https:\/\/holler-tore.at\/wp-content\/uploads\/2023\/01\/GEORG-1536x2048.jpg 1536w\" sizes=\"auto, (max-width: 1920px) 100vw, 1920px\"><\/p>\n<div editable=\"rich\">\n\t\t\t\t<\/div>\n<\/p><\/div>\n<div class=\"lc-block mt-2 py-2 border-top\">\n<h5 editable=\"inline\" class=\"\"><strong>Georg Rupp<\/strong><\/h5>\n<p>\t\t\t\t<small editable=\"inline\" class=\"text-secondary\" style=\"letter-spacing:1px\">CHEF DE SECTEUR OUEST<\/small>\n\t\t\t<\/div>\n<p><!-- \/lc-block --><br \/>\n\t\t\t<!-- \/lc-block -->\n\t\t<\/div>\n<div class=\"col-md-3 text-center p-4\">\n<div class=\"lc-block\"><img loading=\"lazy\" decoding=\"async\" alt=\"\" class=\"mb-3 img-fluid\" src=\"https:\/\/holler-tore.at\/wp-content\/uploads\/2022\/01\/IMG_6220-scaled.jpg\" style=\"\n\" loading=\"lazy\" width=\"1920\" height=\"2560\" srcset=\"https:\/\/holler-tore.at\/wp-content\/uploads\/2022\/01\/IMG_6220-scaled.jpg 1920w, https:\/\/holler-tore.at\/wp-content\/uploads\/2022\/01\/IMG_6220-225x300.jpg 225w, https:\/\/holler-tore.at\/wp-content\/uploads\/2022\/01\/IMG_6220-768x1024.jpg 768w, https:\/\/holler-tore.at\/wp-content\/uploads\/2022\/01\/IMG_6220-1152x1536.jpg 1152w, https:\/\/holler-tore.at\/wp-content\/uploads\/2022\/01\/IMG_6220-1536x2048.jpg 1536w\" sizes=\"auto, (max-width: 1920px) 100vw, 1920px\"><\/p>\n<div editable=\"rich\">\n\t\t\t\t<\/div>\n<\/p><\/div>\n<div class=\"lc-block mt-2 py-2 border-top\">\n<h5 editable=\"inline\" class=\"\"><strong>Maja Vionnet<\/strong><\/h5>\n<p>\t\t\t\t<small editable=\"inline\" class=\"text-secondary\" style=\"letter-spacing:1px\">&nbsp;COMPTABILIT\u00c9 &amp; ADMINISTRATION<\/small>\n\t\t\t<\/div>\n<p><!-- \/lc-block --><br \/>\n\t\t\t<!-- \/lc-block -->\n\t\t<\/div>\n<\/p><\/div>\n<\/section>\n<section>\n<div class=\"row pt-4\">\n<div class=\"col-md-3 text-center p-4 \">\n<div class=\"lc-block\"><img loading=\"lazy\" decoding=\"async\" alt=\"\" class=\"img-fluid mb-3\" src=\"https:\/\/holler-tore.at\/wp-content\/uploads\/2022\/03\/armin-scaled.jpeg\" loading=\"lazy\" width=\"1920\" height=\"2560\" srcset=\"https:\/\/holler-tore.at\/wp-content\/uploads\/2022\/03\/armin-scaled.jpeg 1920w, https:\/\/holler-tore.at\/wp-content\/uploads\/2022\/03\/armin-225x300.jpeg 225w, https:\/\/holler-tore.at\/wp-content\/uploads\/2022\/03\/armin-768x1024.jpeg 768w, https:\/\/holler-tore.at\/wp-content\/uploads\/2022\/03\/armin-1152x1536.jpeg 1152w, https:\/\/holler-tore.at\/wp-content\/uploads\/2022\/03\/armin-1536x2048.jpeg 1536w\" sizes=\"auto, (max-width: 1920px) 100vw, 1920px\"><\/p>\n<div editable=\"rich\">\n\t\t\t\t<\/div>\n<\/p><\/div>\n<div class=\"lc-block mt-2 py-2 border-top\">\n<h5 editable=\"inline\" class=\"\"><b>Armin Fischli<\/b><\/h5>\n<p>\t\t\t\t<small editable=\"inline\" class=\"text-secondary\" style=\"letter-spacing:1px\">&nbsp;CONSTRUCTION ET LIVRAISON DE PORTAILS<\/small>\n\t\t\t<\/div>\n<p><!-- \/lc-block --><br \/>\n\t\t\t<!-- \/lc-block -->\n\t\t<\/div>\n<div class=\"col-md-3 text-center p-4\">\n<p>\t\t\t<!-- \/lc-block --><br \/>\n\t\t\t<!-- \/lc-block -->\n\t\t<\/div>\n<div class=\"col-md-3 text-center p-4\">\n<p>\t\t\t<!-- \/lc-block --><br \/>\n\t\t\t<!-- \/lc-block -->\n\t\t<\/div>\n<div class=\"col-md-3 text-center p-4\">\n<p>\t\t\t<!-- \/lc-block --><br \/>\n\t\t\t<!-- \/lc-block -->\n\t\t<\/div>\n<\/p><\/div>\n<\/section>\n","protected":false},"excerpt":{"rendered":"<p>\u00ab\u00a0Nous devons encourager les esprits brillants qui aiment l&rsquo;innovation technique. C&rsquo;est la seule fa\u00e7on de continuer \u00e0 \u00eatre \u00e0 la [&hellip;]<\/p>\n","protected":false},"author":2,"featured_media":0,"parent":1978,"menu_order":0,"comment_status":"closed","ping_status":"closed","template":"","meta":{"_seopress_robots_primary_cat":"","_seopress_titles_title":"","_seopress_titles_desc":"","_seopress_robots_index":"","footnotes":""},"class_list":["post-2447","page","type-page","status-publish","hentry"],"aioseo_notices":[],"_links":{"self":[{"href":"https:\/\/holler-tore.at\/fr\/wp-json\/wp\/v2\/pages\/2447","targetHints":{"allow":["GET"]}}],"collection":[{"href":"https:\/\/holler-tore.at\/fr\/wp-json\/wp\/v2\/pages"}],"about":[{"href":"https:\/\/holler-tore.at\/fr\/wp-json\/wp\/v2\/types\/page"}],"author":[{"embeddable":true,"href":"https:\/\/holler-tore.at\/fr\/wp-json\/wp\/v2\/users\/2"}],"replies":[{"embeddable":true,"href":"https:\/\/holler-tore.at\/fr\/wp-json\/wp\/v2\/comments?post=2447"}],"version-history":[{"count":4,"href":"https:\/\/holler-tore.at\/fr\/wp-json\/wp\/v2\/pages\/2447\/revisions"}],"predecessor-version":[{"id":10966,"href":"https:\/\/holler-tore.at\/fr\/wp-json\/wp\/v2\/pages\/2447\/revisions\/10966"}],"up":[{"embeddable":true,"href":"https:\/\/holler-tore.at\/fr\/wp-json\/wp\/v2\/pages\/1978"}],"wp:attachment":[{"href":"https:\/\/holler-tore.at\/fr\/wp-json\/wp\/v2\/media?parent=2447"}],"curies":[{"name":"wp","href":"https:\/\/api.w.org\/{rel}","templated":true}]}}