{"id":1882,"date":"2022-01-16T23:09:05","date_gmt":"2022-01-16T22:09:05","guid":{"rendered":"http:\/\/demohollertore.webkop.at\/entreprises\/"},"modified":"2024-10-07T09:49:54","modified_gmt":"2024-10-07T07:49:54","slug":"entreprise","status":"publish","type":"page","link":"https:\/\/holler-tore.at\/fr\/entreprise\/","title":{"rendered":"Entreprise"},"content":{"rendered":"<section>\n<div class=\"d-flex container-fluid\" lc-helper=\"background\" style=\"height:50vh;background:url(https:\/\/holler-tore.at\/wp-content\/uploads\/2022\/03\/banner.png)  center \/ cover no-repeat;\">\n\t<\/div>\n<\/section>\n<section class=\"text-white bg-dark\">\n<div class=\"container pt-5\">\n<div class=\"row\">\n<div class=\"col-md-12 text-center\">\n<div class=\"lc-block\">\n<h1 editable=\"inline\" class=\"mb-0 font-weight-bold\"><span class=\"text-primary\">Holler Tore<\/span>. Une entreprise durable<\/h1>\n<p editable=\"inline\" class=\"mt-3\">Nos 7 principes de durabilit\u00e9 et de responsabilit\u00e9 sociale. D\u00e8s le d\u00e9but, l&rsquo;utilisation responsable et prudente de l&rsquo;\u00e9nergie, des mati\u00e8res premi\u00e8res et des m\u00e9thodes de production a jou\u00e9 un r\u00f4le central dans notre entreprise.<\/p>\n<\/p><\/div>\n<p><!-- \/lc-block --><\/p>\n<div class=\"lc-block\">\n<div editable=\"rich\">\n<p>Nos d\u00e9cisions d&rsquo;aujourd&rsquo;hui fa\u00e7onnent le monde de demain. <\/p>\n<p class=\"\">L&rsquo;utilisation de mat\u00e9riaux durables de haute qualit\u00e9 et leur transformation \u00e0 l&rsquo;aide de technologies respectueuses de l&rsquo;environnement \u00e0 la pointe de la technique garantissent \u00e0 nos lignes de produits HOLLER <span class=\"text-danger\">PRO<\/span>, HOLLER <span class=\"text-danger\">HOME<\/span> et HOLLER <span class=\"text-danger\">DIY<\/span> une qualit\u00e9 sup\u00e9rieure et une longue dur\u00e9e de vie. De cette mani\u00e8re, nous assumons notre responsabilit\u00e9 envers les g\u00e9n\u00e9rations actuelles et futures.<\/p>\n<p>La conciliation de la vie familiale et professionnelle est une autre de nos grandes pr\u00e9occupations.- Nous souhaitons avant tout soutenir les femmes pour qu&rsquo;elles puissent poursuivre leur carri\u00e8re apr\u00e8s des interruptions dues \u00e0 la garde d&rsquo;enfants. Notre nouvelle cr\u00e8che d&rsquo;entreprise y contribuera largement et favorisera en outre l&rsquo;\u00e9quilibre entre vie professionnelle et vie priv\u00e9e de nos collaborateurs.<\/p>\n<\/p><\/div>\n<\/p><\/div>\n<p><!-- \/lc-block -->\n\t\t\t<\/div>\n<\/p><\/div>\n<\/p><\/div>\n<\/section>\n<section class=\"bg-light\">\n<div class=\"container pt-5\">\n<div class=\"row\">\n<div class=\"col-md-12 text-center\">\n<div class=\"lc-block\">\n<h1 editable=\"inline\" class=\"mb-0 font-weight-bold\">\n\t\t\t\t\t\t<font color=\"#d8232a\">Usine II<\/font>&nbsp;Nouvelle construction \/ Extension 2021<br \/>\n\t\t\t\t\t<\/h1>\n<p editable=\"inline\" class=\"mt-3\">L&rsquo;usine de portails coulissants la plus moderne d&rsquo;Europe<\/p>\n<\/p><\/div>\n<p><!-- \/lc-block --><\/p>\n<div class=\"lc-block\">\n<div editable=\"rich\">\n<p>Le projet de construction comprend un hall de fabrication et de production d&rsquo;environ 10 000 m\u00b2. La fabrication des portails coulissants se fera \u00e0 la pointe de la technologie avec des machines assist\u00e9es par des robots, dans le cadre de l&rsquo;industrie 4.0 en r\u00e9seau. Gr\u00e2ce \u00e0 des technologies d&rsquo;avenir, la nouvelle usine de production fabriquera des syst\u00e8mes de portails coulissants en aluminium sophistiqu\u00e9s et sp\u00e9cifiques aux clients pour le march\u00e9 mondial. La capacit\u00e9 de l&rsquo;usine existante sera presque doubl\u00e9e par la nouvelle usine. Ce projet est cofinanc\u00e9 par le Fonds europ\u00e9en de d\u00e9veloppement r\u00e9gional (FEDER). Pour plus d&rsquo;informations sur l&rsquo;IWB\/EFRE, veuillez consulter : www.efre.gv.at<\/p>\n<p><\/p>\n<\/p><\/div>\n<\/p><\/div>\n<p><!-- \/lc-block -->\n\t\t\t<\/div>\n<\/p><\/div>\n<\/p><\/div>\n<\/section>\n<section>\n<div class=\"container pt-5\">\n<div class=\"row pt-4\">\n<div class=\"col-lg-4 col-md-12 text-center\">\n<div class=\"lc-block\"><svg xmlns=\"http:\/\/www.w3.org\/2000\/svg\" width=\"3em\" height=\"3em\" fill=\"currentColor\" viewBox=\"0 0 16 16\" style=\"\" lc-helper=\"svg-icon\" class=\"text-warning\">\n\t\t\t\t\t\t<path d=\"M3.5 8a4.5 4.5 0 1 1 9 0 4.5 4.5 0 0 1-9 0z\"><\/path>\n\t\t\t\t\t\t<path d=\"M8.202.28a.25.25 0 0 0-.404 0l-.91 1.255a.25.25 0 0 1-.334.067L5.232.79a.25.25 0 0 0-.374.154l-.36 1.51a.25.25 0 0 1-.282.188l-1.532-.244a.25.25 0 0 0-.286.286l.244 1.532a.25.25 0 0 1-.189.282l-1.509.36a.25.25 0 0 0-.154.374l.812 1.322a.25.25 0 0 1-.067.333l-1.256.91a.25.25 0 0 0 0 .405l1.256.91a.25.25 0 0 1 .067.334L.79 10.768a.25.25 0 0 0 .154.374l1.51.36a.25.25 0 0 1 .188.282l-.244 1.532a.25.25 0 0 0 .286.286l1.532-.244a.25.25 0 0 1 .282.189l.36 1.508a.25.25 0 0 0 .374.155l1.322-.812a.25.25 0 0 1 .333.067l.91 1.256a.25.25 0 0 0 .405 0l.91-1.256a.25.25 0 0 1 .334-.067l1.322.812a.25.25 0 0 0 .374-.155l.36-1.508a.25.25 0 0 1 .282-.19l1.532.245a.25.25 0 0 0 .286-.286l-.244-1.532a.25.25 0 0 1 .189-.282l1.508-.36a.25.25 0 0 0 .155-.374l-.812-1.322a.25.25 0 0 1 .067-.333l1.256-.91a.25.25 0 0 0 0-.405l-1.256-.91a.25.25 0 0 1-.067-.334l.812-1.322a.25.25 0 0 0-.155-.374l-1.508-.36a.25.25 0 0 1-.19-.282l.245-1.532a.25.25 0 0 0-.286-.286l-1.532.244a.25.25 0 0 1-.282-.189l-.36-1.509a.25.25 0 0 0-.374-.154l-1.322.812a.25.25 0 0 1-.333-.067L8.203.28zM8 2.5a5.5 5.5 0 1 1 0 11 5.5 5.5 0 0 1 0-11z\"><\/path>\n\t\t\t\t\t<\/svg><\/div>\n<p><!-- \/lc-block --><\/p>\n<div class=\"lc-block\">\n<h4 class=\"my-3 text-danger\" editable=\"inline\"><b class=\"text-dark\">Photovolta\u00efque<\/b><\/h4>\n<p editable=\"inline\" class=\"\">Une puissante installation photovolta\u00efque, install\u00e9e sur le toit des halls de production, utilise la force du soleil pour produire et stocker de mani\u00e8re \u00e9cologique l&rsquo;\u00e9lectricit\u00e9 n\u00e9cessaire \u00e0 notre fabrication. <\/p>\n<\/p><\/div>\n<p><!-- \/lc-block -->\n\t\t\t<\/div>\n<div class=\"col-lg-4 col-md-12 text-center\">\n<div class=\"lc-block\"><svg xmlns=\"http:\/\/www.w3.org\/2000\/svg\" width=\"3em\" height=\"3em\" fill=\"currentColor\" viewBox=\"0 0 16 16\" style=\"\" lc-helper=\"svg-icon\" class=\"text-success\">\n\t\t\t\t\t\t<path d=\"M8 16a4 4 0 0 0 4-4 4 4 0 0 0 0-8 4 4 0 0 0-8 0 4 4 0 1 0 0 8 4 4 0 0 0 4 4zm3-12c0 .073-.01.155-.03.247-.544.241-1.091.638-1.598 1.084A2.987 2.987 0 0 0 8 5c-.494 0-.96.12-1.372.331-.507-.446-1.054-.843-1.597-1.084A1.117 1.117 0 0 1 5 4a3 3 0 0 1 6 0zm-.812 6.052A2.99 2.99 0 0 0 11 8a2.99 2.99 0 0 0-.812-2.052c.215-.18.432-.346.647-.487C11.34 5.131 11.732 5 12 5a3 3 0 1 1 0 6c-.268 0-.66-.13-1.165-.461a6.833 6.833 0 0 1-.647-.487zm-3.56.617a3.001 3.001 0 0 0 2.744 0c.507.446 1.054.842 1.598 1.084.02.091.03.174.03.247a3 3 0 1 1-6 0c0-.073.01-.155.03-.247.544-.242 1.091-.638 1.598-1.084zm-.816-4.721A2.99 2.99 0 0 0 5 8c0 .794.308 1.516.812 2.052a6.83 6.83 0 0 1-.647.487C4.66 10.869 4.268 11 4 11a3 3 0 0 1 0-6c.268 0 .66.13 1.165.461.215.141.432.306.647.487zM8 9a1 1 0 1 1 0-2 1 1 0 0 1 0 2z\"><\/path>\n\t\t\t\t\t<\/svg><\/div>\n<p><!-- \/lc-block --><\/p>\n<div class=\"lc-block\">\n<h4 class=\"my-3 text-success\" editable=\"inline\"><b class=\"text-dark\">V\u00e9g\u00e9talisation des fa\u00e7ades<\/b><\/h4>\n<p editable=\"inline\" class=\"\">Les voitures \u00e9lectriques et les chariots \u00e9l\u00e9vateurs de notre parc de v\u00e9hicules ne seulement ils roulent silencieusement, mais aussi ils fonctionnent sans \u00e9missions et de mani\u00e8re tr\u00e8s efficace. <\/p>\n<\/p><\/div>\n<p><!-- \/lc-block -->\n\t\t\t<\/div>\n<div class=\"col-lg-4 col-md-12 text-center\">\n<div class=\"lc-block\"><svg xmlns=\"http:\/\/www.w3.org\/2000\/svg\" width=\"3em\" height=\"3em\" fill=\"currentColor\" viewBox=\"0 0 16 16\" style=\"\" lc-helper=\"svg-icon\" class=\"text-dark\">\n\t\t\t\t\t\t<path d=\"M4.355.522a.5.5 0 0 1 .623.333l.291.956A4.979 4.979 0 0 1 8 1c1.007 0 1.946.298 2.731.811l.29-.956a.5.5 0 1 1 .957.29l-.41 1.352A4.985 4.985 0 0 1 13 6h.5a.5.5 0 0 0 .5-.5V5a.5.5 0 0 1 1 0v.5A1.5 1.5 0 0 1 13.5 7H13v1h1.5a.5.5 0 0 1 0 1H13v1h.5a1.5 1.5 0 0 1 1.5 1.5v.5a.5.5 0 1 1-1 0v-.5a.5.5 0 0 0-.5-.5H13a5 5 0 0 1-10 0h-.5a.5.5 0 0 0-.5.5v.5a.5.5 0 1 1-1 0v-.5A1.5 1.5 0 0 1 2.5 10H3V9H1.5a.5.5 0 0 1 0-1H3V7h-.5A1.5 1.5 0 0 1 1 5.5V5a.5.5 0 0 1 1 0v.5a.5.5 0 0 0 .5.5H3c0-1.364.547-2.601 1.432-3.503l-.41-1.352a.5.5 0 0 1 .333-.623zM4 7v4a4 4 0 0 0 3.5 3.97V7H4zm4.5 0v7.97A4 4 0 0 0 12 11V7H8.5zM12 6a3.989 3.989 0 0 0-1.334-2.982A3.983 3.983 0 0 0 8 2a3.983 3.983 0 0 0-2.667 1.018A3.989 3.989 0 0 0 4 6h8z\"><\/path>\n\t\t\t\t\t<\/svg><\/div>\n<h4 class=\"my-3 text-warning\" editable=\"inline\"><b class=\"text-dark\">Des abeilles affair\u00e9es<\/b><\/h4>\n<p editable=\"inline\" class=\"\">La v\u00e9g\u00e9talisation des fa\u00e7ades, en tant que \u00ab\u00a0climatisation naturelle\u00a0\u00bb, offre un habitat pr\u00e9cieux et une source de nourriture importante pour les animaux &#8211; en particulier pour nos abeilles laborieuses. Nous voulons apporter une contribution durable \u00e0 la pr\u00e9servation de la biodiversit\u00e9 et soutenir l&rsquo;agriculture locale avec d&rsquo;autres surfaces vertes. <\/p>\n<p><!-- \/lc-block -->\n\t\t\t<\/div>\n<\/p><\/div>\n<div class=\"row pt-4\">\n<div class=\"col-md-12 col-lg-4 text-center\">\n<div class=\"lc-block\"><svg xmlns=\"http:\/\/www.w3.org\/2000\/svg\" width=\"3em\" height=\"3em\" fill=\"currentColor\" viewBox=\"0 0 16 16\" style=\"\" lc-helper=\"svg-icon\" class=\"text-primary\">\n\t\t\t\t\t\t<path d=\"M11.251.068a.5.5 0 0 1 .227.58L9.677 6.5H13a.5.5 0 0 1 .364.843l-8 8.5a.5.5 0 0 1-.842-.49L6.323 9.5H3a.5.5 0 0 1-.364-.843l8-8.5a.5.5 0 0 1 .615-.09zM4.157 8.5H7a.5.5 0 0 1 .478.647L6.11 13.59l5.732-6.09H9a.5.5 0 0 1-.478-.647L9.89 2.41 4.157 8.5z\"><\/path>\n\t\t\t\t\t<\/svg><\/div>\n<h4 class=\"my-3\" editable=\"inline\"><b class=\"text-dark\">V\u00e9hicules \u00e9lectriques<\/b><\/h4>\n<p editable=\"inline\" class=\"\">Les voitures \u00e9lectriques et les chariots \u00e9l\u00e9vateurs de notre parc de v\u00e9hicules ne seulement ils roulent silencieusement, mais aussi ils fonctionnent sans \u00e9missions et de mani\u00e8re tr\u00e8s efficace. Les moteurs \u00e9lectriques, en tant que technologie de propulsion innovante, constituent une alternative \u00e9cologique aux moteurs \u00e0 combustion traditionnels.<\/p>\n<p><!-- \/lc-block -->\n\t\t\t<\/div>\n<div class=\"col-md-12 col-lg-4 text-center\">\n<div class=\"lc-block\"><svg xmlns=\"http:\/\/www.w3.org\/2000\/svg\" width=\"3em\" height=\"3em\" fill=\"currentColor\" viewBox=\"0 0 16 16\" style=\"\" lc-helper=\"svg-icon\" class=\"text-info\">\n\t\t\t\t\t\t<path fill-rule=\"evenodd\" d=\"M7.21.8C7.69.295 8 0 8 0c.109.363.234.708.371 1.038.812 1.946 2.073 3.35 3.197 4.6C12.878 7.096 14 8.345 14 10a6 6 0 0 1-12 0C2 6.668 5.58 2.517 7.21.8zm.413 1.021A31.25 31.25 0 0 0 5.794 3.99c-.726.95-1.436 2.008-1.96 3.07C3.304 8.133 3 9.138 3 10a5 5 0 0 0 10 0c0-1.201-.796-2.157-2.181-3.7l-.03-.032C9.75 5.11 8.5 3.72 7.623 1.82z\"><\/path>\n\t\t\t\t\t\t<path fill-rule=\"evenodd\" d=\"M4.553 7.776c.82-1.641 1.717-2.753 2.093-3.13l.708.708c-.29.29-1.128 1.311-1.907 2.87l-.894-.448z\"><\/path>\n\t\t\t\t\t<\/svg><\/div>\n<h4 class=\"my-3\" editable=\"inline\"><b class=\"text-dark\">Rev\u00eatement par poudre sans eaux us\u00e9es<\/b><\/h4>\n<p editable=\"inline\" class=\"\">Notre installation de rev\u00eatement par poudre \u00e9lectrostatique est la plus grande d&rsquo;Autriche et l&rsquo;une des installations de traitement de surface les plus \u00e9cologiques et les plus \u00e9conomiques au monde. Comme nous traitons l&rsquo;eau de processus et les rin\u00e7ages sans eaux us\u00e9es, l&rsquo;environnement n&rsquo;est pas pollu\u00e9. <\/p>\n<\/p><\/div>\n<div class=\"col-md-12 col-lg-4 text-center\">\n<div class=\"lc-block\"><svg xmlns=\"http:\/\/www.w3.org\/2000\/svg\" width=\"3em\" height=\"3em\" fill=\"currentColor\" viewBox=\"0 0 16 16\" style=\"\" lc-helper=\"svg-icon\" class=\"text-secondary\">\n\t\t\t\t\t\t<path d=\"M5 0a.5.5 0 0 1 .5.5V2h1V.5a.5.5 0 0 1 1 0V2h1V.5a.5.5 0 0 1 1 0V2h1V.5a.5.5 0 0 1 1 0V2A2.5 2.5 0 0 1 14 4.5h1.5a.5.5 0 0 1 0 1H14v1h1.5a.5.5 0 0 1 0 1H14v1h1.5a.5.5 0 0 1 0 1H14v1h1.5a.5.5 0 0 1 0 1H14a2.5 2.5 0 0 1-2.5 2.5v1.5a.5.5 0 0 1-1 0V14h-1v1.5a.5.5 0 0 1-1 0V14h-1v1.5a.5.5 0 0 1-1 0V14h-1v1.5a.5.5 0 0 1-1 0V14A2.5 2.5 0 0 1 2 11.5H.5a.5.5 0 0 1 0-1H2v-1H.5a.5.5 0 0 1 0-1H2v-1H.5a.5.5 0 0 1 0-1H2v-1H.5a.5.5 0 0 1 0-1H2A2.5 2.5 0 0 1 4.5 2V.5A.5.5 0 0 1 5 0zm-.5 3A1.5 1.5 0 0 0 3 4.5v7A1.5 1.5 0 0 0 4.5 13h7a1.5 1.5 0 0 0 1.5-1.5v-7A1.5 1.5 0 0 0 11.5 3h-7zM5 6.5A1.5 1.5 0 0 1 6.5 5h3A1.5 1.5 0 0 1 11 6.5v3A1.5 1.5 0 0 1 9.5 11h-3A1.5 1.5 0 0 1 5 9.5v-3zM6.5 6a.5.5 0 0 0-.5.5v3a.5.5 0 0 0 .5.5h3a.5.5 0 0 0 .5-.5v-3a.5.5 0 0 0-.5-.5h-3z\"><\/path>\n\t\t\t\t\t<\/svg><\/div>\n<h4 class=\"my-3\" editable=\"inline\"><b class=\"text-dark\">Utilisation de la chaleur r\u00e9siduelle et du chauffage urbain bio<\/b><\/h4>\n<p editable=\"inline\" class=\"\">Le chauffage des halls de production est assur\u00e9 \u00e0 la fois par la chaleur r\u00e9siduelle g\u00e9n\u00e9r\u00e9e par les processus thermiques de la production et par le chauffage urbain neutre pour le climat, fourni par la centrale de chauffage biologique situ\u00e9e \u00e0 proximit\u00e9. <\/p>\n<\/p><\/div>\n<\/p><\/div>\n<div class=\"row pt-4\">\n<div class=\"col-md-12 col-lg-4 offset-0 offset-lg-4 text-center\">\n<div class=\"lc-block\"><svg xmlns=\"http:\/\/www.w3.org\/2000\/svg\" width=\"3em\" height=\"3em\" fill=\"currentColor\" viewBox=\"0 0 16 16\" style=\"\" lc-helper=\"svg-icon\" class=\"text-danger\">\n\t\t\t\t\t\t<path d=\"M8 2.748l-.717-.737C5.6.281 2.514.878 1.4 3.053c-.523 1.023-.641 2.5.314 4.385.92 1.815 2.834 3.989 6.286 6.357 3.452-2.368 5.365-4.542 6.286-6.357.955-1.886.838-3.362.314-4.385C13.486.878 10.4.28 8.717 2.01L8 2.748zM8 15C-7.333 4.868 3.279-3.04 7.824 1.143c.06.055.119.112.176.171a3.12 3.12 0 0 1 .176-.17C12.72-3.042 23.333 4.867 8 15z\"><\/path>\n\t\t\t\t\t<\/svg><\/div>\n<h4 class=\"my-3\" editable=\"inline\"><b class=\"text-dark\">Garde d&rsquo;enfants dans l&rsquo;entreprise<\/b><\/h4>\n<p editable=\"inline\" class=\"\">Notre cr\u00e8che d&rsquo;entreprise permettra aux parents d&rsquo;y amener leurs enfants sur le chemin du travail, sans avoir \u00e0 faire de d\u00e9tours stressants. Les horaires de garde adapt\u00e9s aux besoins correspondent aux horaires de travail des m\u00e8res et des p\u00e8res. Il est particuli\u00e8rement important pour nous de faciliter la r\u00e9insertion des femmes apr\u00e8s une \u00ab\u00a0pause b\u00e9b\u00e9\u00a0\u00bb. Nous croyons au principe suivant : si la famille va bien, nous allons tous bien.<\/p>\n<\/p><\/div>\n<\/p><\/div>\n<\/p><\/div>\n<\/section>\n<section>\n<style>.mypath {\n  width: 300px; \n   --mypath-radius: 31px; \n   --mypath-border: 2px dashed;\n}<\/p>\n<p>.mypath > div {<\/p>\n<p>  border-top: var(--mypath-border);\n  border-color: #777 !important;\n  margin:0; \n  padding: var(--mypath-radius);\n}<\/p>\n<p>.mypath > div:nth-child(even) {\n  border-left: var(--mypath-border);\n  border-top-left-radius: var(--mypath-radius);\n  border-bottom-left-radius: var(--mypath-radius);\n  margin-right: var(--mypath-radius); \n  padding-right: 0;\n}<\/p>\n<p>.mypath > div:nth-child(odd) {\n  border-right: var(--mypath-border);\n  border-top-right-radius: var(--mypath-radius);\n  border-bottom-right-radius: var(--mypath-radius);\n  margin-left: var(--mypath-radius); \n  padding-left: 0;\n}<\/p>\n<p>.mypath > div:first-child {\n  border-top: 0;\n  border-top-right-radius:0;\n  border-top-left-radius:0;\n}<\/p>\n<p>.mypath > div:last-child {\n  border-bottom-right-radius:0;\n  border-bottom-left-radius:0;\n}\n<\/style>\n<div class=\"container text-center mt-5 mb-3 text-primary\">\n<h2 class=\"h1\">Histoire de Holler Tore<\/h2>\n<\/p><\/div>\n<div class=\"mypath mx-auto\">\n<div class=\"lc-block\">\n<div editable=\"rich\">\n<h2>1992 fondation de l&rsquo;entreprise<\/h2>\n<p>1992 Cr\u00e9ation de l&rsquo;entreprise individuelle par Ewald Holler.<\/p>\n<\/p><\/div>\n<\/p><\/div>\n<div class=\"lc-block\">\n<div editable=\"rich\">\n<h2>1993 premier hall<\/h2>\n<p>L&rsquo;ann\u00e9e suivante, le premier hall de l&rsquo;entreprise a \u00e9t\u00e9 construit (un hall en acier&nbsp; &nbsp; &nbsp; &nbsp; &nbsp; &nbsp; &nbsp; &nbsp; de 250 m\u00b2)<\/p>\n<\/p><\/div>\n<\/p><\/div>\n<div class=\"lc-block\">\n<div editable=\"rich\">\n<h2>1994 deuxi\u00e8me hall<\/h2>\n<p>En 1993, la construction d&rsquo;un autre hall de 450 m\u00b2 est pr\u00e9vue pour 1994.<\/p>\n<\/p><\/div>\n<\/p><\/div>\n<div class=\"lc-block\">\n<div editable=\"rich\">\n<h2>1998 troisi\u00e8me hall<\/h2>\n<p>Quatre ans plus tard, Ewald Holler a d\u00e9cid\u00e9 d&rsquo;agrandir l&rsquo;entreprise en construisant un nouveau hall de 600 m\u00b2 et de continuer ainsi \u00e0 la d\u00e9velopper.&nbsp;<\/p>\n<\/p><\/div>\n<\/p><\/div>\n<div class=\"lc-block\">\n<div editable=\"rich\">\n<h2>2000 b\u00e2timent administratif<\/h2>\n<p>Au tournant du mill\u00e9naire, un immeuble de bureaux a \u00e9t\u00e9 construit en plus des halls, offrant une surface utile suppl\u00e9mentaire de 280 m\u00b2, pour une surface totale de 1 580 m\u00b2.<\/p>\n<\/p><\/div>\n<\/p><\/div>\n<div class=\"lc-block\">\n<div editable=\"rich\">\n<h2>2005 cr\u00e9ation de la SARL<\/h2>\n<p>Transformation de l&rsquo;entreprise individuelle en une soci\u00e9t\u00e9 \u00e0 responsabilit\u00e9 limit\u00e9e (SARL). &nbsp;<\/p>\n<\/p><\/div>\n<\/p><\/div>\n<div class=\"lc-block\">\n<div editable=\"rich\">\n<h2>2009 hall de finition et de chargement<\/h2>\n<p>En 2009, construction d&rsquo;un hall de finition et de chargement avec une surface utile suppl\u00e9mentaire de <br \/>2900 m\u00b2.<\/p>\n<\/p><\/div>\n<\/p><\/div>\n<div class=\"lc-block\">\n<div editable=\"rich\">\n<h2>2010 hall de soudure<\/h2>\n<p>Dix ans apr\u00e8s la construction du premier b\u00e2timent administratif, l&rsquo;entreprise s&rsquo;est agrandie et a construit un nouveau hall. Le hall de soudage a suivi avec 1 100 m\u00b2.<\/p>\n<\/p><\/div>\n<\/p><\/div>\n<div class=\"lc-block\">\n<div editable=\"rich\">\n<h2 class=\"text-break\">2011 la plus grande installation de rev\u00eatement par poudre d&rsquo;Autriche<\/h2>\n<p>En 2011, construction de la plus grande installation de rev\u00eatement par poudre d&rsquo;Autriche, construction de locaux sociaux et de s\u00e9jour <br \/>(2100 m\u00b2).<\/p>\n<\/p><\/div>\n<\/p><\/div>\n<div class=\"lc-block\">\n<div editable=\"rich\">\n<h2 class=\"text-break\">2013 extension des bureaux<br \/><\/h2>\n<p>Un autre b\u00e2timent de bureaux de 120 m\u00b2 a \u00e9t\u00e9 construit.<\/p>\n<\/p><\/div>\n<\/p><\/div>\n<div class=\"lc-block\">\n<div editable=\"rich\">\n<h2 class=\"text-break\">2014 extension<br \/><\/h2>\n<p>Extension de la surface de stockage, construction d&rsquo;une rampe de chargement pour les transports sp\u00e9ciaux <br \/>(1000 m\u00b2).<\/p>\n<\/p><\/div>\n<\/p><\/div>\n<div class=\"lc-block\">\n<div editable=\"rich\">\n<h2 class=\"text-break\">2015<br \/><\/h2>\n<p>R\u00e9novation du hall en acier, acquisition d&rsquo;un nouveau robot de soudage et cr\u00e9ation d&rsquo;un showroom de 190 m\u00b2.<\/p>\n<\/p><\/div>\n<\/p><\/div>\n<div class=\"lc-block\">\n<div editable=\"rich\">\n<h2 class=\"text-break\">2017 centre de fraisage<br \/><\/h2>\n<p>Construction d&rsquo;un hall de finition suppl\u00e9mentaire de 1 500 m\u00b2 et mise en place d&rsquo;un nouveau centre de fraisage.<\/p>\n<\/p><\/div>\n<\/p><\/div>\n<div class=\"lc-block\">\n<div editable=\"rich\">\n<h2 class=\"text-break\">2019<br \/><\/h2>\n<p>Acquisition d&rsquo;une nouvelle machine laser de haute pr\u00e9cision<\/p>\n<\/p><\/div>\n<\/p><\/div>\n<div class=\"lc-block\">\n<div editable=\"rich\">\n<h2 class=\"text-break\">2020<br \/><\/h2>\n<p>Planification du nouveau hall \u00e0 Leitring<\/p>\n<\/p><\/div>\n<\/p><\/div>\n<div class=\"lc-block\">\n<div editable=\"rich\">\n<h2 class=\"text-break\">2021<br \/><\/h2>\n<p>&nbsp;Nouveau hall de fabrication et de production avec env. 11.000 m\u00b2 de surface de hall suppl\u00e9mentaire<\/p>\n<\/p><\/div>\n<\/p><\/div>\n<div class=\"lc-block\">\n<div editable=\"rich\">\n<h2 class=\"text-break\">2022<br \/><\/h2>\n<p>Nouveaux bureaux et cantine&nbsp;<\/p>\n<\/p><\/div>\n<\/p><\/div>\n<\/p><\/div>\n<\/section>\n<section class=\"pt-5 pb-5\">\n<div class=\"container py-5 text-center\">\n<div class=\"row\">\n<div class=\"col-md-8 offset-md-2 px-4\">\n<div class=\"lc-block\"><svg xmlns=\"http:\/\/www.w3.org\/2000\/svg\" viewBox=\"0 0 448 512\" width=\"5em\" height=\"5em\" lc-helper=\"svg-icon\" fill=\"currentColor\" class=\"text-danger\">\n\t\t\t\t\t\t<path d=\"M313.6 304c-28.7 0-42.5 16-89.6 16-47.1 0-60.8-16-89.6-16C60.2 304 0 364.2 0 438.4V464c0 26.5 21.5 48 48 48h352c26.5 0 48-21.5 48-48v-25.6c0-74.2-60.2-134.4-134.4-134.4zM400 464H48v-25.6c0-47.6 38.8-86.4 86.4-86.4 14.6 0 38.3 16 89.6 16 51.7 0 74.9-16 89.6-16 47.6 0 86.4 38.8 86.4 86.4V464zM224 288c79.5 0 144-64.5 144-144S303.5 0 224 0 80 64.5 80 144s64.5 144 144 144zm0-240c52.9 0 96 43.1 96 96s-43.1 96-96 96-96-43.1-96-96 43.1-96 96-96z\"><\/path>\n\t\t\t\t\t<\/svg><\/div>\n<div class=\"lc-block mb-4 mt-4\">\n<div editable=\"rich\">\n<h2><strong>CONTACT AVEC NOUS<\/strong><\/h2>\n<\/p><\/div>\n<\/p><\/div>\n<div class=\"lc-block mb-4\">\n<div editable=\"rich\">\n<p>Nous nous tenons volontiers \u00e0 votre disposition. Trouvez le bon contact pour l&rsquo;Autriche, l&rsquo;Allemagne, la Suisse, la Pologne et la France.<\/p>\n<\/p><\/div>\n<\/p><\/div>\n<div class=\"lc-block\"><a class=\"btn btn-primary btn-xl js-scroll-trigger\" href=\"https:\/\/holler-tore.at\/fr\/contact\/\" role=\"button\">PRENDRE CONTACT MAINTENANT<\/a><\/div>\n<p><!-- \/lc-block -->\n\t\t\t<\/div>\n<\/p><\/div>\n<\/p><\/div>\n<\/section>\n","protected":false},"excerpt":{"rendered":"<p>Holler Tore. Une entreprise durable Nos 7 principes de durabilit\u00e9 et de responsabilit\u00e9 sociale. D\u00e8s le d\u00e9but, l&rsquo;utilisation responsable et [&hellip;]<\/p>\n","protected":false},"author":1,"featured_media":0,"parent":0,"menu_order":0,"comment_status":"closed","ping_status":"closed","template":"templates\/canvas-template.php","meta":{"_seopress_robots_primary_cat":"","_seopress_titles_title":"","_seopress_titles_desc":"","_seopress_robots_index":"","footnotes":""},"class_list":["post-1882","page","type-page","status-publish","hentry"],"aioseo_notices":[],"_links":{"self":[{"href":"https:\/\/holler-tore.at\/fr\/wp-json\/wp\/v2\/pages\/1882","targetHints":{"allow":["GET"]}}],"collection":[{"href":"https:\/\/holler-tore.at\/fr\/wp-json\/wp\/v2\/pages"}],"about":[{"href":"https:\/\/holler-tore.at\/fr\/wp-json\/wp\/v2\/types\/page"}],"author":[{"embeddable":true,"href":"https:\/\/holler-tore.at\/fr\/wp-json\/wp\/v2\/users\/1"}],"replies":[{"embeddable":true,"href":"https:\/\/holler-tore.at\/fr\/wp-json\/wp\/v2\/comments?post=1882"}],"version-history":[{"count":13,"href":"https:\/\/holler-tore.at\/fr\/wp-json\/wp\/v2\/pages\/1882\/revisions"}],"predecessor-version":[{"id":11111,"href":"https:\/\/holler-tore.at\/fr\/wp-json\/wp\/v2\/pages\/1882\/revisions\/11111"}],"wp:attachment":[{"href":"https:\/\/holler-tore.at\/fr\/wp-json\/wp\/v2\/media?parent=1882"}],"curies":[{"name":"wp","href":"https:\/\/api.w.org\/{rel}","templated":true}]}}