{"id":1869,"date":"2022-01-16T22:56:47","date_gmt":"2022-01-16T21:56:47","guid":{"rendered":"http:\/\/demohollertore.webkop.at\/des-produits\/holler-pro\/"},"modified":"2024-09-18T14:33:06","modified_gmt":"2024-09-18T12:33:06","slug":"holler-pro","status":"publish","type":"page","link":"https:\/\/holler-tore.at\/fr\/des-produits\/holler-pro\/","title":{"rendered":"Holler Pro"},"content":{"rendered":"<section>\n<div class=\"d-flex container-fluid\" lc-helper=\"background\" style=\"height:35vh;background:url(https:\/\/holler-tore.at\/wp-content\/uploads\/2022\/01\/MG_6223-scaled.jpg) center \/ cover no-repeat;\">\n\t<\/div>\n<div class=\"container p-5 bg-light\" style=\"margin-top:-100px\">\n<div class=\"row\">\n<div class=\"col-md-12 align-self-center\">\n<div class=\"lc-block\">\n<div editable=\"rich\">\n<p> Fiabilit\u00e9 et s\u00e9curit\u00e9 \u00e0 un niveau \u00e9lev\u00e9.<\/p>\n<\/p><\/div>\n<\/p><\/div>\n<p><!-- \/lc-block --><\/p>\n<div class=\"lc-block \">\n<div editable=\"rich\">\n<h1 editable=\"inline\" class=\"\">HOLLER&nbsp; <strong class=\"text-danger\">PRO<\/strong><\/h1>\n<\/p><\/div>\n<\/p><\/div>\n<div class=\"lc-block\">\n<div editable=\"rich\">\n<p>Les portails et cl\u00f4tures de la gamme de produits HOLLER PRO sont sp\u00e9cialement con\u00e7us pour une utilisation intensive dans les zones industrielles et commerciales et allient fiabilit\u00e9, s\u00e9curit\u00e9 et r\u00e9sistance \u00e0 un design esth\u00e9tique. Tous les produits peuvent \u00eatre con\u00e7us individuellement et sont donc uniques.<\/p>\n<\/p><\/div>\n<\/p><\/div>\n<p><!-- \/lc-block --><\/p>\n<div class=\"lc-block\"><a class=\"btn btn-primary btn-xl js-scroll-trigger\" href=\"https:\/\/holler-tore.at\/fr\/contact\/\" role=\"button\">Contacter maintenant<\/a><\/div>\n<p><!-- \/lc-block -->\n\t\t\t<\/div>\n<p><!-- \/col -->\n\t\t<\/div>\n<\/p><\/div>\n<\/section>\n<section class=\"text-dark\">\n<div class=\"container py-5\">\n<div class=\"row mt-5\">\n<div class=\"col-lg-6 align-self-center\">\n<div class=\"lc-block about-img-shape position-relative\"> <img fetchpriority=\"high\" decoding=\"async\" class=\"img-fluid w-100\" src=\"https:\/\/holler-tore.at\/wp-content\/uploads\/2022\/01\/Galeriebild-08.jpg\" alt=\"\" width=\"800\" height=\"547\" srcset=\"https:\/\/holler-tore.at\/wp-content\/uploads\/2022\/01\/Galeriebild-08.jpg 800w, https:\/\/holler-tore.at\/wp-content\/uploads\/2022\/01\/Galeriebild-08-300x205.jpg 300w, https:\/\/holler-tore.at\/wp-content\/uploads\/2022\/01\/Galeriebild-08-768x525.jpg 768w\" sizes=\"(max-width: 800px) 100vw, 800px\">\n\t\t\t\t<\/div>\n<\/p><\/div>\n<div class=\"col-lg-6 align-self-center mt-5\">\n<div class=\"lc-block\">\n<div editable=\"rich\">\n<h2>Portails coulissants<br \/><\/h2>\n<p>Des dimensions impressionnantes : largeur jusqu&rsquo;\u00e0 50 m et hauteur jusqu&rsquo;\u00e0 6 m.&nbsp;<\/p>\n<p>Les portails coulissants autoportants allient l&rsquo;art contemporain du design et une fonctionnalit\u00e9 optimale. Des profil\u00e9s en aluminium sp\u00e9cialement d\u00e9velopp\u00e9s et une fabrication de haute qualit\u00e9 garantissent leur long\u00e9vit\u00e9 et leur meilleure qualit\u00e9.&nbsp; &nbsp;Gr\u00e2ce \u00e0 leurs diverses possibilit\u00e9s de conception, les portails coulissants s&rsquo;int\u00e8grent harmonieusement dans l&rsquo;environnement. Tous les portails coulissants sont pr\u00e9-install\u00e9s et test\u00e9s en usine avant la livraison.<\/p>\n<\/p><\/div>\n<\/p><\/div>\n<p>\t\t\t\t<!-- \/lc-block --><br \/>\n\t\t\t\t<!-- \/lc-block -->\n\t\t\t<\/div>\n<\/p><\/div>\n<div class=\"row mt-5\">\n<div class=\"col-lg-6 order-2 order-lg-1 mt-5 align-self-center\">\n<div class=\"lc-block\">\n<div editable=\"rich\">\n<h2>Portails battants et portillons<\/h2>\n<p>Des dimensions qui prot\u00e8gent chaque objet avec certitude : largeur jusqu&rsquo;\u00e0 12 m (1 vantail), hauteur jusqu&rsquo;\u00e0 5 m.<\/p>\n<p><\/p>\n<p>La finition de haute qualit\u00e9 conf\u00e8re \u00e0 nos portails battants et autoportants une stabilit\u00e9 exceptionnelle et donc une protection fiable des biens. Sur demande, une bande dent\u00e9e (lisse d\u00e9fensive) offre une s\u00e9curit\u00e9 suppl\u00e9mentaire contre le franchissement. Comme pour les portails coulissants, toutes les motorisations sont livr\u00e9es avec le syst\u00e8me \u00e9prouv\u00e9 \u00ab plug and play .<\/p>\n<p>Le rev\u00eatement en poudre (thermolaquage), facile d\u2019entretien, r\u00e9sistant aux rayures et aux intemp\u00e9ries, garantit beaut\u00e9 et qualit\u00e9 pendant de nombreuses ann\u00e9es.<\/p>\n<p>Les portails battants et les portillons peuvent \u00eatre fabriqu\u00e9s dans des dimensions standard ou sur mesure.<\/p>\n<\/p><\/div>\n<\/p><\/div>\n<p>\t\t\t\t<!-- \/lc-block --><br \/>\n\t\t\t\t<!-- \/lc-block -->\n\t\t\t<\/div>\n<div class=\"col-lg-6 order-1 order-lg-2 align-self-center\">\n<div class=\"lc-block about-img-shape position-relative\"> <img decoding=\"async\" class=\"img-fluid w-100\" src=\"https:\/\/holler-tore.at\/wp-content\/uploads\/2022\/01\/DSC_2128-scaled.jpg\" alt=\"\" width=\"\" height=\"\" srcset=\"https:\/\/holler-tore.at\/wp-content\/uploads\/2022\/01\/DSC_2128-scaled.jpg 2560w, https:\/\/holler-tore.at\/wp-content\/uploads\/2022\/01\/DSC_2128-300x200.jpg 300w, https:\/\/holler-tore.at\/wp-content\/uploads\/2022\/01\/DSC_2128-1024x683.jpg 1024w, https:\/\/holler-tore.at\/wp-content\/uploads\/2022\/01\/DSC_2128-768x512.jpg 768w, https:\/\/holler-tore.at\/wp-content\/uploads\/2022\/01\/DSC_2128-1536x1024.jpg 1536w, https:\/\/holler-tore.at\/wp-content\/uploads\/2022\/01\/DSC_2128-2048x1365.jpg 2048w\" sizes=\"\">\n\t\t\t\t<\/div>\n<\/p><\/div>\n<\/p><\/div>\n<\/p><\/div>\n<\/section>\n<section class=\"bg-dark text-white\">\n<div class=\"container py-5\">\n<div class=\"row mt-5\">\n<div class=\"col-lg-6 align-self-center\">\n<div class=\"lc-block about-img-shape position-relative\"> <img decoding=\"async\" class=\"img-fluid\" src=\"https:\/\/holler-tore.at\/wp-content\/uploads\/2022\/01\/13568995_1098952160176318_1472415002277794365_o-1024x579.jpg\" alt=\"\" width=\"1024\" height=\"579\" srcset=\"https:\/\/holler-tore.at\/wp-content\/uploads\/2022\/01\/13568995_1098952160176318_1472415002277794365_o-1024x579.jpg 1024w, https:\/\/holler-tore.at\/wp-content\/uploads\/2022\/01\/13568995_1098952160176318_1472415002277794365_o-300x170.jpg 300w, https:\/\/holler-tore.at\/wp-content\/uploads\/2022\/01\/13568995_1098952160176318_1472415002277794365_o-768x434.jpg 768w, https:\/\/holler-tore.at\/wp-content\/uploads\/2022\/01\/13568995_1098952160176318_1472415002277794365_o-1536x869.jpg 1536w, https:\/\/holler-tore.at\/wp-content\/uploads\/2022\/01\/13568995_1098952160176318_1472415002277794365_o.jpg 2048w\" sizes=\"(max-width: 1024px) 100vw, 1024px\">\n\t\t\t\t<\/div>\n<\/p><\/div>\n<div class=\"col-lg-6 mt-5 align-self-center\">\n<div class=\"lc-block\">\n<div editable=\"rich\">\n<h2>Cl\u00f4tures<br \/><\/h2>\n<p>Cl\u00f4tures en aluminium d&rsquo;une hauteur maximale de 2,5 m.<\/p>\n<p>La cl\u00f4ture industrielle est une protection p\u00e9rim\u00e9trique fiable et visuellement attrayante. Une large gamme de finitions permet une apparence compacte en harmonie avec l&rsquo;environnement.&nbsp;<\/p>\n<p>Des supports de montage sp\u00e9ciaux permettent de fixer les panneaux de cl\u00f4ture aux poteaux et permettent un alignement flexible de la cl\u00f4ture, compensant ainsi toute irr\u00e9gularit\u00e9 de la propri\u00e9t\u00e9.<\/p>\n<\/p><\/div>\n<\/p><\/div>\n<p>\t\t\t\t<!-- \/lc-block --><br \/>\n\t\t\t\t<!-- \/lc-block -->\n\t\t\t<\/div>\n<\/p><\/div>\n<div class=\"row mt-5\">\n<div class=\"col-lg-6 order-2 mt-5 order-lg-1 align-self-center\">\n<div class=\"lc-block\">\n<div editable=\"rich\">\n<h2>Colonnes bo\u00eetes aux lettres et colis<\/h2>\n<p>Le pilier \u00e9l\u00e9gant de la bo\u00eete aux lettres compl\u00e8te le portail en tant qu&rsquo;\u00e9l\u00e9ment invitant. La remise en jeu se fait par l&rsquo;ext\u00e9rieur, le retrait par l&rsquo;int\u00e9rieur.&nbsp; Il peut \u00eatre utilis\u00e9 comme poteau d&rsquo;arr\u00eat pour portillons ou comme poteau d&rsquo;entr\u00e9e pour portails coulissants.<\/p>\n<p>\u00c0 une \u00e9poque de commerce en ligne croissant, la r\u00e9ception de colis simple et fiable devient de plus en plus importante, que vous soyez chez vous ou ailleurs. Nos colonnes de colis peuvent \u00eatre enti\u00e8rement int\u00e9gr\u00e9es lors de la phase de planification ou modernis\u00e9es \u00e0 une date ult\u00e9rieure. Ouverture par clavier \u00e0 code, par cl\u00e9 ou par t\u00e9l\u00e9phone portable \u2013 \u00e0 vous de choisir !&nbsp;<\/p>\n<p><\/p>\n<\/p><\/div>\n<\/p><\/div>\n<p>\t\t\t\t<!-- \/lc-block --><br \/>\n\t\t\t\t<!-- \/lc-block -->\n\t\t\t<\/div>\n<div class=\"col-lg-6 order-1 order-lg-2 align-self-center\">\n<div class=\"lc-block about-img-shape position-relative\"> <img decoding=\"async\" class=\"img-fluid\" src=\"https:\/\/holler-tore.at\/wp-content\/uploads\/2022\/01\/mit-tor-1024x996.jpg\" alt=\"\" width=\"1024\" height=\"996\" srcset=\"https:\/\/holler-tore.at\/wp-content\/uploads\/2022\/01\/mit-tor-1024x996.jpg 1024w, https:\/\/holler-tore.at\/wp-content\/uploads\/2022\/01\/mit-tor-300x292.jpg 300w, https:\/\/holler-tore.at\/wp-content\/uploads\/2022\/01\/mit-tor-768x747.jpg 768w, https:\/\/holler-tore.at\/wp-content\/uploads\/2022\/01\/mit-tor-1536x1494.jpg 1536w, https:\/\/holler-tore.at\/wp-content\/uploads\/2022\/01\/mit-tor.jpg 1737w\" sizes=\"(max-width: 1024px) 100vw, 1024px\">\n\t\t\t\t<\/div>\n<\/p><\/div>\n<\/p><\/div>\n<\/p><\/div>\n<\/section>\n<section class=\" pb-5\">\n<div class=\"container py-5 text-center\">\n<div class=\"row\">\n<div class=\"col-md-8 offset-md-2 px-4\">\n<div class=\"lc-block\">\n\t\t\t\t\t<svg xmlns=\"http:\/\/www.w3.org\/2000\/svg\" viewBox=\"0 0 448 512\" width=\"5em\" height=\"5em\" lc-helper=\"svg-icon\" fill=\"currentColor\" class=\"text-danger\">\n\t\t\t\t\t\t<path d=\"M313.6 304c-28.7 0-42.5 16-89.6 16-47.1 0-60.8-16-89.6-16C60.2 304 0 364.2 0 438.4V464c0 26.5 21.5 48 48 48h352c26.5 0 48-21.5 48-48v-25.6c0-74.2-60.2-134.4-134.4-134.4zM400 464H48v-25.6c0-47.6 38.8-86.4 86.4-86.4 14.6 0 38.3 16 89.6 16 51.7 0 74.9-16 89.6-16 47.6 0 86.4 38.8 86.4 86.4V464zM224 288c79.5 0 144-64.5 144-144S303.5 0 224 0 80 64.5 80 144s64.5 144 144 144zm0-240c52.9 0 96 43.1 96 96s-43.1 96-96 96-96-43.1-96-96 43.1-96 96-96z\"><\/path>\n\t\t\t\t\t<\/svg>\n\t\t\t\t<\/div>\n<div class=\"lc-block mb-4 mt-4\">\n<div editable=\"rich\">\n<h2><strong>NOUS CONTACTER<\/strong><\/h2>\n<\/p><\/div>\n<\/p><\/div>\n<div class=\"lc-block mb-4\">\n<div editable=\"rich\">\n<p>Nous sommes \u00e0 votre disposition. Trouvez le bon interlocuteur pour l&rsquo;Autriche, l&rsquo;Allemagne, la Suisse, la Pologne, l&rsquo;Italie et la France<\/p>\n<\/p><\/div>\n<\/p><\/div>\n<div class=\"lc-block\"><a class=\"btn btn-primary btn-xl js-scroll-trigger\" href=\"https:\/\/holler-tore.at\/fr\/contact\/\" role=\"button\">Contacter maintenant<\/a><\/div>\n<p><!-- \/lc-block -->\n\t\t\t<\/div>\n<\/p><\/div>\n<\/p><\/div>\n<\/section>\n","protected":false},"excerpt":{"rendered":"<p>Fiabilit\u00e9 et s\u00e9curit\u00e9 \u00e0 un niveau \u00e9lev\u00e9. HOLLER&nbsp; PRO Les portails et cl\u00f4tures de la gamme de produits HOLLER PRO [&hellip;]<\/p>\n","protected":false},"author":1,"featured_media":0,"parent":1842,"menu_order":0,"comment_status":"closed","ping_status":"closed","template":"","meta":{"_seopress_robots_primary_cat":"","_seopress_titles_title":"","_seopress_titles_desc":"","_seopress_robots_index":"","footnotes":""},"class_list":["post-1869","page","type-page","status-publish","hentry"],"aioseo_notices":[],"_links":{"self":[{"href":"https:\/\/holler-tore.at\/fr\/wp-json\/wp\/v2\/pages\/1869","targetHints":{"allow":["GET"]}}],"collection":[{"href":"https:\/\/holler-tore.at\/fr\/wp-json\/wp\/v2\/pages"}],"about":[{"href":"https:\/\/holler-tore.at\/fr\/wp-json\/wp\/v2\/types\/page"}],"author":[{"embeddable":true,"href":"https:\/\/holler-tore.at\/fr\/wp-json\/wp\/v2\/users\/1"}],"replies":[{"embeddable":true,"href":"https:\/\/holler-tore.at\/fr\/wp-json\/wp\/v2\/comments?post=1869"}],"version-history":[{"count":9,"href":"https:\/\/holler-tore.at\/fr\/wp-json\/wp\/v2\/pages\/1869\/revisions"}],"predecessor-version":[{"id":10791,"href":"https:\/\/holler-tore.at\/fr\/wp-json\/wp\/v2\/pages\/1869\/revisions\/10791"}],"up":[{"embeddable":true,"href":"https:\/\/holler-tore.at\/fr\/wp-json\/wp\/v2\/pages\/1842"}],"wp:attachment":[{"href":"https:\/\/holler-tore.at\/fr\/wp-json\/wp\/v2\/media?parent=1869"}],"curies":[{"name":"wp","href":"https:\/\/api.w.org\/{rel}","templated":true}]}}