{"id":1864,"date":"2022-01-16T22:55:10","date_gmt":"2022-01-16T21:55:10","guid":{"rendered":"http:\/\/demohollertore.webkop.at\/des-produits\/holler-accueil\/"},"modified":"2024-09-18T14:39:07","modified_gmt":"2024-09-18T12:39:07","slug":"holler-accueil","status":"publish","type":"page","link":"https:\/\/holler-tore.at\/fr\/des-produits\/holler-accueil\/","title":{"rendered":"Holler Home"},"content":{"rendered":"<section>\n<div class=\"d-flex container-fluid\" lc-helper=\"background\" style=\"height:35vh;background:url(https:\/\/holler-tore.at\/wp-content\/uploads\/2022\/01\/lamelle1_1920.jpg) center \/ cover no-repeat;\">\n\t<\/div>\n<div class=\"container p-5 bg-light\" style=\"margin-top:-100px\">\n<div class=\"row\">\n<div class=\"col-md-12 align-self-center\">\n<div class=\"lc-block\">\n<div editable=\"rich\">\n<p>Flexibilit\u00e9 et polyvalence maximales.<\/p>\n<\/p><\/div>\n<\/p><\/div>\n<p><!-- \/lc-block --><\/p>\n<div class=\"lc-block \">\n<div editable=\"rich\">\n<h1 editable=\"inline\" class=\"\">HOLLER&nbsp; <strong class=\"text-danger\">HOME<\/strong><\/h1>\n<\/p><\/div>\n<\/p><\/div>\n<div class=\"lc-block\">\n<div editable=\"rich\">\n<p>Nos produits de la s\u00e9rie HOLLER HOMME sont flexibles dans leur utilisation, diversifi\u00e9s dans leur design et durables au quotidien. Nos portails et cl\u00f4tures \u00e9l\u00e9gants sont adapt\u00e9s aux exigences et aux souhaits des clients du secteur priv\u00e9. Combinez protection des objets et haute valeur d\u00e9corative. Contactez-nous, notre \u00e9quipe se fera un plaisir de vous conseiller.<\/p>\n<\/p><\/div>\n<\/p><\/div>\n<p><!-- \/lc-block --><\/p>\n<div class=\"lc-block\"><a class=\"btn btn-primary btn-xl js-scroll-trigger\" href=\"https:\/\/holler-tore.at\/fr\/contact\/\" role=\"button\">Contacter maintenant<\/a><\/div>\n<p><!-- \/lc-block -->\n\t\t\t<\/div>\n<p><!-- \/col -->\n\t\t<\/div>\n<\/p><\/div>\n<\/section>\n<section class=\"text-dark\">\n<div class=\"container py-5\">\n<div class=\"row mt-5\">\n<div class=\"col-lg-6 align-self-center\">\n<div class=\"lc-block about-img-shape position-relative\"> <img fetchpriority=\"high\" decoding=\"async\" class=\"img-fluid\" src=\"https:\/\/holler-tore.at\/wp-content\/uploads\/2022\/01\/parislo-scaled.jpg\" alt=\"\" width=\"2560\" height=\"1707\" srcset=\"https:\/\/holler-tore.at\/wp-content\/uploads\/2022\/01\/parislo-scaled.jpg 2560w, https:\/\/holler-tore.at\/wp-content\/uploads\/2022\/01\/parislo-300x200.jpg 300w, https:\/\/holler-tore.at\/wp-content\/uploads\/2022\/01\/parislo-1024x683.jpg 1024w, https:\/\/holler-tore.at\/wp-content\/uploads\/2022\/01\/parislo-768x512.jpg 768w, https:\/\/holler-tore.at\/wp-content\/uploads\/2022\/01\/parislo-1536x1024.jpg 1536w, https:\/\/holler-tore.at\/wp-content\/uploads\/2022\/01\/parislo-2048x1365.jpg 2048w\" sizes=\"(max-width: 2560px) 100vw, 2560px\">\n\t\t\t\t<\/div>\n<\/p><\/div>\n<div class=\"col-lg-6 align-self-center mt-5\">\n<div class=\"lc-block\">\n<div editable=\"rich\">\n<h2>Portails coulissants<br \/><\/h2>\n<p class=\"\">Largeur jusqu&rsquo;\u00e0 6 m, hauteur jusqu&rsquo;\u00e0 2 m prot\u00e9gez la maison, la cour et le jardin.<\/p>\n<p class=\"\">Profitez d&rsquo;un traitement de mat\u00e9riaux de haute qualit\u00e9 et choisissez votre design individuel. L\u2019entra\u00eenement et la commande sont install\u00e9s \u00ab de mani\u00e8re invisible \u00bb dans le poteau et sont donc prot\u00e9g\u00e9s de mani\u00e8re optimale contre les effets des intemp\u00e9ries et du vandalisme.<\/p>\n<\/p><\/div>\n<\/p><\/div>\n<p>\t\t\t\t<!-- \/lc-block --><br \/>\n\t\t\t\t<!-- \/lc-block -->\n\t\t\t<\/div>\n<\/p><\/div>\n<div class=\"row mt-5\">\n<div class=\"col-lg-6 order-2 order-lg-1 mt-5 align-self-center\">\n<div class=\"lc-block\">\n<div editable=\"rich\">\n<h2>Portails battants et portillons<br \/><\/h2>\n<p>Lets swing ! Largeur jusqu&rsquo;\u00e0 4,5 m et hauteur jusqu&rsquo;\u00e0 2 m.<\/p>\n<p>Soyez votre propre designer : vous avez le choix entre les t\u00f4les lisses, les barres, les barres rondes, les tapis double barre, les treillis \u00e0 lamelles, le forgeage, l&rsquo;\u00e9clairage LED, la d\u00e9coupe laser, le fraisage, et bien plus encore. Quel que soit votre choix, la stabilit\u00e9, la fiabilit\u00e9 et la s\u00e9curit\u00e9 sont garanties.<\/p>\n<\/p><\/div>\n<\/p><\/div>\n<p>\t\t\t\t<!-- \/lc-block --><br \/>\n\t\t\t\t<!-- \/lc-block -->\n\t\t\t<\/div>\n<div class=\"col-lg-6 order-1 order-lg-2 align-self-center\">\n<div class=\"lc-block about-img-shape position-relative\"> <img decoding=\"async\" class=\"img-fluid\" src=\"https:\/\/holler-tore.at\/wp-content\/uploads\/2022\/01\/20200713_115808-1024x768.jpg\" alt=\"\" width=\"1024\" height=\"768\" srcset=\"https:\/\/holler-tore.at\/wp-content\/uploads\/2022\/01\/20200713_115808-1024x768.jpg 1024w, https:\/\/holler-tore.at\/wp-content\/uploads\/2022\/01\/20200713_115808-300x225.jpg 300w, https:\/\/holler-tore.at\/wp-content\/uploads\/2022\/01\/20200713_115808-768x576.jpg 768w, https:\/\/holler-tore.at\/wp-content\/uploads\/2022\/01\/20200713_115808-1536x1152.jpg 1536w, https:\/\/holler-tore.at\/wp-content\/uploads\/2022\/01\/20200713_115808-2048x1536.jpg 2048w\" sizes=\"(max-width: 1024px) 100vw, 1024px\">\n\t\t\t\t<\/div>\n<\/p><\/div>\n<\/p><\/div>\n<\/p><\/div>\n<\/section>\n<section class=\"bg-dark text-white\">\n<div class=\"container py-5\">\n<div class=\"row mt-5\">\n<div class=\"col-lg-6 align-self-center\">\n<div class=\"lc-block about-img-shape position-relative\"> <img decoding=\"async\" class=\"img-fluid\" src=\"https:\/\/holler-tore.at\/wp-content\/uploads\/2022\/01\/20210625_103306-scaled.jpg\" alt=\"\" width=\"2560\" height=\"1920\" srcset=\"https:\/\/holler-tore.at\/wp-content\/uploads\/2022\/01\/20210625_103306-scaled.jpg 2560w, https:\/\/holler-tore.at\/wp-content\/uploads\/2022\/01\/20210625_103306-300x225.jpg 300w, https:\/\/holler-tore.at\/wp-content\/uploads\/2022\/01\/20210625_103306-1024x768.jpg 1024w, https:\/\/holler-tore.at\/wp-content\/uploads\/2022\/01\/20210625_103306-768x576.jpg 768w, https:\/\/holler-tore.at\/wp-content\/uploads\/2022\/01\/20210625_103306-1536x1152.jpg 1536w, https:\/\/holler-tore.at\/wp-content\/uploads\/2022\/01\/20210625_103306-2048x1536.jpg 2048w\" sizes=\"(max-width: 2560px) 100vw, 2560px\">\n\t\t\t\t<\/div>\n<\/p><\/div>\n<div class=\"col-lg-6 mt-5 align-self-center\">\n<div class=\"lc-block\">\n<div editable=\"rich\">\n<h2>Cl\u00f4tures<br \/><\/h2>\n<p>Protection de la vie priv\u00e9e jusqu&rsquo;\u00e0 une hauteur de 2 m.<br \/>Miami, Hambourg, Amsterdam : nos mod\u00e8les ne portent pas seulement le nom de ces villes cosmopolites, ils impressionnent par leur chic et leur charme comme ces m\u00e9tropoles.<\/p>\n<p>Avec des casquettes oignon, pointues et balle, chaque cl\u00f4ture devient un \u00ab\u00a0le point de mire\u00a0\u00bb.<\/p>\n<\/p><\/div>\n<\/p><\/div>\n<p>\t\t\t\t<!-- \/lc-block --><br \/>\n\t\t\t\t<!-- \/lc-block -->\n\t\t\t<\/div>\n<\/p><\/div>\n<div class=\"row mt-5\">\n<div class=\"col-lg-6 order-2 mt-5 order-lg-1 align-self-center\">\n<div class=\"lc-block\">\n<div editable=\"rich\">\n<h2>Colonnes bo\u00eetes aux lettres et colis<\/h2>\n<p>Le pilier \u00e9l\u00e9gant de la bo\u00eete aux lettres compl\u00e8te le portail en tant qu&rsquo;\u00e9l\u00e9ment invitant. La remise en jeu se fait par l&rsquo;ext\u00e9rieur, le retrait par l&rsquo;int\u00e9rieur. Il peut \u00eatre utilis\u00e9 comme poteau d&rsquo;arr\u00eat pour portillons ou comme poteau d&rsquo;entr\u00e9e pour portails coulissants.&nbsp;&nbsp;<\/p>\n<p>\u00c0 une \u00e9poque de commerce en ligne croissant, la r\u00e9ception de colis simple et fiable devient de plus en plus importante, que vous soyez chez vous ou ailleurs. Nos colonnes colis peuvent \u00eatre enti\u00e8rement int\u00e9gr\u00e9es lors de la phase de planification ou modernis\u00e9es \u00e0 une date ult\u00e9rieure. Ouverture par clavier \u00e0 code, par cl\u00e9 ou par t\u00e9l\u00e9phone portable \u2013 \u00e0 vous de choisir !<\/p>\n<p><\/p>\n<\/p><\/div>\n<\/p><\/div>\n<p>\t\t\t\t<!-- \/lc-block --><br \/>\n\t\t\t\t<!-- \/lc-block -->\n\t\t\t<\/div>\n<div class=\"col-lg-6 order-1 order-lg-2 align-self-center\">\n<div class=\"lc-block about-img-shape position-relative\"> <img loading=\"lazy\" decoding=\"async\" class=\"img-fluid\" src=\"https:\/\/holler-tore.at\/wp-content\/uploads\/2021\/11\/17.png\" alt=\"\" width=\"600\" height=\"500\" srcset=\"https:\/\/holler-tore.at\/wp-content\/uploads\/2021\/11\/17.png 600w, https:\/\/holler-tore.at\/wp-content\/uploads\/2021\/11\/17-300x250.png 300w\" sizes=\"(max-width: 600px) 100vw, 600px\">\n\t\t\t\t<\/div>\n<\/p><\/div>\n<\/p><\/div>\n<\/p><\/div>\n<\/section>\n<section class=\"pt-5 pb-5\">\n<div class=\"container py-5 text-center\">\n<div class=\"row\">\n<div class=\"col-md-8 offset-md-2 px-4\">\n<div class=\"lc-block\">\n\t\t\t\t\t<svg xmlns=\"http:\/\/www.w3.org\/2000\/svg\" viewBox=\"0 0 448 512\" width=\"5em\" height=\"5em\" lc-helper=\"svg-icon\" fill=\"currentColor\" class=\"text-danger\">\n\t\t\t\t\t\t<path d=\"M313.6 304c-28.7 0-42.5 16-89.6 16-47.1 0-60.8-16-89.6-16C60.2 304 0 364.2 0 438.4V464c0 26.5 21.5 48 48 48h352c26.5 0 48-21.5 48-48v-25.6c0-74.2-60.2-134.4-134.4-134.4zM400 464H48v-25.6c0-47.6 38.8-86.4 86.4-86.4 14.6 0 38.3 16 89.6 16 51.7 0 74.9-16 89.6-16 47.6 0 86.4 38.8 86.4 86.4V464zM224 288c79.5 0 144-64.5 144-144S303.5 0 224 0 80 64.5 80 144s64.5 144 144 144zm0-240c52.9 0 96 43.1 96 96s-43.1 96-96 96-96-43.1-96-96 43.1-96 96-96z\"><\/path>\n\t\t\t\t\t<\/svg>\n\t\t\t\t<\/div>\n<div class=\"lc-block mb-4 mt-4\">\n<div editable=\"rich\">\n<h2><strong>NOUS CONTACTER<\/strong><\/h2>\n<\/p><\/div>\n<\/p><\/div>\n<div class=\"lc-block mb-4\">\n<div editable=\"rich\">\n<p>Nous sommes \u00e0 votre disposition. Trouvez le bon interlocuteur pour l&rsquo;Autriche, l&rsquo;Allemagne, la Suisse, la Pologne, l&rsquo;Italie et la France<\/p>\n<\/p><\/div>\n<\/p><\/div>\n<div class=\"lc-block\"><a class=\"btn btn-primary btn-xl js-scroll-trigger\" href=\"https:\/\/holler-tore.at\/fr\/contact\/\" role=\"button\">Contacter maintenant<\/a><\/div>\n<p><!-- \/lc-block -->\n\t\t\t<\/div>\n<\/p><\/div>\n<\/p><\/div>\n<\/section>\n","protected":false},"excerpt":{"rendered":"<p>Flexibilit\u00e9 et polyvalence maximales. HOLLER&nbsp; HOME Nos produits de la s\u00e9rie HOLLER HOMME sont flexibles dans leur utilisation, diversifi\u00e9s dans [&hellip;]<\/p>\n","protected":false},"author":1,"featured_media":0,"parent":1842,"menu_order":0,"comment_status":"closed","ping_status":"closed","template":"","meta":{"_seopress_robots_primary_cat":"","_seopress_titles_title":"","_seopress_titles_desc":"","_seopress_robots_index":"","footnotes":""},"class_list":["post-1864","page","type-page","status-publish","hentry"],"aioseo_notices":[],"_links":{"self":[{"href":"https:\/\/holler-tore.at\/fr\/wp-json\/wp\/v2\/pages\/1864","targetHints":{"allow":["GET"]}}],"collection":[{"href":"https:\/\/holler-tore.at\/fr\/wp-json\/wp\/v2\/pages"}],"about":[{"href":"https:\/\/holler-tore.at\/fr\/wp-json\/wp\/v2\/types\/page"}],"author":[{"embeddable":true,"href":"https:\/\/holler-tore.at\/fr\/wp-json\/wp\/v2\/users\/1"}],"replies":[{"embeddable":true,"href":"https:\/\/holler-tore.at\/fr\/wp-json\/wp\/v2\/comments?post=1864"}],"version-history":[{"count":9,"href":"https:\/\/holler-tore.at\/fr\/wp-json\/wp\/v2\/pages\/1864\/revisions"}],"predecessor-version":[{"id":10793,"href":"https:\/\/holler-tore.at\/fr\/wp-json\/wp\/v2\/pages\/1864\/revisions\/10793"}],"up":[{"embeddable":true,"href":"https:\/\/holler-tore.at\/fr\/wp-json\/wp\/v2\/pages\/1842"}],"wp:attachment":[{"href":"https:\/\/holler-tore.at\/fr\/wp-json\/wp\/v2\/media?parent=1864"}],"curies":[{"name":"wp","href":"https:\/\/api.w.org\/{rel}","templated":true}]}}