{"id":1858,"date":"2022-01-16T22:53:19","date_gmt":"2022-01-16T21:53:19","guid":{"rendered":"http:\/\/demohollertore.webkop.at\/des-produits\/holler-bricolage\/"},"modified":"2024-09-18T14:43:53","modified_gmt":"2024-09-18T12:43:53","slug":"holler-bricolage","status":"publish","type":"page","link":"https:\/\/holler-tore.at\/fr\/des-produits\/holler-bricolage\/","title":{"rendered":"Holler DIY"},"content":{"rendered":"<section>\n<div class=\"d-flex container-fluid\" lc-helper=\"background\" style=\"height:35vh;background:url(https:\/\/holler-tore.at\/wp-content\/uploads\/2022\/01\/latte100-scaled.jpg) center \/ cover no-repeat;\">\n\t<\/div>\n<div class=\"container p-5 bg-light\" style=\"margin-top:-100px\">\n<div class=\"row\">\n<div class=\"col-md-12 align-self-center\">\n<div class=\"lc-block\">\n<div editable=\"rich\">\n<p>&nbsp;Un artisanat de qualit\u00e9 sup\u00e9rieure.<\/p>\n<\/p><\/div>\n<\/p><\/div>\n<p><!-- \/lc-block --><\/p>\n<div class=\"lc-block \">\n<div editable=\"rich\">\n<h1 editable=\"inline\" class=\"\">HOLLER DIY <strong class=\"text-danger\"><\/strong><\/h1>\n<\/p><\/div>\n<\/p><\/div>\n<div class=\"lc-block\">\n<div editable=\"rich\">\n<p> Notre syst\u00e8me (Do It Yourself) modulaire est bas\u00e9 sur des composants standardis\u00e9s qui permettent la construction d&rsquo;innombrables solutions. Adaptez ais\u00e9ment les portails et les cl\u00f4tures aux conditions structurelles et locales existantes et profitez d&rsquo;une installation facile. &#8211; La qualit\u00e9 et la fonctionnalit\u00e9 selon vos besoins et vos d\u00e9sirs sont \u00e0 votre port\u00e9e.<\/p>\n<\/p><\/div>\n<\/p><\/div>\n<p><!-- \/lc-block --><\/p>\n<div class=\"lc-block\"><a class=\"btn btn-primary btn-xl js-scroll-trigger\" href=\"https:\/\/holler-tore.at\/fr\/contact\/\" role=\"button\">Contacter maintenant<\/a><\/div>\n<p><!-- \/lc-block -->\n\t\t\t<\/div>\n<p><!-- \/col -->\n\t\t<\/div>\n<\/p><\/div>\n<\/section>\n<section class=\"text-dark\">\n<div class=\"container py-5\">\n<div class=\"row mt-5\">\n<div class=\"col-lg-6 align-self-center\">\n<div class=\"lc-block about-img-shape position-relative\"> <img fetchpriority=\"high\" decoding=\"async\" class=\"img-fluid\" src=\"https:\/\/holler-tore.at\/wp-content\/uploads\/2022\/01\/GLNW0025-1.jpg\" alt=\"\" width=\"1024\" height=\"768\" srcset=\"https:\/\/holler-tore.at\/wp-content\/uploads\/2022\/01\/GLNW0025-1.jpg 1024w, https:\/\/holler-tore.at\/wp-content\/uploads\/2022\/01\/GLNW0025-1-300x225.jpg 300w, https:\/\/holler-tore.at\/wp-content\/uploads\/2022\/01\/GLNW0025-1-768x576.jpg 768w\" sizes=\"(max-width: 1024px) 100vw, 1024px\">\n\t\t\t\t<\/div>\n<\/p><\/div>\n<div class=\"col-lg-6 align-self-center mt-5\">\n<div class=\"lc-block\">\n<div editable=\"rich\">\n<h2>Portails coulissants<br \/><\/h2>\n<p class=\"\">R\u00e9alisez votre \u00ab\u00a0portail de r\u00eave\u00a0\u00bb et choisissez parmi 4 longueurs diff\u00e9rentes et 6 hauteurs diff\u00e9rentes.<\/p>\n<p class=\"\">Les couleurs anthracite, aluminium blanc ou vert mousse : le rev\u00eatement en poudre (thermolaquage) r\u00e9sistant aux rayures et aux intemp\u00e9ries r\u00e9duit l\u2019effort d\u2019entretien et garantit la beaut\u00e9 du produit pendant de nombreuses ann\u00e9es.<\/p>\n<p class=\"\">Si vous avez besoin d\u2019aide, nos instructions de montage et nos vid\u00e9os vous fourniront les informations n\u00e9cessaires.<\/p>\n<\/p><\/div>\n<\/p><\/div>\n<p>\t\t\t\t<!-- \/lc-block --><br \/>\n\t\t\t\t<!-- \/lc-block -->\n\t\t\t<\/div>\n<\/p><\/div>\n<div class=\"row mt-5\">\n<div class=\"col-lg-6 order-2 order-lg-1 mt-5 align-self-center\">\n<div class=\"lc-block\">\n<div editable=\"rich\">\n<h2>Portails battants et portillons&nbsp;<br \/><\/h2>\n<p>Les portails battants doubles, avec des largeurs de passage optimales, sont disponibles en diff\u00e9rentes dimensions et versions.&nbsp; Choisissez parmi diff\u00e9rents remplissages : fil, t\u00f4le perfor\u00e9e, t\u00f4le lisse, latte et aluminium forg\u00e9. Ils offrent \u00e9galement un confort d\u2019utilisation \u00e9lev\u00e9 : le portail battant peut en effet s\u2019ouvrir et se fermer manuellement ou automatiquement.<\/p>\n<p>Combinez le portail battant et le portillon correspondant pour obtenir une image globale coh\u00e9rente sur les plans technique et visuel.<\/p>\n<\/p><\/div>\n<\/p><\/div>\n<p>\t\t\t\t<!-- \/lc-block --><br \/>\n\t\t\t\t<!-- \/lc-block -->\n\t\t\t<\/div>\n<div class=\"col-lg-6 order-1 order-lg-2 align-self-center\">\n<div class=\"lc-block about-img-shape position-relative\"> <img decoding=\"async\" class=\"img-fluid\" src=\"https:\/\/holler-tore.at\/wp-content\/uploads\/2022\/01\/24-scaled.jpg\" alt=\"\" width=\"2560\" height=\"1920\" srcset=\"https:\/\/holler-tore.at\/wp-content\/uploads\/2022\/01\/24-scaled.jpg 2560w, https:\/\/holler-tore.at\/wp-content\/uploads\/2022\/01\/24-300x225.jpg 300w, https:\/\/holler-tore.at\/wp-content\/uploads\/2022\/01\/24-1024x768.jpg 1024w, https:\/\/holler-tore.at\/wp-content\/uploads\/2022\/01\/24-768x576.jpg 768w, https:\/\/holler-tore.at\/wp-content\/uploads\/2022\/01\/24-1536x1152.jpg 1536w, https:\/\/holler-tore.at\/wp-content\/uploads\/2022\/01\/24-2048x1536.jpg 2048w\" sizes=\"(max-width: 2560px) 100vw, 2560px\">\n\t\t\t\t<\/div>\n<\/p><\/div>\n<\/p><\/div>\n<\/p><\/div>\n<\/section>\n<section class=\"bg-dark text-white mb-5 pb-5\">\n<div class=\"container py-5\">\n<div class=\"row mt-5\">\n<div class=\"col-lg-6 align-self-center\">\n<div class=\"lc-block about-img-shape position-relative\"> <img decoding=\"async\" class=\"img-fluid\" src=\"https:\/\/holler-tore.at\/wp-content\/uploads\/2022\/01\/DIY-Zaunpannel-2-scaled.jpg\" alt=\"\" width=\"2560\" height=\"1707\" srcset=\"https:\/\/holler-tore.at\/wp-content\/uploads\/2022\/01\/DIY-Zaunpannel-2-scaled.jpg 2560w, https:\/\/holler-tore.at\/wp-content\/uploads\/2022\/01\/DIY-Zaunpannel-2-300x200.jpg 300w, https:\/\/holler-tore.at\/wp-content\/uploads\/2022\/01\/DIY-Zaunpannel-2-1024x683.jpg 1024w, https:\/\/holler-tore.at\/wp-content\/uploads\/2022\/01\/DIY-Zaunpannel-2-768x512.jpg 768w, https:\/\/holler-tore.at\/wp-content\/uploads\/2022\/01\/DIY-Zaunpannel-2-1536x1024.jpg 1536w, https:\/\/holler-tore.at\/wp-content\/uploads\/2022\/01\/DIY-Zaunpannel-2-2048x1365.jpg 2048w\" sizes=\"(max-width: 2560px) 100vw, 2560px\">\n\t\t\t\t<\/div>\n<\/p><\/div>\n<div class=\"col-lg-6 mt-5 align-self-center\">\n<div class=\"lc-block\">\n<div editable=\"rich\">\n<h2>Cl\u00f4tures<br \/><\/h2>\n<p>Choisissez la hauteur, la largeur, la couleur et le mod\u00e8le, puis lancez-vous ! L\u2019installation est facile et s\u2019effectue sur des poteaux de tapis \u00e0 double tige standard dans le m\u00eame syst\u00e8me de fixation. <\/p>\n<\/p>\n<\/p>\n<p>Vous b\u00e9n\u00e9ficiez ainsi d&rsquo;une protection fiable et esth\u00e9tiquement attrayante pour votre propri\u00e9t\u00e9. <\/p>\n<\/p><\/div>\n<\/p><\/div>\n<p>\t\t\t\t<!-- \/lc-block --><br \/>\n\t\t\t\t<!-- \/lc-block -->\n\t\t\t<\/div>\n<\/p><\/div>\n<\/p><\/div>\n<\/section>\n<section class=\"pt-5 pb-5\">\n<div class=\"container py-5 text-center\">\n<div class=\"row\">\n<div class=\"col-md-8 offset-md-2 px-4\">\n<div class=\"lc-block\">\n\t\t\t\t\t<svg xmlns=\"http:\/\/www.w3.org\/2000\/svg\" viewBox=\"0 0 448 512\" width=\"5em\" height=\"5em\" lc-helper=\"svg-icon\" fill=\"currentColor\" class=\"text-danger\">\n\t\t\t\t\t\t<path d=\"M313.6 304c-28.7 0-42.5 16-89.6 16-47.1 0-60.8-16-89.6-16C60.2 304 0 364.2 0 438.4V464c0 26.5 21.5 48 48 48h352c26.5 0 48-21.5 48-48v-25.6c0-74.2-60.2-134.4-134.4-134.4zM400 464H48v-25.6c0-47.6 38.8-86.4 86.4-86.4 14.6 0 38.3 16 89.6 16 51.7 0 74.9-16 89.6-16 47.6 0 86.4 38.8 86.4 86.4V464zM224 288c79.5 0 144-64.5 144-144S303.5 0 224 0 80 64.5 80 144s64.5 144 144 144zm0-240c52.9 0 96 43.1 96 96s-43.1 96-96 96-96-43.1-96-96 43.1-96 96-96z\"><\/path>\n\t\t\t\t\t<\/svg>\n\t\t\t\t<\/div>\n<div class=\"lc-block mb-4 mt-4\">\n<div editable=\"rich\">\n<h2><strong>NOUS CONTACTER<\/strong><\/h2>\n<\/p><\/div>\n<\/p><\/div>\n<div class=\"lc-block mb-4\">\n<div editable=\"rich\">\n<p>Nous sommes \u00e0 votre disposition. Trouvez le bon interlocuteur pour l&rsquo;Autriche, l&rsquo;Allemagne, la Suisse, la Pologne, l&rsquo;Italia et la France<\/p>\n<\/p><\/div>\n<\/p><\/div>\n<div class=\"lc-block\"><a class=\"btn btn-primary btn-xl js-scroll-trigger\" href=\"https:\/\/holler-tore.at\/fr\/contact\/\" role=\"button\">Contacter maintenant<\/a><\/div>\n<p><!-- \/lc-block -->\n\t\t\t<\/div>\n<\/p><\/div>\n<\/p><\/div>\n<\/section>\n","protected":false},"excerpt":{"rendered":"<p>&nbsp;Un artisanat de qualit\u00e9 sup\u00e9rieure. HOLLER DIY Notre syst\u00e8me (Do It Yourself) modulaire est bas\u00e9 sur des composants standardis\u00e9s qui [&hellip;]<\/p>\n","protected":false},"author":1,"featured_media":0,"parent":1842,"menu_order":0,"comment_status":"closed","ping_status":"closed","template":"","meta":{"_seopress_robots_primary_cat":"","_seopress_titles_title":"","_seopress_titles_desc":"","_seopress_robots_index":"","footnotes":""},"class_list":["post-1858","page","type-page","status-publish","hentry"],"aioseo_notices":[],"_links":{"self":[{"href":"https:\/\/holler-tore.at\/fr\/wp-json\/wp\/v2\/pages\/1858","targetHints":{"allow":["GET"]}}],"collection":[{"href":"https:\/\/holler-tore.at\/fr\/wp-json\/wp\/v2\/pages"}],"about":[{"href":"https:\/\/holler-tore.at\/fr\/wp-json\/wp\/v2\/types\/page"}],"author":[{"embeddable":true,"href":"https:\/\/holler-tore.at\/fr\/wp-json\/wp\/v2\/users\/1"}],"replies":[{"embeddable":true,"href":"https:\/\/holler-tore.at\/fr\/wp-json\/wp\/v2\/comments?post=1858"}],"version-history":[{"count":11,"href":"https:\/\/holler-tore.at\/fr\/wp-json\/wp\/v2\/pages\/1858\/revisions"}],"predecessor-version":[{"id":10795,"href":"https:\/\/holler-tore.at\/fr\/wp-json\/wp\/v2\/pages\/1858\/revisions\/10795"}],"up":[{"embeddable":true,"href":"https:\/\/holler-tore.at\/fr\/wp-json\/wp\/v2\/pages\/1842"}],"wp:attachment":[{"href":"https:\/\/holler-tore.at\/fr\/wp-json\/wp\/v2\/media?parent=1858"}],"curies":[{"name":"wp","href":"https:\/\/api.w.org\/{rel}","templated":true}]}}