{"id":1842,"date":"2022-01-16T22:49:08","date_gmt":"2022-01-16T21:49:08","guid":{"rendered":"http:\/\/demohollertore.webkop.at\/des-produits\/"},"modified":"2022-01-16T22:49:09","modified_gmt":"2022-01-16T21:49:09","slug":"des-produits","status":"publish","type":"page","link":"https:\/\/holler-tore.at\/fr\/des-produits\/","title":{"rendered":"Des produits"},"content":{"rendered":"<section>\n<div class=\"container\">\n<div class=\"row\">\n<div class=\"col-md-12\">\n<div class=\"lc-block\">\n<div editable=\"rich\">\n<h1>Nos produits<\/h1>\n<\/p><\/div>\n<\/p><\/div>\n<p><!-- \/lc-block -->\n\t\t\t<\/div>\n<p><!-- \/col -->\n\t\t<\/div>\n<\/p><\/div>\n<\/section>\n<section class=\"pt-5 pb-5 bg-dark text-white mb-5\">\n<div class=\"container\">\n<div class=\"row\">\n<div class=\"col-md-12 text-center\">\n<div class=\"lc-block\">\n<h2 editable=\"inline\" class=\"mb-3 font-weight-bold display-4\">Objectifs pour le <span class=\"text-primary\">MONDE<\/span><\/h2>\n<p editable=\"inline\" class=\"\">&nbsp;<br \/>La curiosit\u00e9 et l&rsquo;enthousiasme passionn\u00e9 pour la technologie sont \u00e0 la fois moteur et motivation pour nous. Notre \u00e9quipe d&rsquo;ing\u00e9nieurs d\u00e9veloppe des solutions innovantes \u00e0 la pointe de la technologie et s&rsquo;occupe en m\u00eame temps de l&rsquo;optimisation des produits existants. Le r\u00e9sultat du plus haut niveau de savoir-faire et d&rsquo;une technologie de pointe sont des solutions sur mesure pour un large portefeuille de produits. Adapt\u00e9s aux exigences du march\u00e9 mondial, nos syst\u00e8mes sont utilis\u00e9s aussi bien dans l&rsquo;industrie et le commerce que dans le secteur priv\u00e9.<\/p>\n<\/p><\/div>\n<p>\t\t\t\t<!-- \/lc-block -->\n\t\t\t<\/div>\n<\/p><\/div>\n<div class=\"row mt-5 pt-4 pb-4 no-gutters\">\n<div class=\"col-md-4 text-center card-hover \" data-aos=\"fade-right\" data-aos-delay=\"200\" data-aos-duration=\"1500\">\n\t\t\t\t<a href=\"https:\/\/holler-tore.at\/fr\/des-produits\/holler-pro\/\" class=\"text-white\"><\/p>\n<div class=\"lc-block\">\n\t\t\t\t\t\t<img decoding=\"async\" class=\"img-fluid w-25\" src=\"https:\/\/holler-tore.at\/wp-content\/uploads\/2021\/11\/icon_industry.svg\" width=\"0\" height=\"0\" srcset=\"\" sizes=\"\" alt=\"\">\n\t\t\t\t\t<\/div>\n<p>\t\t\t\t\t<!-- \/lc-block --><\/p>\n<div class=\"lc-block p-4 text-center\">\n<div>\n<h3 class=\"mb-4 text-center\" editable=\"inline\">\n <strong class=\"text-primary \">HOLLERPRO<\/strong><br \/>\n\t\t\t\t\t\t\t<\/h3>\n<\/p><\/div>\n<div editable=\"rich\">\n<p>syst\u00e8mes pour le secteur industriel. Dimensions maximales jusqu&rsquo;\u00e0 50 m de large et 6 m de haut. Solidit\u00e9 et fiabilit\u00e9 pour une utilisation intensive.<\/p>\n<\/p><\/div>\n<\/p><\/div>\n<p><!-- \/lc-block --><br \/>\n\t\t\t\t<\/a>\n\t\t\t<\/div>\n<div class=\"col-md-4 text-center card-hover \" data-aos=\"fade-right\" data-aos-delay=\"500\" data-aos-duration=\"1500\">\n\t\t\t\t<a href=\"https:\/\/holler-tore.at\/fr\/des-produits\/holler-accueil\/\" class=\"text-white\"><\/p>\n<div class=\"lc-block\">\n\t\t\t\t\t\t<img decoding=\"async\" class=\"img-fluid w-25\" src=\"https:\/\/holler-tore.at\/wp-content\/uploads\/2021\/11\/icon_house.svg\" width=\"\" height=\"\" srcset=\"\" sizes=\"\" alt=\"icon_house\">\n\t\t\t\t\t<\/div>\n<p>\t\t\t\t\t<!-- \/lc-block --><\/p>\n<div class=\"lc-block p-4 text-center\">\n<div>\n<h3 class=\"mb-4 text-center\" editable=\"inline\">\n HOLLER <strong class=\"text-primary\">ACCUEIL<\/strong><\/h3>\n<\/p><\/div>\n<div editable=\"rich\">\n<p>Syst\u00e8mes pour le secteur priv\u00e9. Flexibilit\u00e9 maximale et diversit\u00e9 particuli\u00e8re. Intimit\u00e9 garantie avec un effet d\u00e9coratif \u00e9lev\u00e9.<\/p>\n<\/p><\/div>\n<\/p><\/div>\n<p><!-- \/lc-block --><br \/>\n\t\t\t\t<\/a>\n\t\t\t<\/div>\n<div class=\"col-md-4 text-center card-hover \" data-aos=\"fade-right\" data-aos-delay=\"800\" data-aos-duration=\"1500\"><a href=\"https:\/\/holler-tore.at\/fr\/des-produits\/holler-bricolage\/\" class=\"text-white\"><\/p>\n<div class=\"lc-block\">\n\t\t\t\t\t\t<img decoding=\"async\" class=\"img-fluid w-25\" src=\"https:\/\/holler-tore.at\/wp-content\/uploads\/2021\/11\/icon_diy.svg\" width=\"\" height=\"\" srcset=\"\" sizes=\"\" alt=\"icon_diy\">\n\t\t\t\t\t<\/div>\n<p>\t\t\t\t\t<!-- \/lc-block --><\/p>\n<div class=\"lc-block p-4 text-center\">\n<div>\n<h3 class=\"mb-4 text-center\" editable=\"inline\">\n HOLLER <strong class=\"text-primary\">BRICOLAGE<\/strong><\/h3>\n<\/p><\/div>\n<div editable=\"rich\">\n<p>Composants standardis\u00e9s, innombrables combinaisons et montage facile. Pour les installateurs amateurs et les bricoleurs.<\/p>\n<\/p><\/div>\n<\/p><\/div>\n<p><!-- \/lc-block --><br \/>\n\t\t\t\t<\/a><\/div>\n<\/p><\/div>\n<\/p><\/div>\n<\/section>\n","protected":false},"excerpt":{"rendered":"<p>Nos produits Objectifs pour le MONDE &nbsp;La curiosit\u00e9 et l&rsquo;enthousiasme passionn\u00e9 pour la technologie sont \u00e0 la fois moteur et [&hellip;]<\/p>\n","protected":false},"author":1,"featured_media":0,"parent":0,"menu_order":0,"comment_status":"closed","ping_status":"closed","template":"templates\/canvas-template.php","meta":{"_seopress_robots_primary_cat":"","_seopress_titles_title":"","_seopress_titles_desc":"","_seopress_robots_index":"","footnotes":""},"class_list":["post-1842","page","type-page","status-publish","hentry"],"aioseo_notices":[],"_links":{"self":[{"href":"https:\/\/holler-tore.at\/fr\/wp-json\/wp\/v2\/pages\/1842","targetHints":{"allow":["GET"]}}],"collection":[{"href":"https:\/\/holler-tore.at\/fr\/wp-json\/wp\/v2\/pages"}],"about":[{"href":"https:\/\/holler-tore.at\/fr\/wp-json\/wp\/v2\/types\/page"}],"author":[{"embeddable":true,"href":"https:\/\/holler-tore.at\/fr\/wp-json\/wp\/v2\/users\/1"}],"replies":[{"embeddable":true,"href":"https:\/\/holler-tore.at\/fr\/wp-json\/wp\/v2\/comments?post=1842"}],"version-history":[{"count":1,"href":"https:\/\/holler-tore.at\/fr\/wp-json\/wp\/v2\/pages\/1842\/revisions"}],"predecessor-version":[{"id":1843,"href":"https:\/\/holler-tore.at\/fr\/wp-json\/wp\/v2\/pages\/1842\/revisions\/1843"}],"wp:attachment":[{"href":"https:\/\/holler-tore.at\/fr\/wp-json\/wp\/v2\/media?parent=1842"}],"curies":[{"name":"wp","href":"https:\/\/api.w.org\/{rel}","templated":true}]}}