{"id":1830,"date":"2022-01-16T22:37:57","date_gmt":"2022-01-16T21:37:57","guid":{"rendered":"http:\/\/demohollertore.webkop.at\/qualite\/"},"modified":"2024-09-19T08:35:23","modified_gmt":"2024-09-19T06:35:23","slug":"qualite","status":"publish","type":"page","link":"https:\/\/holler-tore.at\/fr\/qualite\/","title":{"rendered":"Qualit\u00e9"},"content":{"rendered":"<section>\n<div class=\"d-flex container-fluid\" style=\"height: 35vh; background: url('https:\/\/holler-tore.at\/wp-content\/uploads\/2022\/01\/Schiebetor-20m-Logistikcenter-01.jpg') center \/ cover no-repeat;\"><\/div>\n<div class=\"container p-5 bg-primary text-white align-self-center\" style=\"margin-top: -100px;\">\n<div class=\"row align-self-center\">\n<div class=\"col-md-12 align-self-center\">\n\t\t\t\t<!-- \/lc-block --><\/p>\n<div class=\"lc-block align-self-center\">\n<div>\n<h2 class=\"font-weight-bold\">Pour nous, la qualit\u00e9 n&rsquo;est pas une vaine promesse.<\/h2>\n<\/p><\/div>\n<\/p><\/div>\n<\/p><\/div>\n<p>\t\t\t<!-- \/col --><\/p><\/div>\n<\/p><\/div>\n<\/section>\n<section class=\"pt-5 pb-5\">\n<div class=\"container\">\n<div class=\"row\">\n<div class=\"col-md-6 align-self-center\">\n<div class=\"lc-block\">\n<div>\n<h2 class=\"text-danger\"><strong>L&rsquo;\u00e9tat de l&rsquo;art<\/strong><\/h2>\n<p>\t\t\t\t\t\tNos produits sont fabriqu\u00e9s exclusivement en Autriche dans l&rsquo;une des usines de portails coulissants les plus modernes d&rsquo;Europe sur une surface de hall d&rsquo;environ 20.000 m2. La fabrication est \u00e0 la pointe de la technologie avec des machines assist\u00e9es par robot dans le cadre de l&rsquo;industrie 4.0 en r\u00e9seau.<\/p>\n<p>\t\t\t\t\t\tLa gamme verticale de fabrication comprend la recherche et le d\u00e9veloppement complets, la planification et la production.<\/p>\n<p>\t\t\t\t\t\tNotre rev\u00eatement en poudre \u00e9lectrostatique est le plus grand d&rsquo;Autriche et l&rsquo;une des installations de traitement de surface les plus respectueuses de l&rsquo;environnement et les plus \u00e9conomiques au monde.<\/p><\/div>\n<\/p><\/div>\n<p>\t\t\t\t<!-- \/lc-block --><\/p><\/div>\n<p>\t\t\t<!-- \/col --><\/p>\n<div class=\"col-md-6 align-self-center\">\n<div class=\"lc-block\"><img fetchpriority=\"high\" decoding=\"async\" class=\"img-fluid\" src=\"https:\/\/holler-tore.at\/wp-content\/uploads\/2022\/01\/halle-scaled.jpg\" sizes=\"(max-width: 2560px) 100vw, 2560px\" srcset=\"https:\/\/holler-tore.at\/wp-content\/uploads\/2022\/01\/halle-scaled.jpg 2560w, https:\/\/holler-tore.at\/wp-content\/uploads\/2022\/01\/halle-300x170.jpg 300w, https:\/\/holler-tore.at\/wp-content\/uploads\/2022\/01\/halle-1024x580.jpg 1024w, https:\/\/holler-tore.at\/wp-content\/uploads\/2022\/01\/halle-768x435.jpg 768w, https:\/\/holler-tore.at\/wp-content\/uploads\/2022\/01\/halle-1536x869.jpg 1536w, https:\/\/holler-tore.at\/wp-content\/uploads\/2022\/01\/halle-2048x1159.jpg 2048w\" alt=\"\" width=\"2560\" height=\"1449\"><\/div>\n<p>\t\t\t\t<!-- \/lc-block --><\/p><\/div>\n<p>\t\t\t<!-- \/col --><\/p><\/div>\n<\/p><\/div>\n<\/section>\n<section class=\"pt-5 pb-5 bg-dark text-light\">\n<div class=\"container\">\n<div class=\"row\">\n<div class=\"col-md-6\">\n<div class=\"lc-block\"><img decoding=\"async\" class=\"img-fluid\" src=\"https:\/\/holler-tore.at\/wp-content\/uploads\/2022\/01\/acetylene-1239328-scaled.jpg\"><\/div>\n<p>\t\t\t\t<!-- \/lc-block --><\/p><\/div>\n<p>\t\t\t<!-- \/col --><\/p>\n<div class=\"col-md-6 align-self-center mt-5\">\n<div class=\"lc-block\">\n<div>\n<h2 class=\"text-danger\"><strong>Unicit\u00e9 et individualit\u00e9<\/strong><\/h2>\n<p>\t\t\t\t\t\tNos syst\u00e8mes uniques en aluminium, soud\u00e9s, viss\u00e9s et clip&amp;colle, sp\u00e9cialement d\u00e9velopp\u00e9s pour les portails et les cl\u00f4tures, garantissent une individualit\u00e9 maximale associ\u00e9e \u00e0 la plus haute qualit\u00e9. Chaque produit qui quitte notre entreprise fait l&rsquo;objet de tests approfondis et est contr\u00f4l\u00e9 minutieusement avant d&rsquo;\u00eatre livr\u00e9.<\/p><\/div>\n<\/p><\/div>\n<p>\t\t\t\t<!-- \/lc-block --><\/p><\/div>\n<p>\t\t\t<!-- \/col --><\/p><\/div>\n<\/p><\/div>\n<\/section>\n<section class=\"pt-5 pb-5\">\n<div class=\"container\">\n<div class=\"row\">\n<div class=\"col-md-6 order-2 order-md-1 align-self-center mt-4\">\n<div class=\"lc-block\">\n<div>\n<h2 class=\"text-danger\"><strong>Mat\u00e9riaux de haute qualit\u00e9<\/strong><\/h2>\n<p>\t\t\t\t\t\tL&rsquo;aluminium, l&rsquo;acier Corten, le verre et l&rsquo;acier inoxydable ne sont que quelques-uns des mat\u00e9riaux \u00e0 partir desquels nos portails et cl\u00f4tures sont fabriqu\u00e9s. Tous les produits des s\u00e9ries HOLLER PRO et HOLLER HOME sont rev\u00eatus d&rsquo;une couche de poudre de haute qualit\u00e9. La plus haute r\u00e9sistance aux intemp\u00e9ries, la facilit\u00e9 d&rsquo;entretien et les surfaces r\u00e9sistantes aux rayures garantissent qualit\u00e9 et beaut\u00e9 pendant de nombreuses ann\u00e9es.<\/p><\/div>\n<\/p><\/div>\n<p>\t\t\t\t<!-- \/lc-block --><\/p><\/div>\n<p>\t\t\t<!-- \/col --><\/p>\n<div class=\"col-md-6 order-1 order-md-2 \">\n<div class=\"lc-block\"><img decoding=\"async\" class=\"img-fluid\" src=\"https:\/\/holler-tore.at\/wp-content\/uploads\/2022\/01\/steel-tube-5528518_1920.jpg\" sizes=\"(max-width: 1920px) 100vw, 1920px\" srcset=\"https:\/\/holler-tore.at\/wp-content\/uploads\/2022\/01\/steel-tube-5528518_1920.jpg 1920w, https:\/\/holler-tore.at\/wp-content\/uploads\/2022\/01\/steel-tube-5528518_1920-300x158.jpg 300w, https:\/\/holler-tore.at\/wp-content\/uploads\/2022\/01\/steel-tube-5528518_1920-1024x540.jpg 1024w, https:\/\/holler-tore.at\/wp-content\/uploads\/2022\/01\/steel-tube-5528518_1920-768x405.jpg 768w, https:\/\/holler-tore.at\/wp-content\/uploads\/2022\/01\/steel-tube-5528518_1920-1536x810.jpg 1536w\" alt=\"\" width=\"1920\" height=\"1013\"><\/div>\n<p>\t\t\t\t<!-- \/lc-block --><\/p><\/div>\n<p>\t\t\t<!-- \/col --><\/p><\/div>\n<\/p><\/div>\n<\/section>\n<section class=\"pt-5 pb-5 bg-dark text-light\">\n<div class=\"container\">\n<div class=\"row\">\n<div class=\"col-md-6\">\n<div class=\"lc-block\"><img decoding=\"async\" class=\"alignnone size-medium wp-image-2674\" src=\"https:\/\/holler-tore.at\/wp-content\/uploads\/2022\/08\/Holler-zertifizierungen-web-300x300.png\" alt=\"\" width=\"300\" height=\"300\" srcset=\"https:\/\/holler-tore.at\/wp-content\/uploads\/2022\/08\/Holler-zertifizierungen-web-300x300.png 300w, https:\/\/holler-tore.at\/wp-content\/uploads\/2022\/08\/Holler-zertifizierungen-web-768x768.png 768w, https:\/\/holler-tore.at\/wp-content\/uploads\/2022\/08\/Holler-zertifizierungen-web.png 1000w\" sizes=\"(max-width: 300px) 100vw, 300px\"><\/div>\n<p>\t\t\t\t<!-- \/lc-block --><\/p><\/div>\n<p>\t\t\t<!-- \/col --><\/p>\n<div class=\"col-md-6 align-self-center\">\n<div class=\"lc-block mt-4\">\n<div>\n<h2 class=\"text-danger\"><strong>Certification et r\u00e9compense<\/strong><\/h2>\n<p>\t\t\t\t\t\tNos produits sont fabriqu\u00e9s selon des normes de qualit\u00e9 strictes et r\u00e9pondent aux exigences des normes ISO 9001, EN 1090 et EN 13241-1. Tous les portails coulissants, portails battants, portails pliants et barri\u00e8res portent le label de qualit\u00e9 HQ. De plus, Holler Tore GmbH est reconnue comme<br \/>\n\t\t\t\t\t\tune entreprise leader en Autriche.<\/p><\/div>\n<\/p><\/div>\n<p>\t\t\t\t<!-- \/lc-block --><\/p><\/div>\n<p>\t\t\t<!-- \/col --><\/p><\/div>\n<\/p><\/div>\n<\/section>\n<section class=\"pt-5 pb-5\">\n<div class=\"container py-5 text-center\">\n<div class=\"row\">\n<div class=\"col-md-8 offset-md-2 px-4\">\n<div class=\"lc-block\"><\/div>\n<div class=\"lc-block mb-4 mt-4\">\n<div>\n<h2><strong>NOUS CONTACTER<\/strong><\/h2>\n<\/p><\/div>\n<\/p><\/div>\n<div class=\"lc-block mb-4\">\n<div>\n<p>\t\t\t\t\t\tNous sommes \u00e0 votre disposition. Trouvez le bon interlocuteur pour l&rsquo;Autriche, l&rsquo;Allemagne, la Suisse, la Pologne et la France<\/p><\/div>\n<\/p><\/div>\n<div class=\"lc-block\"><a class=\"btn btn-primary btn-xl js-scroll-trigger\" role=\"button\" href=\"https:\/\/holler-tore.at\/fr\/contact\/\">Contacter maintenant<\/a><\/div>\n<p>\t\t\t\t<!-- \/lc-block --><\/p><\/div>\n<\/p><\/div>\n<\/p><\/div>\n<\/section>\n","protected":false},"excerpt":{"rendered":"<p>Pour nous, la qualit\u00e9 n&rsquo;est pas une vaine promesse. L&rsquo;\u00e9tat de l&rsquo;art Nos produits sont fabriqu\u00e9s exclusivement en Autriche dans [&hellip;]<\/p>\n","protected":false},"author":1,"featured_media":0,"parent":0,"menu_order":0,"comment_status":"closed","ping_status":"closed","template":"templates\/canvas-template.php","meta":{"_seopress_robots_primary_cat":"","_seopress_titles_title":"","_seopress_titles_desc":"","_seopress_robots_index":"","footnotes":""},"class_list":["post-1830","page","type-page","status-publish","hentry"],"aioseo_notices":[],"_links":{"self":[{"href":"https:\/\/holler-tore.at\/fr\/wp-json\/wp\/v2\/pages\/1830","targetHints":{"allow":["GET"]}}],"collection":[{"href":"https:\/\/holler-tore.at\/fr\/wp-json\/wp\/v2\/pages"}],"about":[{"href":"https:\/\/holler-tore.at\/fr\/wp-json\/wp\/v2\/types\/page"}],"author":[{"embeddable":true,"href":"https:\/\/holler-tore.at\/fr\/wp-json\/wp\/v2\/users\/1"}],"replies":[{"embeddable":true,"href":"https:\/\/holler-tore.at\/fr\/wp-json\/wp\/v2\/comments?post=1830"}],"version-history":[{"count":11,"href":"https:\/\/holler-tore.at\/fr\/wp-json\/wp\/v2\/pages\/1830\/revisions"}],"predecessor-version":[{"id":10805,"href":"https:\/\/holler-tore.at\/fr\/wp-json\/wp\/v2\/pages\/1830\/revisions\/10805"}],"wp:attachment":[{"href":"https:\/\/holler-tore.at\/fr\/wp-json\/wp\/v2\/media?parent=1830"}],"curies":[{"name":"wp","href":"https:\/\/api.w.org\/{rel}","templated":true}]}}