{"id":1826,"date":"2022-01-16T22:36:01","date_gmt":"2022-01-16T21:36:01","guid":{"rendered":"http:\/\/demohollertore.webkop.at\/contact\/"},"modified":"2026-02-20T12:10:29","modified_gmt":"2026-02-20T11:10:29","slug":"contact","status":"publish","type":"page","link":"https:\/\/holler-tore.at\/fr\/contact\/","title":{"rendered":"Contact"},"content":{"rendered":"<section>\n<div class=\"container\">\n<div class=\"row\">\n<div class=\"col-md-12\">\n<div class=\"lc-block\">\n<div editable=\"rich\">\n<h2>Trouvez votre interlocuteur appropri\u00e9 dans votre pays<\/h2>\n<p>Holler Tore est repr\u00e9sent\u00e9 dans plusieurs pays<\/p>\n<\/p><\/div>\n<\/p><\/div>\n<p><!-- \/lc-block -->\n\t\t\t<\/div>\n<p><!-- \/col -->\n\t\t<\/div>\n<\/p><\/div>\n<\/section>\n<section>\n<div class=\"container mt-5 mb-5\">\n<div class=\"row\">\n<div class=\"col-lg-4 col-8 offset-2 offset-lg-2 text-center mt-3 \">\n\t\t\t\t<!-- \/lc-block --><br \/>\n\t\t\t\t<!-- \/lc-block --><br \/>\n\t\t\t\t<!-- \/lc-block -->\n\t\t\t<\/div>\n<div class=\"col-lg-4 col-8 offset-2 offset-lg-0 text-center mt-3 \">\n<div class=\"lc-block\">\n<div class=\"card p-1 p-md-4 mb-4 mb-lg-0\" lc-helper=\"background\" style=\"background:url(https:\/\/images.unsplash.com\/photo-1619124708431-1146aa85c77e?crop=entropy&amp;cs=tinysrgb&amp;fit=crop&amp;fm=jpg&amp;ixid=MnwzNzg0fDB8MXxzZWFyY2h8Nnx8U3dpemVybGFuZHxlbnwwfDB8fHwxNjU2MTU1ODM1&amp;ixlib=rb-1.2.1&amp;q=80&amp;w=1080&amp;h=768)  center \/ cover no-repeat; background-color:#ccc; background-blend-mode: overlay;\">\n<div class=\"card-body\">\n<div class=\"lc-block\"> <img fetchpriority=\"high\" decoding=\"async\" class=\"img-fluid\" src=\"https:\/\/holler-tore.at\/wp-content\/uploads\/2022\/06\/icon_flag_ch_01.png\" width=\"812\" height=\"812\" srcset=\"\" sizes=\"(max-width: 812px) 100vw, 812px\" alt=\"\"><\/div>\n<div class=\"lc-block\">\n<div editable=\"rich\"><\/div>\n<\/p><\/div>\n<div class=\"lc-block\">\n<div editable=\"rich\">\n\t\t\t\t\t\t\t\t\t<a class=\"btn btn-primary\" href=\"https:\/\/holler-tore.at\/fr\/contact\/contactez-nous-en-suisse\/\" role=\"button\">Contacter la Suisse<\/a>\n\t\t\t\t\t\t\t\t<\/div>\n<\/p><\/div>\n<\/p><\/div>\n<\/p><\/div>\n<\/p><\/div>\n<p><!-- \/lc-block -->\n\t\t\t<\/div>\n<\/p><\/div>\n<\/p><\/div>\n<\/section>\n","protected":false},"excerpt":{"rendered":"<p>Trouvez votre interlocuteur appropri\u00e9 dans votre pays Holler Tore est repr\u00e9sent\u00e9 dans plusieurs pays Contacter la Suisse<\/p>\n","protected":false},"author":1,"featured_media":0,"parent":0,"menu_order":0,"comment_status":"closed","ping_status":"closed","template":"","meta":{"_seopress_robots_primary_cat":"","_seopress_titles_title":"","_seopress_titles_desc":"","_seopress_robots_index":"","footnotes":""},"class_list":["post-1826","page","type-page","status-publish","hentry"],"aioseo_notices":[],"_links":{"self":[{"href":"https:\/\/holler-tore.at\/fr\/wp-json\/wp\/v2\/pages\/1826","targetHints":{"allow":["GET"]}}],"collection":[{"href":"https:\/\/holler-tore.at\/fr\/wp-json\/wp\/v2\/pages"}],"about":[{"href":"https:\/\/holler-tore.at\/fr\/wp-json\/wp\/v2\/types\/page"}],"author":[{"embeddable":true,"href":"https:\/\/holler-tore.at\/fr\/wp-json\/wp\/v2\/users\/1"}],"replies":[{"embeddable":true,"href":"https:\/\/holler-tore.at\/fr\/wp-json\/wp\/v2\/comments?post=1826"}],"version-history":[{"count":12,"href":"https:\/\/holler-tore.at\/fr\/wp-json\/wp\/v2\/pages\/1826\/revisions"}],"predecessor-version":[{"id":12615,"href":"https:\/\/holler-tore.at\/fr\/wp-json\/wp\/v2\/pages\/1826\/revisions\/12615"}],"wp:attachment":[{"href":"https:\/\/holler-tore.at\/fr\/wp-json\/wp\/v2\/media?parent=1826"}],"curies":[{"name":"wp","href":"https:\/\/api.w.org\/{rel}","templated":true}]}}