{"id":1823,"date":"2022-01-16T22:35:13","date_gmt":"2022-01-16T21:35:13","guid":{"rendered":"http:\/\/demohollertore.webkop.at\/objectifs-hurlants\/"},"modified":"2026-01-07T07:14:42","modified_gmt":"2026-01-07T06:14:42","slug":"objectifs-hurlants","status":"publish","type":"page","link":"https:\/\/holler-tore.at\/fr\/","title":{"rendered":"Holler Tore"},"content":{"rendered":"<section>\n<header class=\"text-center text-white d-flex header-offset\" style=\"background: linear-gradient(160deg, rgba(255,255,255,0.02) 0%, rgba(255,255,255,0.27) 56%), url(https:\/\/holler-tore.at\/wp-content\/uploads\/2021\/11\/bg_1.jpg) top \/ cover no-repeat;\">\n<div class=\"container pb-5 mt-5 mb-5\" style=\"background: linear-gradient(rgba(255,255,255,0.8), rgba(255,255,255,0.28));\">\n<div class=\"row mt-4 pt-4\">\n<div class=\"col text-left\">\n<h4 class=\"text-left\" data-aos=\"fade\" data-aos-offset=\"0\" data-aos-delay=\"750\" style=\"font-family: Montserrat, sans-serif;font-size: 27px;\"><span class=\"text-dark\">innovant. r\u00e9sistant. s\u00e9curis\u00e9.<\/span><\/h4>\n<h1 class=\"text-uppercase\" data-aos=\"fade\" data-aos-offset=\"0\" data-aos-delay=\"550\" style=\"font-family: Montserrat, sans-serif;font-weight: bold;color: #D8232A;font-size: 65px;\">Holler Tore<\/h1>\n<p data-aos=\"fade-left\" data-aos-duration=\"1000\" data-aos-offset=\"0\" data-aos-delay=\"1000\" style=\"color: rgb(77,77,77);font-family: Montserrat, sans-serif;font-size: 20.4px;\" class=\"text-dark\"><span>Les syst\u00e8mes de portails et de cl\u00f4tures HOLLER proposent des solutions sur mesure de la plus haute qualit\u00e9. Un design esth\u00e9tique, une technologie moderne et une s\u00e9curit\u00e9 maximale dans tous les domaines d&rsquo;application.<\/span><\/p>\n<p data-aos=\"fade-left\" data-aos-duration=\"1000\" data-aos-offset=\"0\" data-aos-delay=\"1200\"><strong class=\"mt-2 text-dark\">Exp\u00e9rience convaincante depuis 30 ans.<\/strong><\/p>\n<\/p><\/div>\n<\/p><\/div>\n<div class=\"row text-left\">\n<div class=\"col-lg-12 col-xl-4 \">\n<div class=\"lc-block\"><a class=\"btn btn-primary btn-xl js-scroll-trigger\" href=\"https:\/\/holler-tore.at\/fr\/contact\/\" role=\"button\">Contacter nous maintenant<\/a><\/div>\n<p><!-- \/lc-block -->\n\t\t\t\t<\/div>\n<div class=\"col-lg-4 col-xl-4\">\n<div class=\"lc-block\"><a class=\"btn btn-primary btn-xl js-scroll-trigger\" href=\"https:\/\/holler-tore.at\/konfiguratoren-uebersicht\/\" role=\"button\">Configurer le portail maintenant<\/a><\/div>\n<p><!-- \/lc-block --><br \/>\n\t\t\t\t\t<!-- \/lc-block -->\n\t\t\t\t<\/div>\n<\/p><\/div>\n<\/p><\/div>\n<\/header>\n<\/section>\n<section class=\"pt-4\">\n<\/section>\n<section class=\"\">\n<div class=\"container \">\n<div class=\"row\">\n<div class=\"col-md-12\">\n<div class=\"lc-block\">\n<div id=\"carouselLogos\" class=\"carousel slide pt-5 pb-4\" data-ride=\"carousel\">\n<div class=\"carousel-inner px-5\">\n<div class=\"carousel-item active\">\n<div class=\"row\">\n<div class=\"col-3 offset-3 col-sm-3 offset-sm-0 col-lg-4 offset-lg-0 align-self-center\">\n\t\t\t\t\t\t\t\t\t<\/div>\n<div class=\"col-6 offset-3 col-sm-6 offset-sm-0 col-lg-4 offset-lg-0 align-self-center\">\n\t\t\t\t\t\t\t\t\t\t<a href=\"https:\/\/holler-tore.at\/unternehmen\/\"><img decoding=\"async\" class=\"d-block w-100 px-3 mb-3\" src=\"https:\/\/holler-tore.at\/wp-content\/uploads\/2022\/01\/efre_logo.webp\" alt=\"holler-tore-leibnitz-zertifikat\" width=\"100%\" height=\"100%\" srcset=\"https:\/\/holler-tore.at\/wp-content\/uploads\/2022\/01\/efre_logo.webp 500w, https:\/\/holler-tore.at\/wp-content\/uploads\/2022\/01\/efre_logo.webp 300w, https:\/\/holler-tore.at\/wp-content\/uploads\/2022\/01\/efre_logo.webp 150w\" sizes=\"\" loading=\"eager\"><\/a>\n\t\t\t\t\t\t\t\t\t<\/div>\n<div class=\"col-3 offset-3 col-sm-3 offset-sm-0 col-lg-4 offset-lg-0 align-self-center\">\n\t\t\t\t\t\t\t\t\t<\/div>\n<\/p><\/div>\n<\/p><\/div>\n<div class=\"carousel-item \">\n<div class=\"row\">\n<div class=\"col-6 offset-3 col-sm-4 offset-sm-0 col-lg-2 offset-lg-3  align-self-center\">\n\t\t\t\t\t\t\t\t\t\t<img decoding=\"async\" class=\"d-block w-100 px-3 mb-3\" src=\"https:\/\/holler-tore.at\/wp-content\/uploads\/2022\/01\/certificate_5.webp\" alt=\"holler-tore-t\u00fcv-leibnitz\" width=\"100%\" height=\"100%\" srcset=\"https:\/\/holler-tore.at\/wp-content\/uploads\/2022\/01\/certificate_5.webp 500w, https:\/\/holler-tore.at\/wp-content\/uploads\/2022\/01\/certificate_2-300x300.webp 300w, https:\/\/holler-tore.at\/wp-content\/uploads\/2022\/01\/certificate_5-150x150.webp 150w\" sizes=\"auto, \" loading=\"lazy\">\n\t\t\t\t\t\t\t\t\t<\/div>\n<div class=\"col-6 offset-3 col-sm-4 offset-sm-0  col-lg-2 offset-lg-0  align-self-center\">\n\t\t\t\t\t\t\t\t\t\t<img decoding=\"async\" class=\"d-block w-100 px-3 mb-3\" src=\"https:\/\/holler-tore.at\/wp-content\/uploads\/2022\/01\/certificate_3.webp\" alt=\"holler-tore-leibnitz-t\u00fcv\" width=\"100%\" height=\"100%\" srcset=\"https:\/\/holler-tore.at\/wp-content\/uploads\/2022\/01\/certificate_3.webp 500w, https:\/\/holler-tore.at\/wp-content\/uploads\/2022\/01\/certificate_6-300x300.webp 300w, https:\/\/holler-tore.at\/wp-content\/uploads\/2022\/01\/certificate_3-150x150.webp 150w\" sizes=\"auto, \" loading=\"lazy\">\n\t\t\t\t\t\t\t\t\t<\/div>\n<div class=\"col-6 offset-3 col-sm-4 offset-sm-0 col-lg-2 offset-lg-0 align-self-center\">\n\t\t\t\t\t\t\t\t\t\t<img decoding=\"async\" class=\"d-block w-100 px-3 mb-3\" src=\"https:\/\/holler-tore.at\/wp-content\/uploads\/2022\/01\/certificate_9.webp\" alt=\"holler-tore-zertifizierung\" width=\"100%\" height=\"100%\" srcset=\"https:\/\/holler-tore.at\/wp-content\/uploads\/2022\/01\/certificate_9.webp 500w, https:\/\/holler-tore.at\/wp-content\/uploads\/2022\/01\/certificate_9-300x300.webp 300w, https:\/\/holler-tore.at\/wp-content\/uploads\/2022\/01\/certificate_9-150x150.webp 150w\" sizes=\"auto, \" loading=\"lazy\">\n\t\t\t\t\t\t\t\t\t<\/div>\n<div class=\"col-6 offset-3 col-sm-4 offset-sm-0 col-lg-2 offset-lg-0 align-self-center\">\n\t\t\t\t\t\t\t\t\t\t<img decoding=\"async\" class=\"d-block w-100 px-3 mb-3\" src=\"https:\/\/holler-tore.at\/wp-content\/uploads\/2022\/01\/certificate_9.webp\" alt=\"holler-tore-leibnitz-zertifikat\" width=\"100%\" height=\"100%\" srcset=\"https:\/\/holler-tore.at\/wp-content\/uploads\/2022\/01\/certificate_9.webp 500w, https:\/\/holler-tore.at\/wp-content\/uploads\/2022\/01\/certificate_9-300x300.webp 300w, https:\/\/holler-tore.at\/wp-content\/uploads\/2022\/01\/certificate_9-150x150.webp 150w\" sizes=\"auto, \" loading=\"lazy\">\n\t\t\t\t\t\t\t\t\t<\/div>\n<\/p><\/div>\n<\/p><\/div>\n<\/p><\/div>\n<\/p><\/div>\n<\/p><\/div>\n<\/p><\/div>\n<\/p><\/div>\n<\/p><\/div>\n<\/section>\n<section style=\"background:url(#) center \/ cover no-repeat;\" class=\"pt-5 pb-5 bg-dark text-white\">\n<div class=\"container\">\n<div class=\"row\">\n<div class=\"col-md-12 text-center\">\n<div class=\"lc-block\">\n<h2 editable=\"inline\" class=\"mb-3 font-weight-bold display-4\">Portails pour le <span class=\"text-primary\">MONDE<\/span><\/h2>\n<p editable=\"inline\" class=\"\">&nbsp; &nbsp;La curiosit\u00e9 et l&rsquo;enthousiasme passionn\u00e9 pour la technologie sont \u00e0 la fois un moteur et une source de motivation pour nous. Notre \u00e9quipe d&rsquo;ing\u00e9nieurs d\u00e9veloppe des solutions innovantes \u00e0 la pointe de la technologie tout en optimisant les produits existants.&nbsp; Le r\u00e9sultat de ce savoir-faire \u00e9lev\u00e9 et de cette technologie moderne se pr\u00e9sente sous la forme de solutions sur mesure pour une large gamme de produits. Adapt\u00e9s aux exigences du march\u00e9 mondial, nos syst\u00e8mes sont utilis\u00e9s dans l&rsquo;industrie et le commerce, mais aussi dans le secteur priv\u00e9.&nbsp; &nbsp; &nbsp;<\/p>\n<\/p><\/div>\n<p>\t\t\t\t<!-- \/lc-block -->\n\t\t\t<\/div>\n<\/p><\/div>\n<div class=\"row mt-5 pt-4 pb-4 no-gutters\">\n<div class=\"col-md-4 text-center card-hover \" data-aos=\"fade-right\" data-aos-delay=\"200\" data-aos-duration=\"1500\"><a href=\"https:\/\/holler-tore.at\/fr\/des-produits\/holler-pro\/\" class=\"text-white\"><\/p>\n<div class=\"lc-block\">\n\t\t\t\t\t\t<img decoding=\"async\" class=\"img-fluid w-25\" src=\"https:\/\/holler-tore.at\/wp-content\/uploads\/2021\/11\/icon_industry.svg\" width=\"0\" height=\"0\" srcset=\"\" sizes=\"\" alt=\"\">\n\t\t\t\t\t<\/div>\n<p>\t\t\t\t\t<!-- \/lc-block --><\/p>\n<div class=\"lc-block p-4 text-center\">\n<div>\n<h3 class=\"mb-4 text-center\" editable=\"inline\">\n\t\t\t\t\t\t\t\tHOLLER <strong class=\"text-primary \">PRO<\/strong><br \/>\n\t\t\t\t\t\t\t<\/h3>\n<\/p><\/div>\n<div editable=\"rich\">\n<p>Syst\u00e8mes pour le secteur industriel. Dimensions maximales jusqu&rsquo;\u00e0 50 m de large et 6 m de haut. Solidit\u00e9 et fiabilit\u00e9 pour une utilisation intensive.<\/p>\n<\/p><\/div>\n<\/p><\/div>\n<p><!-- \/lc-block --><br \/>\n\t\t\t\t<\/a><\/div>\n<div class=\"col-md-4 text-center card-hover \" data-aos=\"fade-right\" data-aos-delay=\"500\" data-aos-duration=\"1500\"><a href=\"https:\/\/holler-tore.at\/fr\/des-produits\/holler-home\/\" class=\"text-white\"><\/p>\n<div class=\"lc-block\">\n\t\t\t\t\t\t<img decoding=\"async\" class=\"img-fluid w-25\" src=\"https:\/\/holler-tore.at\/wp-content\/uploads\/2021\/11\/icon_house.svg\" width=\"\" height=\"\" srcset=\"\" sizes=\"\" alt=\"icon_house\">\n\t\t\t\t\t<\/div>\n<p>\t\t\t\t\t<!-- \/lc-block --><\/p>\n<div class=\"lc-block p-4 text-center\">\n<div>\n<h3 class=\"mb-4 text-center\" editable=\"inline\">\n\t\t\t\t\t\t\t\tHOLLER <strong class=\"text-primary\">HOME<\/strong><\/h3>\n<\/p><\/div>\n<div editable=\"rich\">\n<p>Syst\u00e8mes pour le secteur priv\u00e9. Flexibilit\u00e9 maximale et diversit\u00e9 particuli\u00e8re. Intimit\u00e9 garantie avec un effet d\u00e9coratif \u00e9lev\u00e9.<\/p>\n<\/p><\/div>\n<\/p><\/div>\n<p><!-- \/lc-block --><br \/>\n\t\t\t\t<\/a><\/div>\n<div class=\"col-md-4 text-center card-hover \" data-aos=\"fade-right\" data-aos-delay=\"800\" data-aos-duration=\"1500\"><a href=\"https:\/\/holler-tore.at\/fr\/des-produits\/holler-diy\/\" class=\"text-white\"><\/p>\n<div class=\"lc-block\">\n\t\t\t\t\t\t<img decoding=\"async\" class=\"img-fluid w-25\" src=\"https:\/\/holler-tore.at\/wp-content\/uploads\/2021\/11\/icon_diy.svg\" width=\"\" height=\"\" srcset=\"\" sizes=\"\" alt=\"icon_diy\">\n\t\t\t\t\t<\/div>\n<p>\t\t\t\t\t<!-- \/lc-block --><\/p>\n<div class=\"lc-block p-4 text-center\">\n<div>\n<h3 class=\"mb-4 text-center\" editable=\"inline\">\n\t\t\t\t\t\t\t\tHOLLER <strong class=\"text-primary\">DIY<\/strong><\/h3>\n<\/p><\/div>\n<div editable=\"rich\">\n<p>Composants standardis\u00e9s, innombrables combinaisons et montage facile. Pour les installateurs n\u00e9ophytes et les amateurs du Do It Yourself.<\/p>\n<\/p><\/div>\n<\/p><\/div>\n<p><!-- \/lc-block --><br \/>\n\t\t\t\t<\/a><\/div>\n<\/p><\/div>\n<\/p><\/div>\n<\/section>\n<section id=\"portfolio\" class=\"p-0 pb-5 text-dark\" style=\"\" data-aos=\"fade-down\" data-aos-delay=\"500\" data-aos-duration=\"1000\">\n<div class=\"container\">\n<div class=\"row\">\n<div class=\"col-md-6 col-12 offset-0 offset-md-0 align-self-center\">\n<div class=\"lc-block\">\n\t\t\t\t\t<img fetchpriority=\"high\" decoding=\"async\" class=\"img-fluid\" src=\"https:\/\/holler-tore.at\/wp-content\/uploads\/2022\/01\/Schiebetor-20m-Logistikcenter-01.jpg\" width=\"1920\" height=\"1440\" srcset=\"https:\/\/holler-tore.at\/wp-content\/uploads\/2022\/01\/Schiebetor-20m-Logistikcenter-01.jpg 1920w, https:\/\/holler-tore.at\/wp-content\/uploads\/2022\/01\/Schiebetor-20m-Logistikcenter-01-300x225.jpg 300w, https:\/\/holler-tore.at\/wp-content\/uploads\/2022\/01\/Schiebetor-20m-Logistikcenter-01-1024x768.jpg 1024w, https:\/\/holler-tore.at\/wp-content\/uploads\/2022\/01\/Schiebetor-20m-Logistikcenter-01-768x576.jpg 768w, https:\/\/holler-tore.at\/wp-content\/uploads\/2022\/01\/Schiebetor-20m-Logistikcenter-01-1536x1152.jpg 1536w\" sizes=\"(max-width: 1920px) 100vw, 1920px\" alt=\"\">\n\t\t\t\t<\/div>\n<p><!-- \/lc-block -->\n\t\t\t<\/div>\n<p><!-- \/col --><\/p>\n<div class=\"col-md-6 align-self-center mt-5\">\n<div class=\"lc-block \">\n<div editable=\"rich\">\n<p>Fiabilit\u00e9 et s\u00e9curit\u00e9 de haut niveau.<\/p>\n<\/p><\/div>\n<\/p><\/div>\n<p><!-- \/lc-block --><\/p>\n<div class=\"lc-block\">\n<div editable=\"rich\">\n<h2>HOLLER <strong class=\"text-primary\">PRO<\/strong><\/h2>\n<\/p><\/div>\n<\/p><\/div>\n<div class=\"lc-block text-justify pt-3\">\n<div editable=\"rich\">\n<p>Puissance, r\u00e9sistance, robustesse et durabilit\u00e9 caract\u00e9risent cette gamme de produits.<\/p>\n<p>Nos produits sont le r\u00e9sultat de nombreuses ann\u00e9es d&rsquo;exp\u00e9rience et d&rsquo;un d\u00e9veloppement permanent. Chacun d&rsquo;entre eux refl\u00e8te notre r\u00e9flexion sur la qualit\u00e9, notre passion et notre cr\u00e9ativit\u00e9. Pour que nous soyons supr\u00eames &#8211; Pour garantir <strong>la qualit\u00e9<\/strong>, nous nous appuyons sur des mat\u00e9riaux de premi\u00e8re classe et sur des employ\u00e9s dot\u00e9s d&rsquo;excellentes connaissances sp\u00e9cialis\u00e9es. Ce n&rsquo;est que si le produit final r\u00e9pond \u00e0 nos exigences \u00e9lev\u00e9es qu&rsquo;il porte <strong>la marque HOLLER<\/strong> et donc notre label de qualit\u00e9<\/p>\n<\/p><\/div>\n<\/p><\/div>\n<p><!-- \/lc-block --><\/p>\n<div class=\"lc-block\"><a class=\"btn btn-primary btn-xl js-scroll-trigger\" href=\"https:\/\/holler-tore.at\/fr\/des-produits\/holler-pro\/\" role=\"button\">En savoir plus sur HOLLER PRO<\/a><\/div>\n<p><!-- \/lc-block -->\n\t\t\t<\/div>\n<p><!-- \/col -->\n\t\t<\/div>\n<\/p><\/div>\n<\/section>\n<section id=\"portfolio\" class=\"p-0 pt-5 pb-5 bg-dark text-white\" data-aos=\"fade-down\" data-aos-delay=\"500\" data-aos-duration=\"1000\">\n<div class=\"container\">\n<div class=\"row\">\n<div class=\"col-md-6 align-self-center mt-5 order-2 order-md-1\">\n<div class=\"lc-block \">\n<div editable=\"rich\">\n<p>Flexibilit\u00e9 et polyvalence maximales.<\/p>\n<\/p><\/div>\n<\/p><\/div>\n<p><!-- \/lc-block --><\/p>\n<div class=\"lc-block\">\n<div editable=\"rich\">\n<h2>HOLLER <strong class=\"text-primary\">HOME<\/strong><\/h2>\n<\/p><\/div>\n<\/p><\/div>\n<div class=\"lc-block text-justify pt-3\">\n<div editable=\"rich\">\n<p>Notre technologie de profil, sp\u00e9cialement d\u00e9velopp\u00e9e pour les portails et les cl\u00f4tures, permet de proposer des solutions sur mesure et cr\u00e9atives pour un large \u00e9ventail d&rsquo;applications. <\/p>\n<p>L&rsquo;aluminium, l&rsquo;acier Corten, le verre et l&rsquo;acier inoxydable ne sont que quelques-uns des mat\u00e9riaux \u00e0 partir desquels nos portails et cl\u00f4tures sont fabriqu\u00e9s. Tous les produits sont pourvus d&rsquo;un rev\u00eatement en poudre de haute qualit\u00e9. La r\u00e9sistance \u00e9lev\u00e9e aux intemp\u00e9ries, l&rsquo;entretien facile et les surfaces r\u00e9sistantes aux rayures garantissent une qualit\u00e9 et une belle apparence durable.<\/p>\n<\/p><\/div>\n<\/p><\/div>\n<p><!-- \/lc-block --><\/p>\n<div class=\"lc-block\">\n\t\t\t\t\t<a class=\"btn btn-primary btn-xl js-scroll-trigger\" href=\"https:\/\/holler-tore.at\/fr\/des-produits\/holler-home\/\" role=\"button\">En savoir plus sur HOLLER HOME<\/a>\n\t\t\t\t<\/div>\n<p><!-- \/lc-block -->\n\t\t\t<\/div>\n<p><!-- \/col --><\/p>\n<div class=\"col-md-6 col-12 offset-0 offset-md-0 order-1 order-md-2 align-self-center\">\n<div class=\"lc-block\">\n\t\t\t\t\t<img decoding=\"async\" class=\"img-fluid\" src=\"https:\/\/holler-tore.at\/wp-content\/uploads\/2022\/01\/DSC_3614-1024x683.jpg\" width=\"1024\" height=\"683\" srcset=\"https:\/\/holler-tore.at\/wp-content\/uploads\/2022\/01\/DSC_3614-1024x683.jpg 1024w, https:\/\/holler-tore.at\/wp-content\/uploads\/2022\/01\/DSC_3614-300x200.jpg 300w, https:\/\/holler-tore.at\/wp-content\/uploads\/2022\/01\/DSC_3614-768x512.jpg 768w, https:\/\/holler-tore.at\/wp-content\/uploads\/2022\/01\/DSC_3614-1536x1024.jpg 1536w, https:\/\/holler-tore.at\/wp-content\/uploads\/2022\/01\/DSC_3614-2048x1365.jpg 2048w\" sizes=\"(max-width: 1024px) 100vw, 1024px\" alt=\"\">\n\t\t\t\t<\/div>\n<p><!-- \/lc-block -->\n\t\t\t<\/div>\n<p><!-- \/col -->\n\t\t<\/div>\n<\/p><\/div>\n<\/section>\n<section id=\"portfolio\" class=\"p-0 pt-5 pb-5 text-dark\" data-aos=\"fade-down\" data-aos-delay=\"500\" data-aos-duration=\"1000\">\n<div class=\"container\">\n<div class=\"row\">\n<div class=\"col-md-6 col-12 offset-0 offset-md-0 align-self-center\">\n<div class=\"lc-block\">\n\t\t\t\t\t<img loading=\"lazy\" decoding=\"async\" class=\"w-100 img-fluid\" src=\"https:\/\/holler-tore.at\/wp-content\/uploads\/2022\/01\/Kopmplete-0-helle-1024x768.jpg\" width=\"1024\" height=\"768\" srcset=\"https:\/\/holler-tore.at\/wp-content\/uploads\/2022\/01\/Kopmplete-0-helle-1024x768.jpg 1024w, https:\/\/holler-tore.at\/wp-content\/uploads\/2022\/01\/Kopmplete-0-helle-300x225.jpg 300w, https:\/\/holler-tore.at\/wp-content\/uploads\/2022\/01\/Kopmplete-0-helle-768x576.jpg 768w, https:\/\/holler-tore.at\/wp-content\/uploads\/2022\/01\/Kopmplete-0-helle-1536x1152.jpg 1536w, https:\/\/holler-tore.at\/wp-content\/uploads\/2022\/01\/Kopmplete-0-helle-2048x1536.jpg 2048w\" sizes=\"(max-width: 1024px) 100vw, 1024px\" alt=\"\">\n\t\t\t\t<\/div>\n<p><!-- \/lc-block -->\n\t\t\t<\/div>\n<p><!-- \/col --><\/p>\n<div class=\"col-md-6 align-self-center mt-5\">\n<div class=\"lc-block \">\n<div editable=\"rich\">\n<p>Un artisanat de qualit\u00e9 sup\u00e9rieure.<\/p>\n<\/p><\/div>\n<\/p><\/div>\n<p><!-- \/lc-block --><\/p>\n<div class=\"lc-block\">\n<div editable=\"rich\">\n<h2 class=\"\">HOLLER <strong class=\"text-primary\">DIY<\/strong><\/h2>\n<\/p><\/div>\n<\/p><\/div>\n<div class=\"lc-block text-justify pt-3\">\n<div editable=\"rich\">\n<p>Les composants standardis\u00e9s permettent un assemblage facile sans outils sp\u00e9ciaux. Tous les trous sont pr\u00e9par\u00e9s avec le mat\u00e9riel de fixation n\u00e9cessaire.<\/p>\n<p>La liste des avantages est longue : surfaces lisses en aluminium poudr\u00e9, faible poids, grand choix de remplissages, actionnement manuel avec serrure et cl\u00e9, automatisation avec entra\u00eenement et t\u00e9l\u00e9commande, charni\u00e8res r\u00e9glables, mod\u00e8les de cl\u00f4tures du classique \u00e0 l&rsquo;extravagant et bien plus encore.<\/p>\n<\/p><\/div>\n<\/p><\/div>\n<p><!-- \/lc-block --><\/p>\n<div class=\"lc-block\">\n\t\t\t\t\t<a class=\"btn btn-primary btn-xl js-scroll-trigger\" href=\"https:\/\/holler-tore.at\/fr\/des-produits\/holler-diy\/\" role=\"button\">En savoir plus sur HOLLER DIY<\/a>\n\t\t\t\t<\/div>\n<p><!-- \/lc-block -->\n\t\t\t<\/div>\n<p><!-- \/col -->\n\t\t<\/div>\n<\/p><\/div>\n<\/section>\n<section id=\"portfolio\" class=\"text-dark bg-light\">\n<div class=\"container py-5 text-center\">\n<div class=\"row\">\n<div class=\"col-md-8 offset-md-2 px-4\">\n<div class=\"lc-block\">\n\t\t\t\t\t<svg xmlns=\"http:\/\/www.w3.org\/2000\/svg\" viewBox=\"0 0 448 512\" width=\"5em\" height=\"5em\" lc-helper=\"svg-icon\" fill=\"currentColor\" class=\"text-danger\">\n\t\t\t\t\t\t<path d=\"M313.6 304c-28.7 0-42.5 16-89.6 16-47.1 0-60.8-16-89.6-16C60.2 304 0 364.2 0 438.4V464c0 26.5 21.5 48 48 48h352c26.5 0 48-21.5 48-48v-25.6c0-74.2-60.2-134.4-134.4-134.4zM400 464H48v-25.6c0-47.6 38.8-86.4 86.4-86.4 14.6 0 38.3 16 89.6 16 51.7 0 74.9-16 89.6-16 47.6 0 86.4 38.8 86.4 86.4V464zM224 288c79.5 0 144-64.5 144-144S303.5 0 224 0 80 64.5 80 144s64.5 144 144 144zm0-240c52.9 0 96 43.1 96 96s-43.1 96-96 96-96-43.1-96-96 43.1-96 96-96z\"><\/path>\n\t\t\t\t\t<\/svg>\n\t\t\t\t<\/div>\n<div class=\"lc-block mb-4 mt-4\">\n<div editable=\"rich\">\n<h2><strong>NOUS CONTACTER<\/strong><\/h2>\n<\/p><\/div>\n<\/p><\/div>\n<div class=\"lc-block mb-4\">\n<div editable=\"rich\">\n<p>Nous sommes \u00e0 votre disposition. Trouvez le bon interlocuteur pour l&rsquo;Autriche, l&rsquo;Allemagne, la Suisse, la Pologne et la France<\/p>\n<\/p><\/div>\n<\/p><\/div>\n<div class=\"lc-block\"><a class=\"btn btn-primary btn-xl js-scroll-trigger\" href=\"https:\/\/holler-tore.at\/fr\/contact\/\" role=\"button\">Contacter maintenant<\/a><\/div>\n<p><!-- \/lc-block -->\n\t\t\t<\/div>\n<\/p><\/div>\n<\/p><\/div>\n<\/section>\n","protected":false},"excerpt":{"rendered":"<p>innovant. r\u00e9sistant. s\u00e9curis\u00e9. Holler Tore Les syst\u00e8mes de portails et de cl\u00f4tures HOLLER proposent des solutions sur mesure de la [&hellip;]<\/p>\n","protected":false},"author":1,"featured_media":0,"parent":0,"menu_order":0,"comment_status":"closed","ping_status":"closed","template":"","meta":{"_seopress_robots_primary_cat":"","_seopress_titles_title":"","_seopress_titles_desc":"","_seopress_robots_index":"","footnotes":""},"class_list":["post-1823","page","type-page","status-publish","hentry"],"aioseo_notices":[],"_links":{"self":[{"href":"https:\/\/holler-tore.at\/fr\/wp-json\/wp\/v2\/pages\/1823","targetHints":{"allow":["GET"]}}],"collection":[{"href":"https:\/\/holler-tore.at\/fr\/wp-json\/wp\/v2\/pages"}],"about":[{"href":"https:\/\/holler-tore.at\/fr\/wp-json\/wp\/v2\/types\/page"}],"author":[{"embeddable":true,"href":"https:\/\/holler-tore.at\/fr\/wp-json\/wp\/v2\/users\/1"}],"replies":[{"embeddable":true,"href":"https:\/\/holler-tore.at\/fr\/wp-json\/wp\/v2\/comments?post=1823"}],"version-history":[{"count":26,"href":"https:\/\/holler-tore.at\/fr\/wp-json\/wp\/v2\/pages\/1823\/revisions"}],"predecessor-version":[{"id":12423,"href":"https:\/\/holler-tore.at\/fr\/wp-json\/wp\/v2\/pages\/1823\/revisions\/12423"}],"wp:attachment":[{"href":"https:\/\/holler-tore.at\/fr\/wp-json\/wp\/v2\/media?parent=1823"}],"curies":[{"name":"wp","href":"https:\/\/api.w.org\/{rel}","templated":true}]}}