{"id":12725,"date":"2026-03-24T11:45:26","date_gmt":"2026-03-24T10:45:26","guid":{"rendered":"https:\/\/holler-tore.at\/?page_id=12725"},"modified":"2026-03-26T16:41:02","modified_gmt":"2026-03-26T15:41:02","slug":"mentions-legales","status":"publish","type":"page","link":"https:\/\/holler-tore.at\/fr\/mentions-legales\/","title":{"rendered":"Mentions l\u00e9gales"},"content":{"rendered":"<p>Holler Tore GmbH [Rue] Schlossallee 4<br \/>8435 Wagna (Autriche)<br \/>Registre du commerce : FN273649a<br \/>Tribunal d&rsquo;enregistrement : Tribunal r\u00e9gional de Graz (affaires civiles)<br \/><strong>Repr\u00e9sent\u00e9e par :<\/strong><br \/>Ewald Holler<\/p>\n<p><strong>Contact<\/strong><br \/>T\u00e9l\u00e9phone : +43 3452 86031 &#8211; 0 E-mail : mail@holler-tore.at<br \/>Num\u00e9ro d&rsquo;identification TVA<br \/>Num\u00e9ro d&rsquo;identification TVA conform\u00e9ment \u00e0 l&rsquo;article 27 a de la loi sur la TVA : ATU32422649<\/p>\n<p><strong>Autorit\u00e9 de contr\u00f4le<\/strong><br \/>Sous-pr\u00e9fecture de Leibnitz, Kada-Gasse 12<br \/>8430 Leibnitz Autriche<\/p>\n<p><a href=\"https:\/\/www.bh-leibnitz.steiermark.at\/\">https:\/\/www.bh-leibnitz.steiermark.at\/<\/a><br \/>Intitul\u00e9 de la profession et r\u00e9glementations professionnelles<\/p>\n<p><strong>Intitul\u00e9 de la profession :<\/strong><br \/>Serrurier, forgeron et technicien en machines agricoles Chambre comp\u00e9tente :<br \/>Chambre de commerce<\/p>\n<p>D\u00e9livr\u00e9 en : <br \/>Autriche<\/p>\n<p><strong>Les dispositions l\u00e9gales suivantes s&rsquo;appliquent :<\/strong><\/p>\n<p>Arr\u00eat\u00e9 du ministre f\u00e9d\u00e9ral de l&rsquo;\u00c9conomie et du Travail relatif aux conditions d&rsquo;acc\u00e8s aux m\u00e9tiers <br \/>li\u00e9s \u00e0 la m\u00e9tallurgie pour la construction m\u00e9tallique et m\u00e9canique, \u00e0 la m\u00e9tallurgie pour la forge <br \/>et la construction automobile, ainsi qu&rsquo;\u00e0 la m\u00e9tallurgie pour les machines agricoles et de chantier<br \/>consultable \u00e0 l&rsquo;adresse : <br \/>https:\/\/ris.bka.gv.at\/GeltendeFassung.wxe?Abfrage=Bundesnormen&amp;Gesetzesnummer=20002488&amp;Fassu <br \/>ngVom=2026-01-10<\/p>\n<p><strong>R\u00e8glement des litiges de consommation\/Organisme de m\u00e9diation universel<\/strong><br \/>Nous ne sommes ni dispos\u00e9s ni tenus de participer \u00e0 des proc\u00e9dures de r\u00e8glement des litiges devant <br \/>un organisme de m\u00e9diation pour les consommateurs.<\/p>\n<p>&nbsp;<\/p>\n","protected":false},"excerpt":{"rendered":"<p>Holler Tore GmbH [Rue] Schlossallee 48435 Wagna (Autriche)Registre du commerce : FN273649aTribunal d&rsquo;enregistrement : Tribunal r\u00e9gional de Graz (affaires civiles)Repr\u00e9sent\u00e9e [&hellip;]<\/p>\n","protected":false},"author":2,"featured_media":0,"parent":0,"menu_order":0,"comment_status":"closed","ping_status":"closed","template":"page-templates\/empty.php","meta":{"_seopress_robots_primary_cat":"","_seopress_titles_title":"","_seopress_titles_desc":"","_seopress_robots_index":"","footnotes":""},"class_list":["post-12725","page","type-page","status-publish","hentry"],"aioseo_notices":[],"_links":{"self":[{"href":"https:\/\/holler-tore.at\/fr\/wp-json\/wp\/v2\/pages\/12725","targetHints":{"allow":["GET"]}}],"collection":[{"href":"https:\/\/holler-tore.at\/fr\/wp-json\/wp\/v2\/pages"}],"about":[{"href":"https:\/\/holler-tore.at\/fr\/wp-json\/wp\/v2\/types\/page"}],"author":[{"embeddable":true,"href":"https:\/\/holler-tore.at\/fr\/wp-json\/wp\/v2\/users\/2"}],"replies":[{"embeddable":true,"href":"https:\/\/holler-tore.at\/fr\/wp-json\/wp\/v2\/comments?post=12725"}],"version-history":[{"count":4,"href":"https:\/\/holler-tore.at\/fr\/wp-json\/wp\/v2\/pages\/12725\/revisions"}],"predecessor-version":[{"id":12765,"href":"https:\/\/holler-tore.at\/fr\/wp-json\/wp\/v2\/pages\/12725\/revisions\/12765"}],"wp:attachment":[{"href":"https:\/\/holler-tore.at\/fr\/wp-json\/wp\/v2\/media?parent=12725"}],"curies":[{"name":"wp","href":"https:\/\/api.w.org\/{rel}","templated":true}]}}