{"id":10110,"date":"2024-07-11T09:29:57","date_gmt":"2024-07-11T07:29:57","guid":{"rendered":"https:\/\/holler-tore.at\/?page_id=10110"},"modified":"2026-03-23T17:30:08","modified_gmt":"2026-03-23T16:30:08","slug":"team-autriche","status":"publish","type":"page","link":"https:\/\/holler-tore.at\/fr\/equipe\/team-autriche\/","title":{"rendered":"\u00c9quipe Autriche"},"content":{"rendered":"<section>\n<div class=\"container\">\n<div class=\"row\">\n<div class=\"col-md-12\">\n<div class=\"lc-block\">\n<div editable=\"rich\">\n<p class=\"text-center\"><em>Nous devons encourager les esprits brillants qui aiment l&rsquo;innovation technique. C&rsquo;est la seule fa\u00e7on de continuer \u00e0 \u00eatre \u00e0 la hauteur de notre r\u00f4le de pionnier.&nbsp;Notre objectif est d&rsquo;avoir des clients satisfaits. Avec nos clients et nos partenaires, nous formons une \u00e9quipe : ensemble, nous pouvons rester durablement performants !<\/em><\/p>\n<\/p><\/div>\n<\/p><\/div>\n<p><!-- \/lc-block -->\n\t\t\t<\/div>\n<p><!-- \/col -->\n\t\t<\/div>\n<\/p><\/div>\n<\/section>\n<section>\n<div class=\"container\"><\/div>\n<div class=\"container\">\n<div class=\"row\">\n<div class=\"col-md-4\">\n<div class=\"lc-block\"><img loading=\"lazy\" decoding=\"async\" alt=\"\" class=\"img-fluid mb-3 w-75\" src=\"https:\/\/holler-tore.at\/wp-content\/uploads\/2022\/01\/KB_Holler_224-683x1024-1.jpg\" loading=\"lazy\" width=\"683\" height=\"1024\" srcset=\"https:\/\/holler-tore.at\/wp-content\/uploads\/2022\/01\/KB_Holler_224-683x1024-1.jpg 683w, https:\/\/holler-tore.at\/wp-content\/uploads\/2022\/01\/KB_Holler_224-683x1024-1-200x300.jpg 200w\" sizes=\"auto, (max-width: 683px) 100vw, 683px\"><\/p>\n<div editable=\"rich\">\n\t\t\t\t\t<\/div>\n<\/p><\/div>\n<div class=\"lc-block mt-2 py-2 border-top\">\n<h5 editable=\"inline\" class=\"\"><b class=\"\">Ewald Holler<\/b><\/h5>\n<p>\t\t\t\t\t<small editable=\"inline\" class=\"text-secondary\" style=\"letter-spacing:1px\">ASSOCI\u00c9 G\u00c9RANT<\/small>\n\t\t\t\t<\/div>\n<p><!-- \/lc-block --><br \/>\n\t\t\t\t<!-- \/lc-block -->\n\t\t\t<\/div>\n<p><!-- \/col --><\/p>\n<div class=\"col-md-4\">\n<div class=\"lc-block\"><img decoding=\"async\" alt=\"\" class=\"img-fluid mb-3 w-75\" src=\"https:\/\/holler-tore.at\/wp-content\/uploads\/2022\/01\/KB_Holler_230-200x300.jpg\" loading=\"lazy\" width=\"\" height=\"\" srcset=\"https:\/\/holler-tore.at\/wp-content\/uploads\/2022\/01\/KB_Holler_230-200x300.jpg 200w, https:\/\/holler-tore.at\/wp-content\/uploads\/2022\/01\/KB_Holler_230-683x1024.jpg 683w, https:\/\/holler-tore.at\/wp-content\/uploads\/2022\/01\/KB_Holler_230-768x1152.jpg 768w, https:\/\/holler-tore.at\/wp-content\/uploads\/2022\/01\/KB_Holler_230-1024x1536.jpg 1024w, https:\/\/holler-tore.at\/wp-content\/uploads\/2022\/01\/KB_Holler_230.jpg 1067w\" sizes=\"\"><\/p>\n<div editable=\"rich\">\n\t\t\t\t\t<\/div>\n<\/p><\/div>\n<div class=\"lc-block mt-2 py-2 border-top\">\n<h5 editable=\"inline\" class=\"\"><strong>Brigitte Holler<\/strong><\/h5>\n<p>\t\t\t\t\t<small editable=\"inline\" class=\"text-secondary\" style=\"letter-spacing:1px\">FOND\u00c9E DE POUVOIR<br \/>ET ASSOCI\u00c9E<\/small>\n\t\t\t\t<\/div>\n<p><!-- \/lc-block --><br \/>\n\t\t\t\t<!-- \/lc-block -->\n\t\t\t<\/div>\n<p><!-- \/col --><\/p>\n<div class=\"col-md-4\">\n<div class=\"lc-block\"><img decoding=\"async\" alt=\"\" class=\"img-fluid mb-3 w-75\" src=\"https:\/\/holler-tore.at\/wp-content\/uploads\/2022\/01\/KB_Holler_207-200x300.jpg\" style=\"\n\t\t\t\t\" loading=\"lazy\" width=\"\" height=\"\" srcset=\"https:\/\/holler-tore.at\/wp-content\/uploads\/2022\/01\/KB_Holler_207-200x300.jpg 200w, https:\/\/holler-tore.at\/wp-content\/uploads\/2022\/01\/KB_Holler_207-683x1024.jpg 683w, https:\/\/holler-tore.at\/wp-content\/uploads\/2022\/01\/KB_Holler_207-768x1152.jpg 768w, https:\/\/holler-tore.at\/wp-content\/uploads\/2022\/01\/KB_Holler_207-1024x1536.jpg 1024w, https:\/\/holler-tore.at\/wp-content\/uploads\/2022\/01\/KB_Holler_207.jpg 1067w\" sizes=\"\"><\/p>\n<div editable=\"rich\">\n\t\t\t\t\t<\/div>\n<\/p><\/div>\n<div class=\"lc-block mt-2 py-2 border-top\">\n<h5 editable=\"inline\" class=\"\"><strong>Dipl. Ing. (FH) Lisa Holler-Hack<\/strong><\/h5>\n<p>\t\t\t\t\t<small editable=\"inline\" class=\"text-secondary\" style=\"letter-spacing:1px\">FOND\u00c9E DE POUVOIR<br \/>ET ASSOCI\u00c9E<\/small>\n\t\t\t\t<\/div>\n<p><!-- \/lc-block --><br \/>\n\t\t\t\t<!-- \/lc-block -->\n\t\t\t<\/div>\n<p><!-- \/col -->\n\t\t<\/div>\n<\/p><\/div>\n<\/section>\n<section>\n<div class=\"container\">\n<div class=\"row pt-4\">\n<div class=\"col-md-3 col-8 offset-2 offset-md-0 text-center p-4 \">\n<div class=\"lc-block\"><img loading=\"lazy\" decoding=\"async\" alt=\"\" class=\"img-fluid mb-3\" src=\"https:\/\/holler-tore.at\/wp-content\/uploads\/2024\/01\/Ferdinand-2-682x1024.png\" loading=\"lazy\" width=\"682\" height=\"1024\" srcset=\"https:\/\/holler-tore.at\/wp-content\/uploads\/2024\/01\/Ferdinand-2-682x1024.png 682w, https:\/\/holler-tore.at\/wp-content\/uploads\/2024\/01\/Ferdinand-2-200x300.png 200w, https:\/\/holler-tore.at\/wp-content\/uploads\/2024\/01\/Ferdinand-2-768x1152.png 768w, https:\/\/holler-tore.at\/wp-content\/uploads\/2024\/01\/Ferdinand-2-1024x1536.png 1024w, https:\/\/holler-tore.at\/wp-content\/uploads\/2024\/01\/Ferdinand-2.png 1181w\" sizes=\"auto, (max-width: 682px) 100vw, 682px\"><\/p>\n<div editable=\"rich\">\n\t\t\t\t\t<\/div>\n<\/p><\/div>\n<div class=\"lc-block mt-2 py-2 border-top\">\n<h5 editable=\"inline\" class=\"\"><b>Mag. Ferdinand Rieser<\/b><\/h5>\n<p>\t\t\t\t\t<small editable=\"inline\" class=\"text-secondary\" style=\"letter-spacing:1px\">FOND\u00c9 DE POUVOIR<\/small>\n\t\t\t\t<\/div>\n<p><!-- \/lc-block --><br \/>\n\t\t\t\t<!-- \/lc-block -->\n\t\t\t<\/div>\n<div class=\"col-md-3 col-8 offset-2 offset-md-0 text-center p-4\">\n<div class=\"lc-block\"><img loading=\"lazy\" decoding=\"async\" alt=\"\" class=\"img-fluid mb-3\" src=\"https:\/\/holler-tore.at\/wp-content\/uploads\/2024\/01\/johannes-2-682x1024.png\" loading=\"lazy\" width=\"682\" height=\"1024\" srcset=\"https:\/\/holler-tore.at\/wp-content\/uploads\/2024\/01\/johannes-2-682x1024.png 682w, https:\/\/holler-tore.at\/wp-content\/uploads\/2024\/01\/johannes-2-200x300.png 200w, https:\/\/holler-tore.at\/wp-content\/uploads\/2024\/01\/johannes-2-768x1152.png 768w, https:\/\/holler-tore.at\/wp-content\/uploads\/2024\/01\/johannes-2-1024x1536.png 1024w, https:\/\/holler-tore.at\/wp-content\/uploads\/2024\/01\/johannes-2.png 1181w\" sizes=\"auto, (max-width: 682px) 100vw, 682px\"><\/p>\n<div editable=\"rich\">\n\t\t\t\t\t<\/div>\n<\/p><\/div>\n<div class=\"lc-block mt-2 py-2 border-top\">\n<h5 editable=\"inline\" class=\"\"><strong>Johannes Fauland<\/strong><\/h5>\n<p>\t\t\t\t\t<small editable=\"inline\" class=\"text-secondary\" style=\"letter-spacing:1px\">FOND\u00c9 DE POUVOIR<\/small>\n\t\t\t\t<\/div>\n<p><!-- \/lc-block --><br \/>\n\t\t\t\t<!-- \/lc-block -->\n\t\t\t<\/div>\n<div class=\"col-md-3 col-8 offset-2 offset-md-0 text-center p-4\">\n<div class=\"lc-block\"><img loading=\"lazy\" decoding=\"async\" alt=\"\" class=\"img-fluid mb-3\" src=\"https:\/\/holler-tore.at\/wp-content\/uploads\/2024\/01\/robert-2-682x1024.png\" style=\"\" loading=\"lazy\" width=\"682\" height=\"1024\" srcset=\"https:\/\/holler-tore.at\/wp-content\/uploads\/2024\/01\/robert-2-682x1024.png 682w, https:\/\/holler-tore.at\/wp-content\/uploads\/2024\/01\/robert-2-200x300.png 200w, https:\/\/holler-tore.at\/wp-content\/uploads\/2024\/01\/robert-2-768x1152.png 768w, https:\/\/holler-tore.at\/wp-content\/uploads\/2024\/01\/robert-2-1024x1536.png 1024w, https:\/\/holler-tore.at\/wp-content\/uploads\/2024\/01\/robert-2.png 1181w\" sizes=\"auto, (max-width: 682px) 100vw, 682px\"><\/p>\n<div editable=\"rich\">\n\t\t\t\t\t<\/div>\n<\/p><\/div>\n<div class=\"lc-block mt-2 py-2 border-top\">\n<h5 editable=\"inline\" class=\"\"><b>Robert Gamerith<\/b><\/h5>\n<p>\t\t\t\t\t<small editable=\"inline\" class=\"text-secondary\" style=\"letter-spacing:1px\">DIRECTEUR DE LA PRODUCTION<\/small>\n\t\t\t\t<\/div>\n<p><!-- \/lc-block --><br \/>\n\t\t\t\t<!-- \/lc-block -->\n\t\t\t<\/div>\n<div class=\"col-md-3 col-8 offset-2 offset-md-0 text-center p-4\">\n<div class=\"lc-block\"><img loading=\"lazy\" decoding=\"async\" alt=\"\" class=\"img-fluid mb-3\" src=\"https:\/\/holler-tore.at\/wp-content\/uploads\/2024\/01\/vLADO-1-682x1024.png\" loading=\"lazy\" width=\"682\" height=\"1024\" srcset=\"https:\/\/holler-tore.at\/wp-content\/uploads\/2024\/01\/vLADO-1-682x1024.png 682w, https:\/\/holler-tore.at\/wp-content\/uploads\/2024\/01\/vLADO-1-200x300.png 200w, https:\/\/holler-tore.at\/wp-content\/uploads\/2024\/01\/vLADO-1-768x1152.png 768w, https:\/\/holler-tore.at\/wp-content\/uploads\/2024\/01\/vLADO-1-1024x1536.png 1024w, https:\/\/holler-tore.at\/wp-content\/uploads\/2024\/01\/vLADO-1.png 1181w\" sizes=\"auto, (max-width: 682px) 100vw, 682px\"><\/p>\n<div editable=\"rich\">\n\t\t\t\t\t<\/div>\n<\/p><\/div>\n<div class=\"lc-block mt-2 py-2 border-top\">\n<h5 editable=\"inline\" class=\"\"><b>&nbsp;Vlado&nbsp;Selinsek<\/b><\/h5>\n<p>\t\t\t\t\t<small editable=\"inline\" class=\"text-secondary\" style=\"letter-spacing:1px\">DIRECTEUR DE LA PRODUCTION<\/small>\n\t\t\t\t<\/div>\n<p><!-- \/lc-block --><br \/>\n\t\t\t\t<!-- \/lc-block -->\n\t\t\t<\/div>\n<\/p><\/div>\n<div class=\"row pt-4\">\n<div class=\"col-md-3 col-8 offset-2 offset-md-0 text-center p-4 \">\n<div class=\"lc-block\"><img loading=\"lazy\" decoding=\"async\" alt=\"\" class=\"img-fluid mb-3\" src=\"https:\/\/holler-tore.at\/wp-content\/uploads\/2024\/01\/Stefan-1-682x1024.png\" loading=\"lazy\" width=\"682\" height=\"1024\" srcset=\"https:\/\/holler-tore.at\/wp-content\/uploads\/2024\/01\/Stefan-1-682x1024.png 682w, https:\/\/holler-tore.at\/wp-content\/uploads\/2024\/01\/Stefan-1-200x300.png 200w, https:\/\/holler-tore.at\/wp-content\/uploads\/2024\/01\/Stefan-1-768x1152.png 768w, https:\/\/holler-tore.at\/wp-content\/uploads\/2024\/01\/Stefan-1-1024x1536.png 1024w, https:\/\/holler-tore.at\/wp-content\/uploads\/2024\/01\/Stefan-1.png 1181w\" sizes=\"auto, (max-width: 682px) 100vw, 682px\"><\/p>\n<div editable=\"rich\">\n\t\t\t\t\t<\/div>\n<\/p><\/div>\n<div class=\"lc-block mt-2 py-2 border-top\">\n<h5 editable=\"inline\" class=\"\"><b>Stefan Tatzl, BSc&nbsp;<\/b><\/h5>\n<p>\t\t\t\t\t<small editable=\"inline\" class=\"text-secondary\" style=\"letter-spacing:1px\">RESPONSABLE R\u00c9GIONAL DES VENTES AUTRICHE<\/small>\n\t\t\t\t<\/div>\n<p><!-- \/lc-block --><br \/>\n\t\t\t\t<!-- \/lc-block -->\n\t\t\t<\/div>\n<div class=\"col-md-3 col-8 offset-2 offset-md-0 text-center p-4\">\n<div class=\"lc-block\"><img loading=\"lazy\" decoding=\"async\" alt=\"\" class=\"img-fluid mb-3\" src=\"https:\/\/holler-tore.at\/wp-content\/uploads\/2024\/07\/Michelle-Helleport-682x1024-1.png\" style=\"\" loading=\"lazy\" width=\"682\" height=\"1024\" srcset=\"https:\/\/holler-tore.at\/wp-content\/uploads\/2024\/07\/Michelle-Helleport-682x1024-1.png 682w, https:\/\/holler-tore.at\/wp-content\/uploads\/2024\/07\/Michelle-Helleport-682x1024-1-200x300.png 200w\" sizes=\"auto, \"><\/p>\n<div editable=\"rich\">\n\t\t\t\t\t<\/div>\n<\/p><\/div>\n<div class=\"lc-block mt-2 py-2 border-top\">\n<h5 editable=\"inline\" class=\"\"><b>Michelle Helleport&nbsp;<\/b><br \/><\/h5>\n<p>\t\t\t\t\t<small editable=\"inline\" class=\"text-secondary\" style=\"letter-spacing:1px\">SERVICE APR\u00c8S-VENTE<\/small>\n\t\t\t\t<\/div>\n<p><!-- \/lc-block --><br \/>\n\t\t\t\t<!-- \/lc-block -->\n\t\t\t<\/div>\n<div class=\"col-md-3 col-8 offset-2 offset-md-0 text-center p-4\">\n<div class=\"lc-block\"><img loading=\"lazy\" decoding=\"async\" alt=\"\" class=\"mb-3 img-fluid\" src=\"https:\/\/holler-tore.at\/wp-content\/uploads\/2024\/01\/Kevin-2-682x1024.png\" style=\"\" loading=\"lazy\" width=\"682\" height=\"1024\" srcset=\"https:\/\/holler-tore.at\/wp-content\/uploads\/2024\/01\/Kevin-2-682x1024.png 682w, https:\/\/holler-tore.at\/wp-content\/uploads\/2024\/01\/Kevin-2-200x300.png 200w, https:\/\/holler-tore.at\/wp-content\/uploads\/2024\/01\/Kevin-2-768x1152.png 768w, https:\/\/holler-tore.at\/wp-content\/uploads\/2024\/01\/Kevin-2-1024x1536.png 1024w, https:\/\/holler-tore.at\/wp-content\/uploads\/2024\/01\/Kevin-2.png 1181w\" sizes=\"auto, (max-width: 682px) 100vw, 682px\"><\/p>\n<div editable=\"rich\">\n\t\t\t\t\t<\/div>\n<\/p><\/div>\n<div class=\"lc-block mt-2 py-2 border-top\">\n<h5 editable=\"inline\" class=\"\"><b>Kevin B\u00fcchsenmeister<\/b><br \/><\/h5>\n<p>\t\t\t\t\t<small editable=\"inline\" class=\"text-secondary\" style=\"letter-spacing:1px\">VENTE\/SERVICE INT\u00c9RIEUR<\/small>\n\t\t\t\t<\/div>\n<p><!-- \/lc-block --><br \/>\n\t\t\t\t<!-- \/lc-block -->\n\t\t\t<\/div>\n<div class=\"col-md-3 col-8 offset-2 offset-md-0 text-center p-4 \">\n<div class=\"lc-block\"><img loading=\"lazy\" decoding=\"async\" alt=\"\" class=\"img-fluid mb-3\" src=\"https:\/\/holler-tore.at\/wp-content\/uploads\/2022\/01\/dummyUser.jpg\" loading=\"lazy\" width=\"400\" height=\"330\" srcset=\"https:\/\/holler-tore.at\/wp-content\/uploads\/2022\/01\/dummyUser.jpg 400w, https:\/\/holler-tore.at\/wp-content\/uploads\/2022\/01\/dummyUser-300x248.jpg 300w\" sizes=\"auto, \"><\/p>\n<div editable=\"rich\">\n\t\t\t\t\t<\/div>\n<\/p><\/div>\n<div class=\"lc-block mt-2 py-2 border-top\">\n<h5 editable=\"inline\" class=\"\"><b>Georg Posch<\/b><\/h5>\n<p>\t\t\t\t\t<small editable=\"inline\" class=\"text-secondary\" style=\"letter-spacing:1px\">VENTE\/SERVICE INT\u00c9RIEUR<\/small>\n\t\t\t\t<\/div>\n<p><!-- \/lc-block --><br \/>\n\t\t\t\t<!-- \/lc-block -->\n\t\t\t<\/div>\n<\/p><\/div>\n<div class=\"row pt-4\">\n<div class=\"col-md-3 col-8 offset-2 offset-md-0 text-center p-4\">\n<div class=\"lc-block\"><img loading=\"lazy\" decoding=\"async\" alt=\"\" class=\"mb-3 img-fluid\" src=\"https:\/\/holler-tore.at\/wp-content\/uploads\/2022\/01\/dummyUser.jpg\" style=\"\" loading=\"lazy\" width=\"400\" height=\"330\" srcset=\"https:\/\/holler-tore.at\/wp-content\/uploads\/2022\/01\/dummyUser.jpg 400w, https:\/\/holler-tore.at\/wp-content\/uploads\/2022\/01\/dummyUser-300x248.jpg 300w\" sizes=\"auto, \"><\/p>\n<div editable=\"rich\">\n\t\t\t\t\t<\/div>\n<\/p><\/div>\n<div class=\"lc-block mt-2 py-2 border-top\">\n<h5 editable=\"inline\" class=\"\"><b>Max Tieber<\/b><\/h5>\n<p>\t\t\t\t\t<small editable=\"inline\" class=\"text-secondary\" style=\"letter-spacing:1px\">VENTE\/SERVICE INT\u00c9RIEUR<\/small>\n\t\t\t\t<\/div>\n<p><!-- \/lc-block --><br \/>\n\t\t\t\t<!-- \/lc-block -->\n\t\t\t<\/div>\n<div class=\"col-md-3 col-8 offset-2 offset-md-0 text-center p-4\">\n<p>\t\t\t\t<!-- \/lc-block --><br \/>\n\t\t\t\t<!-- \/lc-block -->\n\t\t\t<\/div>\n<div class=\"col-md-3 col-8 offset-2 offset-md-0 text-center p-4\">\n<p>\t\t\t\t<!-- \/lc-block --><br \/>\n\t\t\t\t<!-- \/lc-block -->\n\t\t\t<\/div>\n<div class=\"col-md-3 col-8 offset-2 offset-md-0 text-center p-4 \">\n<p>\t\t\t\t<!-- \/lc-block --><br \/>\n\t\t\t\t<!-- \/lc-block -->\n\t\t\t<\/div>\n<\/p><\/div>\n<\/p><\/div>\n<div class=\"col-md-3 col-8 offset-2 offset-md-0 text-center p-4\">\n<p>\t\t<!-- \/lc-block --><br \/>\n\t\t<!-- \/lc-block -->\n\t<\/div>\n<p>\t<!-- \/lc-block --><br \/>\n\t<!-- \/lc-block --><\/p>\n<div class=\"col-md-3 col-8 offset-2 offset-md-0 text-center p-4\">\n<p>\t\t<!-- \/lc-block --><br \/>\n\t\t<!-- \/lc-block --><br \/>\n\t\t<!-- \/lc-block -->\n\t<\/div>\n<div class=\"col-md-3 col-8 offset-2 offset-md-0 text-center p-4\">\n<p>\t\t<!-- \/lc-block --><br \/>\n\t\t<!-- \/lc-block -->\n\t<\/div>\n<\/section>\n","protected":false},"excerpt":{"rendered":"<p>Nous devons encourager les esprits brillants qui aiment l&rsquo;innovation technique. C&rsquo;est la seule fa\u00e7on de continuer \u00e0 \u00eatre \u00e0 la [&hellip;]<\/p>\n","protected":false},"author":2,"featured_media":0,"parent":1978,"menu_order":0,"comment_status":"closed","ping_status":"closed","template":"","meta":{"_seopress_robots_primary_cat":"","_seopress_titles_title":"","_seopress_titles_desc":"","_seopress_robots_index":"","footnotes":""},"class_list":["post-10110","page","type-page","status-publish","hentry"],"aioseo_notices":[],"_links":{"self":[{"href":"https:\/\/holler-tore.at\/fr\/wp-json\/wp\/v2\/pages\/10110","targetHints":{"allow":["GET"]}}],"collection":[{"href":"https:\/\/holler-tore.at\/fr\/wp-json\/wp\/v2\/pages"}],"about":[{"href":"https:\/\/holler-tore.at\/fr\/wp-json\/wp\/v2\/types\/page"}],"author":[{"embeddable":true,"href":"https:\/\/holler-tore.at\/fr\/wp-json\/wp\/v2\/users\/2"}],"replies":[{"embeddable":true,"href":"https:\/\/holler-tore.at\/fr\/wp-json\/wp\/v2\/comments?post=10110"}],"version-history":[{"count":12,"href":"https:\/\/holler-tore.at\/fr\/wp-json\/wp\/v2\/pages\/10110\/revisions"}],"predecessor-version":[{"id":12683,"href":"https:\/\/holler-tore.at\/fr\/wp-json\/wp\/v2\/pages\/10110\/revisions\/12683"}],"up":[{"embeddable":true,"href":"https:\/\/holler-tore.at\/fr\/wp-json\/wp\/v2\/pages\/1978"}],"wp:attachment":[{"href":"https:\/\/holler-tore.at\/fr\/wp-json\/wp\/v2\/media?parent=10110"}],"curies":[{"name":"wp","href":"https:\/\/api.w.org\/{rel}","templated":true}]}}