{"id":12719,"date":"2026-03-24T11:44:00","date_gmt":"2026-03-24T10:44:00","guid":{"rendered":"https:\/\/holler-tore.at\/?page_id=12719"},"modified":"2026-03-24T11:44:40","modified_gmt":"2026-03-24T10:44:40","slug":"site-notice","status":"publish","type":"page","link":"https:\/\/holler-tore.at\/en\/site-notice\/","title":{"rendered":"Site Notice"},"content":{"rendered":"<p>Holler Tore GmbH<br \/>\n\t[Stra\u00dfe]<br \/>\n\tSchlossallee 4<br \/>\n\t8435 Wagna (\u00d6sterreich)<\/p>\n<p>Commercial Register: FN273649a<br \/>\n\tRegistration court: Landesgericht f\u00fcr Zivilrechtssachen Graz<\/p>\n<p><strong>Represented by:<\/strong><br \/>\n\tEwald Holler<\/p>\n<h2>Contact<\/h2>\n<p>Phone: +43 3452 86031 &#8211; 0<br \/>\n\tE-mail: mail@holler-tore.at<\/p>\n<h2>VAT ID<\/h2>\n<p>Sales tax identification number according to Sect. 27 a of the Sales Tax Law:<br \/>\n\tATU32422649<\/p>\n<h2>Supervisory authority<\/h2>\n<p>Bezirkhauptmannschaft Leibnitz<br \/>\n\tKada-Gasse 12<br \/>\n\t8430 Leibnitz<br \/>\n\t\u00d6sterreich<\/p>\n<p><a href=\"https:\/\/www.bh-leibnitz.steiermark.at\/\" target=\"_blank\" rel=\"noopener noreferrer\">https:\/\/www.bh-leibnitz.steiermark.at\/<\/a><\/p>\n<h2>Job title and professional regulations<\/h2>\n<p>Job title:<br \/>\n\tSchlosser, Schmiede und Landmaschinentechnik<\/p>\n<p>Competent chamber:<br \/>\n\tWirtschaftskammer<\/p>\n<p>Authorisation granted in:<br \/>\n\t\u00d6sterreich<\/p>\n<p>Es gelten folgende berufsrechtliche Regelungen:<\/p>\n<p>Verordnung des Bundesministers f\u00fcr Wirtschaft und Arbeit \u00fcber die Zugangsvoraussetzungen f\u00fcr das verbundene Handwerk der Metalltechnik f\u00fcr Metall- und Maschinenbau, der Metalltechnik f\u00fcr Schmiede und Fahrzeugbau und der Metalltechnik f\u00fcr Land- und Baumaschinen<br \/>\n\tavailable at: <a href=\"https:\/\/ris.bka.gv.at\/GeltendeFassung.wxe?Abfrage=Bundesnormen&amp;Gesetzesnummer=20002488&amp;FassungVom=2026-01-10\" target=\"_blank\" rel=\"noopener noreferrer\">https:\/\/ris.bka.gv.at\/GeltendeFassung.wxe?Abfrage=Bundesnormen&amp;Gesetzesnummer=20002488&amp;FassungVom=2026-01-10<\/a><\/p>\n<h2>Dispute resolution proceedings in front of a consumer arbitration board<\/h2>\n<p>We are not willing or obliged to participate in dispute resolution proceedings in front of a consumer arbitration board.<\/p>\n<p><!-- Created with Elementor --><\/p>\n","protected":false},"excerpt":{"rendered":"<p>Holler Tore GmbH [Stra\u00dfe] Schlossallee 4 8435 Wagna (\u00d6sterreich) Commercial Register: FN273649a Registration court: Landesgericht f\u00fcr Zivilrechtssachen Graz Represented by: [&hellip;]<\/p>\n","protected":false},"author":2,"featured_media":0,"parent":0,"menu_order":0,"comment_status":"closed","ping_status":"closed","template":"page-templates\/empty.php","meta":{"_seopress_robots_primary_cat":"","_seopress_titles_title":"","_seopress_titles_desc":"","_seopress_robots_index":"","footnotes":""},"class_list":["post-12719","page","type-page","status-publish","hentry"],"aioseo_notices":[],"_links":{"self":[{"href":"https:\/\/holler-tore.at\/en\/wp-json\/wp\/v2\/pages\/12719","targetHints":{"allow":["GET"]}}],"collection":[{"href":"https:\/\/holler-tore.at\/en\/wp-json\/wp\/v2\/pages"}],"about":[{"href":"https:\/\/holler-tore.at\/en\/wp-json\/wp\/v2\/types\/page"}],"author":[{"embeddable":true,"href":"https:\/\/holler-tore.at\/en\/wp-json\/wp\/v2\/users\/2"}],"replies":[{"embeddable":true,"href":"https:\/\/holler-tore.at\/en\/wp-json\/wp\/v2\/comments?post=12719"}],"version-history":[{"count":3,"href":"https:\/\/holler-tore.at\/en\/wp-json\/wp\/v2\/pages\/12719\/revisions"}],"predecessor-version":[{"id":12724,"href":"https:\/\/holler-tore.at\/en\/wp-json\/wp\/v2\/pages\/12719\/revisions\/12724"}],"wp:attachment":[{"href":"https:\/\/holler-tore.at\/en\/wp-json\/wp\/v2\/media?parent=12719"}],"curies":[{"name":"wp","href":"https:\/\/api.w.org\/{rel}","templated":true}]}}